{"id":847,"date":"2025-02-10T14:52:29","date_gmt":"2025-02-10T13:52:29","guid":{"rendered":"https:\/\/dt-auto.com\/?page_id=847"},"modified":"2025-11-19T23:23:15","modified_gmt":"2025-11-19T22:23:15","slug":"cat-zageszczarki-g","status":"publish","type":"page","link":"https:\/\/dt-automatyzacja.pl\/index.php\/cat-zageszczarki-g\/","title":{"rendered":"CAT &#8211; Zag\u0119szczarki gruntu"},"content":{"rendered":"<div style=\"height:64px\" aria-hidden=\"true\" class=\"wp-block-spacer not-mobile\"><\/div>\n\n\n\n<div style=\"height:40px\" aria-hidden=\"true\" class=\"wp-block-spacer not-desktop\"><\/div>\n\n\n<h1 class=\"wp-block-heading full-screen-padding has-text-color has-link-color wp-elements-1a6a3ccfdf6858560a9a47b22f61ad27\" style=\"color:#e30614\">ZAG\u0118SZCZARKI GRUNTU<\/h1>\n\n\n\n<div class=\"wp-block-group full-screen-padding top-spoilers\"><div class=\"wp-block-group__inner-container is-layout-constrained wp-block-group-is-layout-constrained\"><div class=\"su-spoiler su-spoiler-style-fancy su-spoiler-icon-chevron su-spoiler-closed\" data-scroll-offset=\"0\" data-anchor-in-url=\"no\"><div class=\"su-spoiler-title\" tabindex=\"0\" role=\"button\"><span class=\"su-spoiler-icon\"><\/span>CO ZAPEWNIA ODPOWIEDNI POZIOM ZAG\u0118SZCZANIA GRUNTU?<\/div><div class=\"su-spoiler-content su-u-clearfix su-u-trim\">\nR\u00f3\u017cne parametry s\u0105 wa\u017cne dla doskona\u0142ego zag\u0119szczenia gruntu. Podstawowym warunkiem jest prawid\u0142owa zawarto\u015b\u0107 wody w gruncie i w\u0142a\u015bciwa warstwa nasypu, odpowiednia dla wybranego urz\u0105dzenia zag\u0119szczaj\u0105cego. Je\u015bli jest to zagwarantowane, wystarczy prawid\u0142owe ustawienie parametr\u00f3w maszyny. Opr\u00f3cz cz\u0119stotliwo\u015bci roboczej i si\u0142y uderzenia, jest to przede wszystkim obci\u0105\u017cenie statyczne, tj. si\u0142a, z jak\u0105 koparka naciska na zamontowan\u0105 zag\u0119szczark\u0119.<br \/>\n<\/div><\/div>\n\n\n<div class=\"su-spoiler su-spoiler-style-fancy su-spoiler-icon-chevron su-spoiler-closed\" data-scroll-offset=\"0\" data-anchor-in-url=\"no\"><div class=\"su-spoiler-title\" tabindex=\"0\" role=\"button\"><span class=\"su-spoiler-icon\"><\/span>JAK DOBRA\u0106 ZAG\u0118SZCZARK\u0118 DO KOPARKI?<\/div><div class=\"su-spoiler-content su-u-clearfix su-u-trim\">\nAby pracowa\u0107 w optymalnym zakresie obci\u0105\u017ce\u0144 podczas zag\u0119szczania, oferowane s\u0105 r\u00f3\u017cnej wielko\u015bci zag\u0119szczarki dla r\u00f3\u017cnych klas ci\u0119\u017caru koparki. Asystent zag\u0119szczenia (VA) pomaga w precyzyjnym zag\u0119szczeniu:\u00a0docisk mierzony jest bezpo\u015brednio, w por\u00f3wnaniu z ustawionymi warto\u015bciami granicznymi dla minimalnego i maksymalnego obci\u0105\u017cenia, a operator koparki otrzymuje na wy\u015bwietlaczu informacj\u0119, czy ma zwi\u0119kszy\u0107, czy te\u017c zmniejszy\u0107 obci\u0105\u017cenie.<br \/>\n<\/div><\/div>\n<\/div><\/div>\n\n\n<div style=\"height:64px\" aria-hidden=\"true\" class=\"wp-block-spacer not-mobile\"><\/div>\n\n\n\n<div style=\"height:40px\" aria-hidden=\"true\" class=\"wp-block-spacer not-desktop\"><\/div>\n\n\n<div class=\"wp-block-group mobile-break half-desktop has-background is-nowrap is-layout-flex wp-container-core-group-is-layout-9123dee2 wp-block-group-is-layout-flex\" style=\"background-color:#f0f0f0\">\n<figure class=\"wp-block-image size-full is-resized round-corners small-image-preview\"><a href=\"\/index.php\/cat-zageszczarki-gruntu-kompletna-seria-v\/\"><img loading=\"lazy\" decoding=\"async\" width=\"800\" height=\"800\" src=\"https:\/\/dt-auto.com\/wp-content\/uploads\/2025\/02\/zageszczarki-gruntu-kompletna-seria-v.jpg\" alt=\"Zag\u0119szczarki gruntu MTS\" class=\"wp-image-849\" style=\"aspect-ratio:1;object-fit:cover;width:400px\" srcset=\"https:\/\/dt-automatyzacja.pl\/wp-content\/uploads\/2025\/02\/zageszczarki-gruntu-kompletna-seria-v.jpg 800w, https:\/\/dt-automatyzacja.pl\/wp-content\/uploads\/2025\/02\/zageszczarki-gruntu-kompletna-seria-v-300x300.jpg 300w, https:\/\/dt-automatyzacja.pl\/wp-content\/uploads\/2025\/02\/zageszczarki-gruntu-kompletna-seria-v-150x150.jpg 150w, https:\/\/dt-automatyzacja.pl\/wp-content\/uploads\/2025\/02\/zageszczarki-gruntu-kompletna-seria-v-768x768.jpg 768w, https:\/\/dt-automatyzacja.pl\/wp-content\/uploads\/2025\/02\/zageszczarki-gruntu-kompletna-seria-v-600x600.jpg 600w, https:\/\/dt-automatyzacja.pl\/wp-content\/uploads\/2025\/02\/zageszczarki-gruntu-kompletna-seria-v-100x100.jpg 100w\" sizes=\"auto, (max-width: 800px) 100vw, 800px\" \/><\/a><\/figure>\n\n\n\n<div style=\"height:100px;width:40px\" aria-hidden=\"true\" class=\"wp-block-spacer wp-container-content-28f0cd9b\"><\/div>\n\n\n\n<div class=\"wp-block-group flex is-vertical is-content-justification-stretch is-layout-flex wp-container-core-group-is-layout-b16ad781 wp-block-group-is-layout-flex\">\n<h3 class=\"wp-block-heading\"><a href=\"\/index.php\/cat-zageszczarki-gruntu-kompletna-seria-v\/\" data-type=\"link\" data-id=\"\/index.php\/cat-zageszczarki-gruntu-kompletna-seria-v\/\">KOMPLETNA SERIA V<\/a><\/h3>\n\n\n\n<p class=\"has-black-color has-text-color has-link-color has-small-font-size wp-elements-33c778be0bda94d7ba4532723fd76806\">Wytrzyma\u0142y i stabilny mechanizm obrotowy zag\u0119szczarek MTS, oraz optymalna wysoko\u015b\u0107 konstrukcyjna umo\u017cliwiaj\u0105ca stosowanie ich w ma\u0142ej przestrzeni (np. w szalunkach).<\/p>\n\n\n\n<div style=\"height:50px\" aria-hidden=\"true\" class=\"wp-block-spacer wp-container-content-b30579f5\"><\/div>\n\n\n\n<h3 class=\"wp-block-heading has-text-align-right has-text-color has-link-color wp-elements-9684173a1f2629381a6d64845082ee66\" style=\"color:#e30613\"><a href=\"\/index.php\/cat-zageszczarki-gruntu-kompletna-seria-v\/\" data-type=\"link\" data-id=\"\/index.php\/cat-zageszczarki-gruntu-kompletna-seria-v\/\">ZOBACZ WI\u0118CEJ \u2192<\/a><\/h3>\n<\/div>\n<\/div>\n\n\n\n<div style=\"height:20px\" aria-hidden=\"true\" class=\"wp-block-spacer\"><\/div>\n\n\n\n<div class=\"wp-block-group mobile-break half-desktop has-background is-nowrap is-layout-flex wp-container-core-group-is-layout-9123dee2 wp-block-group-is-layout-flex\" style=\"background-color:#f0f0f0\">\n<figure class=\"wp-block-image size-full is-resized round-corners small-image-preview\"><a href=\"https:\/\/dt-auto.com\/index.php\/cat-zageszczarki-gruntu-wyposazenie-dodatkowe\/\"><img loading=\"lazy\" decoding=\"async\" width=\"800\" height=\"800\" src=\"https:\/\/dt-auto.com\/wp-content\/uploads\/2025\/02\/zageszczarki-gruntu-wyposazenie-dodatkowe.jpg\" alt=\"Zag\u0119szczarki gruntu MTS\" class=\"wp-image-869\" style=\"aspect-ratio:1;object-fit:cover;width:400px\" srcset=\"https:\/\/dt-automatyzacja.pl\/wp-content\/uploads\/2025\/02\/zageszczarki-gruntu-wyposazenie-dodatkowe.jpg 800w, https:\/\/dt-automatyzacja.pl\/wp-content\/uploads\/2025\/02\/zageszczarki-gruntu-wyposazenie-dodatkowe-300x300.jpg 300w, https:\/\/dt-automatyzacja.pl\/wp-content\/uploads\/2025\/02\/zageszczarki-gruntu-wyposazenie-dodatkowe-150x150.jpg 150w, https:\/\/dt-automatyzacja.pl\/wp-content\/uploads\/2025\/02\/zageszczarki-gruntu-wyposazenie-dodatkowe-768x768.jpg 768w, https:\/\/dt-automatyzacja.pl\/wp-content\/uploads\/2025\/02\/zageszczarki-gruntu-wyposazenie-dodatkowe-600x600.jpg 600w, https:\/\/dt-automatyzacja.pl\/wp-content\/uploads\/2025\/02\/zageszczarki-gruntu-wyposazenie-dodatkowe-100x100.jpg 100w\" sizes=\"auto, (max-width: 800px) 100vw, 800px\" \/><\/a><\/figure>\n\n\n\n<div style=\"height:100px;width:40px\" aria-hidden=\"true\" class=\"wp-block-spacer wp-container-content-28f0cd9b\"><\/div>\n\n\n\n<div class=\"wp-block-group flex is-vertical is-content-justification-stretch is-layout-flex wp-container-core-group-is-layout-b16ad781 wp-block-group-is-layout-flex\">\n<h3 class=\"wp-block-heading\"><a href=\"https:\/\/dt-auto.com\/index.php\/cat-zageszczarki-gruntu-wyposazenie-dodatkowe\/\" data-type=\"page\" data-id=\"1026\">WYPOSA\u017bENIE DODATKOWE<\/a><\/h3>\n\n\n\n<p class=\"has-black-color has-text-color has-link-color has-small-font-size wp-elements-4cb624f2a41b569381a9017018ebee7f\">Wyposa\u017cenie dodatkowe do zag\u0119szczarek serii V, umo\u017cliwiaj\u0105ce wykorzystywanie ich we wszystkich warunkach budowlanych, oraz dostosowanie urz\u0105dzenia do indywidualnych potrzeb klienta.<\/p>\n\n\n\n<div style=\"height:50px\" aria-hidden=\"true\" class=\"wp-block-spacer wp-container-content-b30579f5\"><\/div>\n\n\n\n<h3 class=\"wp-block-heading has-text-align-right has-text-color has-link-color wp-elements-6a1ec5f764fd47f3d65e86e02340dccc\" style=\"color:#e30613\"><a href=\"\/index.php\/cat-zageszczarki-gruntu-wyposazenie-dodatkowe\/\" data-type=\"link\" data-id=\"\/index.php\/cat-zageszczarki-gruntu-wyposazenie-dodatkowe\/\">ZOBACZ WI\u0118CEJ \u2192<\/a><\/h3>\n<\/div>\n<\/div>\n\n\n\n<div style=\"height:20px\" aria-hidden=\"true\" class=\"wp-block-spacer\"><\/div>\n\n\n\n<div class=\"wp-block-group mobile-break half-desktop has-background is-nowrap is-layout-flex wp-container-core-group-is-layout-9123dee2 wp-block-group-is-layout-flex\" style=\"background-color:#f0f0f0\">\n<figure class=\"wp-block-image size-full is-resized round-corners small-image-preview\"><a href=\"https:\/\/dt-auto.com\/index.php\/cat-zageszczarki-gruntu-uniwersalne-zageszczarki-us-i-ut\/\"><img loading=\"lazy\" decoding=\"async\" width=\"800\" height=\"800\" src=\"https:\/\/dt-auto.com\/wp-content\/uploads\/2025\/02\/zageszczarki-gruntu-uniwersalne-zageszczarki.jpg\" alt=\"Zag\u0119szczarki gruntu MTS\" class=\"wp-image-870\" style=\"aspect-ratio:1;object-fit:cover;width:400px\" srcset=\"https:\/\/dt-automatyzacja.pl\/wp-content\/uploads\/2025\/02\/zageszczarki-gruntu-uniwersalne-zageszczarki.jpg 800w, https:\/\/dt-automatyzacja.pl\/wp-content\/uploads\/2025\/02\/zageszczarki-gruntu-uniwersalne-zageszczarki-300x300.jpg 300w, https:\/\/dt-automatyzacja.pl\/wp-content\/uploads\/2025\/02\/zageszczarki-gruntu-uniwersalne-zageszczarki-150x150.jpg 150w, https:\/\/dt-automatyzacja.pl\/wp-content\/uploads\/2025\/02\/zageszczarki-gruntu-uniwersalne-zageszczarki-768x768.jpg 768w, https:\/\/dt-automatyzacja.pl\/wp-content\/uploads\/2025\/02\/zageszczarki-gruntu-uniwersalne-zageszczarki-600x600.jpg 600w, https:\/\/dt-automatyzacja.pl\/wp-content\/uploads\/2025\/02\/zageszczarki-gruntu-uniwersalne-zageszczarki-100x100.jpg 100w\" sizes=\"auto, (max-width: 800px) 100vw, 800px\" \/><\/a><\/figure>\n\n\n\n<div style=\"height:100px;width:40px\" aria-hidden=\"true\" class=\"wp-block-spacer wp-container-content-28f0cd9b\"><\/div>\n\n\n\n<div class=\"wp-block-group flex is-vertical is-content-justification-stretch is-layout-flex wp-container-core-group-is-layout-b16ad781 wp-block-group-is-layout-flex\">\n<h3 class=\"wp-block-heading\"><a href=\"https:\/\/dt-auto.com\/index.php\/cat-zageszczarki-gruntu-uniwersalne-zageszczarki-us-i-ut\/\" data-type=\"page\" data-id=\"1286\">UNIWERSALNE ZAG\u0118SZCZARKI US I UT<\/a><\/h3>\n\n\n\n<p class=\"has-black-color has-text-color has-link-color has-small-font-size wp-elements-f986a9e7d323336969c560bcf1e3a114\">Grupa zag\u0119szczarek lekkich, zapewniaj\u0105cych du\u017ce bezpiecze\u0144stwo pracy, wyposa\u017cone w mechanizmy obrotowe, nadaj\u0105ce si\u0119 np. do uk\u0142adania rur oraz prac w w\u0105skim wykopie, przy uk\u0142adaniu rur.<\/p>\n\n\n\n<div style=\"height:50px\" aria-hidden=\"true\" class=\"wp-block-spacer wp-container-content-b30579f5\"><\/div>\n\n\n\n<h3 class=\"wp-block-heading has-text-align-right has-text-color has-link-color wp-elements-93aca7be00303ef0ff8aa9129a3b5c1f\" style=\"color:#e30613\"><a href=\"\/index.php\/cat-zageszczarki-gruntu-uniwersalne-zageszczarki-us-i-ut\/\" data-type=\"link\" data-id=\"\/index.php\/cat-zageszczarki-gruntu-uniwersalne-zageszczarki-us-i-ut\/\">ZOBACZ WI\u0118CEJ \u2192<\/a><\/h3>\n<\/div>\n<\/div>\n\n\n<div style=\"height:64px\" aria-hidden=\"true\" class=\"wp-block-spacer not-mobile\"><\/div>\n\n\n\n<div style=\"height:40px\" aria-hidden=\"true\" class=\"wp-block-spacer not-desktop\"><\/div>\n\n\n<div class=\"wp-block-buttons is-content-justification-center is-layout-flex wp-container-core-buttons-is-layout-16018d1d wp-block-buttons-is-layout-flex\">\n<div class=\"wp-block-button has-custom-width wp-block-button__width-50 has-custom-font-size is-style-outline has-small-font-size is-style-outline--3\"><a class=\"wp-block-button__link has-text-color has-link-color has-text-align-center wp-element-button\" href=\"\/wp-content\/uploads\/2025\/01\/katalog-2.pdf\" style=\"border-radius:0px;color:#e30614\"><strong>POBIERZ KATALOG<\/strong><\/a><\/div>\n<\/div>\n\n\n<div style=\"height:64px\" aria-hidden=\"true\" class=\"wp-block-spacer not-mobile\"><\/div>\n\n\n\n<div style=\"height:40px\" aria-hidden=\"true\" class=\"wp-block-spacer not-desktop\"><\/div>","protected":false},"excerpt":{"rendered":"<p>ZAG\u0118SZCZARKI GRUNTU KOMPLETNA SERIA V Wytrzyma\u0142y i stabilny mechanizm obrotowy zag\u0119szczarek MTS, oraz optymalna wysoko\u015b\u0107 konstrukcyjna umo\u017cliwiaj\u0105ca stosowanie ich w ma\u0142ej przestrzeni (np. w szalunkach). ZOBACZ WI\u0118CEJ \u2192 WYPOSA\u017bENIE DODATKOWE &#8230;<\/p>\n","protected":false},"author":2,"featured_media":0,"parent":0,"menu_order":0,"comment_status":"closed","ping_status":"closed","template":"template-fullwidth-stretched.php","meta":{"footnotes":""},"class_list":["post-847","page","type-page","status-publish","hentry"],"aioseo_notices":[],"_links":{"self":[{"href":"https:\/\/dt-automatyzacja.pl\/index.php\/wp-json\/wp\/v2\/pages\/847","targetHints":{"allow":["GET"]}}],"collection":[{"href":"https:\/\/dt-automatyzacja.pl\/index.php\/wp-json\/wp\/v2\/pages"}],"about":[{"href":"https:\/\/dt-automatyzacja.pl\/index.php\/wp-json\/wp\/v2\/types\/page"}],"author":[{"embeddable":true,"href":"https:\/\/dt-automatyzacja.pl\/index.php\/wp-json\/wp\/v2\/users\/2"}],"replies":[{"embeddable":true,"href":"https:\/\/dt-automatyzacja.pl\/index.php\/wp-json\/wp\/v2\/comments?post=847"}],"version-history":[{"count":42,"href":"https:\/\/dt-automatyzacja.pl\/index.php\/wp-json\/wp\/v2\/pages\/847\/revisions"}],"predecessor-version":[{"id":2527,"href":"https:\/\/dt-automatyzacja.pl\/index.php\/wp-json\/wp\/v2\/pages\/847\/revisions\/2527"}],"wp:attachment":[{"href":"https:\/\/dt-automatyzacja.pl\/index.php\/wp-json\/wp\/v2\/media?parent=847"}],"curies":[{"name":"wp","href":"https:\/\/api.w.org\/{rel}","templated":true}]}}