{"id":1705,"date":"2025-02-24T14:29:58","date_gmt":"2025-02-24T13:29:58","guid":{"rendered":"https:\/\/dt-auto.com\/?page_id=1705"},"modified":"2025-11-19T21:44:27","modified_gmt":"2025-11-19T20:44:27","slug":"cat-cyfrowy-plac-budowy-mts-pilot","status":"publish","type":"page","link":"https:\/\/dt-automatyzacja.pl\/index.php\/cat-cyfrowy-plac-budowy-mts-pilot\/","title":{"rendered":"CAT &#8211; Cyfrowy plac budowy &#8211; MTS-Pilot"},"content":{"rendered":"<div style=\"height:64px\" aria-hidden=\"true\" class=\"wp-block-spacer not-mobile\"><\/div>\n\n\n\n<div style=\"height:40px\" aria-hidden=\"true\" class=\"wp-block-spacer not-desktop\"><\/div>\n\n\n<h1 class=\"wp-block-heading full-screen-padding has-text-color has-link-color wp-elements-0c0e4b3ae6faa9b7c6c05d5e9eb28640\" style=\"color:#e30614\">MTS-PILOT<\/h1>\n\n\n\n<p class=\"full-screen-padding has-black-color has-text-color has-link-color has-medium-font-size wp-elements-79c85d7094370d500b0ca3f5ac881ff7\">Zestaw cyfrowych narz\u0119dzi nowoczesnego placu budowy.<\/p>\n\n\n<div style=\"height:64px\" aria-hidden=\"true\" class=\"wp-block-spacer not-mobile\"><\/div>\n\n\n\n<div style=\"height:40px\" aria-hidden=\"true\" class=\"wp-block-spacer not-desktop\"><\/div>\n\n\n<h2 class=\"wp-block-heading has-text-align-center full-screen-padding center has-text-color has-link-color wp-elements-fa6da368d6256c10647c7b44d33608e5\" style=\"color:#319340\"><strong>ZESTAW CYFROWYCH NARZ\u0118DZI<\/strong><\/h2>\n\n\n\n<p class=\"has-text-align-center center has-small-font-size\"><strong>NOWOCZESNEGO PLACU BUDOWY<\/strong><\/p>\n\n\n\n<figure class=\"wp-block-image size-full center not-mobile full-screen-padding\"><img loading=\"lazy\" decoding=\"async\" width=\"1629\" height=\"788\" src=\"https:\/\/dt-auto.com\/wp-content\/uploads\/2025\/02\/cyfrowy-plac-budowy-i-sterowanie-maszyny-mts-pilot-wykres.jpg\" alt=\"MTS Pilot cyfrowy plac budowy\" class=\"wp-image-1773\" srcset=\"https:\/\/dt-automatyzacja.pl\/wp-content\/uploads\/2025\/02\/cyfrowy-plac-budowy-i-sterowanie-maszyny-mts-pilot-wykres.jpg 1629w, https:\/\/dt-automatyzacja.pl\/wp-content\/uploads\/2025\/02\/cyfrowy-plac-budowy-i-sterowanie-maszyny-mts-pilot-wykres-300x145.jpg 300w, https:\/\/dt-automatyzacja.pl\/wp-content\/uploads\/2025\/02\/cyfrowy-plac-budowy-i-sterowanie-maszyny-mts-pilot-wykres-1024x495.jpg 1024w, https:\/\/dt-automatyzacja.pl\/wp-content\/uploads\/2025\/02\/cyfrowy-plac-budowy-i-sterowanie-maszyny-mts-pilot-wykres-768x372.jpg 768w, https:\/\/dt-automatyzacja.pl\/wp-content\/uploads\/2025\/02\/cyfrowy-plac-budowy-i-sterowanie-maszyny-mts-pilot-wykres-1536x743.jpg 1536w, https:\/\/dt-automatyzacja.pl\/wp-content\/uploads\/2025\/02\/cyfrowy-plac-budowy-i-sterowanie-maszyny-mts-pilot-wykres-600x290.jpg 600w\" sizes=\"auto, (max-width: 1629px) 100vw, 1629px\" \/><\/figure>\n\n\n\n<div class=\"wp-block-group not-desktop full-screen-padding expanded-pointers\"><div class=\"wp-block-group__inner-container is-layout-constrained wp-block-group-is-layout-constrained\">\n<figure class=\"wp-block-image size-full center\"><img loading=\"lazy\" decoding=\"async\" width=\"545\" height=\"382\" src=\"https:\/\/dt-auto.com\/wp-content\/uploads\/2025\/02\/cyfrowy-plac-budowy-i-sterowanie-maszyny-mts-pilot-wykres-1-mob.jpg\" alt=\"MTS Pilot cyfrowy plac budowy\" class=\"wp-image-1774\" srcset=\"https:\/\/dt-automatyzacja.pl\/wp-content\/uploads\/2025\/02\/cyfrowy-plac-budowy-i-sterowanie-maszyny-mts-pilot-wykres-1-mob.jpg 545w, https:\/\/dt-automatyzacja.pl\/wp-content\/uploads\/2025\/02\/cyfrowy-plac-budowy-i-sterowanie-maszyny-mts-pilot-wykres-1-mob-300x210.jpg 300w\" sizes=\"auto, (max-width: 545px) 100vw, 545px\" \/><\/figure>\n<\/div><\/div>\n\n\n<div style=\"height:64px\" aria-hidden=\"true\" class=\"wp-block-spacer not-mobile\"><\/div>\n\n\n\n<div style=\"height:40px\" aria-hidden=\"true\" class=\"wp-block-spacer not-desktop\"><\/div>\n\n\n<div class=\"wp-block-group full-screen-padding\"><div class=\"wp-block-group__inner-container is-layout-constrained wp-block-group-is-layout-constrained\">\n<div class=\"wp-block-columns is-layout-flex wp-container-core-columns-is-layout-9d6595d7 wp-block-columns-is-layout-flex\">\n<div class=\"wp-block-column is-layout-flow wp-block-column-is-layout-flow\"><div class=\"su-box su-box-style-default\" id=\"\" style=\"border-color:#000000;border-radius:3px;\"><div class=\"su-box-title\" style=\"background-color:#333333;color:#FFFFFF;border-top-left-radius:1px;border-top-right-radius:1px\">MTS-CAD<\/div><div class=\"su-box-content su-u-clearfix su-u-trim\" style=\"border-bottom-left-radius:1px;border-bottom-right-radius:1px\">\n<div class=\"su-heading su-heading-style-custom su-heading-align-left custom-su-heading\" id=\"\" style=\"font-size:16px;margin-bottom:20px\"><div class=\"su-heading-inner\">\nPRZYGOTOWANIE DANYCH<br \/>\n<\/div><\/div>\n<div class=\"su-list\" style=\"margin-left:8px\">\n<ul>\n<li><i class=\"sui sui-check\" style=\"color:#333\"><\/i> <span><\/span>Mo\u017cliwo\u015b\u0107 wykonania map budowlanych we w\u0142asnym zakresie <\/li>\n<li><i class=\"sui sui-check\" style=\"color:#333\"><\/i> <span><\/span>Obrazowanie kana\u0142\u00f3w i rur w postaci linii 3D<\/li>\n<li><i class=\"sui sui-check\" style=\"color:#333\"><\/i> <span><\/span>Tworzenie cyfrowych modeli terenu na podstawie danych pomiarowych i chmur punkt\u00f3w kontrola i uzupe\u0142nianie istniej\u0105cych materia\u0142\u00f3w planistycznych<\/li>\n<li><i class=\"sui sui-check\" style=\"color:#333\"><\/i> <span><\/span>Wykrywanie b\u0142\u0119d\u00f3w projektowych przed zatrzymaniem prac budowlanych<\/li>\n<li><i class=\"sui sui-check\" style=\"color:#333\"><\/i> <span><\/span>U\u0142atwienie zarz\u0105dzania dzi\u0119ki wykorzystaniu pomiar\u00f3w d\u0142ugo\u015bci, powierzchni i obj\u0119to\u015bci w trakcie prowadzenia prac budowlanych<\/li>\n<li><i class=\"sui sui-check\" style=\"color:#333\"><\/i> <span><\/span>Wykorzystanie d\u0142ugo\u015bci, powierzchni i obj\u0119to\u015bci do kompletnych i kontrolowanych danych obliczeniowych<\/li>\n<\/ul>\n<\/div>\n<\/div><\/div>\n<\/div>\n\n\n\n<div class=\"wp-block-column is-layout-flow wp-block-column-is-layout-flow\"><div class=\"su-box su-box-style-default\" id=\"\" style=\"border-color:#000000;border-radius:3px;\"><div class=\"su-box-title\" style=\"background-color:#333333;color:#FFFFFF;border-top-left-radius:1px;border-top-right-radius:1px\">MTS-NAVI<\/div><div class=\"su-box-content su-u-clearfix su-u-trim\" style=\"border-bottom-left-radius:1px;border-bottom-right-radius:1px\">\n<div class=\"su-heading su-heading-style-custom su-heading-align-left custom-su-heading\" id=\"\" style=\"font-size:16px;margin-bottom:20px\"><div class=\"su-heading-inner\">\nKOPARKA + SPYCHARKA<br \/>\n<\/div><\/div>\n<div class=\"su-list\" style=\"margin-left:8px\">\n<ul>\n<li><i class=\"sui sui-check\" style=\"color:#333\"><\/i> <span><\/span>System nawigacji koparki<\/li>\n<li><i class=\"sui sui-check\" style=\"color:#333\"><\/i> <span><\/span>Precyzyjne prowadzenie \u0142y\u017cki koparki wzd\u0142u\u017c cyfrowego modelu terenu lub linii<\/li>\n<li><i class=\"sui sui-check\" style=\"color:#333\"><\/i> <span><\/span>Natychmiastowa dost\u0119pno\u015b\u0107 wszystkich informacji dotycz\u0105cych aktualnej sytuacji budowlanej<\/li>\n<li><i class=\"sui sui-check\" style=\"color:#333\"><\/i> <span><\/span>Precyzyjne przedstawianie dna wykopu, nasypu oraz rowu<\/li>\n<li><i class=\"sui sui-check\" style=\"color:#333\"><\/i> <span><\/span>Czytelna wizualizacja osi kana\u0142\u00f3w i ulic lub kraw\u0119dzi pas\u00f3w jezdnych<\/li>\n<li><i class=\"sui sui-check\" style=\"color:#333\"><\/i> <span><\/span>Wyeliminowanie poziomowania <\/li>\n<li><i class=\"sui sui-check\" style=\"color:#333\"><\/i> <span><\/span>Brak konieczno\u015bci stosowania palik\u00f3w i zabezpiecze\u0144<\/li>\n<li><i class=\"sui sui-check\" style=\"color:#333\"><\/i> <span><\/span>Asystent do wykop\u00f3w i warstw nasypowych to praktyczne narz\u0119dzia<\/li>\n<\/ul>\n<\/div>\n<\/div><\/div>\n<\/div>\n<\/div>\n\n\n\n<div class=\"wp-block-columns is-layout-flex wp-container-core-columns-is-layout-9d6595d7 wp-block-columns-is-layout-flex\">\n<div class=\"wp-block-column is-layout-flow wp-block-column-is-layout-flow\"><div class=\"su-box su-box-style-default\" id=\"\" style=\"border-color:#000000;border-radius:3px;\"><div class=\"su-box-title\" style=\"background-color:#333333;color:#FFFFFF;border-top-left-radius:1px;border-top-right-radius:1px\">MTS-CAD<\/div><div class=\"su-box-content su-u-clearfix su-u-trim\" style=\"border-bottom-left-radius:1px;border-bottom-right-radius:1px\">\n<div class=\"su-heading su-heading-style-custom su-heading-align-left custom-su-heading\" id=\"\" style=\"font-size:16px;margin-bottom:20px\"><div class=\"su-heading-inner\">\nPOMIARY<br \/>\n<\/div><\/div>\n<div class=\"su-list\" style=\"margin-left:8px\">\n<ul>\n<li><i class=\"sui sui-check\" style=\"color:#333\"><\/i> <span><\/span>Wyeliminowanie wst\u0119pnego palikowania przez geodet\u0119<\/li>\n<li><i class=\"sui sui-check\" style=\"color:#333\"><\/i> <span><\/span>Mo\u017cliwo\u015b\u0107 wbicia palik\u00f3w przez pracownika we w\u0142asnym zakresie i w odpowiednim, wybranym czasie<\/li>\n<li><i class=\"sui sui-check\" style=\"color:#333\"><\/i> <span><\/span>Opcja wydruku obmiar\u00f3w<\/li>\n<li><i class=\"sui sui-check\" style=\"color:#333\"><\/i> <span><\/span>Rozszerzone funkcje palikowania takie jak pomiary po\u015brednie<\/li>\n<li><i class=\"sui sui-check\" style=\"color:#333\"><\/i> <span><\/span>Precyzyjny pomiar terenu pozwala na dok\u0142adne okre\u015blenie i przyporz\u0105dkowanie przenoszonego gruntu<\/li>\n<li><i class=\"sui sui-check\" style=\"color:#333\"><\/i> <span><\/span> Precyzyjna dokumentacja ka\u017cdego kroku roboczego i zapewnienie kompletno\u015bci dokumentacji rozliczeniowej<\/li>\n<\/ul>\n<\/div>\n<\/div><\/div>\n<\/div>\n\n\n\n<div class=\"wp-block-column is-layout-flow wp-block-column-is-layout-flow\"><div class=\"su-box su-box-style-default\" id=\"\" style=\"border-color:#000000;border-radius:3px;\"><div class=\"su-box-title\" style=\"background-color:#333333;color:#FFFFFF;border-top-left-radius:1px;border-top-right-radius:1px\">MTS-NAVI<\/div><div class=\"su-box-content su-u-clearfix su-u-trim\" style=\"border-bottom-left-radius:1px;border-bottom-right-radius:1px\">\n<div class=\"su-heading su-heading-style-custom su-heading-align-left custom-su-heading\" id=\"\" style=\"font-size:16px;margin-bottom:20px\"><div class=\"su-heading-inner\">\nASYSTENT WARSTW NASYPOWYCH<br \/>\n<\/div><\/div>\n<div class=\"su-list\" style=\"margin-left:8px\">\n<ul>\n<li><i class=\"sui sui-check\" style=\"color:#333\"><\/i> <span><\/span>Okre\u015blenie i utrzymanie prawid\u0142owej wysoko\u015bci nasypowej<\/li>\n<li><i class=\"sui sui-check\" style=\"color:#333\"><\/i> <span><\/span>Graficzne przedstawienie wysoko\u015bci nasypowej na komputerze koparki<\/li>\n<\/ul>\n<\/div>\n<div class=\"su-heading su-heading-style-custom su-heading-align-left custom-su-heading\" id=\"\" style=\"font-size:16px;margin-bottom:20px\"><div class=\"su-heading-inner\">\nSYGNA\u0141 ZAKO\u0143CZENIA ZAG\u0118SZCZANIA I WY\u015aWIETLENIE PROTOKO\u0141U<br \/>\n<\/div><\/div>\n<div class=\"su-list\" style=\"margin-left:8px\">\n<ul>\n<li><i class=\"sui sui-check\" style=\"color:#333\"><\/i> <span><\/span>Pomiar wykonany przez zag\u0119szczark\u0119 i informacja o zako\u0144czeniu procesu zag\u0119szczania<\/li>\n<li><i class=\"sui sui-check\" style=\"color:#333\"><\/i> <span><\/span>Wy\u015bwietlenie komunikatu i protoko\u0142u na komputerze koparki<\/li>\n<\/ul>\n<\/div>\n<div class=\"su-heading su-heading-style-custom su-heading-align-left custom-su-heading\" id=\"\" style=\"font-size:16px;margin-bottom:20px\"><div class=\"su-heading-inner\">\nKONTROLA NO\u015aNO\u015aCI<br \/>\n<\/div><\/div>\n<div class=\"su-list\" style=\"margin-left:8px\">\n<ul>\n<li><i class=\"sui sui-check\" style=\"color:#333\"><\/i> <span><\/span>Pomiar kontrolny za pomoc\u0105 lekkiego modu\u0142u pomiarowego HMP<\/li>\n<li><i class=\"sui sui-check\" style=\"color:#333\"><\/i> <span><\/span>Przej\u0119cie warto\u015bci Evd do danych budowlanych z dok\u0142adno\u015bci\u0105 do 1 cm <\/li>\n<li><i class=\"sui sui-check\" style=\"color:#333\"><\/i> <span><\/span>Protoko\u0142y PDF i przedstawienie krzywych lub punkt\u00f3w pomiarowych na planie budowy<\/li>\n<\/ul>\n<\/div>\n<\/div><\/div>\n<\/div>\n<\/div>\n<\/div><\/div>\n\n\n\n<div class=\"wp-block-group has-background is-vertical is-layout-flex wp-container-core-group-is-layout-8cf370e7 wp-block-group-is-layout-flex\" style=\"background-color:#319340\"><div style=\"height:64px\" aria-hidden=\"true\" class=\"wp-block-spacer not-mobile\"><\/div>\n\n\n\n<div style=\"height:40px\" aria-hidden=\"true\" class=\"wp-block-spacer not-desktop\"><\/div>\n\n\n<h2 class=\"wp-block-heading full-screen-padding has-white-color has-text-color has-link-color wp-elements-9723678318e3654555e6495a4d4606ea\">PILOT MTS TO GWARANCJA SUKCESU<\/h2>\n\n\n<div style=\"height:64px\" aria-hidden=\"true\" class=\"wp-block-spacer not-mobile\"><\/div>\n\n\n\n<div style=\"height:40px\" aria-hidden=\"true\" class=\"wp-block-spacer not-desktop\"><\/div><\/div>\n\n\n\n<div class=\"wp-block-group alignfull full-screen-padding has-background is-content-justification-center\" style=\"background-color:#e6e6e6;margin-top:0;margin-bottom:0;padding-top:calc( 0.5 * var(--wp--style--root--padding-right, var(--wp--custom--gap--horizontal)));padding-right:var(--wp--style--root--padding-right, var(--wp--custom--gap--horizontal));padding-bottom:calc( 0.5 * var(--wp--style--root--padding-right, var(--wp--custom--gap--horizontal)));padding-left:var(--wp--style--root--padding-left, var(--wp--custom--gap--horizontal))\"><div class=\"wp-block-group__inner-container is-layout-constrained wp-container-core-group-is-layout-b073b61b wp-block-group-is-layout-constrained\">\n<div style=\"height:calc( 0.25 * var(--wp--style--root--padding-right, var(--wp--custom--gap--horizontal)))\" aria-hidden=\"true\" class=\"wp-block-spacer\"><\/div>\n\n\n<div style=\"height:64px\" aria-hidden=\"true\" class=\"wp-block-spacer not-mobile\"><\/div>\n\n\n\n<div style=\"height:40px\" aria-hidden=\"true\" class=\"wp-block-spacer not-desktop\"><\/div>\n\n\n<div class=\"wp-block-columns alignwide is-layout-flex wp-container-core-columns-is-layout-bd0aba32 wp-block-columns-is-layout-flex\">\n<div class=\"wp-block-column is-layout-flow wp-block-column-is-layout-flow\">\n<h3 class=\"wp-block-heading\"><strong><strong>OPTYMALIZACJA PROCESU BUDOWLANEGO<\/strong><\/strong><\/h3>\n\n\n<div class=\"su-list\" style=\"margin-left:8px\">\n<ul>\n<li><i class=\"sui sui-check\" style=\"color:#333\"><\/i> <span><\/span>Kompleksowe planowanie &#8211; wykonawstwo &#8211; rozliczenie &#8211; dokumentacja<\/li>\n<li><i class=\"sui sui-check\" style=\"color:#333\"><\/i> <span><\/span>Ci\u0105g\u0142a kontrola pozycji i wysoko\u015bci <\/li>\n<li><i class=\"sui sui-check\" style=\"color:#333\"><\/i> <span><\/span>Precyzja i kontrola jako\u015bci<\/li>\n<li><i class=\"sui sui-check\" style=\"color:#333\"><\/i> <span><\/span>Integracja z technologiami automatycznymi (MTS-VA)<\/li>\n<li><i class=\"sui sui-check\" style=\"color:#333\"><\/i> <span><\/span>Dostosowanie do standardu BIM <\/li>\n<\/ul>\n<\/div>\n\n\n\n<div style=\"height:36px\" aria-hidden=\"true\" class=\"wp-block-spacer\"><\/div>\n\n\n\n<h3 class=\"wp-block-heading\"><strong><strong>ZMNIEJSZENIE NAK\u0141ADU CZYNNO\u015aCI POMIAROWYCH<\/strong><\/strong><\/h3>\n\n\n<div class=\"su-list\" style=\"margin-left:8px\">\n<ul>\n<li><i class=\"sui sui-check\" style=\"color:#333\"><\/i> <span><\/span>Zako\u0144czenie pomiar\u00f3w przed rozpocz\u0119ciem prac budowlanych<\/li>\n<li><i class=\"sui sui-check\" style=\"color:#333\"><\/i> <span><\/span>Natychmiastowe rozpoznawanie b\u0142\u0119d\u00f3w i brak\u00f3w projektowych<\/li>\n<\/ul>\n<\/div>\n<\/div>\n\n\n\n<div class=\"wp-block-column is-layout-flow wp-block-column-is-layout-flow\">\n<h3 class=\"wp-block-heading\"><strong>PRZYSPIESZENIE REALIZACJI PRAC BUDOWLANYCH<\/strong><\/h3>\n\n\n<div class=\"su-list\" style=\"margin-left:8px\">\n<ul>\n<li><i class=\"sui sui-check\" style=\"color:#333\"><\/i> <span><\/span>Wysoka wydajno\u015b\u0107<\/li>\n<li><i class=\"sui sui-check\" style=\"color:#333\"><\/i> <span><\/span>Kr\u00f3tkie czasy przestoju<\/li>\n<li><i class=\"sui sui-check\" style=\"color:#333\"><\/i> <span><\/span>Samodzielna praca operatora koparki<\/li>\n<li><i class=\"sui sui-check\" style=\"color:#333\"><\/i> <span><\/span>Wyeliminowanie niewystarczaj\u0105cego\/nadmiernego usuwania gruntu<\/li>\n<\/ul>\n<\/div>\n\n\n\n<div style=\"height:36px\" aria-hidden=\"true\" class=\"wp-block-spacer\"><\/div>\n\n\n\n<h3 class=\"wp-block-heading\"><strong>WY\u017bSZY POZIOM BEZPIECZE\u0143STWA PRACY<\/strong><\/h3>\n\n\n<div class=\"su-list\" style=\"margin-left:8px\">\n<ul>\n<li><i class=\"sui sui-check\" style=\"color:#333\"><\/i> <span><\/span>Dost\u0119p koparki do miejsc trudno dost\u0119pnych tak\u017ce na g\u0142\u0119boko\u015bci 5 m\n<\/li>\n<\/ul>\n<\/div>\n\n\n\n<div style=\"height:36px\" aria-hidden=\"true\" class=\"wp-block-spacer\"><\/div>\n\n\n\n<h3 class=\"wp-block-heading\"><strong>POZYSKANIE NOWYCH MO\u017bLIWO\u015aCI RYNKOWYCH<\/strong><\/h3>\n\n\n<div class=\"su-list\" style=\"margin-left:8px\">\n<ul>\n<li><i class=\"sui sui-check\" style=\"color:#333\"><\/i> <span><\/span>Mo\u017cliwo\u015b\u0107 wykonania prac budowlanych nieop\u0142acalnych bez sterowania 3D koparki\n<\/li>\n<\/ul>\n<\/div>\n<\/div>\n<\/div>\n\n\n<div style=\"height:64px\" aria-hidden=\"true\" class=\"wp-block-spacer not-mobile\"><\/div>\n\n\n\n<div style=\"height:40px\" aria-hidden=\"true\" class=\"wp-block-spacer not-desktop\"><\/div>\n\n\n<div style=\"height:calc( 0.25 * var(--wp--style--root--padding-right, var(--wp--custom--gap--horizontal)))\" aria-hidden=\"true\" class=\"wp-block-spacer\"><\/div>\n<\/div><\/div>\n\n\n<div style=\"height:64px\" aria-hidden=\"true\" class=\"wp-block-spacer not-mobile\"><\/div>\n\n\n\n<div style=\"height:40px\" aria-hidden=\"true\" class=\"wp-block-spacer not-desktop\"><\/div>\n\n\n<div class=\"wp-block-buttons is-content-justification-center is-layout-flex wp-container-core-buttons-is-layout-16018d1d wp-block-buttons-is-layout-flex\">\n<div class=\"wp-block-button has-custom-width wp-block-button__width-50 has-custom-font-size is-style-outline has-small-font-size is-style-outline--3\"><a class=\"wp-block-button__link has-text-color has-link-color has-text-align-center wp-element-button\" href=\"\/wp-content\/uploads\/2025\/01\/katalog-2.pdf\" style=\"border-radius:0px;color:#e30614\"><strong>POBIERZ KATALOG<\/strong><\/a><\/div>\n<\/div>\n\n\n<div style=\"height:64px\" aria-hidden=\"true\" class=\"wp-block-spacer not-mobile\"><\/div>\n\n\n\n<div style=\"height:40px\" aria-hidden=\"true\" class=\"wp-block-spacer not-desktop\"><\/div>","protected":false},"excerpt":{"rendered":"<p>MTS-PILOT Zestaw cyfrowych narz\u0119dzi nowoczesnego placu budowy. ZESTAW CYFROWYCH NARZ\u0118DZI NOWOCZESNEGO PLACU BUDOWY PILOT MTS TO GWARANCJA SUKCESU OPTYMALIZACJA PROCESU BUDOWLANEGO ZMNIEJSZENIE NAK\u0141ADU CZYNNO\u015aCI POMIAROWYCH PRZYSPIESZENIE REALIZACJI PRAC BUDOWLANYCH WY\u017bSZY &#8230;<\/p>\n","protected":false},"author":2,"featured_media":0,"parent":0,"menu_order":0,"comment_status":"closed","ping_status":"closed","template":"template-fullwidth-stretched.php","meta":{"footnotes":""},"class_list":["post-1705","page","type-page","status-publish","hentry"],"aioseo_notices":[],"_links":{"self":[{"href":"https:\/\/dt-automatyzacja.pl\/index.php\/wp-json\/wp\/v2\/pages\/1705","targetHints":{"allow":["GET"]}}],"collection":[{"href":"https:\/\/dt-automatyzacja.pl\/index.php\/wp-json\/wp\/v2\/pages"}],"about":[{"href":"https:\/\/dt-automatyzacja.pl\/index.php\/wp-json\/wp\/v2\/types\/page"}],"author":[{"embeddable":true,"href":"https:\/\/dt-automatyzacja.pl\/index.php\/wp-json\/wp\/v2\/users\/2"}],"replies":[{"embeddable":true,"href":"https:\/\/dt-automatyzacja.pl\/index.php\/wp-json\/wp\/v2\/comments?post=1705"}],"version-history":[{"count":19,"href":"https:\/\/dt-automatyzacja.pl\/index.php\/wp-json\/wp\/v2\/pages\/1705\/revisions"}],"predecessor-version":[{"id":2500,"href":"https:\/\/dt-automatyzacja.pl\/index.php\/wp-json\/wp\/v2\/pages\/1705\/revisions\/2500"}],"wp:attachment":[{"href":"https:\/\/dt-automatyzacja.pl\/index.php\/wp-json\/wp\/v2\/media?parent=1705"}],"curies":[{"name":"wp","href":"https:\/\/api.w.org\/{rel}","templated":true}]}}