{"id":1588,"date":"2025-02-20T13:35:57","date_gmt":"2025-02-20T12:35:57","guid":{"rendered":"https:\/\/dt-auto.com\/?page_id=1588"},"modified":"2025-11-19T22:27:50","modified_gmt":"2025-11-19T21:27:50","slug":"cat-pozostale-magnes","status":"publish","type":"page","link":"https:\/\/dt-automatyzacja.pl\/index.php\/cat-pozostale-magnes\/","title":{"rendered":"CAT &#8211; Pozosta\u0142e &#8211; Magnes"},"content":{"rendered":"<div style=\"height:64px\" aria-hidden=\"true\" class=\"wp-block-spacer not-mobile\"><\/div>\n\n\n\n<div style=\"height:40px\" aria-hidden=\"true\" class=\"wp-block-spacer not-desktop\"><\/div>\n\n\n<h1 class=\"wp-block-heading full-screen-padding has-text-color has-link-color wp-elements-c96f65c869658863b351f8b8b11df96b\" style=\"color:#e30614\">MAGNES HYDRAULICZNY EGLI<\/h1>\n\n\n\n<p class=\"full-screen-padding has-black-color has-text-color has-link-color has-medium-font-size wp-elements-7fb85df5f5a4150cca8300666d838462\">Profesjonalne urz\u0105dzenie do sortowania i prac wyburzeniowych. Pozwala na zmniejszenie zawarto\u015bci stali w gruzie budowlanym do niemal\u017ce 0 procent i na unikni\u0119cie uszkodze\u0144 maszyn budowlanych. Przyczynia si\u0119 w ten spos\u00f3b do wyeliminowanie problematycznych przestoj\u00f3w. Uporz\u0105dkowany i przejezdny plac budowy to wa\u017cny element dla ka\u017cdego klienta. Automatyczne sortowanie pozwala na oszcz\u0119dno\u015b\u0107 czasu i gwarantuje najwy\u017csz\u0105 jako\u015b\u0107 ponownie wykorzystywanego materia\u0142u oraz jego prawid\u0142owy dalszy przer\u00f3b.<\/p>\n\n\n<div style=\"height:64px\" aria-hidden=\"true\" class=\"wp-block-spacer not-mobile\"><\/div>\n\n\n\n<div style=\"height:40px\" aria-hidden=\"true\" class=\"wp-block-spacer not-desktop\"><\/div>\n\n\n<figure class=\"wp-block-image size-full center not-mobile full-screen-padding\"><img loading=\"lazy\" decoding=\"async\" width=\"1430\" height=\"770\" src=\"https:\/\/dt-auto.com\/wp-content\/uploads\/2025\/02\/pozostale-magnes-hydrauliczny-wykres.jpg\" alt=\"\" class=\"wp-image-1654\" srcset=\"https:\/\/dt-automatyzacja.pl\/wp-content\/uploads\/2025\/02\/pozostale-magnes-hydrauliczny-wykres.jpg 1430w, https:\/\/dt-automatyzacja.pl\/wp-content\/uploads\/2025\/02\/pozostale-magnes-hydrauliczny-wykres-300x162.jpg 300w, https:\/\/dt-automatyzacja.pl\/wp-content\/uploads\/2025\/02\/pozostale-magnes-hydrauliczny-wykres-1024x551.jpg 1024w, https:\/\/dt-automatyzacja.pl\/wp-content\/uploads\/2025\/02\/pozostale-magnes-hydrauliczny-wykres-768x414.jpg 768w, https:\/\/dt-automatyzacja.pl\/wp-content\/uploads\/2025\/02\/pozostale-magnes-hydrauliczny-wykres-600x323.jpg 600w\" sizes=\"auto, (max-width: 1430px) 100vw, 1430px\" \/><\/figure>\n\n\n<div style=\"height:64px\" aria-hidden=\"true\" class=\"wp-block-spacer not-mobile\"><\/div>\n\n\n\n<div style=\"height:40px\" aria-hidden=\"true\" class=\"wp-block-spacer not-desktop\"><\/div>\n\n\n<div class=\"wp-block-group has-background is-vertical is-layout-flex wp-container-core-group-is-layout-8cf370e7 wp-block-group-is-layout-flex\" style=\"background-color:#319340\"><div style=\"height:64px\" aria-hidden=\"true\" class=\"wp-block-spacer not-mobile\"><\/div>\n\n\n\n<div style=\"height:40px\" aria-hidden=\"true\" class=\"wp-block-spacer not-desktop\"><\/div>\n\n\n<h2 class=\"wp-block-heading full-screen-padding has-white-color has-text-color has-link-color wp-elements-8742186baa86d61406b6578c8c00530a\">PRZYK\u0141ADY ZASTOSOWANIA<\/h2>\n\n\n<div style=\"height:64px\" aria-hidden=\"true\" class=\"wp-block-spacer not-mobile\"><\/div>\n\n\n\n<div style=\"height:40px\" aria-hidden=\"true\" class=\"wp-block-spacer not-desktop\"><\/div><\/div>\n\n\n\n<div class=\"wp-block-group alignfull full-screen-padding has-background is-content-justification-center\" style=\"background-color:#e6e6e6;margin-top:0;margin-bottom:0;padding-top:calc( 0.5 * var(--wp--style--root--padding-right, var(--wp--custom--gap--horizontal)));padding-right:var(--wp--style--root--padding-right, var(--wp--custom--gap--horizontal));padding-bottom:calc( 0.5 * var(--wp--style--root--padding-right, var(--wp--custom--gap--horizontal)));padding-left:var(--wp--style--root--padding-left, var(--wp--custom--gap--horizontal))\"><div class=\"wp-block-group__inner-container is-layout-constrained wp-container-core-group-is-layout-b073b61b wp-block-group-is-layout-constrained\">\n<div style=\"height:calc( 0.25 * var(--wp--style--root--padding-right, var(--wp--custom--gap--horizontal)))\" aria-hidden=\"true\" class=\"wp-block-spacer\"><\/div>\n\n\n<div style=\"height:64px\" aria-hidden=\"true\" class=\"wp-block-spacer not-mobile\"><\/div>\n\n\n\n<div style=\"height:40px\" aria-hidden=\"true\" class=\"wp-block-spacer not-desktop\"><\/div>\n\n\n<div class=\"wp-block-columns alignwide is-layout-flex wp-container-core-columns-is-layout-bd0aba32 wp-block-columns-is-layout-flex\">\n<div class=\"wp-block-column is-layout-flow wp-block-column-is-layout-flow\">\n<h3 class=\"wp-block-heading\">&#8211; PRACE PORZ\u0104DKOWE<br><\/h3>\n\n\n\n<h3 class=\"wp-block-heading\">&#8211; SORTOWANIE<\/h3>\n<\/div>\n\n\n\n<div class=\"wp-block-column is-layout-flow wp-block-column-is-layout-flow\">\n<h3 class=\"wp-block-heading\">&#8211; PRACE ROZBI\u00d3RKOWE<br><\/h3>\n\n\n\n<h3 class=\"wp-block-heading\">&#8211; PRZE\u0141ADUNEK<\/h3>\n<\/div>\n<\/div>\n\n\n\n<div style=\"height:var(--wp--preset--spacing--20)\" aria-hidden=\"true\" class=\"wp-block-spacer\"><\/div>\n\n\n\n<hr class=\"wp-block-separator has-alpha-channel-opacity is-style-wide\"\/>\n\n\n\n<div style=\"height:40px\" aria-hidden=\"true\" class=\"wp-block-spacer\"><\/div>\n\n\n\n<h2 class=\"wp-block-heading\">NAJWA\u017bNIEJSZE ZALETY<\/h2>\n\n\n\n<div class=\"wp-block-columns alignwide is-layout-flex wp-container-core-columns-is-layout-bd0aba32 wp-block-columns-is-layout-flex\">\n<div class=\"wp-block-column is-layout-flow wp-block-column-is-layout-flow\">\n<h3 class=\"wp-block-heading\">&#8211; Uporz\u0105dkowane place budowy<br><\/h3>\n\n\n\n<h3 class=\"wp-block-heading\">&#8211; Wi\u0119ksza wydajno\u015b\u0107 system\u00f3w kruszenia<\/h3>\n<\/div>\n\n\n\n<div class=\"wp-block-column is-layout-flow wp-block-column-is-layout-flow\">\n<h3 class=\"wp-block-heading\">&#8211; Wysoka jako\u015b\u0107 materia\u0142u recyklingowego<br><\/h3>\n\n\n\n<h3 class=\"wp-block-heading\">&#8211; Maksymalne bezpiecze\u0144stwo<\/h3>\n<\/div>\n<\/div>\n\n\n<div style=\"height:64px\" aria-hidden=\"true\" class=\"wp-block-spacer not-mobile\"><\/div>\n\n\n\n<div style=\"height:40px\" aria-hidden=\"true\" class=\"wp-block-spacer not-desktop\"><\/div>\n\n\n<div style=\"height:calc( 0.25 * var(--wp--style--root--padding-right, var(--wp--custom--gap--horizontal)))\" aria-hidden=\"true\" class=\"wp-block-spacer\"><\/div>\n<\/div><\/div>\n\n\n<div style=\"height:64px\" aria-hidden=\"true\" class=\"wp-block-spacer not-mobile\"><\/div>\n\n\n\n<div style=\"height:40px\" aria-hidden=\"true\" class=\"wp-block-spacer not-desktop\"><\/div>\n\n\n<h2 class=\"wp-block-heading full-screen-padding\">SPECYFIKACJA TECHNICZNA:<\/h2>\n\n\n\n<div class=\"wp-block-group full-screen-padding\"><div class=\"wp-block-group__inner-container is-layout-constrained wp-block-group-is-layout-constrained\"><div class=\"su-table su-table-alternate\">\n<table>\n<tbody>\n<tr>\n<th>MODEL<\/th>\n<th>700<\/th>\n<th>700 A<\/th>\n<th>900 A<\/th>\n<th>1 100 A<\/th>\n<\/tr>\n<tr>\n<td>MASA BEZ ADAPTERA [kg]<\/td>\n<td>570<\/td>\n<td>610<\/td>\n<td>1 350<\/td>\n<td>2 000<\/td>\n<\/tr>\n<tr>\n<td>WYMAGANE \u0106ISNIENIE ROBOCZE [bar]<\/td>\n<td>120-350<\/td>\n<td>120-350<\/td>\n<td>120-350<\/td>\n<td>120-350<\/td>\n<\/tr>\n<tr>\n<td>WYMAGANE ZU\u017bYCIE OLEJU [l\/min]<\/td>\n<td>35-70<\/td>\n<td>35-70<\/td>\n<td>70-200<\/td>\n<td>70-200<\/td>\n<\/tr>\n<tr>\n<td>ZALECANE ZU\u017bYCIE OLEJU [l\/min]<\/td>\n<td>50<\/td>\n<td>50<\/td>\n<td>120<\/td>\n<td>120<\/td>\n<\/tr>\n<tr>\n<td>CI\u015aNIENIE OPOROWE W PRZEWODZIE<\/td>\n<td>25<\/td>\n<td>25<\/td>\n<td>25<\/td>\n<td>25<\/td>\n<\/tr>\n<tr>\n<td>CI\u015aNIENIE OPOROWE PRZECIEK\u00d3W W OLEJU<\/td>\n<td>8<\/td>\n<td>8<\/td>\n<td>8<\/td>\n<td>8<\/td>\n<\/tr>\n<tr>\n<td>MAKSYMALNA NO\u015aNO\u015a\u0106 [kg]<\/td>\n<td>3 000<\/td>\n<td>3 000<\/td>\n<td>5 000<\/td>\n<td>6 000<\/td>\n<\/tr>\n<tr>\n<td>ZAPOTRZEBOWANIE NA MOC \/ P\u0141YTA MAGNETYCZNA [kW\/V]<\/td>\n<td>3,5 \/ 230<\/td>\n<td>3,5 \/ 230<\/td>\n<td>7,3 \/ 230<\/td>\n<td>10,1 \/ 230<\/td>\n<\/tr>\n<tr>\n<td>PR\u0118DKO\u015a\u0106 OBROTOWA GENERATORA<\/td>\n<td>1 500<\/td>\n<td>1 500<\/td>\n<td>3 000<\/td>\n<td>3 000<\/td>\n<\/tr>\n<tr>\n<td>STEROWANIE WYRZUTOWE<\/td>\n<td>brak<\/td>\n<td>standard<\/td>\n<td>standard<\/td>\n<td>standard<\/td>\n<\/tr>\n<tr>\n<th class=\"b\" colspan=\"5\">WYYMIARY<\/th>\n<\/tr>\n<tr>\n<td>WYSOKO\u015a\u0106 BEZ ADAPTERA A [mm]<\/td>\n<td>660<\/td>\n<td>808<\/td>\n<td>860<\/td>\n<td>960<\/td>\n<\/tr>\n<tr>\n<td>WYSOKO\u015a\u0106 BEZ ADAPTERA B [mm]<\/td>\n<td>760<\/td>\n<td>760<\/td>\n<td>960<\/td>\n<td>1 100<\/td>\n<\/tr>\n<tr>\n<th class=\"b\" colspan=\"5\">PRZE\u0141\u0104CZA HYDRAULICZNE<\/th>\n<\/tr>\n<tr>\n<td>ZASILANIE\/POWR\u00d3T<\/td>\n<td>16 S<\/td>\n<td>808<\/td>\n<td>860<\/td>\n<td>960<\/td>\n<\/tr>\n<tr>\n<td>CHWYTANIE, OBR\u00d3T W LEW\u0104 STRON\u0118<\/td>\n<td>&#8211;<\/td>\n<td>12 L<\/td>\n<td>12 L<\/td>\n<td>12 L<\/td>\n<\/tr>\n<tr>\n<td>UTRATA OLEJU<\/td>\n<td>15 litr\u00f3w<\/td>\n<td>15 litr\u00f3w<\/td>\n<td>15 litr\u00f3w<\/td>\n<td>15 litr\u00f3w<\/td>\n<\/tr>\n<\/tbody>\n<\/table>\n<\/div>\n<\/div><\/div>\n\n\n<div style=\"height:64px\" aria-hidden=\"true\" class=\"wp-block-spacer not-mobile\"><\/div>\n\n\n\n<div style=\"height:40px\" aria-hidden=\"true\" class=\"wp-block-spacer not-desktop\"><\/div>\n\n\n<div class=\"wp-block-buttons is-content-justification-center is-layout-flex wp-container-core-buttons-is-layout-16018d1d wp-block-buttons-is-layout-flex\">\n<div class=\"wp-block-button has-custom-width wp-block-button__width-50 has-custom-font-size is-style-outline has-small-font-size is-style-outline--3\"><a class=\"wp-block-button__link has-text-color has-link-color has-text-align-center wp-element-button\" href=\"\/wp-content\/uploads\/2025\/01\/katalog-2.pdf\" style=\"border-radius:0px;color:#e30614\"><strong>POBIERZ KATALOG<\/strong><\/a><\/div>\n<\/div>\n\n\n<div style=\"height:64px\" aria-hidden=\"true\" class=\"wp-block-spacer not-mobile\"><\/div>\n\n\n\n<div style=\"height:40px\" aria-hidden=\"true\" class=\"wp-block-spacer not-desktop\"><\/div>","protected":false},"excerpt":{"rendered":"<p>MAGNES HYDRAULICZNY EGLI Profesjonalne urz\u0105dzenie do sortowania i prac wyburzeniowych. Pozwala na zmniejszenie zawarto\u015bci stali w gruzie budowlanym do niemal\u017ce 0 procent i na unikni\u0119cie uszkodze\u0144 maszyn budowlanych. Przyczynia si\u0119 &#8230;<\/p>\n","protected":false},"author":2,"featured_media":0,"parent":0,"menu_order":0,"comment_status":"closed","ping_status":"closed","template":"template-fullwidth-stretched.php","meta":{"footnotes":""},"class_list":["post-1588","page","type-page","status-publish","hentry"],"aioseo_notices":[],"_links":{"self":[{"href":"https:\/\/dt-automatyzacja.pl\/index.php\/wp-json\/wp\/v2\/pages\/1588","targetHints":{"allow":["GET"]}}],"collection":[{"href":"https:\/\/dt-automatyzacja.pl\/index.php\/wp-json\/wp\/v2\/pages"}],"about":[{"href":"https:\/\/dt-automatyzacja.pl\/index.php\/wp-json\/wp\/v2\/types\/page"}],"author":[{"embeddable":true,"href":"https:\/\/dt-automatyzacja.pl\/index.php\/wp-json\/wp\/v2\/users\/2"}],"replies":[{"embeddable":true,"href":"https:\/\/dt-automatyzacja.pl\/index.php\/wp-json\/wp\/v2\/comments?post=1588"}],"version-history":[{"count":7,"href":"https:\/\/dt-automatyzacja.pl\/index.php\/wp-json\/wp\/v2\/pages\/1588\/revisions"}],"predecessor-version":[{"id":2233,"href":"https:\/\/dt-automatyzacja.pl\/index.php\/wp-json\/wp\/v2\/pages\/1588\/revisions\/2233"}],"wp:attachment":[{"href":"https:\/\/dt-automatyzacja.pl\/index.php\/wp-json\/wp\/v2\/media?parent=1588"}],"curies":[{"name":"wp","href":"https:\/\/api.w.org\/{rel}","templated":true}]}}