{"id":1586,"date":"2025-02-20T13:36:10","date_gmt":"2025-02-20T12:36:10","guid":{"rendered":"https:\/\/dt-auto.com\/?page_id=1586"},"modified":"2025-11-19T22:22:07","modified_gmt":"2025-11-19T21:22:07","slug":"cat-pozostale-adapter","status":"publish","type":"page","link":"https:\/\/dt-automatyzacja.pl\/index.php\/cat-pozostale-adapter\/","title":{"rendered":"CAT &#8211; Pozosta\u0142e &#8211; Adapter"},"content":{"rendered":"<div style=\"height:64px\" aria-hidden=\"true\" class=\"wp-block-spacer not-mobile\"><\/div>\n\n\n\n<div style=\"height:40px\" aria-hidden=\"true\" class=\"wp-block-spacer not-desktop\"><\/div>\n\n\n<h1 class=\"wp-block-heading full-screen-padding has-text-color has-link-color wp-elements-6ed23b97f37e1fe3d267aba211f43303\" style=\"color:#e30614\">ADAPTER DO MONTA\u017bU RUR<\/h1>\n\n\n\n<p class=\"full-screen-padding has-black-color has-text-color has-link-color has-medium-font-size wp-elements-959fa79b0b83338d981e998d3f0ea0ba\">Idealne urz\u0105dzenie do uk\u0142adania, transportowania lub przenoszenia ruroci\u0105g\u00f3w. Adapter umo\u017cliwia uk\u0142adanie rur o \u015brednicy do DN 1000 (z poszerzeniem do DN 1500). Zakres ci\u015bnienia mo\u017ce zosta\u0107 dostosowany do \u015brednicy danej rury i jest wy\u015bwietlany na manometrze.<\/p>\n\n\n<div style=\"height:64px\" aria-hidden=\"true\" class=\"wp-block-spacer not-mobile\"><\/div>\n\n\n\n<div style=\"height:40px\" aria-hidden=\"true\" class=\"wp-block-spacer not-desktop\"><\/div>\n\n\n<h2 class=\"wp-block-heading has-text-align-center full-screen-padding center has-text-color has-link-color wp-elements-7f66012546b93050de27fc5aff127748\" style=\"color:#319340\"><strong>HYDRAULICZNY ADAPTER DO MONTA\u017bU RUR<\/strong><\/h2>\n\n\n\n<p class=\"has-text-align-center center has-small-font-size\"><strong>UK\u0141ADANIE, TRANSPORTOWANIE, PRZENOSZENIE<\/strong><\/p>\n\n\n\n<figure class=\"wp-block-image size-full center not-mobile full-screen-padding\"><img loading=\"lazy\" decoding=\"async\" width=\"1493\" height=\"824\" src=\"https:\/\/dt-auto.com\/wp-content\/uploads\/2025\/02\/pozostale-adapter-do-montazu-rur-wykres.jpg\" alt=\"adaptery MTS OilQuick\" class=\"wp-image-1602\" srcset=\"https:\/\/dt-automatyzacja.pl\/wp-content\/uploads\/2025\/02\/pozostale-adapter-do-montazu-rur-wykres.jpg 1493w, https:\/\/dt-automatyzacja.pl\/wp-content\/uploads\/2025\/02\/pozostale-adapter-do-montazu-rur-wykres-300x166.jpg 300w, https:\/\/dt-automatyzacja.pl\/wp-content\/uploads\/2025\/02\/pozostale-adapter-do-montazu-rur-wykres-1024x565.jpg 1024w, https:\/\/dt-automatyzacja.pl\/wp-content\/uploads\/2025\/02\/pozostale-adapter-do-montazu-rur-wykres-768x424.jpg 768w, https:\/\/dt-automatyzacja.pl\/wp-content\/uploads\/2025\/02\/pozostale-adapter-do-montazu-rur-wykres-600x331.jpg 600w\" sizes=\"auto, (max-width: 1493px) 100vw, 1493px\" \/><\/figure>\n\n\n\n<div class=\"wp-block-group not-desktop full-screen-padding expanded-pointers\"><div class=\"wp-block-group__inner-container is-layout-constrained wp-block-group-is-layout-constrained\">\n<figure class=\"wp-block-image size-full center\"><img loading=\"lazy\" decoding=\"async\" width=\"956\" height=\"807\" src=\"https:\/\/dt-auto.com\/wp-content\/uploads\/2025\/02\/pozostale-adapter-do-montazu-rur-wykres-1-mob.jpg\" alt=\"adaptery MTS OilQuick\" class=\"wp-image-1603\" srcset=\"https:\/\/dt-automatyzacja.pl\/wp-content\/uploads\/2025\/02\/pozostale-adapter-do-montazu-rur-wykres-1-mob.jpg 956w, https:\/\/dt-automatyzacja.pl\/wp-content\/uploads\/2025\/02\/pozostale-adapter-do-montazu-rur-wykres-1-mob-300x253.jpg 300w, https:\/\/dt-automatyzacja.pl\/wp-content\/uploads\/2025\/02\/pozostale-adapter-do-montazu-rur-wykres-1-mob-768x648.jpg 768w, https:\/\/dt-automatyzacja.pl\/wp-content\/uploads\/2025\/02\/pozostale-adapter-do-montazu-rur-wykres-1-mob-600x506.jpg 600w\" sizes=\"auto, (max-width: 956px) 100vw, 956px\" \/><\/figure>\n\n\n\n<div style=\"height:20px\" aria-hidden=\"true\" class=\"wp-block-spacer\"><\/div>\n\n\n\n<h3 class=\"wp-block-heading\"><strong>HAK NO\u015aNY ZAMONTOWANY DO ADAPTERA<\/strong><\/h3>\n\n\n\n<p>umo\u017cliwia dodatkowo transport oraz manewrowanie ci\u0119\u017ckimi obiektami w bezpo\u015brednim polu widzenia operatora<\/p>\n\n\n\n<h3 class=\"wp-block-heading\"><strong>PRECYZYJNE POZYCJONOWANIE RUR<\/strong><\/h3>\n\n\n\n<p>gumowa, odporna na p\u0119kni\u0119cia kraw\u0119d\u017a ochronna minimalizuje ryzyko uszkodzenia rur<\/p>\n<\/div><\/div>\n\n\n<div style=\"height:64px\" aria-hidden=\"true\" class=\"wp-block-spacer not-mobile\"><\/div>\n\n\n\n<div style=\"height:40px\" aria-hidden=\"true\" class=\"wp-block-spacer not-desktop\"><\/div>\n\n\n<div class=\"wp-block-group has-background is-vertical is-layout-flex wp-container-core-group-is-layout-8cf370e7 wp-block-group-is-layout-flex\" style=\"background-color:#319340\"><div style=\"height:64px\" aria-hidden=\"true\" class=\"wp-block-spacer not-mobile\"><\/div>\n\n\n\n<div style=\"height:40px\" aria-hidden=\"true\" class=\"wp-block-spacer not-desktop\"><\/div>\n\n\n<h2 class=\"wp-block-heading full-screen-padding has-white-color has-text-color has-link-color wp-elements-8742186baa86d61406b6578c8c00530a\">PRZYK\u0141ADY ZASTOSOWANIA<\/h2>\n\n\n<div style=\"height:64px\" aria-hidden=\"true\" class=\"wp-block-spacer not-mobile\"><\/div>\n\n\n\n<div style=\"height:40px\" aria-hidden=\"true\" class=\"wp-block-spacer not-desktop\"><\/div><\/div>\n\n\n\n<div class=\"wp-block-group has-background is-vertical is-layout-flex wp-container-core-group-is-layout-8cf370e7 wp-block-group-is-layout-flex\" style=\"background-color:#e6e6e6\"><div style=\"height:64px\" aria-hidden=\"true\" class=\"wp-block-spacer not-mobile\"><\/div>\n\n\n\n<div style=\"height:40px\" aria-hidden=\"true\" class=\"wp-block-spacer not-desktop\"><\/div>\n\n\n<div class=\"wp-block-group mobile-break full-screen-padding is-content-justification-center is-nowrap is-layout-flex wp-container-core-group-is-layout-079bfc22 wp-block-group-is-layout-flex\">\n<div class=\"wp-block-group padding-16 flex is-vertical is-content-justification-center is-layout-flex wp-container-core-group-is-layout-48c2c4f0 wp-block-group-is-layout-flex\">\n<figure class=\"wp-block-image size-full is-resized\"><img loading=\"lazy\" decoding=\"async\" width=\"456\" height=\"365\" src=\"https:\/\/dt-auto.com\/wp-content\/uploads\/2025\/02\/pozostale-adapter-do-montazu-rur-trio1.jpg\" alt=\"\" class=\"wp-image-1604\" style=\"aspect-ratio:1;object-fit:cover;width:auto;height:300px\" srcset=\"https:\/\/dt-automatyzacja.pl\/wp-content\/uploads\/2025\/02\/pozostale-adapter-do-montazu-rur-trio1.jpg 456w, https:\/\/dt-automatyzacja.pl\/wp-content\/uploads\/2025\/02\/pozostale-adapter-do-montazu-rur-trio1-300x240.jpg 300w\" sizes=\"auto, (max-width: 456px) 100vw, 456px\" \/><\/figure>\n\n\n\n<h3 class=\"wp-block-heading has-text-align-center bottom-text has-black-color has-text-color has-link-color wp-elements-fca320258bee8e60dd587735af605b53\"><strong>HYDRAULICZNY ADAPTER DO MONTA\u017bU RUR<\/strong><\/h3>\n<\/div>\n\n\n\n<div class=\"wp-block-group padding-16 flex is-vertical is-content-justification-center is-layout-flex wp-container-core-group-is-layout-48c2c4f0 wp-block-group-is-layout-flex\">\n<figure class=\"wp-block-image size-full is-resized\"><img loading=\"lazy\" decoding=\"async\" width=\"456\" height=\"365\" src=\"https:\/\/dt-auto.com\/wp-content\/uploads\/2025\/02\/pozostale-adapter-do-montazu-rur-trio2.jpg\" alt=\"\" class=\"wp-image-1605\" style=\"aspect-ratio:1;object-fit:contain;width:auto;height:300px\" srcset=\"https:\/\/dt-automatyzacja.pl\/wp-content\/uploads\/2025\/02\/pozostale-adapter-do-montazu-rur-trio2.jpg 456w, https:\/\/dt-automatyzacja.pl\/wp-content\/uploads\/2025\/02\/pozostale-adapter-do-montazu-rur-trio2-300x240.jpg 300w\" sizes=\"auto, (max-width: 456px) 100vw, 456px\" \/><\/figure>\n\n\n\n<h3 class=\"wp-block-heading has-text-align-center bottom-text has-black-color has-text-color has-link-color wp-elements-ab28913518228998e9b0a730afbebe00\"><strong>HYDRAULICZNY ADAPTER DO MONTA\u017bU RUR Z RAMIENIEM BOCZNYM<\/strong><\/h3>\n<\/div>\n\n\n\n<div class=\"wp-block-group padding-16 flex is-vertical is-content-justification-center is-layout-flex wp-container-core-group-is-layout-48c2c4f0 wp-block-group-is-layout-flex\">\n<figure class=\"wp-block-image size-full is-resized\"><img loading=\"lazy\" decoding=\"async\" width=\"456\" height=\"365\" src=\"https:\/\/dt-auto.com\/wp-content\/uploads\/2025\/02\/pozostale-adapter-do-montazu-rur-trio3.jpg\" alt=\"\" class=\"wp-image-1606\" style=\"aspect-ratio:1;object-fit:contain;width:auto;height:300px\" srcset=\"https:\/\/dt-automatyzacja.pl\/wp-content\/uploads\/2025\/02\/pozostale-adapter-do-montazu-rur-trio3.jpg 456w, https:\/\/dt-automatyzacja.pl\/wp-content\/uploads\/2025\/02\/pozostale-adapter-do-montazu-rur-trio3-300x240.jpg 300w\" sizes=\"auto, (max-width: 456px) 100vw, 456px\" \/><\/figure>\n\n\n\n<h3 class=\"wp-block-heading has-text-align-center bottom-text has-black-color has-text-color has-link-color wp-elements-8a7c22c57201cc124a05d4904eb6344e\"><strong>MECHANICZNY ADAPTER DO MONTA\u017bU RUR<\/strong><\/h3>\n<\/div>\n<\/div>\n\n\n\n<div class=\"wp-block-group is-vertical is-layout-flex wp-container-core-group-is-layout-8cf370e7 wp-block-group-is-layout-flex\"><div style=\"height:64px\" aria-hidden=\"true\" class=\"wp-block-spacer not-mobile\"><\/div>\n\n\n\n<div style=\"height:40px\" aria-hidden=\"true\" class=\"wp-block-spacer not-desktop\"><\/div><\/div>\n<\/div>\n\n\n<div style=\"height:64px\" aria-hidden=\"true\" class=\"wp-block-spacer not-mobile\"><\/div>\n\n\n\n<div style=\"height:40px\" aria-hidden=\"true\" class=\"wp-block-spacer not-desktop\"><\/div>\n\n\n<h2 class=\"wp-block-heading full-screen-padding\">SPECYFIKACJA TECHNICZNA:<\/h2>\n\n\n\n<div class=\"wp-block-group full-screen-padding\"><div class=\"wp-block-group__inner-container is-layout-constrained wp-block-group-is-layout-constrained\"><div class=\"su-table su-table-alternate\">\n<table>\n<tbody>\n<tr>\n<th>MODEL<\/th>\n<th>MASA* [KG]<\/th>\n<th>WYMIARY D\u0141. X WYS. X SZER. [MM]<\/th>\n<th>HAK NO\u015aNY [T]<\/th>\n<th>ZU\u017bYCIE OLEJU [L\/MIN]<\/th>\n<th>ZAKRES CI\u015aNIENIA (MIN\/MAKS.) [BAR]<\/th>\n<th>WIELKO\u015a\u0106 KOPARKI (TON)<\/th>\n<\/tr>\n<tr>\n<td>HRSA Hydrauliczny adapter do monta\u017cu rur<\/td>\n<td>600-700<\/td>\n<td>115 x 640 x 665<\/td>\n<td>10<\/td>\n<td>20-50<\/td>\n<td>120-250<\/td>\n<td>18-32<\/td>\n<\/tr>\n<tr>\n<td>HRSA Hydrauliczny adapter do monta\u017cu rur z ramieniem bocznym<\/td>\n<td>950<\/td>\n<td>1150 x 1930 x 665<\/td>\n<td>10<\/td>\n<td>20-50<\/td>\n<td>120-250<\/td>\n<td>18-32<\/td>\n<\/tr>\n<tr>\n<td>RSA (alternatywnie) Mechaniczny adapter do monta\u017cu rur<\/td>\n<td>280-420<\/td>\n<td>1130x(510-680)x(470-555)<\/td>\n<td>5-12<\/td>\n<td>&#8211;<\/td>\n<td>&#8211;<\/td>\n<td>8-45<\/td>\n<\/tr>\n<\/tbody>\n<\/table>\n<\/div>\n\n\n\n<p>* w zale\u017cno\u015bci od szybkoz\u0142\u0105cza, dost\u0119pny do wszystkich typowych szybkoz\u0142\u0105cz<\/p>\n<\/div><\/div>\n\n\n<div style=\"height:64px\" aria-hidden=\"true\" class=\"wp-block-spacer not-mobile\"><\/div>\n\n\n\n<div style=\"height:40px\" aria-hidden=\"true\" class=\"wp-block-spacer not-desktop\"><\/div>\n\n\n<h2 class=\"wp-block-heading has-text-align-center\">ZOBACZ JAK PRACUJE:<\/h2>\n\n\n\n<figure class=\"wp-block-embed is-type-video is-provider-youtube wp-block-embed-youtube custom-video wp-embed-aspect-16-9 wp-has-aspect-ratio\"><div class=\"wp-block-embed__wrapper\">\n<iframe loading=\"lazy\" title=\"Hydraulischer Rohrschiebeadapter von MTS\" width=\"800\" height=\"450\" src=\"https:\/\/www.youtube.com\/embed\/tMnKqPDybDg?feature=oembed\" frameborder=\"0\" allow=\"accelerometer; autoplay; clipboard-write; encrypted-media; gyroscope; picture-in-picture; web-share\" referrerpolicy=\"strict-origin-when-cross-origin\" allowfullscreen><\/iframe>\n<\/div><\/figure>\n\n\n<div style=\"height:64px\" aria-hidden=\"true\" class=\"wp-block-spacer not-mobile\"><\/div>\n\n\n\n<div style=\"height:40px\" aria-hidden=\"true\" class=\"wp-block-spacer not-desktop\"><\/div>\n\n\n<div class=\"wp-block-buttons is-content-justification-center is-layout-flex wp-container-core-buttons-is-layout-16018d1d wp-block-buttons-is-layout-flex\">\n<div class=\"wp-block-button has-custom-width wp-block-button__width-50 has-custom-font-size is-style-outline has-small-font-size is-style-outline--3\"><a class=\"wp-block-button__link has-text-color has-link-color has-text-align-center wp-element-button\" href=\"\/wp-content\/uploads\/2025\/01\/katalog-2.pdf\" style=\"border-radius:0px;color:#e30614\"><strong>POBIERZ KATALOG<\/strong><\/a><\/div>\n<\/div>\n\n\n<div style=\"height:64px\" aria-hidden=\"true\" class=\"wp-block-spacer not-mobile\"><\/div>\n\n\n\n<div style=\"height:40px\" aria-hidden=\"true\" class=\"wp-block-spacer not-desktop\"><\/div>","protected":false},"excerpt":{"rendered":"<p>ADAPTER DO MONTA\u017bU RUR Idealne urz\u0105dzenie do uk\u0142adania, transportowania lub przenoszenia ruroci\u0105g\u00f3w. Adapter umo\u017cliwia uk\u0142adanie rur o \u015brednicy do DN 1000 (z poszerzeniem do DN 1500). Zakres ci\u015bnienia mo\u017ce zosta\u0107 &#8230;<\/p>\n","protected":false},"author":2,"featured_media":0,"parent":0,"menu_order":0,"comment_status":"closed","ping_status":"closed","template":"template-fullwidth-stretched.php","meta":{"footnotes":""},"class_list":["post-1586","page","type-page","status-publish","hentry"],"aioseo_notices":[],"_links":{"self":[{"href":"https:\/\/dt-automatyzacja.pl\/index.php\/wp-json\/wp\/v2\/pages\/1586","targetHints":{"allow":["GET"]}}],"collection":[{"href":"https:\/\/dt-automatyzacja.pl\/index.php\/wp-json\/wp\/v2\/pages"}],"about":[{"href":"https:\/\/dt-automatyzacja.pl\/index.php\/wp-json\/wp\/v2\/types\/page"}],"author":[{"embeddable":true,"href":"https:\/\/dt-automatyzacja.pl\/index.php\/wp-json\/wp\/v2\/users\/2"}],"replies":[{"embeddable":true,"href":"https:\/\/dt-automatyzacja.pl\/index.php\/wp-json\/wp\/v2\/comments?post=1586"}],"version-history":[{"count":10,"href":"https:\/\/dt-automatyzacja.pl\/index.php\/wp-json\/wp\/v2\/pages\/1586\/revisions"}],"predecessor-version":[{"id":2508,"href":"https:\/\/dt-automatyzacja.pl\/index.php\/wp-json\/wp\/v2\/pages\/1586\/revisions\/2508"}],"wp:attachment":[{"href":"https:\/\/dt-automatyzacja.pl\/index.php\/wp-json\/wp\/v2\/media?parent=1586"}],"curies":[{"name":"wp","href":"https:\/\/api.w.org\/{rel}","templated":true}]}}