{"id":1578,"date":"2025-02-20T13:31:05","date_gmt":"2025-02-20T12:31:05","guid":{"rendered":"https:\/\/dt-auto.com\/?page_id=1578"},"modified":"2025-11-19T22:34:49","modified_gmt":"2025-11-19T21:34:49","slug":"cat-pozostale","status":"publish","type":"page","link":"https:\/\/dt-automatyzacja.pl\/index.php\/cat-pozostale\/","title":{"rendered":"CAT &#8211; Pozosta\u0142e"},"content":{"rendered":"<div style=\"height:64px\" aria-hidden=\"true\" class=\"wp-block-spacer not-mobile\"><\/div>\n\n\n\n<div style=\"height:40px\" aria-hidden=\"true\" class=\"wp-block-spacer not-desktop\"><\/div>\n\n\n<h1 class=\"wp-block-heading full-screen-padding has-text-color has-link-color wp-elements-6cc24eec91a49be86cd851c5c6c020e0\" style=\"color:#e30614\">POZOSTA\u0141E<\/h1>\n\n\n<div style=\"height:64px\" aria-hidden=\"true\" class=\"wp-block-spacer not-mobile\"><\/div>\n\n\n\n<div style=\"height:40px\" aria-hidden=\"true\" class=\"wp-block-spacer not-desktop\"><\/div>\n\n\n<div class=\"wp-block-group mobile-break half-desktop has-background is-nowrap is-layout-flex wp-container-core-group-is-layout-9123dee2 wp-block-group-is-layout-flex\" style=\"background-color:#f0f0f0\">\n<figure class=\"wp-block-image size-full round-corners small-image-preview\"><a href=\"https:\/\/dt-auto.com\/index.php\/cat-pozostale-adapter\/\"><img loading=\"lazy\" decoding=\"async\" width=\"411\" height=\"411\" src=\"https:\/\/dt-auto.com\/wp-content\/uploads\/2025\/02\/pozostale-adapter-do-montazu-rur.jpg\" alt=\"osprz\u0119ty hydrauliczne\" class=\"wp-image-1581\" style=\"aspect-ratio:1;object-fit:cover\" srcset=\"https:\/\/dt-automatyzacja.pl\/wp-content\/uploads\/2025\/02\/pozostale-adapter-do-montazu-rur.jpg 411w, https:\/\/dt-automatyzacja.pl\/wp-content\/uploads\/2025\/02\/pozostale-adapter-do-montazu-rur-300x300.jpg 300w, https:\/\/dt-automatyzacja.pl\/wp-content\/uploads\/2025\/02\/pozostale-adapter-do-montazu-rur-150x150.jpg 150w, https:\/\/dt-automatyzacja.pl\/wp-content\/uploads\/2025\/02\/pozostale-adapter-do-montazu-rur-100x100.jpg 100w\" sizes=\"auto, (max-width: 411px) 100vw, 411px\" \/><\/a><\/figure>\n\n\n\n<div style=\"height:100px;width:40px\" aria-hidden=\"true\" class=\"wp-block-spacer wp-container-content-28f0cd9b\"><\/div>\n\n\n\n<div class=\"wp-block-group flex is-vertical is-content-justification-stretch is-layout-flex wp-container-core-group-is-layout-b16ad781 wp-block-group-is-layout-flex\">\n<h3 class=\"wp-block-heading\"><a href=\"https:\/\/dt-auto.com\/index.php\/cat-pozostale-adapter\/\" data-type=\"page\" data-id=\"1586\">ADAPTER DO MONTA\u017bU RUR<\/a><\/h3>\n\n\n\n<p class=\"has-black-color has-text-color has-link-color has-small-font-size wp-elements-5978ba8731e27448f0e65b1edfb358c7\">Idealne urz\u0105dzenie do uk\u0142adania, transportowania lub przenoszenia ruroci\u0105g\u00f3w.<\/p>\n\n\n\n<div style=\"height:50px\" aria-hidden=\"true\" class=\"wp-block-spacer wp-container-content-b30579f5\"><\/div>\n\n\n\n<h3 class=\"wp-block-heading has-text-align-right has-text-color has-link-color wp-elements-d7f49718239994cdf0ab7aeb521a5ec9\" style=\"color:#e30613\"><a href=\"\/index.php\/cat-pozostale-adapter\/\" data-type=\"link\" data-id=\"\/index.php\/cat-pozostale-adapter\/\">ZOBACZ WI\u0118CEJ \u2192<\/a><\/h3>\n<\/div>\n<\/div>\n\n\n\n<div style=\"height:20px\" aria-hidden=\"true\" class=\"wp-block-spacer\"><\/div>\n\n\n\n<div class=\"wp-block-group mobile-break half-desktop has-background is-nowrap is-layout-flex wp-container-core-group-is-layout-9123dee2 wp-block-group-is-layout-flex\" style=\"background-color:#f0f0f0\">\n<figure class=\"wp-block-image size-full round-corners small-image-preview\"><a href=\"https:\/\/dt-auto.com\/index.php\/cat-pozostale-chwytak\/\"><img loading=\"lazy\" decoding=\"async\" width=\"411\" height=\"411\" src=\"https:\/\/dt-auto.com\/wp-content\/uploads\/2025\/02\/pozostale-chwytak-egli.jpg\" alt=\"osprz\u0119ty hydrauliczne\" class=\"wp-image-1582\" style=\"aspect-ratio:1;object-fit:cover\" srcset=\"https:\/\/dt-automatyzacja.pl\/wp-content\/uploads\/2025\/02\/pozostale-chwytak-egli.jpg 411w, https:\/\/dt-automatyzacja.pl\/wp-content\/uploads\/2025\/02\/pozostale-chwytak-egli-300x300.jpg 300w, https:\/\/dt-automatyzacja.pl\/wp-content\/uploads\/2025\/02\/pozostale-chwytak-egli-150x150.jpg 150w, https:\/\/dt-automatyzacja.pl\/wp-content\/uploads\/2025\/02\/pozostale-chwytak-egli-100x100.jpg 100w\" sizes=\"auto, (max-width: 411px) 100vw, 411px\" \/><\/a><\/figure>\n\n\n\n<div style=\"height:100px;width:40px\" aria-hidden=\"true\" class=\"wp-block-spacer wp-container-content-28f0cd9b\"><\/div>\n\n\n\n<div class=\"wp-block-group flex is-vertical is-content-justification-stretch is-layout-flex wp-container-core-group-is-layout-b16ad781 wp-block-group-is-layout-flex\">\n<h3 class=\"wp-block-heading\"><a href=\"https:\/\/dt-auto.com\/index.php\/cat-pozostale-chwytak\/\" data-type=\"page\" data-id=\"1587\">CHWYTAK EGLI<\/a><\/h3>\n\n\n\n<p class=\"has-black-color has-text-color has-link-color has-small-font-size wp-elements-a4b917d25e34ed2f97c8b1bc41fd9b50\">Wytrzyma\u0142y chwytak \u0142upinowy s\u0142u\u017cy\u0107 mo\u017ce nie tylko jako urz\u0105dzenie do sortowania, lecz tak\u017ce do kruszenia materia\u0142u w ramach przeprowadzania ci\u0119\u017ckich prac budowlanych.<\/p>\n\n\n\n<div style=\"height:50px\" aria-hidden=\"true\" class=\"wp-block-spacer wp-container-content-b30579f5\"><\/div>\n\n\n\n<h3 class=\"wp-block-heading has-text-align-right has-text-color has-link-color wp-elements-f262dd67812f3a6b5bcf13576e1e5f5f\" style=\"color:#e30613\"><a href=\"\/index.php\/cat-pozostale-chwytak\/\" data-type=\"link\" data-id=\"\/index.php\/cat-pozostale-chwytak\/\">ZOBACZ WI\u0118CEJ \u2192<\/a><\/h3>\n<\/div>\n<\/div>\n\n\n\n<div style=\"height:20px\" aria-hidden=\"true\" class=\"wp-block-spacer\"><\/div>\n\n\n\n<div class=\"wp-block-group mobile-break half-desktop has-background is-nowrap is-layout-flex wp-container-core-group-is-layout-9123dee2 wp-block-group-is-layout-flex\" style=\"background-color:#f0f0f0\">\n<figure class=\"wp-block-image size-full round-corners small-image-preview\"><a href=\"https:\/\/dt-auto.com\/index.php\/cat-pozostale-magnes\/\"><img loading=\"lazy\" decoding=\"async\" width=\"411\" height=\"411\" src=\"https:\/\/dt-auto.com\/wp-content\/uploads\/2025\/02\/pozostale-magnes-hydrauliczny-egli.jpg\" alt=\"osprz\u0119ty hydrauliczne\" class=\"wp-image-1583\" style=\"aspect-ratio:1;object-fit:cover\" srcset=\"https:\/\/dt-automatyzacja.pl\/wp-content\/uploads\/2025\/02\/pozostale-magnes-hydrauliczny-egli.jpg 411w, https:\/\/dt-automatyzacja.pl\/wp-content\/uploads\/2025\/02\/pozostale-magnes-hydrauliczny-egli-300x300.jpg 300w, https:\/\/dt-automatyzacja.pl\/wp-content\/uploads\/2025\/02\/pozostale-magnes-hydrauliczny-egli-150x150.jpg 150w, https:\/\/dt-automatyzacja.pl\/wp-content\/uploads\/2025\/02\/pozostale-magnes-hydrauliczny-egli-100x100.jpg 100w\" sizes=\"auto, (max-width: 411px) 100vw, 411px\" \/><\/a><\/figure>\n\n\n\n<div style=\"height:100px;width:40px\" aria-hidden=\"true\" class=\"wp-block-spacer wp-container-content-28f0cd9b\"><\/div>\n\n\n\n<div class=\"wp-block-group flex is-vertical is-content-justification-stretch is-layout-flex wp-container-core-group-is-layout-b16ad781 wp-block-group-is-layout-flex\">\n<h3 class=\"wp-block-heading\"><a href=\"https:\/\/dt-auto.com\/index.php\/cat-pozostale-magnes\/\" data-type=\"page\" data-id=\"1588\">MAGNES HYDRAULICZNY EGLI<\/a><\/h3>\n\n\n\n<p class=\"has-black-color has-text-color has-link-color has-small-font-size wp-elements-4f193ff06a6e6060bc4091aaa1490068\">Profesjonalne urz\u0105dzenie do sortowania i prac wyburzeniowych. Pozwala na zmniejszenie zawarto\u015bci stali w gruzie budowlanym do niemal\u017ce 0 procent i na unikni\u0119cie uszkodze\u0144 maszyn budowlanych.<\/p>\n\n\n\n<div style=\"height:50px\" aria-hidden=\"true\" class=\"wp-block-spacer wp-container-content-b30579f5\"><\/div>\n\n\n\n<h3 class=\"wp-block-heading has-text-align-right has-text-color has-link-color wp-elements-5a710bbd111989f97551aa2f28f526f7\" style=\"color:#e30613\"><a href=\"\/index.php\/cat-pozostale-magnes\/\" data-type=\"link\" data-id=\"\/index.php\/cat-pozostale-magnes\/\">ZOBACZ WI\u0118CEJ \u2192<\/a><\/h3>\n<\/div>\n<\/div>\n\n\n<div style=\"height:64px\" aria-hidden=\"true\" class=\"wp-block-spacer not-mobile\"><\/div>\n\n\n\n<div style=\"height:40px\" aria-hidden=\"true\" class=\"wp-block-spacer not-desktop\"><\/div>\n\n\n<div class=\"wp-block-buttons is-content-justification-center is-layout-flex wp-container-core-buttons-is-layout-16018d1d wp-block-buttons-is-layout-flex\">\n<div class=\"wp-block-button has-custom-width wp-block-button__width-50 has-custom-font-size is-style-outline has-small-font-size is-style-outline--3\"><a class=\"wp-block-button__link has-text-color has-link-color has-text-align-center wp-element-button\" href=\"\/wp-content\/uploads\/2025\/01\/katalog-2.pdf\" style=\"border-radius:0px;color:#e30614\"><strong>POBIERZ KATALOG<\/strong><\/a><\/div>\n<\/div>\n\n\n<div style=\"height:64px\" aria-hidden=\"true\" class=\"wp-block-spacer not-mobile\"><\/div>\n\n\n\n<div style=\"height:40px\" aria-hidden=\"true\" class=\"wp-block-spacer not-desktop\"><\/div>","protected":false},"excerpt":{"rendered":"<p>POZOSTA\u0141E ADAPTER DO MONTA\u017bU RUR Idealne urz\u0105dzenie do uk\u0142adania, transportowania lub przenoszenia ruroci\u0105g\u00f3w. ZOBACZ WI\u0118CEJ \u2192 CHWYTAK EGLI Wytrzyma\u0142y chwytak \u0142upinowy s\u0142u\u017cy\u0107 mo\u017ce nie tylko jako urz\u0105dzenie do sortowania, lecz &#8230;<\/p>\n","protected":false},"author":2,"featured_media":0,"parent":0,"menu_order":0,"comment_status":"closed","ping_status":"closed","template":"template-fullwidth-stretched.php","meta":{"footnotes":""},"class_list":["post-1578","page","type-page","status-publish","hentry"],"aioseo_notices":[],"_links":{"self":[{"href":"https:\/\/dt-automatyzacja.pl\/index.php\/wp-json\/wp\/v2\/pages\/1578","targetHints":{"allow":["GET"]}}],"collection":[{"href":"https:\/\/dt-automatyzacja.pl\/index.php\/wp-json\/wp\/v2\/pages"}],"about":[{"href":"https:\/\/dt-automatyzacja.pl\/index.php\/wp-json\/wp\/v2\/types\/page"}],"author":[{"embeddable":true,"href":"https:\/\/dt-automatyzacja.pl\/index.php\/wp-json\/wp\/v2\/users\/2"}],"replies":[{"embeddable":true,"href":"https:\/\/dt-automatyzacja.pl\/index.php\/wp-json\/wp\/v2\/comments?post=1578"}],"version-history":[{"count":17,"href":"https:\/\/dt-automatyzacja.pl\/index.php\/wp-json\/wp\/v2\/pages\/1578\/revisions"}],"predecessor-version":[{"id":2510,"href":"https:\/\/dt-automatyzacja.pl\/index.php\/wp-json\/wp\/v2\/pages\/1578\/revisions\/2510"}],"wp:attachment":[{"href":"https:\/\/dt-automatyzacja.pl\/index.php\/wp-json\/wp\/v2\/media?parent=1578"}],"curies":[{"name":"wp","href":"https:\/\/api.w.org\/{rel}","templated":true}]}}