{"id":1511,"date":"2025-02-19T13:01:05","date_gmt":"2025-02-19T12:01:05","guid":{"rendered":"https:\/\/dt-auto.com\/?page_id=1511"},"modified":"2025-11-19T23:02:58","modified_gmt":"2025-11-19T22:02:58","slug":"cat-ulepszanie-gruntu-rozdrabniacz","status":"publish","type":"page","link":"https:\/\/dt-automatyzacja.pl\/index.php\/cat-ulepszanie-gruntu-rozdrabniacz\/","title":{"rendered":"CAT &#8211; Ulepszanie gruntu &#8211; Rozdrabniacz"},"content":{"rendered":"<div style=\"height:64px\" aria-hidden=\"true\" class=\"wp-block-spacer not-mobile\"><\/div>\n\n\n\n<div style=\"height:40px\" aria-hidden=\"true\" class=\"wp-block-spacer not-desktop\"><\/div>\n\n\n<h1 class=\"wp-block-heading full-screen-padding has-text-color has-link-color wp-elements-f3f89fefc860e4ec52aa74eaf6ab5af8\" style=\"color:#e30614\">ROZDRABNIACZ GRUNTU MTS<\/h1>\n\n\n\n<p class=\"full-screen-padding has-black-color has-text-color has-link-color has-medium-font-size wp-elements-ffa5264903cdaba52a37699db3490448\">Urz\u0105dzenie s\u0142u\u017c\u0105ce do wst\u0119pnego rozprowadzenia \u015brodka wi\u0105\u017c\u0105cego w gruncie, rozbicia wi\u0119kszych frakcji gruntu na mniejsze.<\/p>\n\n\n<div style=\"height:64px\" aria-hidden=\"true\" class=\"wp-block-spacer not-mobile\"><\/div>\n\n\n\n<div style=\"height:40px\" aria-hidden=\"true\" class=\"wp-block-spacer not-desktop\"><\/div>\n\n\n<figure class=\"wp-block-image size-full center not-mobile full-screen-padding\"><img loading=\"lazy\" decoding=\"async\" width=\"1463\" height=\"664\" src=\"https:\/\/dt-auto.com\/wp-content\/uploads\/2025\/02\/ulepszanie-gruntu-rozdrabniacz-gruntu-mts-wykres-1.jpg\" alt=\"rozdrabniacze gruntu\" class=\"wp-image-1545\" srcset=\"https:\/\/dt-automatyzacja.pl\/wp-content\/uploads\/2025\/02\/ulepszanie-gruntu-rozdrabniacz-gruntu-mts-wykres-1.jpg 1463w, https:\/\/dt-automatyzacja.pl\/wp-content\/uploads\/2025\/02\/ulepszanie-gruntu-rozdrabniacz-gruntu-mts-wykres-1-300x136.jpg 300w, https:\/\/dt-automatyzacja.pl\/wp-content\/uploads\/2025\/02\/ulepszanie-gruntu-rozdrabniacz-gruntu-mts-wykres-1-1024x465.jpg 1024w, https:\/\/dt-automatyzacja.pl\/wp-content\/uploads\/2025\/02\/ulepszanie-gruntu-rozdrabniacz-gruntu-mts-wykres-1-768x349.jpg 768w, https:\/\/dt-automatyzacja.pl\/wp-content\/uploads\/2025\/02\/ulepszanie-gruntu-rozdrabniacz-gruntu-mts-wykres-1-600x272.jpg 600w\" sizes=\"auto, (max-width: 1463px) 100vw, 1463px\" \/><\/figure>\n\n\n\n<div class=\"wp-block-group not-desktop full-screen-padding expanded-pointers\"><div class=\"wp-block-group__inner-container is-layout-constrained wp-block-group-is-layout-constrained\">\n<figure class=\"wp-block-image size-full center\"><img loading=\"lazy\" decoding=\"async\" width=\"800\" height=\"603\" src=\"https:\/\/dt-auto.com\/wp-content\/uploads\/2025\/02\/ulepszanie-gruntu-rozdrabniacz-gruntu-mts-wykres-1-mob.jpg\" alt=\"rozdrabniacze gruntu\" class=\"wp-image-1547\" srcset=\"https:\/\/dt-automatyzacja.pl\/wp-content\/uploads\/2025\/02\/ulepszanie-gruntu-rozdrabniacz-gruntu-mts-wykres-1-mob.jpg 800w, https:\/\/dt-automatyzacja.pl\/wp-content\/uploads\/2025\/02\/ulepszanie-gruntu-rozdrabniacz-gruntu-mts-wykres-1-mob-300x226.jpg 300w, https:\/\/dt-automatyzacja.pl\/wp-content\/uploads\/2025\/02\/ulepszanie-gruntu-rozdrabniacz-gruntu-mts-wykres-1-mob-768x579.jpg 768w, https:\/\/dt-automatyzacja.pl\/wp-content\/uploads\/2025\/02\/ulepszanie-gruntu-rozdrabniacz-gruntu-mts-wykres-1-mob-600x452.jpg 600w\" sizes=\"auto, (max-width: 800px) 100vw, 800px\" \/><\/figure>\n\n\n\n<div style=\"height:20px\" aria-hidden=\"true\" class=\"wp-block-spacer\"><\/div>\n\n\n\n<h3 class=\"wp-block-heading\"><strong><strong>FUNKCJA ZDEJMOWANIA LEMIESZY ZEWN\u0118TRZNYCH<\/strong><\/strong><\/h3>\n\n\n\n<p>pozwala na wygodne wykonywanie prac w ograniczonej przestrzeni oraz z wykorzystaniem ma\u0142ych koparek<\/p>\n<\/div><\/div>\n\n\n<div style=\"height:64px\" aria-hidden=\"true\" class=\"wp-block-spacer not-mobile\"><\/div>\n\n\n\n<div style=\"height:40px\" aria-hidden=\"true\" class=\"wp-block-spacer not-desktop\"><\/div>\n\n\n<h2 class=\"wp-block-heading full-screen-padding\">SPECYFIKACJA TECHNICZNA:<\/h2>\n\n\n\n<div class=\"wp-block-group full-screen-padding\"><div class=\"wp-block-group__inner-container is-layout-constrained wp-block-group-is-layout-constrained\"><div class=\"su-table su-table-alternate\">\n<table>\n<tbody>\n<tr>\n<th>MODEL<\/th>\n<th>KR STANDARD<\/th>\n<th>KR FLEX (2 ZDEJMOWANE, ZEWN\u0118TRZNE LEMIESZE)<\/th>\n<\/tr>\n<tr>\n<td>Masa (kg) bez zmieniarki p\u0142yty monta\u017cowej<\/td>\n<td>1000<\/td>\n<td>1000 (750)<\/td>\n<\/tr>\n<tr>\n<td>Zalecana maszyna robocza<\/td>\n<td>Koparka ko\u0142owa lub g\u0105sienicowa od 12 ton<\/td>\n<td>Koparka ko\u0142owa lub g\u0105sienicowa od 12 ton<\/td>\n<\/tr>\n<tr>\n<td>Wymiary zewn\u0119trzne (d\u0142. x wys. x szer.) (mm)<\/td>\n<td>300 x 775 x 1175<\/td>\n<td> (1624) x 775 x 1175<\/td>\n<\/tr>\n<tr>\n<td>Liczba z\u0119b\u00f3w<\/td>\n<td>7<\/td>\n<td>7 (5)<\/td>\n<\/tr>\n<\/tbody>\n<\/table>\n<\/div>\n<\/div><\/div>\n\n\n<div style=\"height:64px\" aria-hidden=\"true\" class=\"wp-block-spacer not-mobile\"><\/div>\n\n\n\n<div style=\"height:40px\" aria-hidden=\"true\" class=\"wp-block-spacer not-desktop\"><\/div>\n\n\n<h2 class=\"wp-block-heading has-text-align-center\">ZOBACZ JAK PRACUJE:<\/h2>\n\n\n\n<figure class=\"wp-block-embed is-type-video is-provider-youtube wp-block-embed-youtube custom-video wp-embed-aspect-16-9 wp-has-aspect-ratio\"><div class=\"wp-block-embed__wrapper\">\n<iframe loading=\"lazy\" title=\"Ulepszanie gruntu  - Dozownik Spoiwa MTS\" width=\"800\" height=\"450\" src=\"https:\/\/www.youtube.com\/embed\/I3MOuoSAjcg?feature=oembed\" frameborder=\"0\" allow=\"accelerometer; autoplay; clipboard-write; encrypted-media; gyroscope; picture-in-picture; web-share\" referrerpolicy=\"strict-origin-when-cross-origin\" allowfullscreen><\/iframe>\n<\/div><\/figure>\n\n\n<div style=\"height:64px\" aria-hidden=\"true\" class=\"wp-block-spacer not-mobile\"><\/div>\n\n\n\n<div style=\"height:40px\" aria-hidden=\"true\" class=\"wp-block-spacer not-desktop\"><\/div>\n\n\n<div class=\"wp-block-buttons is-content-justification-center is-layout-flex wp-container-core-buttons-is-layout-16018d1d wp-block-buttons-is-layout-flex\">\n<div class=\"wp-block-button has-custom-width wp-block-button__width-50 has-custom-font-size is-style-outline has-small-font-size is-style-outline--3\"><a class=\"wp-block-button__link has-text-color has-link-color has-text-align-center wp-element-button\" href=\"\/wp-content\/uploads\/2025\/01\/katalog-2.pdf\" style=\"border-radius:0px;color:#e30614\"><strong>POBIERZ KATALOG<\/strong><\/a><\/div>\n<\/div>\n\n\n<div style=\"height:64px\" aria-hidden=\"true\" class=\"wp-block-spacer not-mobile\"><\/div>\n\n\n\n<div style=\"height:40px\" aria-hidden=\"true\" class=\"wp-block-spacer not-desktop\"><\/div>","protected":false},"excerpt":{"rendered":"<p>ROZDRABNIACZ GRUNTU MTS Urz\u0105dzenie s\u0142u\u017c\u0105ce do wst\u0119pnego rozprowadzenia \u015brodka wi\u0105\u017c\u0105cego w gruncie, rozbicia wi\u0119kszych frakcji gruntu na mniejsze. FUNKCJA ZDEJMOWANIA LEMIESZY ZEWN\u0118TRZNYCH pozwala na wygodne wykonywanie prac w ograniczonej przestrzeni &#8230;<\/p>\n","protected":false},"author":2,"featured_media":0,"parent":0,"menu_order":0,"comment_status":"closed","ping_status":"closed","template":"template-fullwidth-stretched.php","meta":{"footnotes":""},"class_list":["post-1511","page","type-page","status-publish","hentry"],"aioseo_notices":[],"_links":{"self":[{"href":"https:\/\/dt-automatyzacja.pl\/index.php\/wp-json\/wp\/v2\/pages\/1511","targetHints":{"allow":["GET"]}}],"collection":[{"href":"https:\/\/dt-automatyzacja.pl\/index.php\/wp-json\/wp\/v2\/pages"}],"about":[{"href":"https:\/\/dt-automatyzacja.pl\/index.php\/wp-json\/wp\/v2\/types\/page"}],"author":[{"embeddable":true,"href":"https:\/\/dt-automatyzacja.pl\/index.php\/wp-json\/wp\/v2\/users\/2"}],"replies":[{"embeddable":true,"href":"https:\/\/dt-automatyzacja.pl\/index.php\/wp-json\/wp\/v2\/comments?post=1511"}],"version-history":[{"count":12,"href":"https:\/\/dt-automatyzacja.pl\/index.php\/wp-json\/wp\/v2\/pages\/1511\/revisions"}],"predecessor-version":[{"id":2515,"href":"https:\/\/dt-automatyzacja.pl\/index.php\/wp-json\/wp\/v2\/pages\/1511\/revisions\/2515"}],"wp:attachment":[{"href":"https:\/\/dt-automatyzacja.pl\/index.php\/wp-json\/wp\/v2\/media?parent=1511"}],"curies":[{"name":"wp","href":"https:\/\/api.w.org\/{rel}","templated":true}]}}