{"id":1509,"date":"2025-02-19T13:00:39","date_gmt":"2025-02-19T12:00:39","guid":{"rendered":"https:\/\/dt-auto.com\/?page_id=1509"},"modified":"2025-11-19T22:36:43","modified_gmt":"2025-11-19T21:36:43","slug":"cat-ulepszanie-gruntu-dozownik","status":"publish","type":"page","link":"https:\/\/dt-automatyzacja.pl\/index.php\/cat-ulepszanie-gruntu-dozownik\/","title":{"rendered":"CAT &#8211; Ulepszanie gruntu &#8211; Dozownik"},"content":{"rendered":"<div style=\"height:64px\" aria-hidden=\"true\" class=\"wp-block-spacer not-mobile\"><\/div>\n\n\n\n<div style=\"height:40px\" aria-hidden=\"true\" class=\"wp-block-spacer not-desktop\"><\/div>\n\n\n<h1 class=\"wp-block-heading full-screen-padding has-text-color has-link-color wp-elements-32fb38774eb9d1c68080d29b7a1973e1\" style=\"color:#e30614\">DOZOWNIK \u015aRODKA WI\u0104\u017b\u0104CEGO MTS E.P.M.<\/h1>\n\n\n\n<p class=\"full-screen-padding has-black-color has-text-color has-link-color has-medium-font-size wp-elements-31477788c62137489a9120487c26ab8c\">Precyzyjny dozownik \u015brodka wi\u0105\u017c\u0105cego wyposa\u017cony w nap\u0119d hydrauliczny oraz wska\u017anik dozowania. Stosowany z hydraulicznym szybkoz\u0142\u0105czem pozwala unikn\u0105\u0107 przestoju podczas pracy.<\/p>\n\n\n<div style=\"height:64px\" aria-hidden=\"true\" class=\"wp-block-spacer not-mobile\"><\/div>\n\n\n\n<div style=\"height:40px\" aria-hidden=\"true\" class=\"wp-block-spacer not-desktop\"><\/div>\n\n\n<h2 class=\"wp-block-heading has-text-align-center full-screen-padding center has-text-color has-link-color wp-elements-e715e1c407d4a1db432dedd280134cf0\" style=\"color:#319340\"><strong>PROFESJONALNY SYSTEM E.P.M<\/strong><\/h2>\n\n\n\n<p class=\"has-text-align-center center has-small-font-size\"><strong>DOZOWNIK SUBSTANCJI WI\u0104\u017b\u0104CEJ<\/strong><\/p>\n\n\n\n<figure class=\"wp-block-image size-full center not-mobile full-screen-padding\"><img loading=\"lazy\" decoding=\"async\" width=\"1564\" height=\"628\" src=\"https:\/\/dt-auto.com\/wp-content\/uploads\/2025\/02\/recyklery-mts-dozownik-srodka-wiazacego-mts-wykres-1.jpg\" alt=\"Dozownik \u015brodka wi\u0105\u017c\u0105cego\" class=\"wp-image-1552\" srcset=\"https:\/\/dt-automatyzacja.pl\/wp-content\/uploads\/2025\/02\/recyklery-mts-dozownik-srodka-wiazacego-mts-wykres-1.jpg 1564w, https:\/\/dt-automatyzacja.pl\/wp-content\/uploads\/2025\/02\/recyklery-mts-dozownik-srodka-wiazacego-mts-wykres-1-300x120.jpg 300w, https:\/\/dt-automatyzacja.pl\/wp-content\/uploads\/2025\/02\/recyklery-mts-dozownik-srodka-wiazacego-mts-wykres-1-1024x411.jpg 1024w, https:\/\/dt-automatyzacja.pl\/wp-content\/uploads\/2025\/02\/recyklery-mts-dozownik-srodka-wiazacego-mts-wykres-1-768x308.jpg 768w, https:\/\/dt-automatyzacja.pl\/wp-content\/uploads\/2025\/02\/recyklery-mts-dozownik-srodka-wiazacego-mts-wykres-1-1536x617.jpg 1536w, https:\/\/dt-automatyzacja.pl\/wp-content\/uploads\/2025\/02\/recyklery-mts-dozownik-srodka-wiazacego-mts-wykres-1-600x241.jpg 600w\" sizes=\"auto, (max-width: 1564px) 100vw, 1564px\" \/><\/figure>\n\n\n\n<div class=\"wp-block-group not-desktop full-screen-padding expanded-pointers\"><div class=\"wp-block-group__inner-container is-layout-constrained wp-block-group-is-layout-constrained\">\n<figure class=\"wp-block-image size-full center\"><img loading=\"lazy\" decoding=\"async\" width=\"600\" height=\"520\" src=\"https:\/\/dt-auto.com\/wp-content\/uploads\/2025\/02\/recyklery-mts-dozownik-srodka-wiazacego-mts-wykres-1-mob.jpg\" alt=\"Dozownik \u015brodka wi\u0105\u017c\u0105cego\" class=\"wp-image-1553\" srcset=\"https:\/\/dt-automatyzacja.pl\/wp-content\/uploads\/2025\/02\/recyklery-mts-dozownik-srodka-wiazacego-mts-wykres-1-mob.jpg 600w, https:\/\/dt-automatyzacja.pl\/wp-content\/uploads\/2025\/02\/recyklery-mts-dozownik-srodka-wiazacego-mts-wykres-1-mob-300x260.jpg 300w\" sizes=\"auto, (max-width: 600px) 100vw, 600px\" \/><\/figure>\n\n\n\n<div style=\"height:20px\" aria-hidden=\"true\" class=\"wp-block-spacer\"><\/div>\n\n\n\n<h3 class=\"wp-block-heading\"><strong>TRANSPORT<\/strong><\/h3>\n\n\n\n<p>za pomoc\u0105&nbsp;w\u00f3zka wid\u0142owego<\/p>\n\n\n\n<h3 class=\"wp-block-heading\"><strong>DU\u017bA POJEMNO\u015a\u0106<\/strong><\/h3>\n\n\n\n<p>si\u0119gaj\u0105ca 1,4mm3 pozwala na zastosowanie BigBag\u2019a<\/p>\n\n\n\n<h3 class=\"wp-block-heading\"><strong>UCHWYT MOCOWANIA<\/strong><\/h3>\n\n\n\n<p>do adaptera szybkoz\u0142\u0105cza (\u0142adowarka), \u0142atwy monta\u017c<\/p>\n\n\n\n<h3 class=\"wp-block-heading\"><strong>WYPOSA\u017bENIE DODATKOWE<\/strong><\/h3>\n\n\n\n<p>e.p.m-Box z pojemnikiem do spryskiwania, okularami i r\u0119kawicami ochronnymi<\/p>\n\n\n\n<h3 class=\"wp-block-heading\"><strong>WSKA\u0179NIK DOZOWNIKA<\/strong><\/h3>\n\n\n\n<p>precyzyjna kontrola<\/p>\n\n\n\n<h3 class=\"wp-block-heading\"><strong>HYDRAULICZNY NAP\u0118D REGULACJI DOZOWANEJ ILO\u015aCI<\/strong><\/h3>\n\n\n\n<p>bezstopniowe dozowanie ilo\u015bci \u015brodka wi\u0105\u017c\u0105cego<\/p>\n\n\n\n<h3 class=\"wp-block-heading\"><strong>UCHWYT MOCOWANIA DO ADAPTERA SZYBKOZ\u0141\u0104CZA (KOPARKA)<\/strong><\/h3>\n\n\n\n<p>\u0142atwy monta\u017c<\/p>\n\n\n\n<h3 class=\"wp-block-heading\"><strong>MODU\u0141 WDMUCHIWANIA \/ KR\u00d3CIEC NAPE\u0141NIANIA<\/strong><\/h3>\n\n\n\n<p>\u0141atwe nape\u0142nianie za pomoc\u0105 spr\u0119\u017conego powietrza<\/p>\n\n\n\n<h3 class=\"wp-block-heading\"><strong>MODU\u0141 WYDMUCHIWANIA<\/strong><\/h3>\n\n\n\n<p>z workiem py\u0142owym<\/p>\n\n\n\n<h3 class=\"wp-block-heading\"><strong>CZYSZCZENIE, WANNA DOZOWANIA<\/strong><\/h3>\n\n\n\n<p>\u0142atwe czyszczenie dzi\u0119ki zastosowaniu sk\u0142adanego zamka<\/p>\n\n\n\n<h3 class=\"wp-block-heading\"><strong>CA\u0141KOWICIE HYDRAULICZNY NAP\u0118D<\/strong><\/h3>\n\n\n\n<p>bezobs\u0142ugowy nap\u0119d<\/p>\n\n\n\n<h3 class=\"wp-block-heading\"><strong>ZABEZPIECZENIE PRZED PYLENIEM<\/strong><\/h3>\n<\/div><\/div>\n\n\n<div style=\"height:64px\" aria-hidden=\"true\" class=\"wp-block-spacer not-mobile\"><\/div>\n\n\n\n<div style=\"height:40px\" aria-hidden=\"true\" class=\"wp-block-spacer not-desktop\"><\/div>\n\n\n<h2 class=\"wp-block-heading full-screen-padding\">SPECYFIKACJA TECHNICZNA:<\/h2>\n\n\n\n<div class=\"wp-block-group full-screen-padding\"><div class=\"wp-block-group__inner-container is-layout-constrained wp-block-group-is-layout-constrained\"><div class=\"su-table su-table-alternate\">\n<table>\n<tbody>\n<tr>\n<th>MODEL<\/th>\n<th>POJEMNO\u015a\u0106 M3<\/th>\n<th>MASA (KG) BEZ P\u0141YTY<\/th>\n<th>ZALECANAY PRZEP\u0141YW OLEJU L\/MIN<\/th>\n<th>ZALECANE CI\u015aNIENIE OLEJU (BAR)<\/th>\n<th>ZALECANA MASZYNA ROBOCZA (TON)<\/th>\n<\/tr>\n<tr class=\"red\">\n<td>e.p.m 1102<\/td>\n<td>1,40<\/td>\n<td>840<\/td>\n<td>25-40<\/td>\n<td>250<\/td>\n<td>\u0141adowarka (5-12), <br \/>koparka (10-30)<\/td>\n<\/tr>\n<tr>\n<td>Silos \u015brodka wi\u0105\u017c\u0105cego<\/td>\n<td>22 lub 29 m3<\/td>\n<td colspan=\"4\" style=\"text-align:left\">Pojemno\u015b\u0107 wraz z umieszczon\u0105 w \u015brodku rur\u0105 nape\u0142niania<\/td>\n<\/tr>\n<tr>\n<td>Rurowy \u015blimak transportowy<\/td>\n<td>36 m3\/h<\/td>\n<td colspan=\"4\" style=\"text-align:left\">Wydajno\u015b\u0107 (d\u0142ugo\u015b\u0107 (3700mm)<\/td>\n<\/tr>\n<tr>\n<td>Ci\u015bnieniowe nape\u0142nianie silos\u00f3w<\/td>\n<td>&nbsp;<\/td>\n<td colspan=\"4\" style=\"text-align:left\">Wraz z w\u0119\u017cem nape\u0142niania i w\u0119\u017cem ci\u015bnieniowym<\/td>\n<\/tr>\n<\/tbody>\n<\/table>\n<\/div>\n<\/div><\/div>\n\n\n<div style=\"height:64px\" aria-hidden=\"true\" class=\"wp-block-spacer not-mobile\"><\/div>\n\n\n\n<div style=\"height:40px\" aria-hidden=\"true\" class=\"wp-block-spacer not-desktop\"><\/div>\n\n\n<div class=\"wp-block-group has-background is-vertical is-layout-flex wp-container-core-group-is-layout-8cf370e7 wp-block-group-is-layout-flex\" style=\"background-color:#319340\"><div style=\"height:64px\" aria-hidden=\"true\" class=\"wp-block-spacer not-mobile\"><\/div>\n\n\n\n<div style=\"height:40px\" aria-hidden=\"true\" class=\"wp-block-spacer not-desktop\"><\/div>\n\n\n<h2 class=\"wp-block-heading full-screen-padding has-white-color has-text-color has-link-color wp-elements-f26c488f2d7ee953ee72321209bee9d9\">LICZBY, KT\u00d3RE M\u00d3WI\u0104 SAME ZA SIEBIE:<\/h2>\n\n\n\n<p class=\"full-screen-padding has-white-color has-text-color has-link-color has-medium-font-size wp-elements-6bf08bfda8bfc230a6cf83eb555be523\">Do 65% koszt\u00f3w operacji technologicznych, dotycz\u0105cych wymiany gruntu, mo\u017ce zosta\u0107 wyeliminowanych. Umo\u017cliwia to uzyskanie znacznych korzy\u015bci w ca\u0142ym typowym \u0142a\u0144cuchu technologicznym, operacji stosowanych na placu budowy.<\/p>\n\n\n<div style=\"height:64px\" aria-hidden=\"true\" class=\"wp-block-spacer not-mobile\"><\/div>\n\n\n\n<div style=\"height:40px\" aria-hidden=\"true\" class=\"wp-block-spacer not-desktop\"><\/div><\/div>\n\n\n\n<div class=\"wp-block-group alignfull full-screen-padding has-background is-content-justification-center\" style=\"background-color:#e6e6e6;margin-top:0;margin-bottom:0;padding-top:calc( 0.5 * var(--wp--style--root--padding-right, var(--wp--custom--gap--horizontal)));padding-right:var(--wp--style--root--padding-right, var(--wp--custom--gap--horizontal));padding-bottom:calc( 0.5 * var(--wp--style--root--padding-right, var(--wp--custom--gap--horizontal)));padding-left:var(--wp--style--root--padding-left, var(--wp--custom--gap--horizontal))\"><div class=\"wp-block-group__inner-container is-layout-constrained wp-container-core-group-is-layout-b073b61b wp-block-group-is-layout-constrained\">\n<div style=\"height:calc( 0.25 * var(--wp--style--root--padding-right, var(--wp--custom--gap--horizontal)))\" aria-hidden=\"true\" class=\"wp-block-spacer\"><\/div>\n\n\n<div style=\"height:64px\" aria-hidden=\"true\" class=\"wp-block-spacer not-mobile\"><\/div>\n\n\n\n<div style=\"height:40px\" aria-hidden=\"true\" class=\"wp-block-spacer not-desktop\"><\/div>\n\n\n<div class=\"wp-block-columns alignwide is-layout-flex wp-container-core-columns-is-layout-bd0aba32 wp-block-columns-is-layout-flex\">\n<div class=\"wp-block-column is-layout-flow wp-block-column-is-layout-flow\">\n<h3 class=\"wp-block-heading\"><strong><strong>KONWENCJONALNA WYMIANA GRUNTU<\/strong><\/strong><\/h3>\n<\/div>\n\n\n\n<div class=\"wp-block-column is-layout-flow wp-block-column-is-layout-flow\">\n<h3 class=\"wp-block-heading\"><strong>PRZYGOTOWANIE GRUNTU Z WYKORZYSTANIEM TECHNOLOGII E.P.M<\/strong><\/h3>\n<\/div>\n<\/div>\n\n\n\n<div style=\"height:var(--wp--preset--spacing--20)\" aria-hidden=\"true\" class=\"wp-block-spacer\"><\/div>\n\n\n\n<div class=\"wp-block-columns alignwide is-layout-flex wp-container-core-columns-is-layout-bd0aba32 wp-block-columns-is-layout-flex\">\n<div class=\"wp-block-column is-layout-flow wp-block-column-is-layout-flow\">\n<div class=\"wp-block-group is-content-justification-space-between is-nowrap is-layout-flex wp-container-core-group-is-layout-0dfbf163 wp-block-group-is-layout-flex\">\n<div class=\"wp-block-group is-nowrap is-layout-flex wp-container-core-group-is-layout-64989fb1 wp-block-group-is-layout-flex\">\n<p class=\"has-black-color has-text-color has-link-color wp-elements-eeaa4b9aa0bd0cf45043b7b198354dfb\"><strong>Poz 1.<\/strong><\/p>\n\n\n\n<p class=\"has-black-color has-text-color has-link-color wp-elements-6a449fd2c163d13fdd3dc706f8a230cb\">Koszty wywozu, sk\u0142adowania, planowania<\/p>\n<\/div>\n\n\n\n<p class=\"has-text-align-right has-black-color has-text-color has-link-color wp-elements-ed89130cf7ae860cd75cc9cfef76e030\">15,00 z\u0142 \/ m3<\/p>\n<\/div>\n<\/div>\n\n\n\n<div class=\"wp-block-column is-layout-flow wp-block-column-is-layout-flow\">\n<div class=\"wp-block-group is-content-justification-space-between is-nowrap is-layout-flex wp-container-core-group-is-layout-0dfbf163 wp-block-group-is-layout-flex\">\n<div class=\"wp-block-group is-nowrap is-layout-flex wp-container-core-group-is-layout-64989fb1 wp-block-group-is-layout-flex\">\n<p class=\"has-black-color has-text-color has-link-color wp-elements-eeaa4b9aa0bd0cf45043b7b198354dfb\"><strong>Poz 1.<\/strong><\/p>\n\n\n\n<p class=\"has-black-color has-text-color has-link-color wp-elements-ed17f4a07b3fc39ca0444dfe03f1e420\">Zapotrzebowanie na \u015brodek wi\u0105\u017c\u0105cy 20kg\/m3<\/p>\n<\/div>\n\n\n\n<p class=\"has-text-align-right has-black-color has-text-color has-link-color wp-elements-4f37fb518466475186c5f5375f94daa7\">9,00 z\u0142 \/ m3<\/p>\n<\/div>\n<\/div>\n<\/div>\n\n\n\n<div style=\"height:var(--wp--preset--spacing--20)\" aria-hidden=\"true\" class=\"wp-block-spacer\"><\/div>\n\n\n\n<div class=\"wp-block-columns alignwide is-layout-flex wp-container-core-columns-is-layout-bd0aba32 wp-block-columns-is-layout-flex\">\n<div class=\"wp-block-column is-layout-flow wp-block-column-is-layout-flow\">\n<div class=\"wp-block-columns is-layout-flex wp-container-core-columns-is-layout-9d6595d7 wp-block-columns-is-layout-flex\">\n<div class=\"wp-block-column is-layout-flow wp-block-column-is-layout-flow\" style=\"flex-basis:100%\">\n<div class=\"wp-block-group is-content-justification-space-between is-nowrap is-layout-flex wp-container-core-group-is-layout-0dfbf163 wp-block-group-is-layout-flex\">\n<div class=\"wp-block-group is-nowrap is-layout-flex wp-container-core-group-is-layout-64989fb1 wp-block-group-is-layout-flex\">\n<p class=\"has-black-color has-text-color has-link-color wp-elements-5bfba086e429e63195841bef86afbfdf\"><strong>Poz 2.<\/strong><\/p>\n\n\n\n<p class=\"has-black-color has-text-color has-link-color wp-elements-88ac4e1469883de1f56f4b224d1bbf22\">\u017bwir, piasek na budowie<\/p>\n<\/div>\n\n\n\n<p class=\"has-text-align-right has-black-color has-text-color has-link-color wp-elements-454790b910926c4afec941c12f26a2b5\">30,00 z\u0142 \/ m3<\/p>\n<\/div>\n<\/div>\n<\/div>\n<\/div>\n\n\n\n<div class=\"wp-block-column is-layout-flow wp-block-column-is-layout-flow\">\n<div class=\"wp-block-group is-content-justification-space-between is-nowrap is-layout-flex wp-container-core-group-is-layout-0dfbf163 wp-block-group-is-layout-flex\">\n<div class=\"wp-block-group is-nowrap is-layout-flex wp-container-core-group-is-layout-64989fb1 wp-block-group-is-layout-flex\">\n<p class=\"has-black-color has-text-color has-link-color wp-elements-eeaa4b9aa0bd0cf45043b7b198354dfb\"><strong>Poz 1.<\/strong><\/p>\n\n\n\n<p class=\"has-black-color has-text-color has-link-color wp-elements-35e607c195faa76428d943aa2a2c185e\">Koparka ok. 20 ton + wyposa\u017cenie koparki<br>(dozownik e.p.m oraz \u0142y\u017cka przesiewaj\u0105ca).<br>Wydajno\u015b\u0107 35 m3\/godz.<\/p>\n<\/div>\n\n\n\n<p class=\"has-text-align-right has-black-color has-text-color has-link-color wp-elements-b82520a3f8c4ba018b655828d1d6ef81\">6,00 z\u0142 \/ m3<\/p>\n<\/div>\n<\/div>\n<\/div>\n\n\n\n<div class=\"wp-block-columns alignwide is-layout-flex wp-container-core-columns-is-layout-bd0aba32 wp-block-columns-is-layout-flex\">\n<div class=\"wp-block-column is-layout-flow wp-block-column-is-layout-flow\">\n<div class=\"wp-block-columns is-layout-flex wp-container-core-columns-is-layout-9d6595d7 wp-block-columns-is-layout-flex\">\n<div class=\"wp-block-column is-layout-flow wp-block-column-is-layout-flow\" style=\"flex-basis:100%\">\n<div class=\"wp-block-columns is-layout-flex wp-container-core-columns-is-layout-9d6595d7 wp-block-columns-is-layout-flex\">\n<div class=\"wp-block-column is-layout-flow wp-block-column-is-layout-flow\">\n<h3 class=\"wp-block-heading\">Koszty ca\u0142kowite<\/h3>\n<\/div>\n\n\n\n<div class=\"wp-block-column is-layout-flow wp-block-column-is-layout-flow\">\n<h3 class=\"wp-block-heading has-text-align-right\">45 z\u0142\/m3<\/h3>\n<\/div>\n<\/div>\n<\/div>\n<\/div>\n<\/div>\n\n\n\n<div class=\"wp-block-column is-layout-flow wp-block-column-is-layout-flow\">\n<div class=\"wp-block-columns is-layout-flex wp-container-core-columns-is-layout-9d6595d7 wp-block-columns-is-layout-flex\">\n<div class=\"wp-block-column is-layout-flow wp-block-column-is-layout-flow\">\n<h3 class=\"wp-block-heading\">Koszty ca\u0142kowite<\/h3>\n<\/div>\n\n\n\n<div class=\"wp-block-column is-layout-flow wp-block-column-is-layout-flow\">\n<h3 class=\"wp-block-heading has-text-align-right\">45 z\u0142\/m3<\/h3>\n<\/div>\n<\/div>\n<\/div>\n<\/div>\n\n\n<div style=\"height:64px\" aria-hidden=\"true\" class=\"wp-block-spacer not-mobile\"><\/div>\n\n\n\n<div style=\"height:40px\" aria-hidden=\"true\" class=\"wp-block-spacer not-desktop\"><\/div>\n\n\n<h2 class=\"wp-block-heading has-text-align-center has-text-color has-link-color wp-elements-d9fd318811b3e77df306378deaa13049\" style=\"color:#319340\"><strong>OSZCZ\u0118DNO\u015a\u0106 CA\u0141KOWITA = OK. 65 %<\/strong><\/h2>\n\n\n<div style=\"height:64px\" aria-hidden=\"true\" class=\"wp-block-spacer not-mobile\"><\/div>\n\n\n\n<div style=\"height:40px\" aria-hidden=\"true\" class=\"wp-block-spacer not-desktop\"><\/div>\n\n\n<div style=\"height:calc( 0.25 * var(--wp--style--root--padding-right, var(--wp--custom--gap--horizontal)))\" aria-hidden=\"true\" class=\"wp-block-spacer\"><\/div>\n<\/div><\/div>\n\n\n<div style=\"height:64px\" aria-hidden=\"true\" class=\"wp-block-spacer not-mobile\"><\/div>\n\n\n\n<div style=\"height:40px\" aria-hidden=\"true\" class=\"wp-block-spacer not-desktop\"><\/div>\n\n\n<h2 class=\"wp-block-heading has-text-align-center\">ZOBACZ JAK PRACUJE:<\/h2>\n\n\n\n<figure class=\"wp-block-embed is-type-video is-provider-youtube wp-block-embed-youtube custom-video wp-embed-aspect-16-9 wp-has-aspect-ratio\"><div class=\"wp-block-embed__wrapper\">\n<iframe loading=\"lazy\" title=\"Ulepszanie gruntu  - Dozownik Spoiwa MTS\" width=\"800\" height=\"450\" src=\"https:\/\/www.youtube.com\/embed\/I3MOuoSAjcg?feature=oembed\" frameborder=\"0\" allow=\"accelerometer; autoplay; clipboard-write; encrypted-media; gyroscope; picture-in-picture; web-share\" referrerpolicy=\"strict-origin-when-cross-origin\" allowfullscreen><\/iframe>\n<\/div><\/figure>\n\n\n<div style=\"height:64px\" aria-hidden=\"true\" class=\"wp-block-spacer not-mobile\"><\/div>\n\n\n\n<div style=\"height:40px\" aria-hidden=\"true\" class=\"wp-block-spacer not-desktop\"><\/div>\n\n\n<div class=\"wp-block-buttons is-content-justification-center is-layout-flex wp-container-core-buttons-is-layout-16018d1d wp-block-buttons-is-layout-flex\">\n<div class=\"wp-block-button has-custom-width wp-block-button__width-50 has-custom-font-size is-style-outline has-small-font-size is-style-outline--3\"><a class=\"wp-block-button__link has-text-color has-link-color has-text-align-center wp-element-button\" href=\"\/wp-content\/uploads\/2025\/01\/katalog-2.pdf\" style=\"border-radius:0px;color:#e30614\"><strong>POBIERZ KATALOG<\/strong><\/a><\/div>\n<\/div>\n\n\n<div style=\"height:64px\" aria-hidden=\"true\" class=\"wp-block-spacer not-mobile\"><\/div>\n\n\n\n<div style=\"height:40px\" aria-hidden=\"true\" class=\"wp-block-spacer not-desktop\"><\/div>","protected":false},"excerpt":{"rendered":"<p>DOZOWNIK \u015aRODKA WI\u0104\u017b\u0104CEGO MTS E.P.M. Precyzyjny dozownik \u015brodka wi\u0105\u017c\u0105cego wyposa\u017cony w nap\u0119d hydrauliczny oraz wska\u017anik dozowania. Stosowany z hydraulicznym szybkoz\u0142\u0105czem pozwala unikn\u0105\u0107 przestoju podczas pracy. PROFESJONALNY SYSTEM E.P.M DOZOWNIK SUBSTANCJI &#8230;<\/p>\n","protected":false},"author":2,"featured_media":0,"parent":0,"menu_order":0,"comment_status":"closed","ping_status":"closed","template":"template-fullwidth-stretched.php","meta":{"footnotes":""},"class_list":["post-1509","page","type-page","status-publish","hentry"],"aioseo_notices":[],"_links":{"self":[{"href":"https:\/\/dt-automatyzacja.pl\/index.php\/wp-json\/wp\/v2\/pages\/1509","targetHints":{"allow":["GET"]}}],"collection":[{"href":"https:\/\/dt-automatyzacja.pl\/index.php\/wp-json\/wp\/v2\/pages"}],"about":[{"href":"https:\/\/dt-automatyzacja.pl\/index.php\/wp-json\/wp\/v2\/types\/page"}],"author":[{"embeddable":true,"href":"https:\/\/dt-automatyzacja.pl\/index.php\/wp-json\/wp\/v2\/users\/2"}],"replies":[{"embeddable":true,"href":"https:\/\/dt-automatyzacja.pl\/index.php\/wp-json\/wp\/v2\/comments?post=1509"}],"version-history":[{"count":23,"href":"https:\/\/dt-automatyzacja.pl\/index.php\/wp-json\/wp\/v2\/pages\/1509\/revisions"}],"predecessor-version":[{"id":2511,"href":"https:\/\/dt-automatyzacja.pl\/index.php\/wp-json\/wp\/v2\/pages\/1509\/revisions\/2511"}],"wp:attachment":[{"href":"https:\/\/dt-automatyzacja.pl\/index.php\/wp-json\/wp\/v2\/media?parent=1509"}],"curies":[{"name":"wp","href":"https:\/\/api.w.org\/{rel}","templated":true}]}}