{"id":1498,"date":"2025-02-19T12:49:29","date_gmt":"2025-02-19T11:49:29","guid":{"rendered":"https:\/\/dt-auto.com\/?page_id=1498"},"modified":"2025-11-19T23:04:58","modified_gmt":"2025-11-19T22:04:58","slug":"cat-ulepszanie-gruntu","status":"publish","type":"page","link":"https:\/\/dt-automatyzacja.pl\/index.php\/cat-ulepszanie-gruntu\/","title":{"rendered":"CAT &#8211; Ulepszanie gruntu"},"content":{"rendered":"<div style=\"height:64px\" aria-hidden=\"true\" class=\"wp-block-spacer not-mobile\"><\/div>\n\n\n\n<div style=\"height:40px\" aria-hidden=\"true\" class=\"wp-block-spacer not-desktop\"><\/div>\n\n\n<h1 class=\"wp-block-heading full-screen-padding has-text-color has-link-color wp-elements-79a97993bc4800317b627c6190e8ac82\" style=\"color:#e30614\">ULEPSZANIE GRUNTU<\/h1>\n\n\n\n<div class=\"wp-block-group full-screen-padding top-spoilers\"><div class=\"wp-block-group__inner-container is-layout-constrained wp-block-group-is-layout-constrained\"><div class=\"su-spoiler su-spoiler-style-fancy su-spoiler-icon-chevron su-spoiler-closed\" data-scroll-offset=\"0\" data-anchor-in-url=\"no\"><div class=\"su-spoiler-title\" tabindex=\"0\" role=\"button\"><span class=\"su-spoiler-icon\"><\/span>Z JAKIEGO POWODU ULEPSZAMY GRUNT?<\/div><div class=\"su-spoiler-content su-u-clearfix su-u-trim\">\nGrunt jest cennym materia\u0142em budowlanym, kt\u00f3rego wymiana generuje znaczne koszty. Mo\u017cna poprawi\u0107 op\u0142acalno\u015b\u0107 inwestycji poprzez ulepszenie gruntu spoiwami, zgodnie z Rozporz\u0105dzeniem Ministra Transportu i Gospodarki Wodnej w Dzienniku Ustaw z dnia 2 marca 1999r. Wymiana gruntu jest tak\u017ce niezgodna z zasadami zamkni\u0119tego cyklu produkcyjnego oraz ochrony \u015brodowiska naturalnego.<br \/>\n<br \/>\nPonowne zastosowanie rodzimego gruntu jest utrudnione, ze wzgl\u0119du na ograniczon\u0105 przydatno\u015b\u0107 do zag\u0119szczania, zbyt nisk\u0105 no\u015bno\u015b\u0107 lub zbyt du\u017c\u0105 zawarto\u015b\u0107 kamieni. Z tego wzgl\u0119du, konieczne jest zastosowanie zabieg\u00f3w ulepszaj\u0105cych parametry gruntu. Istotne znaczenie ma przy tym zmniejszenie zawarto\u015bci wody oraz poprawa struktury gruntu. W celu uzyskania tych efekt\u00f3w firma MTS stworzy\u0142a technologi\u0119 e.p.m., pozwalaj\u0105c\u0105 na uzyskanie redukcji koszt\u00f3w, zwi\u0119kszenie wydajno\u015bci i oszcz\u0119dno\u015b\u0107 \u015brodk\u00f3w produkcyjnych.<br \/>\n<\/div><\/div>\n\n\n<div class=\"su-spoiler su-spoiler-style-fancy su-spoiler-icon-chevron su-spoiler-closed\" data-scroll-offset=\"0\" data-anchor-in-url=\"no\"><div class=\"su-spoiler-title\" tabindex=\"0\" role=\"button\"><span class=\"su-spoiler-icon\"><\/span>NA CZYM POLEGA E.P.M?<\/div><div class=\"su-spoiler-content su-u-clearfix su-u-trim\">\nW skr\u00f3cie: nape\u0142niony odpowiednim \u015brodkiem wi\u0105\u017c\u0105cym dozownik e.p.m jest montowany do koparki lub \u0142adowarki. W pierwszym etapie nast\u0119puje precyzyjne dozowanie \u015brodka wi\u0105\u017c\u0105cego na wykopany grunt. Dozowanie realizowane jest za po\u015brednictwem nap\u0119du hydraulicznego, ilo\u015b\u0107 dozowanego materia\u0142u jest przedstawiana wizualnie. Ilo\u015b\u0107 \u015brodka wi\u0105\u017c\u0105cego mo\u017ce zosta\u0107 dostosowana do danych parametr\u00f3w gruntu za po\u015brednictwem dozownika.<br \/>\n<br \/>\nNast\u0119pnie mieszanina \u015brodka wi\u0105\u017c\u0105cego i gruntu jest w ramach jednej operacji roboczej dok\u0142adnie mieszana za pomoc\u0105 recyklera MTS, a nast\u0119pnie uk\u0142adana w wykopie. Pe\u0142nohydrauliczne szybkoz\u0142\u0105cze pozwala na zastosowanie dozownika \u015brodka wi\u0105\u017c\u0105cego w koparce w dowolnym momencie i minimalizuje czasy przestoju.<br \/>\n<\/div><\/div>\n\n\n<div class=\"su-spoiler su-spoiler-style-fancy su-spoiler-icon-chevron su-spoiler-closed\" data-scroll-offset=\"0\" data-anchor-in-url=\"no\"><div class=\"su-spoiler-title\" tabindex=\"0\" role=\"button\"><span class=\"su-spoiler-icon\"><\/span>ZALECANE OBSZARY ZASTOSOWANIA<\/div><div class=\"su-spoiler-content su-u-clearfix su-u-trim\">\n\u201eMixed in place\u201c lub \u201emixed in plant\u201c. Dzi\u0119ki \u0142atwej obs\u0142udze, wysokiej wydajno\u015bci i idealnym wynikom, technologia e.p.m mo\u017ce by\u0107 zastosowana w pracach ziemnych zar\u00f3wno w obszarach zabudowanych, jak i na du\u017cych placach budowy. Specjalna konstrukcja recyklera MTS pozwala na uzyskanie ziarna gruntu o wielko\u015bci od 20 do 110 mm.<br \/>\n<br \/>\nDzi\u0119ki temu technologia e.p.m jest tak\u017ce przydatna w obszarach uk\u0142adania ruroci\u0105g\u00f3w i zgodna z norm\u0105 PN-EN 1610.<br \/>\n<\/div><\/div>\n<\/div><\/div>\n\n\n<div style=\"height:64px\" aria-hidden=\"true\" class=\"wp-block-spacer not-mobile\"><\/div>\n\n\n\n<div style=\"height:40px\" aria-hidden=\"true\" class=\"wp-block-spacer not-desktop\"><\/div>\n\n\n<div class=\"wp-block-group mobile-break half-desktop has-background is-nowrap is-layout-flex wp-container-core-group-is-layout-9123dee2 wp-block-group-is-layout-flex\" style=\"background-color:#f0f0f0\">\n<figure class=\"wp-block-image size-full round-corners small-image-preview\"><a href=\"https:\/\/dt-auto.com\/index.php\/cat-ulepszanie-gruntu-recyklery-mts\/\"><img loading=\"lazy\" decoding=\"async\" width=\"800\" height=\"800\" src=\"https:\/\/dt-auto.com\/wp-content\/uploads\/2025\/02\/ulepszanie-gruntu-recyklery-mts-1.jpg\" alt=\"ulepszanie gruntu\" class=\"wp-image-1505\" style=\"aspect-ratio:1;object-fit:cover\" srcset=\"https:\/\/dt-automatyzacja.pl\/wp-content\/uploads\/2025\/02\/ulepszanie-gruntu-recyklery-mts-1.jpg 800w, https:\/\/dt-automatyzacja.pl\/wp-content\/uploads\/2025\/02\/ulepszanie-gruntu-recyklery-mts-1-300x300.jpg 300w, https:\/\/dt-automatyzacja.pl\/wp-content\/uploads\/2025\/02\/ulepszanie-gruntu-recyklery-mts-1-150x150.jpg 150w, https:\/\/dt-automatyzacja.pl\/wp-content\/uploads\/2025\/02\/ulepszanie-gruntu-recyklery-mts-1-768x768.jpg 768w, https:\/\/dt-automatyzacja.pl\/wp-content\/uploads\/2025\/02\/ulepszanie-gruntu-recyklery-mts-1-600x600.jpg 600w, https:\/\/dt-automatyzacja.pl\/wp-content\/uploads\/2025\/02\/ulepszanie-gruntu-recyklery-mts-1-100x100.jpg 100w\" sizes=\"auto, (max-width: 800px) 100vw, 800px\" \/><\/a><\/figure>\n\n\n\n<div style=\"height:100px;width:40px\" aria-hidden=\"true\" class=\"wp-block-spacer wp-container-content-28f0cd9b\"><\/div>\n\n\n\n<div class=\"wp-block-group flex is-vertical is-content-justification-stretch is-layout-flex wp-container-core-group-is-layout-b16ad781 wp-block-group-is-layout-flex\">\n<h3 class=\"wp-block-heading\"><a href=\"https:\/\/dt-auto.com\/index.php\/cat-ulepszanie-gruntu-recyklery-mts\/\" data-type=\"link\" data-id=\"https:\/\/dt-auto.com\/index.php\/cat-ulepszanie-gruntu-recyklery-mts\/\">RECYKLERY MTS<\/a><\/h3>\n\n\n\n<p class=\"has-black-color has-text-color has-link-color has-small-font-size wp-elements-6cec7779adddeb6c9d00ccffe3446de9\">Recyklery MTS s\u0142u\u017c\u0105 do mieszania&nbsp;\u015brodka wi\u0105\u017c\u0105cego i gruntu w ramach jednej operacji<\/p>\n\n\n\n<div style=\"height:50px\" aria-hidden=\"true\" class=\"wp-block-spacer wp-container-content-b30579f5\"><\/div>\n\n\n\n<h3 class=\"wp-block-heading has-text-align-right has-text-color has-link-color wp-elements-ef784f52fb62f479a4ef0c6283265d53\" style=\"color:#e30613\"><a href=\"\/index.php\/cat-ulepszanie-gruntu-recyklery-mts\/\" data-type=\"link\" data-id=\"\/index.php\/cat-ulepszanie-gruntu-recyklery-mts\/\">ZOBACZ WI\u0118CEJ \u2192<\/a><\/h3>\n<\/div>\n<\/div>\n\n\n\n<div style=\"height:20px\" aria-hidden=\"true\" class=\"wp-block-spacer\"><\/div>\n\n\n\n<div class=\"wp-block-group mobile-break half-desktop has-background is-nowrap is-layout-flex wp-container-core-group-is-layout-9123dee2 wp-block-group-is-layout-flex\" style=\"background-color:#f0f0f0\">\n<figure class=\"wp-block-image size-full round-corners small-image-preview\"><a href=\"https:\/\/dt-auto.com\/index.php\/cat-ulepszanie-gruntu-dozownik\/\"><img loading=\"lazy\" decoding=\"async\" width=\"800\" height=\"800\" src=\"https:\/\/dt-auto.com\/wp-content\/uploads\/2025\/02\/ulepszanie-gruntu-dozownik-srodka-wiazacego-mts.jpg\" alt=\"ulepszanie gruntu\" class=\"wp-image-1503\" style=\"aspect-ratio:1;object-fit:cover\" srcset=\"https:\/\/dt-automatyzacja.pl\/wp-content\/uploads\/2025\/02\/ulepszanie-gruntu-dozownik-srodka-wiazacego-mts.jpg 800w, https:\/\/dt-automatyzacja.pl\/wp-content\/uploads\/2025\/02\/ulepszanie-gruntu-dozownik-srodka-wiazacego-mts-300x300.jpg 300w, https:\/\/dt-automatyzacja.pl\/wp-content\/uploads\/2025\/02\/ulepszanie-gruntu-dozownik-srodka-wiazacego-mts-150x150.jpg 150w, https:\/\/dt-automatyzacja.pl\/wp-content\/uploads\/2025\/02\/ulepszanie-gruntu-dozownik-srodka-wiazacego-mts-768x768.jpg 768w, https:\/\/dt-automatyzacja.pl\/wp-content\/uploads\/2025\/02\/ulepszanie-gruntu-dozownik-srodka-wiazacego-mts-600x600.jpg 600w, https:\/\/dt-automatyzacja.pl\/wp-content\/uploads\/2025\/02\/ulepszanie-gruntu-dozownik-srodka-wiazacego-mts-100x100.jpg 100w\" sizes=\"auto, (max-width: 800px) 100vw, 800px\" \/><\/a><\/figure>\n\n\n\n<div style=\"height:100px;width:40px\" aria-hidden=\"true\" class=\"wp-block-spacer wp-container-content-28f0cd9b\"><\/div>\n\n\n\n<div class=\"wp-block-group flex is-vertical is-content-justification-stretch is-layout-flex wp-container-core-group-is-layout-b16ad781 wp-block-group-is-layout-flex\">\n<h3 class=\"wp-block-heading\"><a href=\"https:\/\/dt-auto.com\/index.php\/cat-ulepszanie-gruntu-dozownik\/\" data-type=\"link\" data-id=\"https:\/\/dt-auto.com\/index.php\/cat-ulepszanie-gruntu-dozownik\/\">DOZOWNIK \u015aRODKA WI\u0104\u017b\u0104CEGO MTS E.P.M.<\/a><\/h3>\n\n\n\n<p class=\"has-black-color has-text-color has-link-color has-small-font-size wp-elements-4817341f44b3b5d56b64acb050988e06\">Precyzyjny dozownik \u015brodka wi\u0105\u017c\u0105cego wyposa\u017cony w nap\u0119d hydrauliczny oraz wska\u017anik dozowania. Stosowany z hydraulicznym szybkoz\u0142\u0105czem pozwala unikn\u0105\u0107 przestoju podczas pracy.<\/p>\n\n\n\n<div style=\"height:50px\" aria-hidden=\"true\" class=\"wp-block-spacer wp-container-content-b30579f5\"><\/div>\n\n\n\n<h3 class=\"wp-block-heading has-text-align-right has-text-color has-link-color wp-elements-15fd8e341142e321dca3302c7c193662\" style=\"color:#e30613\"><a href=\"\/index.php\/cat-ulepszanie-gruntu-dozownik\/\" data-type=\"link\" data-id=\"\/index.php\/cat-ulepszanie-gruntu-dozownik\/\">ZOBACZ WI\u0118CEJ \u2192<\/a><\/h3>\n<\/div>\n<\/div>\n\n\n\n<div style=\"height:20px\" aria-hidden=\"true\" class=\"wp-block-spacer\"><\/div>\n\n\n\n<div class=\"wp-block-group mobile-break half-desktop has-background is-nowrap is-layout-flex wp-container-core-group-is-layout-9123dee2 wp-block-group-is-layout-flex\" style=\"background-color:#f0f0f0\">\n<figure class=\"wp-block-image size-full round-corners small-image-preview\"><a href=\"https:\/\/dt-auto.com\/index.php\/cat-ulepszanie-gruntu-rozdrabniacz\/\"><img loading=\"lazy\" decoding=\"async\" width=\"800\" height=\"800\" src=\"https:\/\/dt-auto.com\/wp-content\/uploads\/2025\/02\/ulepszanie-gruntu-rozdrabniacz-gruntu-mts.jpg\" alt=\"ulepszanie gruntu\" class=\"wp-image-1504\" style=\"aspect-ratio:1;object-fit:cover\" srcset=\"https:\/\/dt-automatyzacja.pl\/wp-content\/uploads\/2025\/02\/ulepszanie-gruntu-rozdrabniacz-gruntu-mts.jpg 800w, https:\/\/dt-automatyzacja.pl\/wp-content\/uploads\/2025\/02\/ulepszanie-gruntu-rozdrabniacz-gruntu-mts-300x300.jpg 300w, https:\/\/dt-automatyzacja.pl\/wp-content\/uploads\/2025\/02\/ulepszanie-gruntu-rozdrabniacz-gruntu-mts-150x150.jpg 150w, https:\/\/dt-automatyzacja.pl\/wp-content\/uploads\/2025\/02\/ulepszanie-gruntu-rozdrabniacz-gruntu-mts-768x768.jpg 768w, https:\/\/dt-automatyzacja.pl\/wp-content\/uploads\/2025\/02\/ulepszanie-gruntu-rozdrabniacz-gruntu-mts-600x600.jpg 600w, https:\/\/dt-automatyzacja.pl\/wp-content\/uploads\/2025\/02\/ulepszanie-gruntu-rozdrabniacz-gruntu-mts-100x100.jpg 100w\" sizes=\"auto, (max-width: 800px) 100vw, 800px\" \/><\/a><\/figure>\n\n\n\n<div style=\"height:100px;width:40px\" aria-hidden=\"true\" class=\"wp-block-spacer wp-container-content-28f0cd9b\"><\/div>\n\n\n\n<div class=\"wp-block-group flex is-vertical is-content-justification-stretch is-layout-flex wp-container-core-group-is-layout-b16ad781 wp-block-group-is-layout-flex\">\n<h3 class=\"wp-block-heading\"><a href=\"https:\/\/dt-auto.com\/index.php\/cat-ulepszanie-gruntu-rozdrabniacz\/\" data-type=\"page\" data-id=\"1511\">ROZDRABNIACZ GRUNTU MTS<\/a><\/h3>\n\n\n\n<p class=\"has-black-color has-text-color has-link-color has-small-font-size wp-elements-a26df8c3b543cf82f81d1ebd5cea7e31\">Urz\u0105dzenie s\u0142u\u017c\u0105ce do wst\u0119pnego rozprowadzenia \u015brodka wi\u0105\u017c\u0105cego w gruncie, rozbicia wi\u0119kszych frakcji gruntu na mniejsze.<\/p>\n\n\n\n<div style=\"height:50px\" aria-hidden=\"true\" class=\"wp-block-spacer wp-container-content-b30579f5\"><\/div>\n\n\n\n<h3 class=\"wp-block-heading has-text-align-right has-text-color has-link-color wp-elements-1c6de05de091cabb762c3d46bc3752f2\" style=\"color:#e30613\"><a href=\"\/index.php\/cat-ulepszanie-gruntu-rozdrabniacz\/\" data-type=\"link\" data-id=\"\/index.php\/cat-ulepszanie-gruntu-rozdrabniacz\/\">ZOBACZ WI\u0118CEJ \u2192<\/a><\/h3>\n<\/div>\n<\/div>\n\n\n<div style=\"height:64px\" aria-hidden=\"true\" class=\"wp-block-spacer not-mobile\"><\/div>\n\n\n\n<div style=\"height:40px\" aria-hidden=\"true\" class=\"wp-block-spacer not-desktop\"><\/div>\n\n\n<div class=\"wp-block-buttons is-content-justification-center is-layout-flex wp-container-core-buttons-is-layout-16018d1d wp-block-buttons-is-layout-flex\">\n<div class=\"wp-block-button has-custom-width wp-block-button__width-50 has-custom-font-size is-style-outline has-small-font-size is-style-outline--3\"><a class=\"wp-block-button__link has-text-color has-link-color has-text-align-center wp-element-button\" href=\"\/wp-content\/uploads\/2025\/01\/katalog-2.pdf\" style=\"border-radius:0px;color:#e30614\"><strong>POBIERZ KATALOG<\/strong><\/a><\/div>\n<\/div>\n\n\n<div style=\"height:64px\" aria-hidden=\"true\" class=\"wp-block-spacer not-mobile\"><\/div>\n\n\n\n<div style=\"height:40px\" aria-hidden=\"true\" class=\"wp-block-spacer not-desktop\"><\/div>","protected":false},"excerpt":{"rendered":"<p>ULEPSZANIE GRUNTU RECYKLERY MTS Recyklery MTS s\u0142u\u017c\u0105 do mieszania&nbsp;\u015brodka wi\u0105\u017c\u0105cego i gruntu w ramach jednej operacji ZOBACZ WI\u0118CEJ \u2192 DOZOWNIK \u015aRODKA WI\u0104\u017b\u0104CEGO MTS E.P.M. Precyzyjny dozownik \u015brodka wi\u0105\u017c\u0105cego wyposa\u017cony w &#8230;<\/p>\n","protected":false},"author":2,"featured_media":0,"parent":0,"menu_order":0,"comment_status":"closed","ping_status":"closed","template":"template-fullwidth-stretched.php","meta":{"footnotes":""},"class_list":["post-1498","page","type-page","status-publish","hentry"],"aioseo_notices":[],"_links":{"self":[{"href":"https:\/\/dt-automatyzacja.pl\/index.php\/wp-json\/wp\/v2\/pages\/1498","targetHints":{"allow":["GET"]}}],"collection":[{"href":"https:\/\/dt-automatyzacja.pl\/index.php\/wp-json\/wp\/v2\/pages"}],"about":[{"href":"https:\/\/dt-automatyzacja.pl\/index.php\/wp-json\/wp\/v2\/types\/page"}],"author":[{"embeddable":true,"href":"https:\/\/dt-automatyzacja.pl\/index.php\/wp-json\/wp\/v2\/users\/2"}],"replies":[{"embeddable":true,"href":"https:\/\/dt-automatyzacja.pl\/index.php\/wp-json\/wp\/v2\/comments?post=1498"}],"version-history":[{"count":28,"href":"https:\/\/dt-automatyzacja.pl\/index.php\/wp-json\/wp\/v2\/pages\/1498\/revisions"}],"predecessor-version":[{"id":2516,"href":"https:\/\/dt-automatyzacja.pl\/index.php\/wp-json\/wp\/v2\/pages\/1498\/revisions\/2516"}],"wp:attachment":[{"href":"https:\/\/dt-automatyzacja.pl\/index.php\/wp-json\/wp\/v2\/media?parent=1498"}],"curies":[{"name":"wp","href":"https:\/\/api.w.org\/{rel}","templated":true}]}}