{"id":1465,"date":"2025-02-18T13:40:44","date_gmt":"2025-02-18T12:40:44","guid":{"rendered":"https:\/\/dt-auto.com\/?page_id=1465"},"modified":"2025-11-19T23:18:22","modified_gmt":"2025-11-19T22:18:22","slug":"cat-wiertnice-wiertnica-driller","status":"publish","type":"page","link":"https:\/\/dt-automatyzacja.pl\/index.php\/cat-wiertnice-wiertnica-driller\/","title":{"rendered":"CAT &#8211; Wiertnice &#8211; Driller"},"content":{"rendered":"<div style=\"height:64px\" aria-hidden=\"true\" class=\"wp-block-spacer not-mobile\"><\/div>\n\n\n\n<div style=\"height:40px\" aria-hidden=\"true\" class=\"wp-block-spacer not-desktop\"><\/div>\n\n\n<h1 class=\"wp-block-heading full-screen-padding has-text-color has-link-color wp-elements-2b6d450127b648ae719700ad049b5981\" style=\"color:#e30614\">WIERTNICA DRILLER<\/h1>\n\n\n\n<p class=\"full-screen-padding has-black-color has-text-color has-link-color has-medium-font-size wp-elements-e5f6534f6a1dadecb4b7c0a56ed91028\">Technologia wiercenia znajduje zastosowanie w budownictwie drogowym oraz przy budowie kana\u0142\u00f3w. Wiertnica Driller jest przeznaczona do monta\u017cu na koparkach i \u0142adowarkach. Wyr\u00f3\u017cnia si\u0119 nawet trzy razy wi\u0119ksz\u0105 skuteczno\u015bci\u0105 i tempem prac w por\u00f3wnaniu z urz\u0105dzeniami r\u0119cznymi. Technologia ta zapewnia bezpieczne, nie powoduj\u0105ce powstawania spalin i precyzyjne wiercenie&nbsp;na dowolnej p\u0142aszczy\u017anie. Obs\u0142uga urz\u0105dzenia jest niezwykle prosta.<\/p>\n\n\n\n<div class=\"wp-block-group full-screen-padding\"><div class=\"wp-block-group__inner-container is-layout-constrained wp-block-group-is-layout-constrained\"><div style=\"height:64px\" aria-hidden=\"true\" class=\"wp-block-spacer not-mobile\"><\/div>\n\n\n\n<div style=\"height:40px\" aria-hidden=\"true\" class=\"wp-block-spacer not-desktop\"><\/div>\n\n\n<figure class=\"wp-block-image size-full center\"><img loading=\"lazy\" decoding=\"async\" width=\"1430\" height=\"770\" src=\"https:\/\/dt-auto.com\/wp-content\/uploads\/2025\/02\/wiertnice-wiertnica-driller-wykres.jpg\" alt=\"wiertnica Driller\" class=\"wp-image-1479\" srcset=\"https:\/\/dt-automatyzacja.pl\/wp-content\/uploads\/2025\/02\/wiertnice-wiertnica-driller-wykres.jpg 1430w, https:\/\/dt-automatyzacja.pl\/wp-content\/uploads\/2025\/02\/wiertnice-wiertnica-driller-wykres-300x162.jpg 300w, https:\/\/dt-automatyzacja.pl\/wp-content\/uploads\/2025\/02\/wiertnice-wiertnica-driller-wykres-1024x551.jpg 1024w, https:\/\/dt-automatyzacja.pl\/wp-content\/uploads\/2025\/02\/wiertnice-wiertnica-driller-wykres-768x414.jpg 768w, https:\/\/dt-automatyzacja.pl\/wp-content\/uploads\/2025\/02\/wiertnice-wiertnica-driller-wykres-600x323.jpg 600w\" sizes=\"auto, (max-width: 1430px) 100vw, 1430px\" \/><\/figure>\n<\/div><\/div>\n\n\n<div style=\"height:64px\" aria-hidden=\"true\" class=\"wp-block-spacer not-mobile\"><\/div>\n\n\n\n<div style=\"height:40px\" aria-hidden=\"true\" class=\"wp-block-spacer not-desktop\"><\/div>\n\n\n<h2 class=\"wp-block-heading full-screen-padding\">SPECYFIKACJA TECHNICZNA:<\/h2>\n\n\n\n<div class=\"wp-block-group full-screen-padding\"><div class=\"wp-block-group__inner-container is-layout-constrained wp-block-group-is-layout-constrained\"><div class=\"su-table su-table-alternate\">\n<table>\n<tbody>\n<tr>\n<th>MODEL<\/th>\n<th>WIERTNICA DRILLER<\/th>\n<\/tr>\n<tr>\n<td>MOC (kW)<\/td>\n<td>16,5<\/td>\n<\/tr>\n<tr>\n<td>DOP. CI\u015aNIENIE (bar)<\/td>\n<td>350<\/td>\n<\/tr>\n<tr>\n<td>CI\u015aNIENIE ROBOCZE (bar)<\/td>\n<td>200<\/td>\n<\/tr>\n<tr>\n<td>MAKS. DOP. PRZEP\u0141YW (l\/min)<\/td>\n<td>120<\/td>\n<\/tr>\n<tr>\n<td>MIN. DOP. PRZEP\u0141YW (l\/min)<\/td>\n<td>50<\/td>\n<\/tr>\n<tr>\n<td>MAX. CI\u015aNIENIE WODY (bar)<\/td>\n<td>5<\/td>\n<\/tr>\n<tr>\n<td>MIN. \u015aREDNICA WIERCENIA (mm)<\/td>\n<td>100<\/td>\n<\/tr>\n<tr>\n<td>MAX. \u015aREDNICA WIERCENIA (mm)<\/td>\n<td>355<\/td>\n<\/tr>\n<tr>\n<td>SKOK NARZ\u0118DZIA (mm)<\/td>\n<td>400<\/td>\n<\/tr>\n<tr>\n<td>PR\u0118DKO\u015a\u0106 OBROTOWA (obr.\/min)<\/td>\n<td>300<\/td>\n<\/tr>\n<tr>\n<td>KO\u0143C\u00d3WKA (unc)<\/td>\n<td>1&#8243; 1\/4<\/td>\n<\/tr>\n<tr>\n<th>WYMIARY I MASY<\/th>\n<th>&nbsp;<\/th>\n<\/tr>\n<tr>\n<td>WYSOKO\u015a\u0106 (mm)<\/td>\n<td>1 280<\/td>\n<\/tr>\n<tr>\n<td>SZEROKO\u015a\u0106 (mm)<\/td>\n<td>450<\/td>\n<\/tr>\n<tr>\n<td>G\u0141\u0118BOKO\u015a\u0106 (mm)<\/td>\n<td>450<\/td>\n<\/tr>\n<tr>\n<td>MASA BEZ ZBIORNIKA (kg)<\/td>\n<td>300<\/td>\n<\/tr>\n<tr>\n<td>MASA ZE ZBIORNIKIEM (kg)<\/td>\n<td>360<\/td>\n<\/tr>\n<tr>\n<th>PRZY\u0141\u0104CZA<\/th>\n<th>&nbsp;<\/th>\n<\/tr>\n<tr>\n<td>HYDRAULICZNE<\/td>\n<td>2 zasilanie \/ powr\u00f3t 1\/2\u201c<\/td>\n<\/tr>\n<\/tbody>\n<\/table>\n<\/div>\n<\/div><\/div>\n\n\n<div style=\"height:64px\" aria-hidden=\"true\" class=\"wp-block-spacer not-mobile\"><\/div>\n\n\n\n<div style=\"height:40px\" aria-hidden=\"true\" class=\"wp-block-spacer not-desktop\"><\/div>\n\n\n<div class=\"wp-block-group has-background is-vertical is-layout-flex wp-container-core-group-is-layout-8cf370e7 wp-block-group-is-layout-flex\" style=\"background-color:#319340\"><div style=\"height:64px\" aria-hidden=\"true\" class=\"wp-block-spacer not-mobile\"><\/div>\n\n\n\n<div style=\"height:40px\" aria-hidden=\"true\" class=\"wp-block-spacer not-desktop\"><\/div>\n\n\n<h1 class=\"wp-block-heading full-screen-padding has-white-color has-text-color has-link-color wp-elements-fa6c4ff3b89828f05a6c4c97bf937e47\">PRZYK\u0141ADY ZASTOSOWANIA<\/h1>\n\n\n<div style=\"height:64px\" aria-hidden=\"true\" class=\"wp-block-spacer not-mobile\"><\/div>\n\n\n\n<div style=\"height:40px\" aria-hidden=\"true\" class=\"wp-block-spacer not-desktop\"><\/div><\/div>\n\n\n\n<div class=\"wp-block-group has-background is-vertical is-content-justification-center is-layout-flex wp-container-core-group-is-layout-4b2eccd6 wp-block-group-is-layout-flex\" style=\"background-color:#e6e6e6\"><div style=\"height:64px\" aria-hidden=\"true\" class=\"wp-block-spacer not-mobile\"><\/div>\n\n\n\n<div style=\"height:40px\" aria-hidden=\"true\" class=\"wp-block-spacer not-desktop\"><\/div>\n\n\n<div class=\"wp-block-group full-screen-padding is-content-justification-center is-layout-flex wp-container-core-group-is-layout-6274c98b wp-block-group-is-layout-flex\">\n<div class=\"wp-block-group padding-16 center is-vertical is-content-justification-center is-layout-flex wp-container-core-group-is-layout-48c2c4f0 wp-block-group-is-layout-flex\">\n<figure class=\"wp-block-image size-full is-resized\"><img loading=\"lazy\" decoding=\"async\" width=\"700\" height=\"562\" src=\"https:\/\/dt-auto.com\/wp-content\/uploads\/2025\/02\/wiertnice-wiertnica-driller-zastosowanie-1.jpg\" alt=\"\" class=\"wp-image-1481\" style=\"aspect-ratio:1;object-fit:contain;width:auto;height:300px\" srcset=\"https:\/\/dt-automatyzacja.pl\/wp-content\/uploads\/2025\/02\/wiertnice-wiertnica-driller-zastosowanie-1.jpg 700w, https:\/\/dt-automatyzacja.pl\/wp-content\/uploads\/2025\/02\/wiertnice-wiertnica-driller-zastosowanie-1-300x241.jpg 300w, https:\/\/dt-automatyzacja.pl\/wp-content\/uploads\/2025\/02\/wiertnice-wiertnica-driller-zastosowanie-1-600x482.jpg 600w\" sizes=\"auto, (max-width: 700px) 100vw, 700px\" \/><\/figure>\n\n\n\n<h3 class=\"wp-block-heading has-text-align-center bottom-text has-text-color has-link-color wp-elements-d2bb6f04a19a8588b10789490a397b4c\" style=\"color:#e30614\"><strong><strong>WYKONYWANIE PRZY\u0141\u0104CZY RUR<\/strong><\/strong><\/h3>\n<\/div>\n\n\n\n<div class=\"wp-block-group padding-16 center is-vertical is-content-justification-center is-layout-flex wp-container-core-group-is-layout-48c2c4f0 wp-block-group-is-layout-flex\">\n<figure class=\"wp-block-image size-full is-resized\"><img loading=\"lazy\" decoding=\"async\" width=\"700\" height=\"562\" src=\"https:\/\/dt-auto.com\/wp-content\/uploads\/2025\/02\/wiertnice-wiertnica-driller-zastosowanie-2.jpg\" alt=\"\" class=\"wp-image-1482\" style=\"aspect-ratio:1;object-fit:contain;width:auto;height:300px\" srcset=\"https:\/\/dt-automatyzacja.pl\/wp-content\/uploads\/2025\/02\/wiertnice-wiertnica-driller-zastosowanie-2.jpg 700w, https:\/\/dt-automatyzacja.pl\/wp-content\/uploads\/2025\/02\/wiertnice-wiertnica-driller-zastosowanie-2-300x241.jpg 300w, https:\/\/dt-automatyzacja.pl\/wp-content\/uploads\/2025\/02\/wiertnice-wiertnica-driller-zastosowanie-2-600x482.jpg 600w\" sizes=\"auto, (max-width: 700px) 100vw, 700px\" \/><\/figure>\n\n\n\n<h3 class=\"wp-block-heading has-text-align-center bottom-text has-text-color has-link-color wp-elements-d0e84a143719ce4a54026aa343ac3b46\" style=\"color:#e30614\"><strong><strong>WIERCENIE OTWOR\u00d3W POZIOMYCH W KANA\u0141ACH<\/strong><\/strong><\/h3>\n<\/div>\n<\/div>\n\n\n\n<div class=\"wp-block-group is-vertical is-layout-flex wp-container-core-group-is-layout-8cf370e7 wp-block-group-is-layout-flex\"><div style=\"height:64px\" aria-hidden=\"true\" class=\"wp-block-spacer not-mobile\"><\/div>\n\n\n\n<div style=\"height:40px\" aria-hidden=\"true\" class=\"wp-block-spacer not-desktop\"><\/div><\/div>\n<\/div>\n\n\n\n<div class=\"wp-block-group has-background is-vertical is-layout-flex wp-container-core-group-is-layout-8cf370e7 wp-block-group-is-layout-flex\" style=\"background-color:#319340\"><div style=\"height:64px\" aria-hidden=\"true\" class=\"wp-block-spacer not-mobile\"><\/div>\n\n\n\n<div style=\"height:40px\" aria-hidden=\"true\" class=\"wp-block-spacer not-desktop\"><\/div>\n\n\n<h1 class=\"wp-block-heading full-screen-padding has-white-color has-text-color has-link-color wp-elements-6a979be0e361a497b1b11495a16cc00f\">NAJWA\u017bNIEJSZE ZALETY<\/h1>\n\n\n\n<div class=\"wp-block-group full-screen-padding is-nowrap is-layout-flex wp-container-core-group-is-layout-ad2f72ca wp-block-group-is-layout-flex\">\n<ul class=\"wp-block-list custom-list has-white-color has-text-color has-link-color wp-elements-7834347822776de106324ac4b1638734\">\n<li class=\"has-medium-font-size\">Niezwykle wysoka wydajno\u015b\u0107<br><\/li>\n\n\n\n<li class=\"has-medium-font-size\">Wysoka precyzja niezale\u017cnie od p\u0142aszczyzny<\/li>\n<\/ul>\n\n\n\n<div style=\"height:100px;width:48px\" aria-hidden=\"true\" class=\"wp-block-spacer wp-container-content-eb1ede72\"><\/div>\n\n\n\n<ul class=\"wp-block-list custom-list has-white-color has-text-color has-link-color has-medium-font-size wp-elements-d9713908f046d8adf5bf8149684d4b6c\">\n<li>Bezpieczna praca i \u0142atwa obs\u0142uga<br><\/li>\n\n\n\n<li>Niski nak\u0142ad prac konserwacyjnych<\/li>\n<\/ul>\n<\/div>\n\n\n<div style=\"height:64px\" aria-hidden=\"true\" class=\"wp-block-spacer not-mobile\"><\/div>\n\n\n\n<div style=\"height:40px\" aria-hidden=\"true\" class=\"wp-block-spacer not-desktop\"><\/div><\/div>\n\n\n<div style=\"height:64px\" aria-hidden=\"true\" class=\"wp-block-spacer not-mobile\"><\/div>\n\n\n\n<div style=\"height:40px\" aria-hidden=\"true\" class=\"wp-block-spacer not-desktop\"><\/div>\n\n\n<div class=\"wp-block-buttons is-content-justification-center is-layout-flex wp-container-core-buttons-is-layout-16018d1d wp-block-buttons-is-layout-flex\">\n<div class=\"wp-block-button has-custom-width wp-block-button__width-50 has-custom-font-size is-style-outline has-small-font-size is-style-outline--3\"><a class=\"wp-block-button__link has-text-color has-link-color has-text-align-center wp-element-button\" href=\"\/wp-content\/uploads\/2025\/01\/katalog-2.pdf\" style=\"border-radius:0px;color:#e30614\"><strong>POBIERZ KATALOG<\/strong><\/a><\/div>\n<\/div>\n\n\n<div style=\"height:64px\" aria-hidden=\"true\" class=\"wp-block-spacer not-mobile\"><\/div>\n\n\n\n<div style=\"height:40px\" aria-hidden=\"true\" class=\"wp-block-spacer not-desktop\"><\/div>","protected":false},"excerpt":{"rendered":"<p>WIERTNICA DRILLER Technologia wiercenia znajduje zastosowanie w budownictwie drogowym oraz przy budowie kana\u0142\u00f3w. Wiertnica Driller jest przeznaczona do monta\u017cu na koparkach i \u0142adowarkach. Wyr\u00f3\u017cnia si\u0119 nawet trzy razy wi\u0119ksz\u0105 skuteczno\u015bci\u0105 &#8230;<\/p>\n","protected":false},"author":2,"featured_media":0,"parent":0,"menu_order":0,"comment_status":"closed","ping_status":"closed","template":"template-fullwidth-stretched.php","meta":{"footnotes":""},"class_list":["post-1465","page","type-page","status-publish","hentry"],"aioseo_notices":[],"_links":{"self":[{"href":"https:\/\/dt-automatyzacja.pl\/index.php\/wp-json\/wp\/v2\/pages\/1465","targetHints":{"allow":["GET"]}}],"collection":[{"href":"https:\/\/dt-automatyzacja.pl\/index.php\/wp-json\/wp\/v2\/pages"}],"about":[{"href":"https:\/\/dt-automatyzacja.pl\/index.php\/wp-json\/wp\/v2\/types\/page"}],"author":[{"embeddable":true,"href":"https:\/\/dt-automatyzacja.pl\/index.php\/wp-json\/wp\/v2\/users\/2"}],"replies":[{"embeddable":true,"href":"https:\/\/dt-automatyzacja.pl\/index.php\/wp-json\/wp\/v2\/comments?post=1465"}],"version-history":[{"count":26,"href":"https:\/\/dt-automatyzacja.pl\/index.php\/wp-json\/wp\/v2\/pages\/1465\/revisions"}],"predecessor-version":[{"id":2523,"href":"https:\/\/dt-automatyzacja.pl\/index.php\/wp-json\/wp\/v2\/pages\/1465\/revisions\/2523"}],"wp:attachment":[{"href":"https:\/\/dt-automatyzacja.pl\/index.php\/wp-json\/wp\/v2\/media?parent=1465"}],"curies":[{"name":"wp","href":"https:\/\/api.w.org\/{rel}","templated":true}]}}