{"id":1458,"date":"2025-02-18T13:30:11","date_gmt":"2025-02-18T12:30:11","guid":{"rendered":"https:\/\/dt-auto.com\/?page_id=1458"},"modified":"2025-11-19T23:19:44","modified_gmt":"2025-11-19T22:19:44","slug":"cat-wiertnice","status":"publish","type":"page","link":"https:\/\/dt-automatyzacja.pl\/index.php\/cat-wiertnice\/","title":{"rendered":"CAT &#8211; Wiertnice"},"content":{"rendered":"<div style=\"height:64px\" aria-hidden=\"true\" class=\"wp-block-spacer not-mobile\"><\/div>\n\n\n\n<div style=\"height:40px\" aria-hidden=\"true\" class=\"wp-block-spacer not-desktop\"><\/div>\n\n\n<h1 class=\"wp-block-heading full-screen-padding has-text-color has-link-color wp-elements-493f49a83b51ab60372b5db0213f1382\" style=\"color:#e30614\">WIERTNICE<\/h1>\n\n\n\n<div class=\"wp-block-group full-screen-padding top-spoilers\"><div class=\"wp-block-group__inner-container is-layout-constrained wp-block-group-is-layout-constrained\"><div class=\"su-spoiler su-spoiler-style-fancy su-spoiler-icon-chevron su-spoiler-closed\" data-scroll-offset=\"0\" data-anchor-in-url=\"no\"><div class=\"su-spoiler-title\" tabindex=\"0\" role=\"button\"><span class=\"su-spoiler-icon\"><\/span>DO JAKICH PRAC MO\u017bNA WYKORZYSTYWA\u0106 WIERTNIC\u0118 DRILLER?<\/div><div class=\"su-spoiler-content su-u-clearfix su-u-trim\">\nWiertnica mo\u017ce by\u0107 wykorzystana przy wykonywaniu przy\u0142\u0105czy rur, umo\u017cliwia wiercenie w ramach uk\u0142adania instalacji drogowych, wiercenie otwor\u00f3w poziomych w kana\u0142ach oraz \u015bcianach. Maksymalna \u015brednica otworu wynosi 35 cm, a maksymalna g\u0142\u0119boko\u015b\u0107 wiercenia to 40 cm.<br \/>\n<\/div><\/div>\n<\/div><\/div>\n\n\n<div style=\"height:64px\" aria-hidden=\"true\" class=\"wp-block-spacer not-mobile\"><\/div>\n\n\n\n<div style=\"height:40px\" aria-hidden=\"true\" class=\"wp-block-spacer not-desktop\"><\/div>\n\n\n<div class=\"wp-block-group mobile-break half-desktop has-background is-nowrap is-layout-flex wp-container-core-group-is-layout-9123dee2 wp-block-group-is-layout-flex\" style=\"background-color:#f0f0f0\">\n<figure class=\"wp-block-image size-full is-resized round-corners small-image-preview\"><a href=\"https:\/\/dt-auto.com\/index.php\/cat-wiertnice-wiertnica-driller\/\"><img loading=\"lazy\" decoding=\"async\" width=\"800\" height=\"800\" src=\"https:\/\/dt-auto.com\/wp-content\/uploads\/2025\/02\/wiertnice-wiertnica-driller.jpg\" alt=\"wiertnice MTS\" class=\"wp-image-1462\" style=\"aspect-ratio:1;object-fit:cover;width:400px\" srcset=\"https:\/\/dt-automatyzacja.pl\/wp-content\/uploads\/2025\/02\/wiertnice-wiertnica-driller.jpg 800w, https:\/\/dt-automatyzacja.pl\/wp-content\/uploads\/2025\/02\/wiertnice-wiertnica-driller-300x300.jpg 300w, https:\/\/dt-automatyzacja.pl\/wp-content\/uploads\/2025\/02\/wiertnice-wiertnica-driller-150x150.jpg 150w, https:\/\/dt-automatyzacja.pl\/wp-content\/uploads\/2025\/02\/wiertnice-wiertnica-driller-768x768.jpg 768w, https:\/\/dt-automatyzacja.pl\/wp-content\/uploads\/2025\/02\/wiertnice-wiertnica-driller-600x600.jpg 600w, https:\/\/dt-automatyzacja.pl\/wp-content\/uploads\/2025\/02\/wiertnice-wiertnica-driller-100x100.jpg 100w\" sizes=\"auto, (max-width: 800px) 100vw, 800px\" \/><\/a><\/figure>\n\n\n\n<div style=\"height:100px;width:40px\" aria-hidden=\"true\" class=\"wp-block-spacer wp-container-content-28f0cd9b\"><\/div>\n\n\n\n<div class=\"wp-block-group flex is-vertical is-content-justification-stretch is-layout-flex wp-container-core-group-is-layout-b16ad781 wp-block-group-is-layout-flex\">\n<h3 class=\"wp-block-heading\"><a href=\"https:\/\/dt-auto.com\/index.php\/cat-wiertnice-wiertnica-driller\/\" data-type=\"page\" data-id=\"1465\">WIERTNICA DRILLER<\/a><\/h3>\n\n\n\n<p class=\"has-black-color has-text-color has-link-color has-small-font-size wp-elements-38d9c3de2e88a632beb57ea5c4128174\">Wiertnica przeznaczona jest do monta\u017cu na koparkach i \u0142adowarkach, wyr\u00f3\u017cnia si\u0119 nawet 3 razy wi\u0119ksz\u0105 skuteczno\u015bci\u0105 i tempem prac w por\u00f3wnaniu z urz\u0105dzeniami r\u0119cznymi.<\/p>\n\n\n\n<div style=\"height:50px\" aria-hidden=\"true\" class=\"wp-block-spacer wp-container-content-b30579f5\"><\/div>\n\n\n\n<h3 class=\"wp-block-heading has-text-align-right has-text-color has-link-color wp-elements-8310808a5d144771f3e04ae64f6633e9\" style=\"color:#e30613\"><a href=\"\/index.php\/cat-wiertnice-wiertnica-driller\/\" data-type=\"link\" data-id=\"\/index.php\/cat-wiertnice-wiertnica-driller\/\">ZOBACZ WI\u0118CEJ \u2192<\/a><\/h3>\n<\/div>\n<\/div>\n\n\n\n<div style=\"height:20px\" aria-hidden=\"true\" class=\"wp-block-spacer\"><\/div>\n\n\n\n<div class=\"wp-block-group mobile-break half-desktop has-background is-nowrap is-layout-flex wp-container-core-group-is-layout-9123dee2 wp-block-group-is-layout-flex\" style=\"background-color:#f0f0f0\">\n<figure class=\"wp-block-image size-full is-resized round-corners small-image-preview\"><a href=\"https:\/\/dt-auto.com\/index.php\/cat-wiertnice-do-iglofiltrow\/\"><img loading=\"lazy\" decoding=\"async\" width=\"800\" height=\"800\" src=\"https:\/\/dt-auto.com\/wp-content\/uploads\/2025\/02\/wiertnice-wiertnica-do-iglofiltrow-1.jpg\" alt=\"wiertnice MTS\" class=\"wp-image-1475\" style=\"aspect-ratio:1;object-fit:cover;width:400px\" srcset=\"https:\/\/dt-automatyzacja.pl\/wp-content\/uploads\/2025\/02\/wiertnice-wiertnica-do-iglofiltrow-1.jpg 800w, https:\/\/dt-automatyzacja.pl\/wp-content\/uploads\/2025\/02\/wiertnice-wiertnica-do-iglofiltrow-1-300x300.jpg 300w, https:\/\/dt-automatyzacja.pl\/wp-content\/uploads\/2025\/02\/wiertnice-wiertnica-do-iglofiltrow-1-150x150.jpg 150w, https:\/\/dt-automatyzacja.pl\/wp-content\/uploads\/2025\/02\/wiertnice-wiertnica-do-iglofiltrow-1-768x768.jpg 768w, https:\/\/dt-automatyzacja.pl\/wp-content\/uploads\/2025\/02\/wiertnice-wiertnica-do-iglofiltrow-1-600x600.jpg 600w, https:\/\/dt-automatyzacja.pl\/wp-content\/uploads\/2025\/02\/wiertnice-wiertnica-do-iglofiltrow-1-100x100.jpg 100w\" sizes=\"auto, (max-width: 800px) 100vw, 800px\" \/><\/a><\/figure>\n\n\n\n<div style=\"height:100px;width:40px\" aria-hidden=\"true\" class=\"wp-block-spacer wp-container-content-28f0cd9b\"><\/div>\n\n\n\n<div class=\"wp-block-group flex is-vertical is-content-justification-stretch is-layout-flex wp-container-core-group-is-layout-b16ad781 wp-block-group-is-layout-flex\">\n<h3 class=\"wp-block-heading\"><a href=\"https:\/\/dt-auto.com\/index.php\/cat-wiertnice-do-iglofiltrow\/\" data-type=\"page\" data-id=\"1467\">WIERTNICA DO IG\u0141OFILTR\u00d3W<\/a><\/h3>\n\n\n\n<p class=\"has-black-color has-text-color has-link-color has-small-font-size wp-elements-d7966e3da5c1b435ce40fad80638b9f7\">Wiertnica do ig\u0142ofiltr\u00f3w, przeznaczona do wsp\u00f3\u0142pracy z koparkami, ma mo\u017cliwo\u015b\u0107 wykonywania odwiert\u00f3w pionowych jak i pochy\u0142ych na mi\u0119kkich glebach.<\/p>\n\n\n\n<div style=\"height:50px\" aria-hidden=\"true\" class=\"wp-block-spacer wp-container-content-b30579f5\"><\/div>\n\n\n\n<h3 class=\"wp-block-heading has-text-align-right has-text-color has-link-color wp-elements-b40a808a523c36cf0d7bc9f6b2a4cd3c\" style=\"color:#e30613\"><a href=\"\/index.php\/cat-wiertnice-do-iglofiltrow\/\" data-type=\"link\" data-id=\"\/index.php\/cat-wiertnice-do-iglofiltrow\/\">ZOBACZ WI\u0118CEJ \u2192<\/a><\/h3>\n<\/div>\n<\/div>\n\n\n<div style=\"height:64px\" aria-hidden=\"true\" class=\"wp-block-spacer not-mobile\"><\/div>\n\n\n\n<div style=\"height:40px\" aria-hidden=\"true\" class=\"wp-block-spacer not-desktop\"><\/div>\n\n\n<div class=\"wp-block-buttons is-content-justification-center is-layout-flex wp-container-core-buttons-is-layout-16018d1d wp-block-buttons-is-layout-flex\">\n<div class=\"wp-block-button has-custom-width wp-block-button__width-50 has-custom-font-size is-style-outline has-small-font-size is-style-outline--3\"><a class=\"wp-block-button__link has-text-color has-link-color has-text-align-center wp-element-button\" href=\"\/wp-content\/uploads\/2025\/01\/katalog-2.pdf\" style=\"border-radius:0px;color:#e30614\"><strong>POBIERZ KATALOG<\/strong><\/a><\/div>\n<\/div>\n\n\n<div style=\"height:64px\" aria-hidden=\"true\" class=\"wp-block-spacer not-mobile\"><\/div>\n\n\n\n<div style=\"height:40px\" aria-hidden=\"true\" class=\"wp-block-spacer not-desktop\"><\/div>","protected":false},"excerpt":{"rendered":"<p>WIERTNICE WIERTNICA DRILLER Wiertnica przeznaczona jest do monta\u017cu na koparkach i \u0142adowarkach, wyr\u00f3\u017cnia si\u0119 nawet 3 razy wi\u0119ksz\u0105 skuteczno\u015bci\u0105 i tempem prac w por\u00f3wnaniu z urz\u0105dzeniami r\u0119cznymi. ZOBACZ WI\u0118CEJ \u2192 &#8230;<\/p>\n","protected":false},"author":2,"featured_media":0,"parent":0,"menu_order":0,"comment_status":"closed","ping_status":"closed","template":"template-fullwidth-stretched.php","meta":{"footnotes":""},"class_list":["post-1458","page","type-page","status-publish","hentry"],"aioseo_notices":[],"_links":{"self":[{"href":"https:\/\/dt-automatyzacja.pl\/index.php\/wp-json\/wp\/v2\/pages\/1458","targetHints":{"allow":["GET"]}}],"collection":[{"href":"https:\/\/dt-automatyzacja.pl\/index.php\/wp-json\/wp\/v2\/pages"}],"about":[{"href":"https:\/\/dt-automatyzacja.pl\/index.php\/wp-json\/wp\/v2\/types\/page"}],"author":[{"embeddable":true,"href":"https:\/\/dt-automatyzacja.pl\/index.php\/wp-json\/wp\/v2\/users\/2"}],"replies":[{"embeddable":true,"href":"https:\/\/dt-automatyzacja.pl\/index.php\/wp-json\/wp\/v2\/comments?post=1458"}],"version-history":[{"count":20,"href":"https:\/\/dt-automatyzacja.pl\/index.php\/wp-json\/wp\/v2\/pages\/1458\/revisions"}],"predecessor-version":[{"id":2524,"href":"https:\/\/dt-automatyzacja.pl\/index.php\/wp-json\/wp\/v2\/pages\/1458\/revisions\/2524"}],"wp:attachment":[{"href":"https:\/\/dt-automatyzacja.pl\/index.php\/wp-json\/wp\/v2\/media?parent=1458"}],"curies":[{"name":"wp","href":"https:\/\/api.w.org\/{rel}","templated":true}]}}