{"id":144,"date":"2025-01-08T17:31:57","date_gmt":"2025-01-08T16:31:57","guid":{"rendered":"https:\/\/dt-auto.com\/?page_id=144"},"modified":"2025-11-19T20:55:50","modified_gmt":"2025-11-19T19:55:50","slug":"innovations","status":"publish","type":"page","link":"https:\/\/dt-automatyzacja.pl\/index.php\/innovations\/","title":{"rendered":"Innowacje"},"content":{"rendered":"\n<div style=\"height:100px\" aria-hidden=\"true\" class=\"wp-block-spacer\"><\/div>\n\n\n\n<h1 class=\"wp-block-heading alignwide has-text-align-center has-text-color has-link-color has-x-large-font-size wp-elements-ad497f7a81596b1e16c8075330c92dd2\" style=\"color:#e30614\"><strong>PROJEKTY UE<\/strong><\/h1>\n\n\n\n<h4 class=\"wp-block-heading has-text-align-center\">Lista projekt\u00f3w realizowanych przy wsparciu funduszy Unii Europejskiej<\/h4>\n\n\n\n<div class=\"wp-block-group has-white-background-color has-background is-content-justification-center is-nowrap is-layout-flex wp-container-core-group-is-layout-94bc23d7 wp-block-group-is-layout-flex\">\n<div class=\"wp-block-group\"><div class=\"wp-block-group__inner-container is-layout-constrained wp-block-group-is-layout-constrained\">\n<div class=\"wp-block-group is-nowrap is-layout-flex wp-container-core-group-is-layout-ad2f72ca wp-block-group-is-layout-flex\">\n<figure class=\"wp-block-image size-full\"><img loading=\"lazy\" decoding=\"async\" width=\"223\" height=\"98\" src=\"https:\/\/dt-auto.com\/wp-content\/uploads\/2025\/01\/logo-fundusze-europejskie.jpg\" alt=\"innowacje w automatyzacji infrastruktury\" class=\"wp-image-439\"\/><\/figure>\n\n\n\n<figure class=\"wp-block-image size-full\"><img loading=\"lazy\" decoding=\"async\" width=\"265\" height=\"81\" src=\"https:\/\/dt-auto.com\/wp-content\/uploads\/2025\/01\/logo-rzeczpospolita-polska.jpg\" alt=\"innowacje w automatyzacji infrastruktury\" class=\"wp-image-438\"\/><\/figure>\n\n\n\n<figure class=\"wp-block-image size-full\"><img loading=\"lazy\" decoding=\"async\" width=\"238\" height=\"75\" src=\"https:\/\/dt-auto.com\/wp-content\/uploads\/2025\/01\/logo-unia-europejska.jpg\" alt=\"innowacje w automatyzacji infrastruktury\" class=\"wp-image-436\"\/><\/figure>\n\n\n\n<figure class=\"wp-block-image size-full\"><img loading=\"lazy\" decoding=\"async\" width=\"177\" height=\"89\" src=\"https:\/\/dt-auto.com\/wp-content\/uploads\/2025\/01\/logo-podlaskie.jpg\" alt=\"innowacje w automatyzacji infrastruktury\" class=\"wp-image-437\"\/><\/figure>\n<\/div>\n<\/div><\/div>\n<\/div>\n\n\n\n<div class=\"wp-block-group has-background is-vertical is-layout-flex wp-container-core-group-is-layout-8cf370e7 wp-block-group-is-layout-flex\" style=\"background-color:#ededed\"><div style=\"height:64px\" aria-hidden=\"true\" class=\"wp-block-spacer not-mobile\"><\/div>\n\n\n\n<div style=\"height:40px\" aria-hidden=\"true\" class=\"wp-block-spacer not-desktop\"><\/div>\n\n\n<p class=\"has-black-color has-text-color has-link-color has-medium-font-size wp-elements-56f519c65c5f22a5ae759be763c2d17f\"><strong>DT-AUTOMATYZACJA<\/strong> Sp\u00f3\u0142ka z ograniczon\u0105 odpowiedzialno\u015bci\u0105 uzyska\u0142a grant powierzony przez Podlask\u0105 Fundacj\u0119 Rozwoju Regionalnego (PFRR) z siedzib\u0105 w Bia\u0142ymstoku przy ul. Starobojarskiej 15, na podstawie Umowy nr UDA-RPPD.01.02.02-20-0001\/16-00 o dofinansowanie Projektu grantowego pt. \u201eGranty na badania i innowacje\u201d, zawartej 17.10.2016 r. z Wojew\u00f3dztwem Podlaskim w ramach Regionalnego Programu Operacyjnego Wojew\u00f3dztwa Podlaskiego na lata 2014-2020, Osi Priorytetowej I Wzmocnienie potencja\u0142u i konkurencyjno\u015bci gospodarki regionu, Dzia\u0142ania 1.2 Wspieranie transferu wiedzy, innowacji, technologii i komercjalizacji wynik\u00f3w B+R oraz rozw\u00f3j dzia\u0142alno\u015bci B+R w przedsi\u0119biorstwach, Poddzia\u0142ania 1.2.2 Bon na us\u0142ugi badawcze.<\/p>\n\n\n\n<div style=\"height:60px\" aria-hidden=\"true\" class=\"wp-block-spacer wp-container-content-1cacd481\"><\/div>\n\n\n\n<p class=\"has-black-color has-text-color has-link-color has-medium-font-size wp-elements-472b4a675855bc3d9a22eaf7f3400270\">Przedsi\u0119wzi\u0119cie ma na celu i jego efektem b\u0119dzie wprowadzenie na rynek nowego produktu.<br><strong>Wysoko\u015bci grantu:<\/strong> 99 970,00 z\u0142.<br><strong>Wysoko\u015b\u0107 przedsi\u0119wzi\u0119cia:<\/strong> 159 900,00 z\u0142.<\/p>\n\n\n<div style=\"height:64px\" aria-hidden=\"true\" class=\"wp-block-spacer not-mobile\"><\/div>\n\n\n\n<div style=\"height:40px\" aria-hidden=\"true\" class=\"wp-block-spacer not-desktop\"><\/div>\n\n\n<h3 class=\"wp-block-heading has-text-color has-link-color wp-elements-8b88631e635af8e5911821da838dfbfe\" style=\"color:#e30614\">PLIKI DO POBRANIA:<\/h3>\n\n\n\n<h4 class=\"wp-block-heading\"><a href=\"\/wp-content\/uploads\/2025\/03\/Zapytanie-ofertowe-nr-1.2017.pdf\" data-type=\"link\" data-id=\"\/wp-content\/uploads\/2025\/03\/Zapytanie-ofertowe-nr-1.2017.pdf\">Zapytanie ofertowe nr 1-2017 (.pdf)<\/a><\/h4>\n\n\n\n<h4 class=\"wp-block-heading\"><a href=\"\/wp-content\/uploads\/2025\/03\/Zalacznik-1.-Rysunek.pdf\" data-type=\"link\" data-id=\"\/wp-content\/uploads\/2025\/03\/Zalacznik-1.-Rysunek.pdf\">Za\u0142\u0105cznik 1 &#8211; rysunek (.pdf)<\/a><\/h4>\n\n\n\n<h4 class=\"wp-block-heading\"><a href=\"\/wp-content\/uploads\/2025\/03\/Zalacznik-2.-Formularz-ofertowy.doc\" data-type=\"link\" data-id=\"\/wp-content\/uploads\/2025\/03\/Zalacznik-2.-Formularz-ofertowy.doc\">Za\u0142\u0105cznik 2 &#8211; formularz ofertowy (.doc)<\/a><\/h4>\n\n\n\n<h4 class=\"wp-block-heading\"><a href=\"\/wp-content\/uploads\/2025\/03\/Zalacznik-3.-Oswiadczenie-o-braku-powiazan-kapitalowych-lub-osobowych.doc\" data-type=\"link\" data-id=\"\/wp-content\/uploads\/2025\/03\/Zalacznik-3.-Oswiadczenie-o-braku-powiazan-kapitalowych-lub-osobowych.doc\">Za\u0142\u0105cznik 3 &#8211; o\u015bwiadczenie o braku powi\u0105za\u0144 kapita\u0142owych lub osobowych (.doc)<\/a><\/h4>\n\n\n<div style=\"height:64px\" aria-hidden=\"true\" class=\"wp-block-spacer not-mobile\"><\/div>\n\n\n\n<div style=\"height:40px\" aria-hidden=\"true\" class=\"wp-block-spacer not-desktop\"><\/div><\/div>\n\n\n\n<div style=\"height:100px\" aria-hidden=\"true\" class=\"wp-block-spacer\"><\/div>\n\n\n\n<div class=\"wp-block-buttons is-content-justification-center is-layout-flex wp-container-core-buttons-is-layout-16018d1d wp-block-buttons-is-layout-flex\">\n<div class=\"wp-block-button has-custom-width wp-block-button__width-50 is-style-outline is-style-outline--1\"><a class=\"wp-block-button__link has-text-color has-link-color has-small-font-size has-custom-font-size wp-element-button\" href=\"\/index.php\/\" style=\"border-radius:0px;color:#e30614\"><strong>POWR\u00d3T DO STRONY G\u0141\u00d3WNEJ<\/strong><\/a><\/div>\n<\/div>\n\n\n\n<div style=\"height:100px\" aria-hidden=\"true\" class=\"wp-block-spacer\"><\/div>\n","protected":false},"excerpt":{"rendered":"<p>PROJEKTY UE Lista projekt\u00f3w realizowanych przy wsparciu funduszy Unii Europejskiej DT-AUTOMATYZACJA Sp\u00f3\u0142ka z ograniczon\u0105 odpowiedzialno\u015bci\u0105 uzyska\u0142a grant powierzony przez Podlask\u0105 Fundacj\u0119 Rozwoju Regionalnego (PFRR) z siedzib\u0105 w Bia\u0142ymstoku przy ul. &#8230;<\/p>\n","protected":false},"author":2,"featured_media":0,"parent":0,"menu_order":0,"comment_status":"closed","ping_status":"closed","template":"","meta":{"footnotes":""},"class_list":["post-144","page","type-page","status-publish","hentry"],"aioseo_notices":[],"_links":{"self":[{"href":"https:\/\/dt-automatyzacja.pl\/index.php\/wp-json\/wp\/v2\/pages\/144","targetHints":{"allow":["GET"]}}],"collection":[{"href":"https:\/\/dt-automatyzacja.pl\/index.php\/wp-json\/wp\/v2\/pages"}],"about":[{"href":"https:\/\/dt-automatyzacja.pl\/index.php\/wp-json\/wp\/v2\/types\/page"}],"author":[{"embeddable":true,"href":"https:\/\/dt-automatyzacja.pl\/index.php\/wp-json\/wp\/v2\/users\/2"}],"replies":[{"embeddable":true,"href":"https:\/\/dt-automatyzacja.pl\/index.php\/wp-json\/wp\/v2\/comments?post=144"}],"version-history":[{"count":22,"href":"https:\/\/dt-automatyzacja.pl\/index.php\/wp-json\/wp\/v2\/pages\/144\/revisions"}],"predecessor-version":[{"id":2490,"href":"https:\/\/dt-automatyzacja.pl\/index.php\/wp-json\/wp\/v2\/pages\/144\/revisions\/2490"}],"wp:attachment":[{"href":"https:\/\/dt-automatyzacja.pl\/index.php\/wp-json\/wp\/v2\/media?parent=144"}],"curies":[{"name":"wp","href":"https:\/\/api.w.org\/{rel}","templated":true}]}}