{"id":134,"date":"2025-01-08T17:27:06","date_gmt":"2025-01-08T16:27:06","guid":{"rendered":"https:\/\/dt-auto.com\/?page_id=134"},"modified":"2025-11-19T21:41:55","modified_gmt":"2025-11-19T20:41:55","slug":"o-nas","status":"publish","type":"page","link":"https:\/\/dt-automatyzacja.pl\/index.php\/o-nas\/","title":{"rendered":"O nas"},"content":{"rendered":"\n<h1 class=\"wp-block-heading has-text-align-center has-text-color has-link-color wp-elements-c04f36de49c430630ff1683140bad052\" style=\"color:#e30614\"><strong>O NAS<\/strong><\/h1>\n\n\n\n<p class=\"has-black-color has-text-color has-link-color has-medium-font-size wp-elements-ab4e3cb8846163b9bd2c75f1765e0aaa\">Nasza firma powsta\u0142a pod koniec 2016 roku, jest wynikiem po\u0142\u0105czenia wsp\u00f3lnych si\u0142 i do\u015bwiadcze\u0144 handlowych i budowlanych. Jeste\u015bmy oficjalnym partnerem firmy MTS Schrode AG i OilQuick na terenie Polski.<\/p>\n\n\n\n<p class=\"has-black-color has-text-color has-link-color has-medium-font-size wp-elements-b6b418a069dfa4eb6b2ace47fa7b72f3\">Dzia\u0142aj\u0105c w bran\u017cy infrastruktury podziemnej i drogowej opieramy si\u0119 na do\u015bwiadczeniu naszych partner\u00f3w oraz firmy wykonawczej dzia\u0142aj\u0105cej na polskim rynku od 1994r. Od roku 2000 firmy w Europie z powodzeniem u\u017cytkuj\u0105 urz\u0105dzenia firmy MTS i OilQuick, optymalizuj\u0105c wydajno\u015b\u0107 i generuj\u0105c oszcz\u0119dno\u015bci na swoich budowach.<\/p>\n\n\n\n<figure class=\"wp-block-image alignwide size-full is-style-default\"><img loading=\"lazy\" decoding=\"async\" width=\"1920\" height=\"1084\" src=\"https:\/\/dt-auto.com\/wp-content\/uploads\/2025\/01\/about-banner.jpg\" alt=\"automatyzacja infrastruktury drogowej\" class=\"wp-image-182\" srcset=\"https:\/\/dt-automatyzacja.pl\/wp-content\/uploads\/2025\/01\/about-banner.jpg 1920w, https:\/\/dt-automatyzacja.pl\/wp-content\/uploads\/2025\/01\/about-banner-300x169.jpg 300w, https:\/\/dt-automatyzacja.pl\/wp-content\/uploads\/2025\/01\/about-banner-1024x578.jpg 1024w, https:\/\/dt-automatyzacja.pl\/wp-content\/uploads\/2025\/01\/about-banner-768x434.jpg 768w, https:\/\/dt-automatyzacja.pl\/wp-content\/uploads\/2025\/01\/about-banner-1536x867.jpg 1536w, https:\/\/dt-automatyzacja.pl\/wp-content\/uploads\/2025\/01\/about-banner-600x339.jpg 600w\" sizes=\"auto, (max-width: 1920px) 100vw, 1920px\" \/><\/figure>\n\n\n\n<div class=\"wp-block-columns is-layout-flex wp-container-core-columns-is-layout-9d6595d7 wp-block-columns-is-layout-flex\">\n<div class=\"wp-block-column is-layout-flow wp-block-column-is-layout-flow\">\n<p class=\"has-black-color has-text-color has-link-color has-medium-font-size wp-elements-2437e469966b1d6c5083780ef396de50\"><strong>W dobie tak szybko post\u0119puj\u0105cego rozwoju technologii i rosn\u0105cej presji kosztowej na budowach, automatyzacja jest koniecznym kierunkiem rozwoju ka\u017cdego przedsi\u0119biorstwa.<\/strong><\/p>\n<\/div>\n\n\n\n<div class=\"wp-block-column is-layout-flow wp-block-column-is-layout-flow\">\n<p class=\"has-black-color has-text-color has-link-color has-small-font-size wp-elements-c325734e75872cd363059c6e0e4f3db3\">W naszej ofercie posiadamy pe\u0142nohydrauliczne szybkoz\u0142\u0105cza OilQuick do koparek i \u0142adowarek, pe\u0142n\u0105 gam\u0119 zag\u0119szczarek MTS montowanych na ramieniu koparki, sprz\u0119t do uzdatniania gruntu i wiele innych innowacyjnych osprz\u0119t\u00f3w, maj\u0105cych zastosowanie w budownictwie infrastruktury podziemnej i drogowej. Poza urz\u0105dzeniami oferujemy pe\u0142ne wsparcie techniczne, organizujemy szkolenia, dzielimy si\u0119 naszymi do\u015bwiadczeniami.<\/p>\n<\/div>\n<\/div>\n\n\n\n<div style=\"height:100px\" aria-hidden=\"true\" class=\"wp-block-spacer\"><\/div>\n\n\n\n<div class=\"wp-block-group alignfull padding-vertical has-background is-content-justification-center\" style=\"background:linear-gradient(90deg,rgb(255,255,255) 2%,rgb(202,202,202) 49%,rgb(255,255,255) 98%);margin-top:0;margin-bottom:0;padding-top:calc( 0.5 * var(--wp--style--root--padding-right, var(--wp--custom--gap--horizontal)));padding-right:var(--wp--style--root--padding-right, var(--wp--custom--gap--horizontal));padding-bottom:calc( 0.5 * var(--wp--style--root--padding-right, var(--wp--custom--gap--horizontal)));padding-left:var(--wp--style--root--padding-left, var(--wp--custom--gap--horizontal))\"><div class=\"wp-block-group__inner-container is-layout-constrained wp-container-core-group-is-layout-fa340856 wp-block-group-is-layout-constrained\">\n<div style=\"height:calc( 0.25 * var(--wp--style--root--padding-right, var(--wp--custom--gap--horizontal)))\" aria-hidden=\"true\" class=\"wp-block-spacer\"><\/div>\n\n\n\n<div style=\"height:100px\" aria-hidden=\"true\" class=\"wp-block-spacer\"><\/div>\n\n\n\n<h1 class=\"wp-block-heading alignwide has-text-align-center has-text-color has-link-color has-medium-font-size wp-elements-fdd45c753925b67d5fbd5f73f57d3109\" style=\"color:#5a5a5a\">OFICJALNY PARTNER:<\/h1>\n\n\n\n<div class=\"wp-block-columns is-layout-flex wp-container-core-columns-is-layout-9d6595d7 wp-block-columns-is-layout-flex\">\n<div class=\"wp-block-column is-layout-flow wp-block-column-is-layout-flow\" style=\"padding-top:var(--wp--preset--spacing--10);padding-right:var(--wp--preset--spacing--10);padding-bottom:var(--wp--preset--spacing--10);padding-left:var(--wp--preset--spacing--10)\"><div class=\"wp-block-image\">\n<figure class=\"aligncenter size-full is-resized\"><img loading=\"lazy\" decoding=\"async\" width=\"435\" height=\"80\" src=\"http:\/\/dt-auto.com\/wp-content\/uploads\/2025\/01\/Strona-kategori_-Seminaria-_-O-nas.png\" alt=\"\" class=\"wp-image-74\" style=\"width:300px\" srcset=\"https:\/\/dt-automatyzacja.pl\/wp-content\/uploads\/2025\/01\/Strona-kategori_-Seminaria-_-O-nas.png 435w, https:\/\/dt-automatyzacja.pl\/wp-content\/uploads\/2025\/01\/Strona-kategori_-Seminaria-_-O-nas-300x55.png 300w\" sizes=\"auto, (max-width: 435px) 100vw, 435px\" \/><\/figure>\n<\/div>\n\n\n<div class=\"wp-block-group is-content-justification-center\"><div class=\"wp-block-group__inner-container is-layout-constrained wp-container-core-group-is-layout-2728545d wp-block-group-is-layout-constrained\">\n<div style=\"height:0\" aria-hidden=\"true\" class=\"wp-block-spacer\"><\/div>\n<\/div><\/div>\n<\/div>\n\n\n\n<div class=\"wp-block-column is-layout-flow wp-block-column-is-layout-flow\" style=\"padding-top:var(--wp--preset--spacing--10);padding-right:var(--wp--preset--spacing--10);padding-bottom:var(--wp--preset--spacing--10);padding-left:var(--wp--preset--spacing--10)\"><div class=\"wp-block-image\">\n<figure class=\"aligncenter size-full is-resized\"><img loading=\"lazy\" decoding=\"async\" width=\"435\" height=\"80\" src=\"http:\/\/dt-auto.com\/wp-content\/uploads\/2025\/01\/logo-oilquick.png\" alt=\"\" class=\"wp-image-75\" style=\"width:300px\" srcset=\"https:\/\/dt-automatyzacja.pl\/wp-content\/uploads\/2025\/01\/logo-oilquick.png 435w, https:\/\/dt-automatyzacja.pl\/wp-content\/uploads\/2025\/01\/logo-oilquick-300x55.png 300w\" sizes=\"auto, (max-width: 435px) 100vw, 435px\" \/><\/figure>\n<\/div><\/div>\n<\/div>\n\n\n\n<div style=\"height:100px\" aria-hidden=\"true\" class=\"wp-block-spacer\"><\/div>\n\n\n\n<div style=\"height:calc( 0.25 * var(--wp--style--root--padding-right, var(--wp--custom--gap--horizontal)))\" aria-hidden=\"true\" class=\"wp-block-spacer\"><\/div>\n<\/div><\/div>\n\n\n\n<div style=\"height:100px\" aria-hidden=\"true\" class=\"wp-block-spacer\"><\/div>\n\n\n\n<div class=\"wp-block-group alignfull is-content-justification-center\" style=\"margin-top:0;margin-bottom:0;padding-top:calc( 0.5 * var(--wp--style--root--padding-right, var(--wp--custom--gap--horizontal)));padding-right:var(--wp--style--root--padding-right, var(--wp--custom--gap--horizontal));padding-bottom:calc( 0.5 * var(--wp--style--root--padding-right, var(--wp--custom--gap--horizontal)));padding-left:var(--wp--style--root--padding-left, var(--wp--custom--gap--horizontal))\"><div class=\"wp-block-group__inner-container is-layout-constrained wp-container-core-group-is-layout-fa340856 wp-block-group-is-layout-constrained\">\n<div style=\"height:calc( 0.25 * var(--wp--style--root--padding-right, var(--wp--custom--gap--horizontal)))\" aria-hidden=\"true\" class=\"wp-block-spacer\"><\/div>\n\n\n\n<h1 class=\"wp-block-heading alignwide has-text-align-center has-text-color has-link-color has-x-large-font-size wp-elements-546c694a8db71125b5ad2e3dac9d1e94\" style=\"color:#e30614\"><strong>ZAUFALI NAM:<\/strong><\/h1>\n\n\n\n<div class=\"wp-block-group alignfull is-content-justification-center is-nowrap is-layout-flex wp-container-core-group-is-layout-94bc23d7 wp-block-group-is-layout-flex\">\n<figure class=\"wp-block-image size-full\"><img loading=\"lazy\" decoding=\"async\" width=\"203\" height=\"83\" src=\"https:\/\/dt-auto.com\/wp-content\/uploads\/2025\/01\/zaufalinam-meliorex.jpg\" alt=\"\" class=\"wp-image-185\"\/><\/figure>\n\n\n\n<figure class=\"wp-block-image size-full\"><img loading=\"lazy\" decoding=\"async\" width=\"155\" height=\"101\" src=\"https:\/\/dt-auto.com\/wp-content\/uploads\/2025\/01\/zaufalinam-budamex.jpg\" alt=\"\" class=\"wp-image-186\"\/><\/figure>\n\n\n\n<figure class=\"wp-block-image size-full\"><img loading=\"lazy\" decoding=\"async\" width=\"174\" height=\"49\" src=\"https:\/\/dt-auto.com\/wp-content\/uploads\/2025\/01\/zaufalinam-meliorant.jpg\" alt=\"\" class=\"wp-image-187\"\/><\/figure>\n\n\n\n<figure class=\"wp-block-image size-full\"><img loading=\"lazy\" decoding=\"async\" width=\"141\" height=\"90\" src=\"https:\/\/dt-auto.com\/wp-content\/uploads\/2025\/01\/zaufalinam-rktrans.jpg\" alt=\"\" class=\"wp-image-188\"\/><\/figure>\n\n\n\n<figure class=\"wp-block-image size-full\"><img loading=\"lazy\" decoding=\"async\" width=\"176\" height=\"73\" src=\"https:\/\/dt-auto.com\/wp-content\/uploads\/2025\/01\/zaufalinam-unirol.jpg\" alt=\"\" class=\"wp-image-189\"\/><\/figure>\n<\/div>\n<\/div><\/div>\n\n\n\n<p><\/p>\n","protected":false},"excerpt":{"rendered":"<p>O NAS Nasza firma powsta\u0142a pod koniec 2016 roku, jest wynikiem po\u0142\u0105czenia wsp\u00f3lnych si\u0142 i do\u015bwiadcze\u0144 handlowych i budowlanych. Jeste\u015bmy oficjalnym partnerem firmy MTS Schrode AG i OilQuick na terenie &#8230;<\/p>\n","protected":false},"author":2,"featured_media":0,"parent":0,"menu_order":0,"comment_status":"closed","ping_status":"closed","template":"","meta":{"footnotes":""},"class_list":["post-134","page","type-page","status-publish","hentry"],"aioseo_notices":[],"_links":{"self":[{"href":"https:\/\/dt-automatyzacja.pl\/index.php\/wp-json\/wp\/v2\/pages\/134","targetHints":{"allow":["GET"]}}],"collection":[{"href":"https:\/\/dt-automatyzacja.pl\/index.php\/wp-json\/wp\/v2\/pages"}],"about":[{"href":"https:\/\/dt-automatyzacja.pl\/index.php\/wp-json\/wp\/v2\/types\/page"}],"author":[{"embeddable":true,"href":"https:\/\/dt-automatyzacja.pl\/index.php\/wp-json\/wp\/v2\/users\/2"}],"replies":[{"embeddable":true,"href":"https:\/\/dt-automatyzacja.pl\/index.php\/wp-json\/wp\/v2\/comments?post=134"}],"version-history":[{"count":37,"href":"https:\/\/dt-automatyzacja.pl\/index.php\/wp-json\/wp\/v2\/pages\/134\/revisions"}],"predecessor-version":[{"id":2498,"href":"https:\/\/dt-automatyzacja.pl\/index.php\/wp-json\/wp\/v2\/pages\/134\/revisions\/2498"}],"wp:attachment":[{"href":"https:\/\/dt-automatyzacja.pl\/index.php\/wp-json\/wp\/v2\/media?parent=134"}],"curies":[{"name":"wp","href":"https:\/\/api.w.org\/{rel}","templated":true}]}}