{"id":1286,"date":"2025-02-13T20:44:47","date_gmt":"2025-02-13T19:44:47","guid":{"rendered":"https:\/\/dt-auto.com\/?page_id=1286"},"modified":"2025-11-19T23:10:52","modified_gmt":"2025-11-19T22:10:52","slug":"cat-zageszczarki-gruntu-uniwersalne-zageszczarki-us-i-ut","status":"publish","type":"page","link":"https:\/\/dt-automatyzacja.pl\/index.php\/cat-zageszczarki-gruntu-uniwersalne-zageszczarki-us-i-ut\/","title":{"rendered":"CAT \u2013 Zag\u0119szczarki gruntu \u2013 Uniwersalne zag\u0119szczarki US I UT"},"content":{"rendered":"<div style=\"height:64px\" aria-hidden=\"true\" class=\"wp-block-spacer not-mobile\"><\/div>\n\n\n\n<div style=\"height:40px\" aria-hidden=\"true\" class=\"wp-block-spacer not-desktop\"><\/div>\n\n\n<h1 class=\"wp-block-heading full-screen-padding has-text-color has-link-color wp-elements-7e076daa82f0f3ab691cd41af99fbd17\" style=\"color:#e30614\">UNIWERSALNE ZAG\u0118SZCZARKI US I UT<\/h1>\n\n\n\n<p class=\"full-screen-padding has-black-color has-text-color has-link-color has-medium-font-size wp-elements-4d6214828c1259ddb6c93396c751ca9d\">Grupa zag\u0119szczarek lekkich, zapewniaj\u0105cych du\u017ce bezpiecze\u0144stwo pracy, wyposa\u017cone w mechanizmy obrotowe, nadaj\u0105ce si\u0119 np. do prac w w\u0105skim wykopie przy uk\u0142adaniu rur.<\/p>\n\n\n<div style=\"height:64px\" aria-hidden=\"true\" class=\"wp-block-spacer not-mobile\"><\/div>\n\n\n\n<div style=\"height:40px\" aria-hidden=\"true\" class=\"wp-block-spacer not-desktop\"><\/div>\n\n\n<div class=\"wp-block-group full-screen-padding\"><div class=\"wp-block-group__inner-container is-layout-constrained wp-block-group-is-layout-constrained\">\n<div class=\"wp-block-group is-vertical is-layout-flex wp-container-core-group-is-layout-8cf370e7 wp-block-group-is-layout-flex\">\n<h1 class=\"wp-block-heading has-text-color has-link-color wp-elements-19862acde3d6f4c582e9e2f8b52e487e\" style=\"color:#e30614\"><strong>US 8-2<\/strong><\/h1>\n\n\n\n<h3 class=\"wp-block-heading\"><strong>STANDARD NA WYSOKIM POZIOMIE<\/strong><\/h3>\n\n\n\n<p class=\"has-medium-font-size\">W\u0105skie wykopy, s\u0105 szczeg\u00f3lnym wyzwaniem dla konstrukcji zag\u0119szczarek gruntu. Zastosowanie uniwersalnej zag\u0119szczarki typu Standard (US) eliminuje konieczno\u015b\u0107 ryzykownej eksploatacji r\u0119cznie prowadzonego skoczka. W\u0105ska konstrukcja tego zwrotnego urz\u0105dzenia, zapewnia optymalne mo\u017cliwo\u015bci prowadzenia. Specjalny kszta\u0142t, gwarantuje zag\u0119szczanie w trudno dost\u0119pnych miejscach.<\/p>\n\n\n\n<div style=\"height:16px\" aria-hidden=\"true\" class=\"wp-block-spacer wp-container-content-f9bd05ee\"><\/div>\n\n\n\n<div class=\"wp-block-group is-layout-flex wp-block-group-is-layout-flex\">\n<div class=\"wp-block-group is-vertical is-layout-flex wp-container-core-group-is-layout-8cf370e7 wp-block-group-is-layout-flex\">\n<h3 class=\"wp-block-heading\"><strong>SPECYFIKACJA TECHNICZNA:<\/strong><\/h3>\n\n\n<div class=\"rowsliketable\">\n<p class=\"f\"><b>WYPOSZA\u017bENIE STANDARDOWE<\/b><\/p>\n<p><b>ZALECANA WIELKO\u015a\u0106 KOPARKI W TONACH<\/b><span>od 6 ton<\/span><\/p>\n<p><b>MASA Z MECHANIZMEM OBROTOWYM (kg)<\/b><span>485<\/span><\/p>\n<p><b>P\u0141YTA PODSTAWY SZER. X D\u0141. (mm)<\/b><span>240 x 830<\/span><\/p>\n<p><b>WYSOKO\u015a\u0106 (mm)<\/b><span>1330<\/span><\/p>\n<p><b>WYSOKO\u015a\u0106 NASYPOWA \/ OBCI\u0104\u017bENIE<\/b><span>40-60 cm \/ 2 tony<\/span><\/p>\n<p><b>MECHANIZM OBROTOWY<\/b><span>R9<\/span><\/p>\n<p><b>STOPIE\u0143 PRACY X1 <\/b><br \/>\n                Przep\u0142yw oleju [l\/min]: 55-140<br \/>\n                Ci\u015bnienie robocze [bar]: 120-250 <br \/>\n                Si\u0142a od\u015brodkowa [kN]: 12<br \/>\n                Cz\u0119stotliwo\u015b\u0107 [Hz]: 38\n              <\/p>\n<\/p><\/div>\n<\/div>\n\n\n\n<figure class=\"wp-block-image size-full\"><img loading=\"lazy\" decoding=\"async\" width=\"482\" height=\"758\" src=\"https:\/\/dt-auto.com\/wp-content\/uploads\/2025\/02\/zageszczarki-gruntu-uniwersalne-zaeszczarki-ut82.png\" alt=\"uniwersalne zag\u0119szczarki\" class=\"wp-image-1311\" style=\"object-fit:contain\" srcset=\"https:\/\/dt-automatyzacja.pl\/wp-content\/uploads\/2025\/02\/zageszczarki-gruntu-uniwersalne-zaeszczarki-ut82.png 482w, https:\/\/dt-automatyzacja.pl\/wp-content\/uploads\/2025\/02\/zageszczarki-gruntu-uniwersalne-zaeszczarki-ut82-191x300.png 191w\" sizes=\"auto, (max-width: 482px) 100vw, 482px\" \/><\/figure>\n<\/div>\n<\/div>\n<\/div><\/div>\n\n\n<div style=\"height:64px\" aria-hidden=\"true\" class=\"wp-block-spacer not-mobile\"><\/div>\n\n\n\n<div style=\"height:40px\" aria-hidden=\"true\" class=\"wp-block-spacer not-desktop\"><\/div>\n\n\n<div class=\"wp-block-group full-screen-padding\"><div class=\"wp-block-group__inner-container is-layout-constrained wp-block-group-is-layout-constrained\">\n<div class=\"wp-block-group is-vertical is-layout-flex wp-container-core-group-is-layout-8cf370e7 wp-block-group-is-layout-flex\">\n<h1 class=\"wp-block-heading has-text-color has-link-color wp-elements-1c56435e1ec4bc087211dabdf3e05467\" style=\"color:#e30614\"><strong>UT 8-2<\/strong><\/h1>\n\n\n\n<h3 class=\"wp-block-heading\"><strong><strong>PRZEMY\u015aLANE ROZWI\u0104ZANIE TELESKOPOWE<\/strong><\/strong><\/h3>\n\n\n\n<p class=\"has-medium-font-size\">Du\u017ca g\u0142\u0119boko\u015b\u0107 wymaga stosowania specjalnych rozwi\u0105za\u0144. Rozwi\u0105zaniem tego rodzaju jest uniwersalna zag\u0119szczarka teleskopowa (UT). Teleskopowa cz\u0119\u015b\u0107 g\u00f3rna tego urz\u0105dzenia mo\u017ce zosta\u0107 dowolnie dostosowana do lokalnych warunk\u00f3w budowlanych. Zar\u00f3wno jak model standardowy, teleskopowa zag\u0119szczarka gwarantuje bezpieczn\u0105 prac\u0119 bez zagro\u017cenia spowodowanego obecno\u015bci\u0105 spalin.<\/p>\n\n\n\n<div style=\"height:16px\" aria-hidden=\"true\" class=\"wp-block-spacer wp-container-content-f9bd05ee\"><\/div>\n\n\n\n<div class=\"wp-block-group is-layout-flex wp-block-group-is-layout-flex\">\n<div class=\"wp-block-group is-vertical is-layout-flex wp-container-core-group-is-layout-8cf370e7 wp-block-group-is-layout-flex\">\n<h3 class=\"wp-block-heading\"><strong>SPECYFIKACJA TECHNICZNA:<\/strong><\/h3>\n\n\n<div class=\"rowsliketable\">\n<p class=\"f\"><b>WYPOSZA\u017bENIE STANDARDOWE<\/b><\/p>\n<p><b>ZALECANA WIELKO\u015a\u0106 KOPARKI W TONACH<\/b><span>od 6 ton<\/span><\/p>\n<p><b>MASA Z MECHANIZMEM OBROTOWYM (kg)<\/b><span>630<\/span><\/p>\n<p><b>P\u0141YTA PODSTAWY SZER. X D\u0141. (mm)<\/b><span>240 x 830<\/span><\/p>\n<p><b>WYSOKO\u015a\u0106 (mm)<\/b><span>1860-2360<\/span><\/p>\n<p><b>WYSOKO\u015a\u0106 NASYPOWA \/ OBCI\u0104\u017bENIE<\/b><span>40-60 cm \/ 2 tony<\/span><\/p>\n<p><b>MECHANIZM OBROTOWY<\/b><span>R9<\/span><\/p>\n<p><b>STOPIE\u0143 PRACY X1 <\/b><br \/>\n                Przep\u0142yw oleju [l\/min]: 55-140<br \/>\n                Ci\u015bnienie robocze [bar]: 120-250 <br \/>\n                Si\u0142a od\u015brodkowa [kN]: 12<br \/>\n                Cz\u0119stotliwo\u015b\u0107 [Hz]: 38\n              <\/p>\n<\/p><\/div>\n<\/div>\n\n\n\n<figure class=\"wp-block-image size-full\"><img loading=\"lazy\" decoding=\"async\" width=\"499\" height=\"966\" src=\"https:\/\/dt-auto.com\/wp-content\/uploads\/2025\/02\/zageszczarki-gruntu-uniwersalne-zaeszczarki-us82.png\" alt=\"uniwersalne zag\u0119szczarki\" class=\"wp-image-1291\" style=\"object-fit:cover\" srcset=\"https:\/\/dt-automatyzacja.pl\/wp-content\/uploads\/2025\/02\/zageszczarki-gruntu-uniwersalne-zaeszczarki-us82.png 499w, https:\/\/dt-automatyzacja.pl\/wp-content\/uploads\/2025\/02\/zageszczarki-gruntu-uniwersalne-zaeszczarki-us82-155x300.png 155w\" sizes=\"auto, (max-width: 499px) 100vw, 499px\" \/><\/figure>\n<\/div>\n<\/div>\n<\/div><\/div>\n\n\n<div style=\"height:64px\" aria-hidden=\"true\" class=\"wp-block-spacer not-mobile\"><\/div>\n\n\n\n<div style=\"height:40px\" aria-hidden=\"true\" class=\"wp-block-spacer not-desktop\"><\/div>\n\n\n<div class=\"wp-block-group has-background is-vertical is-layout-flex wp-container-core-group-is-layout-8cf370e7 wp-block-group-is-layout-flex\" style=\"background-color:#319340\"><div style=\"height:64px\" aria-hidden=\"true\" class=\"wp-block-spacer not-mobile\"><\/div>\n\n\n\n<div style=\"height:40px\" aria-hidden=\"true\" class=\"wp-block-spacer not-desktop\"><\/div>\n\n\n<h2 class=\"wp-block-heading full-screen-padding has-white-color has-text-color has-link-color wp-elements-7ad6b08d8a84d938d59917211bd908a8\">LICZBY, KT\u00d3RE M\u00d3WI\u0104 SAME ZA SIEBIE<\/h2>\n\n\n\n<p class=\"full-screen-padding has-white-color has-text-color has-link-color has-medium-font-size wp-elements-c7d2b0d34fa6c48bdf5039379faa8805\">Por\u00f3wnanie z konwencjonalnymi rozwi\u0105zaniami technicznymi<\/p>\n\n\n<div style=\"height:64px\" aria-hidden=\"true\" class=\"wp-block-spacer not-mobile\"><\/div>\n\n\n\n<div style=\"height:40px\" aria-hidden=\"true\" class=\"wp-block-spacer not-desktop\"><\/div><\/div>\n\n\n<div style=\"height:64px\" aria-hidden=\"true\" class=\"wp-block-spacer not-mobile\"><\/div>\n\n\n\n<div style=\"height:40px\" aria-hidden=\"true\" class=\"wp-block-spacer not-desktop\"><\/div>\n\n\n<div class=\"wp-block-group full-screen-padding mobile-break is-nowrap is-layout-flex wp-container-core-group-is-layout-64989fb1 wp-block-group-is-layout-flex\">\n<div class=\"wp-block-group is-vertical is-content-justification-center is-layout-flex wp-container-core-group-is-layout-4b2eccd6 wp-block-group-is-layout-flex\">\n<figure class=\"wp-block-image size-medium center\"><img loading=\"lazy\" decoding=\"async\" width=\"300\" height=\"229\" src=\"https:\/\/dt-auto.com\/wp-content\/uploads\/2025\/02\/zageszczarki-gruntu-uniwersalne-zaeszczarki-prowadzenie-reczne-300x229.png\" alt=\"\" class=\"wp-image-1314\" style=\"object-fit:cover\" srcset=\"https:\/\/dt-automatyzacja.pl\/wp-content\/uploads\/2025\/02\/zageszczarki-gruntu-uniwersalne-zaeszczarki-prowadzenie-reczne-300x229.png 300w, https:\/\/dt-automatyzacja.pl\/wp-content\/uploads\/2025\/02\/zageszczarki-gruntu-uniwersalne-zaeszczarki-prowadzenie-reczne-600x458.png 600w, https:\/\/dt-automatyzacja.pl\/wp-content\/uploads\/2025\/02\/zageszczarki-gruntu-uniwersalne-zaeszczarki-prowadzenie-reczne.png 705w\" sizes=\"auto, (max-width: 300px) 100vw, 300px\" \/><\/figure>\n\n\n\n<div style=\"height:23px\" aria-hidden=\"true\" class=\"wp-block-spacer wp-container-content-78b3b043\"><\/div>\n\n\n\n<div class=\"wp-block-group is-vertical is-content-justification-center is-layout-flex wp-container-core-group-is-layout-4b2eccd6 wp-block-group-is-layout-flex\">\n<h3 class=\"wp-block-heading has-text-align-center\"><strong>PROWADZENIE R\u0118CZNE<\/strong><\/h3>\n\n\n\n<p class=\"has-text-align-center\">Klasyczna technika zag\u0119szczania gruntu w obszarze uk\u0142adania ruroci\u0105g\u00f3w za pomoc\u0105&nbsp;<strong>r\u0119cznie prowadzonego skoczka<\/strong><\/p>\n\n\n\n<div style=\"height:23px\" aria-hidden=\"true\" class=\"wp-block-spacer wp-container-content-78b3b043\"><\/div>\n\n\n\n<div class=\"wp-block-group is-vertical is-content-justification-center is-layout-flex wp-container-core-group-is-layout-4b2eccd6 wp-block-group-is-layout-flex\">\n<h4 class=\"wp-block-heading has-text-align-center\"><strong>Zaanga\u017cowany personel, urz\u0105dzenia i materia\u0142y:<\/strong><\/h4>\n\n\n\n<p class=\"has-text-align-right\">1 pracownik<\/p>\n\n\n\n<p class=\"has-text-align-center\">1 koparka z operatorem<\/p>\n\n\n\n<p>1 skoczek 70 kg<\/p>\n\n\n\n<p>Grunty sypkie do s\u0142abo spoistych<\/p>\n\n\n\n<p>Rura \u017celbetonowa Ei DN 1400 \/ 2100<\/p>\n<\/div>\n\n\n\n<div style=\"height:23px\" aria-hidden=\"true\" class=\"wp-block-spacer wp-container-content-78b3b043\"><\/div>\n\n\n\n<div class=\"wp-block-group is-vertical is-content-justification-center is-layout-flex wp-container-core-group-is-layout-4b2eccd6 wp-block-group-is-layout-flex\">\n<h4 class=\"wp-block-heading\"><strong>Czynno\u015bci robocze i wymagania:<\/strong><\/h4>\n\n\n\n<p class=\"has-text-align-center\">Warstwowe zasypywanie i zag\u0119szczanie 3 metrowego odcinka rury<\/p>\n\n\n\n<p class=\"has-text-align-center\">Wysoko\u015b\u0107 nasypowa 35 cm, odpowiada grubo\u015bci warstwy 30 cm<\/p>\n\n\n\n<p>Liczba przej\u015b\u0107: 3 razy<\/p>\n\n\n\n<p>Liczba warstw: 10<\/p>\n\n\n\n<p>Czas roboczy na ka\u017cd\u0105&nbsp;warstw\u0119: 9 minut<\/p>\n<\/div>\n\n\n\n<div style=\"height:23px\" aria-hidden=\"true\" class=\"wp-block-spacer wp-container-content-78b3b043\"><\/div>\n\n\n\n<div class=\"wp-block-group is-vertical is-content-justification-center is-layout-flex wp-container-core-group-is-layout-4b2eccd6 wp-block-group-is-layout-flex\">\n<h4 class=\"wp-block-heading has-text-color has-link-color wp-elements-32401a1db3624e2e79e96260d1f19588\" style=\"color:#319340\"><strong>CA\u0141KOWITY CZAS PRACY DLA CA\u0141EJ RURY:<\/strong><\/h4>\n\n\n\n<p>10 warstw x 9 minut = 90 minut<\/p>\n\n\n\n<p><strong>= 1,5 godziny<\/strong><\/p>\n<\/div>\n<\/div>\n<\/div>\n\n\n\n<div class=\"wp-block-group is-vertical is-content-justification-center is-layout-flex wp-container-core-group-is-layout-4b2eccd6 wp-block-group-is-layout-flex\">\n<figure class=\"wp-block-image size-medium center\"><img loading=\"lazy\" decoding=\"async\" width=\"300\" height=\"229\" src=\"https:\/\/dt-auto.com\/wp-content\/uploads\/2025\/02\/zageszczarki-gruntu-uniwersalne-zaeszczarki-zautomatyzowane-zageszczanie-300x229.png\" alt=\"\" class=\"wp-image-1315\" srcset=\"https:\/\/dt-automatyzacja.pl\/wp-content\/uploads\/2025\/02\/zageszczarki-gruntu-uniwersalne-zaeszczarki-zautomatyzowane-zageszczanie-300x229.png 300w, https:\/\/dt-automatyzacja.pl\/wp-content\/uploads\/2025\/02\/zageszczarki-gruntu-uniwersalne-zaeszczarki-zautomatyzowane-zageszczanie-600x458.png 600w, https:\/\/dt-automatyzacja.pl\/wp-content\/uploads\/2025\/02\/zageszczarki-gruntu-uniwersalne-zaeszczarki-zautomatyzowane-zageszczanie.png 705w\" sizes=\"auto, (max-width: 300px) 100vw, 300px\" \/><\/figure>\n\n\n\n<div style=\"height:23px\" aria-hidden=\"true\" class=\"wp-block-spacer wp-container-content-78b3b043\"><\/div>\n\n\n\n<div class=\"wp-block-group is-vertical is-content-justification-center is-layout-flex wp-container-core-group-is-layout-4b2eccd6 wp-block-group-is-layout-flex\">\n<h3 class=\"wp-block-heading has-text-align-center\"><strong>ZAUTOMATYZOWANE ZAG\u0118SZCZANIE<\/strong><\/h3>\n\n\n\n<p class=\"has-text-align-center\">Nowa, zoptymalizowana technika zag\u0119szczania gruntu w obszarze uk\u0142adania ruroci\u0105g\u00f3w za pomoc\u0105 uniwersalnej zag\u0119szczarki UT 8-2<\/p>\n<\/div>\n\n\n\n<div style=\"height:23px\" aria-hidden=\"true\" class=\"wp-block-spacer wp-container-content-78b3b043\"><\/div>\n\n\n\n<div class=\"wp-block-group is-vertical is-content-justification-center is-layout-flex wp-container-core-group-is-layout-4b2eccd6 wp-block-group-is-layout-flex\">\n<h4 class=\"wp-block-heading has-text-align-left\"><strong>Zaanga\u017cowany personel, urz\u0105dzenia i materia\u0142y:<\/strong><\/h4>\n\n\n\n<p>1 koparka z operatorem<\/p>\n\n\n\n<p>1 MTS UT 8-2<\/p>\n\n\n\n<p>Grunty sypkie do s\u0142abo spoistych<\/p>\n\n\n\n<p>Rura \u017celbetonowa Ei DN 1400 \/ 2100<\/p>\n<\/div>\n\n\n\n<div style=\"height:23px\" aria-hidden=\"true\" class=\"wp-block-spacer wp-container-content-78b3b043\"><\/div>\n\n\n\n<div class=\"wp-block-group is-vertical is-content-justification-center is-layout-flex wp-container-core-group-is-layout-4b2eccd6 wp-block-group-is-layout-flex\">\n<h4 class=\"wp-block-heading\"><strong>Czynno\u015bci robocze i wymagania:<\/strong><\/h4>\n\n\n\n<p>Warstwowe zasypywanie i zag\u0119szczanie 3 metrowego odcinka rury<\/p>\n\n\n\n<p>Wysoko\u015b\u0107 nasypowa 50 cm, odpowiada grubo\u015bci warstwy 43 cm<\/p>\n\n\n\n<p>Liczba przej\u015b\u0107: 2 razy<\/p>\n\n\n\n<p>Liczba warstw: 7<\/p>\n\n\n\n<p>Czas roboczy na ka\u017cd\u0105&nbsp;warstw\u0119: 3 minuty<\/p>\n<\/div>\n\n\n\n<div style=\"height:23px\" aria-hidden=\"true\" class=\"wp-block-spacer wp-container-content-78b3b043\"><\/div>\n\n\n\n<div class=\"wp-block-group is-vertical is-content-justification-center is-layout-flex wp-container-core-group-is-layout-4b2eccd6 wp-block-group-is-layout-flex\">\n<h4 class=\"wp-block-heading has-text-color has-link-color wp-elements-d38114ad8c6e6037d32f3a06552cf5e4\" style=\"color:#319340\"><strong>CA\u0141KOWITY CZAS PRACY DLA CA\u0141EJ RURY:<\/strong><\/h4>\n\n\n\n<p>7 warstw x 3 minuty = 21 minut<\/p>\n\n\n\n<p><strong>= 0,35 godziny<\/strong><\/p>\n<\/div>\n<\/div>\n<\/div>\n\n\n<div style=\"height:64px\" aria-hidden=\"true\" class=\"wp-block-spacer not-mobile\"><\/div>\n\n\n\n<div style=\"height:40px\" aria-hidden=\"true\" class=\"wp-block-spacer not-desktop\"><\/div>\n\n\n<h2 class=\"wp-block-heading has-text-align-center full-screen-padding\">ZOBACZ JAK PRACUJE:<\/h2>\n\n\n\n<figure class=\"wp-block-embed is-type-video is-provider-youtube wp-block-embed-youtube custom-video wp-embed-aspect-16-9 wp-has-aspect-ratio\"><div class=\"wp-block-embed__wrapper\">\n<iframe loading=\"lazy\" title=\"3 - Lekka zag\u0119szczarka MTS US UT 8-2\" width=\"800\" height=\"450\" src=\"https:\/\/www.youtube.com\/embed\/EotDXqJYBkE?feature=oembed\" frameborder=\"0\" allow=\"accelerometer; autoplay; clipboard-write; encrypted-media; gyroscope; picture-in-picture; web-share\" referrerpolicy=\"strict-origin-when-cross-origin\" allowfullscreen><\/iframe>\n<\/div><\/figure>\n\n\n<div style=\"height:64px\" aria-hidden=\"true\" class=\"wp-block-spacer not-mobile\"><\/div>\n\n\n\n<div style=\"height:40px\" aria-hidden=\"true\" class=\"wp-block-spacer not-desktop\"><\/div>\n\n\n<div class=\"wp-block-buttons is-content-justification-center is-layout-flex wp-container-core-buttons-is-layout-16018d1d wp-block-buttons-is-layout-flex\">\n<div class=\"wp-block-button has-custom-width wp-block-button__width-50 has-custom-font-size is-style-outline has-small-font-size is-style-outline--3\"><a class=\"wp-block-button__link has-text-color has-link-color has-text-align-center wp-element-button\" href=\"\/wp-content\/uploads\/2025\/01\/katalog-2.pdf\" style=\"border-radius:0px;color:#e30614\"><strong>POBIERZ KATALOG<\/strong><\/a><\/div>\n<\/div>\n\n\n<div style=\"height:64px\" aria-hidden=\"true\" class=\"wp-block-spacer not-mobile\"><\/div>\n\n\n\n<div style=\"height:40px\" aria-hidden=\"true\" class=\"wp-block-spacer not-desktop\"><\/div>","protected":false},"excerpt":{"rendered":"<p>UNIWERSALNE ZAG\u0118SZCZARKI US I UT Grupa zag\u0119szczarek lekkich, zapewniaj\u0105cych du\u017ce bezpiecze\u0144stwo pracy, wyposa\u017cone w mechanizmy obrotowe, nadaj\u0105ce si\u0119 np. do prac w w\u0105skim wykopie przy uk\u0142adaniu rur. US 8-2 STANDARD &#8230;<\/p>\n","protected":false},"author":2,"featured_media":0,"parent":0,"menu_order":0,"comment_status":"closed","ping_status":"closed","template":"template-fullwidth-stretched.php","meta":{"footnotes":""},"class_list":["post-1286","page","type-page","status-publish","hentry"],"aioseo_notices":[],"_links":{"self":[{"href":"https:\/\/dt-automatyzacja.pl\/index.php\/wp-json\/wp\/v2\/pages\/1286","targetHints":{"allow":["GET"]}}],"collection":[{"href":"https:\/\/dt-automatyzacja.pl\/index.php\/wp-json\/wp\/v2\/pages"}],"about":[{"href":"https:\/\/dt-automatyzacja.pl\/index.php\/wp-json\/wp\/v2\/types\/page"}],"author":[{"embeddable":true,"href":"https:\/\/dt-automatyzacja.pl\/index.php\/wp-json\/wp\/v2\/users\/2"}],"replies":[{"embeddable":true,"href":"https:\/\/dt-automatyzacja.pl\/index.php\/wp-json\/wp\/v2\/comments?post=1286"}],"version-history":[{"count":45,"href":"https:\/\/dt-automatyzacja.pl\/index.php\/wp-json\/wp\/v2\/pages\/1286\/revisions"}],"predecessor-version":[{"id":2518,"href":"https:\/\/dt-automatyzacja.pl\/index.php\/wp-json\/wp\/v2\/pages\/1286\/revisions\/2518"}],"wp:attachment":[{"href":"https:\/\/dt-automatyzacja.pl\/index.php\/wp-json\/wp\/v2\/media?parent=1286"}],"curies":[{"name":"wp","href":"https:\/\/api.w.org\/{rel}","templated":true}]}}