{"id":847,"date":"2025-02-10T14:52:29","date_gmt":"2025-02-10T13:52:29","guid":{"rendered":"https:\/\/dt-auto.com\/?page_id=847"},"modified":"2025-11-19T23:23:15","modified_gmt":"2025-11-19T22:23:15","slug":"cat-zageszczarki-g","status":"publish","type":"page","link":"https:\/\/dt-automatyzacja.pl\/de\/index.php\/cat-zageszczarki-g\/","title":{"rendered":"CAT &#8211; Zag\u0119szczarki gruntu"},"content":{"rendered":"<div style=\"height:64px\" aria-hidden=\"true\" class=\"wp-block-spacer not-mobile\"><\/div>\n\n\n\n<div style=\"height:40px\" aria-hidden=\"true\" class=\"wp-block-spacer not-desktop\"><\/div>\n\n\n<h1 class=\"wp-block-heading full-screen-padding has-text-color has-link-color wp-elements-8362c8fd25e9d8324d52e160e2d5f959\" style=\"color:#e30614\">BODENVERDICHTER<\/h1>\n\n\n\n<div class=\"wp-block-group full-screen-padding top-spoilers\"><div class=\"wp-block-group__inner-container is-layout-constrained wp-block-group-is-layout-constrained\"><div class=\"su-spoiler su-spoiler-style-fancy su-spoiler-icon-chevron su-spoiler-closed\" data-scroll-offset=\"0\" data-anchor-in-url=\"no\"><div class=\"su-spoiler-title\" tabindex=\"0\" role=\"button\"><span class=\"su-spoiler-icon\"><\/span>WIE WIRD DER RICHTIGE GRAD DER BODENVERDICHTUNG ERREICHT?<\/div><div class=\"su-spoiler-content su-u-clearfix su-u-trim\">\nF\u00fcr eine perfekte Bodenverdichtung sind verschiedene Parameter wichtig. Grundvoraussetzung ist der richtige Wassergehalt des Bodens und die richtige Dammschicht, die f\u00fcr das gew\u00e4hlte Verdichtungsger\u00e4t geeignet ist. Ist dies gew\u00e4hrleistet, bedarf es nur noch der richtigen Einstellung der Maschinenparameter. Neben der Arbeitsfrequenz und der Schlagkraft ist dies vor allem die statische Belastung, d.h. die Kraft, mit der der Bagger gegen den angebauten Verdichter dr\u00fcckt.<br \/>\n<\/div><\/div>\n\n\n<div class=\"su-spoiler su-spoiler-style-fancy su-spoiler-icon-chevron su-spoiler-closed\" data-scroll-offset=\"0\" data-anchor-in-url=\"no\"><div class=\"su-spoiler-title\" tabindex=\"0\" role=\"button\"><span class=\"su-spoiler-icon\"><\/span>WIE W\u00c4HLT MAN EINE VERDICHTUNGSMASCHINE F\u00dcR EINEN BAGGER AUS?<\/div><div class=\"su-spoiler-content su-u-clearfix su-u-trim\">\nUm im optimalen Verdichtungslastbereich zu arbeiten, werden unterschiedlich gro\u00dfe Verdichter f\u00fcr verschiedene Baggergewichtsklassen angeboten. Der Verdichtungsassistent (VA) hilft bei der pr\u00e4zisen Verdichtung: Der Verdichtungsdruck wird direkt gemessen, mit den eingestellten Grenzwerten f\u00fcr Minimal- und Maximallast verglichen und dem Baggerfahrer wird auf dem Display angezeigt, ob er die Last erh\u00f6hen oder verringern soll.<br \/>\n<\/div><\/div>\n<\/div><\/div>\n\n\n<div style=\"height:64px\" aria-hidden=\"true\" class=\"wp-block-spacer not-mobile\"><\/div>\n\n\n\n<div style=\"height:40px\" aria-hidden=\"true\" class=\"wp-block-spacer not-desktop\"><\/div>\n\n\n<div class=\"wp-block-group mobile-break half-desktop has-background is-nowrap is-layout-flex wp-container-core-group-is-layout-9123dee2 wp-block-group-is-layout-flex\" style=\"background-color:#f0f0f0\">\n<figure class=\"wp-block-image size-full is-resized round-corners small-image-preview\"><a href=\"\/de\/index.php\/cat-zageszczarki-gruntu-kompletna-seria-v\/\"><img loading=\"lazy\" decoding=\"async\" width=\"800\" height=\"800\" src=\"https:\/\/dt-auto.com\/wp-content\/uploads\/2025\/02\/zageszczarki-gruntu-kompletna-seria-v.jpg\" alt=\"\" class=\"wp-image-849\" style=\"aspect-ratio:1;object-fit:cover;width:400px\" srcset=\"https:\/\/dt-automatyzacja.pl\/wp-content\/uploads\/2025\/02\/zageszczarki-gruntu-kompletna-seria-v.jpg 800w, https:\/\/dt-automatyzacja.pl\/wp-content\/uploads\/2025\/02\/zageszczarki-gruntu-kompletna-seria-v-300x300.jpg 300w, https:\/\/dt-automatyzacja.pl\/wp-content\/uploads\/2025\/02\/zageszczarki-gruntu-kompletna-seria-v-150x150.jpg 150w, https:\/\/dt-automatyzacja.pl\/wp-content\/uploads\/2025\/02\/zageszczarki-gruntu-kompletna-seria-v-768x768.jpg 768w, https:\/\/dt-automatyzacja.pl\/wp-content\/uploads\/2025\/02\/zageszczarki-gruntu-kompletna-seria-v-600x600.jpg 600w, https:\/\/dt-automatyzacja.pl\/wp-content\/uploads\/2025\/02\/zageszczarki-gruntu-kompletna-seria-v-100x100.jpg 100w\" sizes=\"auto, (max-width: 800px) 100vw, 800px\" \/><\/a><\/figure>\n\n\n\n<div style=\"height:100px;width:40px\" aria-hidden=\"true\" class=\"wp-block-spacer wp-container-content-28f0cd9b\"><\/div>\n\n\n\n<div class=\"wp-block-group flex is-vertical is-content-justification-stretch is-layout-flex wp-container-core-group-is-layout-b16ad781 wp-block-group-is-layout-flex\">\n<h3 class=\"wp-block-heading\"><a href=\"\/de\/index.php\/cat-zageszczarki-gruntu-kompletna-seria-v\/\" data-type=\"link\" data-id=\"\/de\/index.php\/cat-zageszczarki-gruntu-kompletna-seria-v\/\">KOMPLETTE V-SERIE<\/a><\/h3>\n\n\n\n<p class=\"has-black-color has-text-color has-link-color has-small-font-size wp-elements-70536ddfe5339515dc6ac45496e3d84f\">Der robuste und stabile Drehmechanismus der MTS-Verdichter, sowie die optimale Bauh\u00f6he f\u00fcr den Einsatz auf kleinem Raum (z.B. in Schalungen).<\/p>\n\n\n\n<div style=\"height:50px\" aria-hidden=\"true\" class=\"wp-block-spacer wp-container-content-b30579f5\"><\/div>\n\n\n\n<h3 class=\"wp-block-heading has-text-align-right has-text-color has-link-color wp-elements-4460a9666cc668a0c90e3c237a802fe6\" style=\"color:#e30613\"><a href=\"\/de\/index.php\/cat-zageszczarki-gruntu-kompletna-seria-v\/\" data-type=\"link\" data-id=\"\/de\/index.php\/cat-zageszczarki-gruntu-kompletna-seria-v\/\">MEHR SEHEN \u2192<\/a><\/h3>\n<\/div>\n<\/div>\n\n\n\n<div style=\"height:20px\" aria-hidden=\"true\" class=\"wp-block-spacer\"><\/div>\n\n\n\n<div class=\"wp-block-group mobile-break half-desktop has-background is-nowrap is-layout-flex wp-container-core-group-is-layout-9123dee2 wp-block-group-is-layout-flex\" style=\"background-color:#f0f0f0\">\n<figure class=\"wp-block-image size-full is-resized round-corners small-image-preview\"><a href=\"\/de\/index.php\/cat-zageszczarki-gruntu-wyposazenie-dodatkowe\/\"><img loading=\"lazy\" decoding=\"async\" width=\"800\" height=\"800\" src=\"https:\/\/dt-auto.com\/wp-content\/uploads\/2025\/02\/zageszczarki-gruntu-wyposazenie-dodatkowe.jpg\" alt=\"\" class=\"wp-image-869\" style=\"aspect-ratio:1;object-fit:cover;width:400px\" srcset=\"https:\/\/dt-automatyzacja.pl\/wp-content\/uploads\/2025\/02\/zageszczarki-gruntu-wyposazenie-dodatkowe.jpg 800w, https:\/\/dt-automatyzacja.pl\/wp-content\/uploads\/2025\/02\/zageszczarki-gruntu-wyposazenie-dodatkowe-300x300.jpg 300w, https:\/\/dt-automatyzacja.pl\/wp-content\/uploads\/2025\/02\/zageszczarki-gruntu-wyposazenie-dodatkowe-150x150.jpg 150w, https:\/\/dt-automatyzacja.pl\/wp-content\/uploads\/2025\/02\/zageszczarki-gruntu-wyposazenie-dodatkowe-768x768.jpg 768w, https:\/\/dt-automatyzacja.pl\/wp-content\/uploads\/2025\/02\/zageszczarki-gruntu-wyposazenie-dodatkowe-600x600.jpg 600w, https:\/\/dt-automatyzacja.pl\/wp-content\/uploads\/2025\/02\/zageszczarki-gruntu-wyposazenie-dodatkowe-100x100.jpg 100w\" sizes=\"auto, (max-width: 800px) 100vw, 800px\" \/><\/a><\/figure>\n\n\n\n<div style=\"height:100px;width:40px\" aria-hidden=\"true\" class=\"wp-block-spacer wp-container-content-28f0cd9b\"><\/div>\n\n\n\n<div class=\"wp-block-group flex is-vertical is-content-justification-stretch is-layout-flex wp-container-core-group-is-layout-b16ad781 wp-block-group-is-layout-flex\">\n<h3 class=\"wp-block-heading\"><a href=\"\/de\/index.php\/cat-zageszczarki-gruntu-wyposazenie-dodatkowe\/\" data-type=\"link\" data-id=\"\/de\/index.php\/cat-zageszczarki-gruntu-wyposazenie-dodatkowe\/\">OPTIONALE AUSSTATTUNG<\/a><\/h3>\n\n\n\n<p class=\"has-black-color has-text-color has-link-color has-small-font-size wp-elements-8d694372cd3fadd211ddf821184b812a\">Zusatzausr\u00fcstungen f\u00fcr die Verdichter der V-Serie, die den Einsatz unter allen Baubedingungen erm\u00f6glichen und das Ger\u00e4t an die individuellen Bed\u00fcrfnisse des Kunden anpassen.<\/p>\n\n\n\n<div style=\"height:50px\" aria-hidden=\"true\" class=\"wp-block-spacer wp-container-content-b30579f5\"><\/div>\n\n\n\n<h3 class=\"wp-block-heading has-text-align-right has-text-color has-link-color wp-elements-4825c198ff470162956d03d4d8c65223\" style=\"color:#e30613\"><a href=\"\/de\/index.php\/cat-zageszczarki-gruntu-wyposazenie-dodatkowe\/\" data-type=\"link\" data-id=\"\/de\/index.php\/cat-zageszczarki-gruntu-wyposazenie-dodatkowe\/\">MEHR SEHEN \u2192<\/a><\/h3>\n<\/div>\n<\/div>\n\n\n\n<div style=\"height:20px\" aria-hidden=\"true\" class=\"wp-block-spacer\"><\/div>\n\n\n\n<div class=\"wp-block-group mobile-break half-desktop has-background is-nowrap is-layout-flex wp-container-core-group-is-layout-9123dee2 wp-block-group-is-layout-flex\" style=\"background-color:#f0f0f0\">\n<figure class=\"wp-block-image size-full is-resized round-corners small-image-preview\"><a href=\"\/de\/index.php\/cat-zageszczarki-gruntu-uniwersalne-zageszczarki-us-i-ut\/\"><img loading=\"lazy\" decoding=\"async\" width=\"800\" height=\"800\" src=\"https:\/\/dt-auto.com\/wp-content\/uploads\/2025\/02\/zageszczarki-gruntu-uniwersalne-zageszczarki.jpg\" alt=\"\" class=\"wp-image-870\" style=\"aspect-ratio:1;object-fit:cover;width:400px\" srcset=\"https:\/\/dt-automatyzacja.pl\/wp-content\/uploads\/2025\/02\/zageszczarki-gruntu-uniwersalne-zageszczarki.jpg 800w, https:\/\/dt-automatyzacja.pl\/wp-content\/uploads\/2025\/02\/zageszczarki-gruntu-uniwersalne-zageszczarki-300x300.jpg 300w, https:\/\/dt-automatyzacja.pl\/wp-content\/uploads\/2025\/02\/zageszczarki-gruntu-uniwersalne-zageszczarki-150x150.jpg 150w, https:\/\/dt-automatyzacja.pl\/wp-content\/uploads\/2025\/02\/zageszczarki-gruntu-uniwersalne-zageszczarki-768x768.jpg 768w, https:\/\/dt-automatyzacja.pl\/wp-content\/uploads\/2025\/02\/zageszczarki-gruntu-uniwersalne-zageszczarki-600x600.jpg 600w, https:\/\/dt-automatyzacja.pl\/wp-content\/uploads\/2025\/02\/zageszczarki-gruntu-uniwersalne-zageszczarki-100x100.jpg 100w\" sizes=\"auto, (max-width: 800px) 100vw, 800px\" \/><\/a><\/figure>\n\n\n\n<div style=\"height:100px;width:40px\" aria-hidden=\"true\" class=\"wp-block-spacer wp-container-content-28f0cd9b\"><\/div>\n\n\n\n<div class=\"wp-block-group flex is-vertical is-content-justification-stretch is-layout-flex wp-container-core-group-is-layout-b16ad781 wp-block-group-is-layout-flex\">\n<h3 class=\"wp-block-heading\"><a href=\"\/de\/index.php\/cat-zageszczarki-gruntu-uniwersalne-zageszczarki-us-i-ut\/\" data-type=\"link\" data-id=\"\/de\/index.php\/cat-zageszczarki-gruntu-uniwersalne-zageszczarki-us-i-ut\/\">UNIVERSALVERDICHTER US UND UT<\/a><\/h3>\n\n\n\n<p class=\"has-black-color has-text-color has-link-color has-small-font-size wp-elements-fc63ac5ba9c211a18923a362f57a3786\">Eine Gruppe von leichten Verdichtern mit hoher Arbeitssicherheit, die mit Drehmechanismen ausgestattet sind und sich z. B. f\u00fcr die Verlegung von Rohren und die Arbeit in engen Gr\u00e4ben eignen.<\/p>\n\n\n\n<div style=\"height:50px\" aria-hidden=\"true\" class=\"wp-block-spacer wp-container-content-b30579f5\"><\/div>\n\n\n\n<h3 class=\"wp-block-heading has-text-align-right has-text-color has-link-color wp-elements-8da0a27c6a5b9ad6a5afb29f43ec8c35\" style=\"color:#e30613\"><a href=\"\/de\/index.php\/cat-zageszczarki-gruntu-uniwersalne-zageszczarki-us-i-ut\/\" data-type=\"link\" data-id=\"\/de\/index.php\/cat-zageszczarki-gruntu-uniwersalne-zageszczarki-us-i-ut\/\">MEHR SEHEN \u2192<\/a><\/h3>\n<\/div>\n<\/div>\n\n\n<div style=\"height:64px\" aria-hidden=\"true\" class=\"wp-block-spacer not-mobile\"><\/div>\n\n\n\n<div style=\"height:40px\" aria-hidden=\"true\" class=\"wp-block-spacer not-desktop\"><\/div>\n\n\n<div class=\"wp-block-buttons is-content-justification-center is-layout-flex wp-container-core-buttons-is-layout-16018d1d wp-block-buttons-is-layout-flex\">\n<div class=\"wp-block-button has-custom-width wp-block-button__width-50 has-custom-font-size is-style-outline has-small-font-size is-style-outline--2\"><a class=\"wp-block-button__link has-text-color has-link-color has-text-align-center wp-element-button\" href=\"\/wp-content\/uploads\/2025\/01\/katalog-2.pdf\" style=\"border-radius:0px;color:#e30614\"><strong>KATALOG HERUNTERLADEN<\/strong><\/a><\/div>\n<\/div>\n\n\n<div style=\"height:64px\" aria-hidden=\"true\" class=\"wp-block-spacer not-mobile\"><\/div>\n\n\n\n<div style=\"height:40px\" aria-hidden=\"true\" class=\"wp-block-spacer not-desktop\"><\/div>","protected":false},"excerpt":{"rendered":"<p>BODENVERDICHTER KOMPLETTE V-SERIE Der robuste und stabile Drehmechanismus der MTS-Verdichter, sowie die optimale Bauh\u00f6he f\u00fcr den Einsatz auf kleinem Raum (z.B. in Schalungen). MEHR SEHEN \u2192 OPTIONALE AUSSTATTUNG Zusatzausr\u00fcstungen f\u00fcr &#8230;<\/p>\n","protected":false},"author":2,"featured_media":0,"parent":0,"menu_order":0,"comment_status":"closed","ping_status":"closed","template":"template-fullwidth-stretched.php","meta":{"footnotes":""},"class_list":["post-847","page","type-page","status-publish","hentry"],"aioseo_notices":[],"_links":{"self":[{"href":"https:\/\/dt-automatyzacja.pl\/de\/index.php\/wp-json\/wp\/v2\/pages\/847","targetHints":{"allow":["GET"]}}],"collection":[{"href":"https:\/\/dt-automatyzacja.pl\/de\/index.php\/wp-json\/wp\/v2\/pages"}],"about":[{"href":"https:\/\/dt-automatyzacja.pl\/de\/index.php\/wp-json\/wp\/v2\/types\/page"}],"author":[{"embeddable":true,"href":"https:\/\/dt-automatyzacja.pl\/de\/index.php\/wp-json\/wp\/v2\/users\/2"}],"replies":[{"embeddable":true,"href":"https:\/\/dt-automatyzacja.pl\/de\/index.php\/wp-json\/wp\/v2\/comments?post=847"}],"version-history":[{"count":42,"href":"https:\/\/dt-automatyzacja.pl\/de\/index.php\/wp-json\/wp\/v2\/pages\/847\/revisions"}],"predecessor-version":[{"id":2527,"href":"https:\/\/dt-automatyzacja.pl\/de\/index.php\/wp-json\/wp\/v2\/pages\/847\/revisions\/2527"}],"wp:attachment":[{"href":"https:\/\/dt-automatyzacja.pl\/de\/index.php\/wp-json\/wp\/v2\/media?parent=847"}],"curies":[{"name":"wp","href":"https:\/\/api.w.org\/{rel}","templated":true}]}}