{"id":1705,"date":"2025-02-24T14:29:58","date_gmt":"2025-02-24T13:29:58","guid":{"rendered":"https:\/\/dt-auto.com\/?page_id=1705"},"modified":"2025-11-19T21:44:27","modified_gmt":"2025-11-19T20:44:27","slug":"cat-cyfrowy-plac-budowy-mts-pilot","status":"publish","type":"page","link":"https:\/\/dt-automatyzacja.pl\/de\/index.php\/cat-cyfrowy-plac-budowy-mts-pilot\/","title":{"rendered":"CAT &#8211; Cyfrowy plac budowy &#8211; MTS-Pilot"},"content":{"rendered":"<div style=\"height:64px\" aria-hidden=\"true\" class=\"wp-block-spacer not-mobile\"><\/div>\n\n\n\n<div style=\"height:40px\" aria-hidden=\"true\" class=\"wp-block-spacer not-desktop\"><\/div>\n\n\n<h1 class=\"wp-block-heading full-screen-padding has-text-color has-link-color wp-elements-0c0e4b3ae6faa9b7c6c05d5e9eb28640\" style=\"color:#e30614\">MTS-PILOT<\/h1>\n\n\n\n<p class=\"full-screen-padding has-black-color has-text-color has-link-color has-medium-font-size wp-elements-dbccaed25a347e115cb20906700f5437\">Der digitale Werkzeugkasten der modernen Baustelle.<\/p>\n\n\n<div style=\"height:64px\" aria-hidden=\"true\" class=\"wp-block-spacer not-mobile\"><\/div>\n\n\n\n<div style=\"height:40px\" aria-hidden=\"true\" class=\"wp-block-spacer not-desktop\"><\/div>\n\n\n<h2 class=\"wp-block-heading has-text-align-center full-screen-padding center has-text-color has-link-color wp-elements-8ae8cacf50f105b84864e7dbd9974381\" style=\"color:#319340\"><strong>DIGITALER WERKZEUGKASTEN<\/strong><\/h2>\n\n\n\n<p class=\"has-text-align-center center has-small-font-size\"><strong>EINE MODERNE BAUSTELLE<\/strong><\/p>\n\n\n\n<div class=\"wp-block-group not-desktop full-screen-padding expanded-pointers\"><div class=\"wp-block-group__inner-container is-layout-constrained wp-block-group-is-layout-constrained\">\n<figure class=\"wp-block-image size-full center\"><img loading=\"lazy\" decoding=\"async\" width=\"545\" height=\"382\" src=\"https:\/\/dt-auto.com\/wp-content\/uploads\/2025\/02\/cyfrowy-plac-budowy-i-sterowanie-maszyny-mts-pilot-wykres-1-mob.jpg\" alt=\"\" class=\"wp-image-1774\" srcset=\"https:\/\/dt-automatyzacja.pl\/wp-content\/uploads\/2025\/02\/cyfrowy-plac-budowy-i-sterowanie-maszyny-mts-pilot-wykres-1-mob.jpg 545w, https:\/\/dt-automatyzacja.pl\/wp-content\/uploads\/2025\/02\/cyfrowy-plac-budowy-i-sterowanie-maszyny-mts-pilot-wykres-1-mob-300x210.jpg 300w\" sizes=\"auto, (max-width: 545px) 100vw, 545px\" \/><\/figure>\n<\/div><\/div>\n\n\n<div style=\"height:64px\" aria-hidden=\"true\" class=\"wp-block-spacer not-mobile\"><\/div>\n\n\n\n<div style=\"height:40px\" aria-hidden=\"true\" class=\"wp-block-spacer not-desktop\"><\/div>\n\n\n<div class=\"wp-block-group full-screen-padding\"><div class=\"wp-block-group__inner-container is-layout-constrained wp-block-group-is-layout-constrained\">\n<div class=\"wp-block-columns is-layout-flex wp-container-core-columns-is-layout-9d6595d7 wp-block-columns-is-layout-flex\">\n<div class=\"wp-block-column is-layout-flow wp-block-column-is-layout-flow\"><div class=\"su-box su-box-style-default\" id=\"\" style=\"border-color:#000000;border-radius:3px;\"><div class=\"su-box-title\" style=\"background-color:#333333;color:#FFFFFF;border-top-left-radius:1px;border-top-right-radius:1px\">MTS-CAD<\/div><div class=\"su-box-content su-u-clearfix su-u-trim\" style=\"border-bottom-left-radius:1px;border-bottom-right-radius:1px\">\n<div class=\"su-heading su-heading-style-custom su-heading-align-left custom-su-heading\" id=\"\" style=\"font-size:16px;margin-bottom:20px\"><div class=\"su-heading-inner\">\nDATENVORBEREITUNG<br \/>\n<\/div><\/div>\n<div class=\"su-list\" style=\"margin-left:8px\">\n<ul>\n<li><i class=\"sui sui-check\" style=\"color:#333\"><\/i> <span><\/span>M\u00f6glichkeit zur eigenst\u00e4ndigen Erstellung von Baupl\u00e4nen<\/li>\n<li><i class=\"sui sui-check\" style=\"color:#333\"><\/i> <span><\/span>Darstellung von Kan\u00e4len und Rohren als 3D-Linien<\/li>\n<li><i class=\"sui sui-check\" style=\"color:#333\"><\/i> <span><\/span>Erstellung digitaler Gel\u00e4ndemodelle auf Basis von Messdaten und Punktwolken, \u00dcberpr\u00fcfung und Erg\u00e4nzung bestehender Planungsmaterialien<\/li>\n<li><i class=\"sui sui-check\" style=\"color:#333\"><\/i> <span><\/span>Erkennung von Planungsfehlern vor dem Baustopp<\/li>\n<li><i class=\"sui sui-check\" style=\"color:#333\"><\/i> <span><\/span>Erleichterung des Managements durch Nutzung von L\u00e4ngen-, Fl\u00e4chen- und Volumenmessungen w\u00e4hrend der Bauarbeiten<\/li>\n<li><i class=\"sui sui-check\" style=\"color:#333\"><\/i> <span><\/span>Nutzung von L\u00e4ngen-, Fl\u00e4chen- und Volumenwerten f\u00fcr vollst\u00e4ndige und kontrollierte Berechnungsdaten<\/li>\n<\/ul>\n<\/div>\n<\/div><\/div>\n<\/div>\n\n\n\n<div class=\"wp-block-column is-layout-flow wp-block-column-is-layout-flow\"><div class=\"su-box su-box-style-default\" id=\"\" style=\"border-color:#000000;border-radius:3px;\"><div class=\"su-box-title\" style=\"background-color:#333333;color:#FFFFFF;border-top-left-radius:1px;border-top-right-radius:1px\">MTS-NAVI<\/div><div class=\"su-box-content su-u-clearfix su-u-trim\" style=\"border-bottom-left-radius:1px;border-bottom-right-radius:1px\">  <\/p>\n<div class=\"su-heading su-heading-style-custom su-heading-align-left custom-su-heading\" id=\"\" style=\"font-size:16px;margin-bottom:20px\"><div class=\"su-heading-inner\">\nBAGGER + PLANIERMASCHINE<br \/>\n<\/div><\/div>  <\/p>\n<div class=\"su-list\" style=\"margin-left:8px\">  <\/p>\n<ul>\n<li><i class=\"sui sui-check\" style=\"color:#333\"><\/i> <span><\/span>Baggernavigationssystem<\/li>\n<li><i class=\"sui sui-check\" style=\"color:#333\"><\/i> <span><\/span>Pr\u00e4zise F\u00fchrung des Baggerl\u00f6ffels entlang des digitalen Gel\u00e4ndemodells oder einer Linie<\/li>\n<li><i class=\"sui sui-check\" style=\"color:#333\"><\/i> <span><\/span>Sofortige Verf\u00fcgbarkeit aller Informationen zur aktuellen Bausituation<\/li>\n<li><i class=\"sui sui-check\" style=\"color:#333\"><\/i> <span><\/span>Pr\u00e4zise Darstellung des Grabensohls, des Damms und des Grabens<\/li>\n<li><i class=\"sui sui-check\" style=\"color:#333\"><\/i> <span><\/span>Klare Visualisierung von Kanal- und Stra\u00dfenachsen oder Fahrbahnr\u00e4ndern<\/li>\n<li><i class=\"sui sui-check\" style=\"color:#333\"><\/i> <span><\/span>Eliminierung des Nivellierungsprozesses<\/li>\n<li><i class=\"sui sui-check\" style=\"color:#333\"><\/i> <span><\/span>Keine Notwendigkeit f\u00fcr Pfl\u00f6cke und Sicherungen<\/li>\n<li><i class=\"sui sui-check\" style=\"color:#333\"><\/i> <span><\/span>Grabungs- und Schichtassistent als praktische Werkzeuge<\/li>\n<\/ul>\n<\/div>  <\/p>\n<\/div><\/div>\n<\/div>\n<\/div>\n\n\n\n<div class=\"wp-block-columns is-layout-flex wp-container-core-columns-is-layout-9d6595d7 wp-block-columns-is-layout-flex\">\n<div class=\"wp-block-column is-layout-flow wp-block-column-is-layout-flow\"><div class=\"su-box su-box-style-default\" id=\"\" style=\"border-color:#000000;border-radius:3px;\"><div class=\"su-box-title\" style=\"background-color:#333333;color:#FFFFFF;border-top-left-radius:1px;border-top-right-radius:1px\">MTS-CAD<\/div><div class=\"su-box-content su-u-clearfix su-u-trim\" style=\"border-bottom-left-radius:1px;border-bottom-right-radius:1px\">  <\/p>\n<div class=\"su-heading su-heading-style-custom su-heading-align-left custom-su-heading\" id=\"\" style=\"font-size:16px;margin-bottom:20px\"><div class=\"su-heading-inner\">\nVERMESSUNG<br \/>\n<\/div><\/div>  <\/p>\n<div class=\"su-list\" style=\"margin-left:8px\">  <\/p>\n<ul>\n<li><i class=\"sui sui-check\" style=\"color:#333\"><\/i> <span><\/span>Eliminierung der Vorababsteckung durch den Geod\u00e4ten<\/li>\n<li><i class=\"sui sui-check\" style=\"color:#333\"><\/i> <span><\/span>M\u00f6glichkeit, Pfl\u00f6cke eigenst\u00e4ndig und zum gew\u00fcnschten Zeitpunkt zu setzen<\/li>\n<li><i class=\"sui sui-check\" style=\"color:#333\"><\/i> <span><\/span>Option zum Ausdruck der Messwerte<\/li>\n<li><i class=\"sui sui-check\" style=\"color:#333\"><\/i> <span><\/span>Erweiterte Absteckfunktionen wie Zwischenmessungen<\/li>\n<li><i class=\"sui sui-check\" style=\"color:#333\"><\/i> <span><\/span>Pr\u00e4zise Gel\u00e4ndevermessung erm\u00f6glicht eine genaue Bestimmung und Zuordnung des bewegten Erdreichs<\/li>\n<li><i class=\"sui sui-check\" style=\"color:#333\"><\/i> <span><\/span>Pr\u00e4zise Dokumentation jedes Arbeitsschritts und Sicherstellung der Vollst\u00e4ndigkeit der Abrechnungsdokumentation<\/li>\n<\/ul>\n<\/div>  <\/p>\n<\/div><\/div>\n<\/div>\n\n\n\n<div class=\"wp-block-column is-layout-flow wp-block-column-is-layout-flow\"><div class=\"su-box su-box-style-default\" id=\"\" style=\"border-color:#000000;border-radius:3px;\"><div class=\"su-box-title\" style=\"background-color:#333333;color:#FFFFFF;border-top-left-radius:1px;border-top-right-radius:1px\">MTS-NAVI<\/div><div class=\"su-box-content su-u-clearfix su-u-trim\" style=\"border-bottom-left-radius:1px;border-bottom-right-radius:1px\">  <\/p>\n<div class=\"su-heading su-heading-style-custom su-heading-align-left custom-su-heading\" id=\"\" style=\"font-size:16px;margin-bottom:20px\"><div class=\"su-heading-inner\">\nSCHICHTASSISTENT F\u00dcR DAMMBEREICHE<br \/>\n<\/div><\/div>  <\/p>\n<div class=\"su-list\" style=\"margin-left:8px\">  <\/p>\n<ul>\n<li><i class=\"sui sui-check\" style=\"color:#333\"><\/i> <span><\/span>Bestimmung und Einhaltung der korrekten Schichth\u00f6he<\/li>\n<li><i class=\"sui sui-check\" style=\"color:#333\"><\/i> <span><\/span>Grafische Darstellung der Schichth\u00f6he auf dem Baggercomputer<\/li>\n<\/ul>\n<\/div>  <\/p>\n<div class=\"su-heading su-heading-style-custom su-heading-align-left custom-su-heading\" id=\"\" style=\"font-size:16px;margin-bottom:20px\"><div class=\"su-heading-inner\">\nSIGNAL ZUR VERDICHTUNGSABSCHLUSS UND PROTOKOLL-ANZEIGE<br \/>\n<\/div><\/div>  <\/p>\n<div class=\"su-list\" style=\"margin-left:8px\">  <\/p>\n<ul>\n<li><i class=\"sui sui-check\" style=\"color:#333\"><\/i> <span><\/span>Messung durch die Verdichtungsmaschine und Anzeige des Verdichtungsabschlusses<\/li>\n<li><i class=\"sui sui-check\" style=\"color:#333\"><\/i> <span><\/span>Anzeige der Meldung und des Protokolls auf dem Baggercomputer<\/li>\n<\/ul>\n<\/div>  <\/p>\n<div class=\"su-heading su-heading-style-custom su-heading-align-left custom-su-heading\" id=\"\" style=\"font-size:16px;margin-bottom:20px\"><div class=\"su-heading-inner\">\nTRAGF\u00c4HIGKEITSKONTROLLE<br \/>\n<\/div><\/div>  <\/p>\n<div class=\"su-list\" style=\"margin-left:8px\">  <\/p>\n<ul>\n<li><i class=\"sui sui-check\" style=\"color:#333\"><\/i> <span><\/span>Kontrollmessung mit dem leichten HMP-Messmodul<\/li>\n<li><i class=\"sui sui-check\" style=\"color:#333\"><\/i> <span><\/span>\u00dcbernahme des Evd-Wertes in die Baudaten mit einer Genauigkeit von 1 cm<\/li>\n<li><i class=\"sui sui-check\" style=\"color:#333\"><\/i> <span><\/span>PDF-Protokolle und Darstellung der Messkurven oder Messpunkte im Bauplan<\/li>\n<\/ul>\n<\/div>  <\/p>\n<\/div><\/div>\n<\/div>\n<\/div>\n<\/div><\/div>\n\n\n\n<div class=\"wp-block-group has-background is-vertical is-layout-flex wp-container-core-group-is-layout-8cf370e7 wp-block-group-is-layout-flex\" style=\"background-color:#319340\"><div style=\"height:64px\" aria-hidden=\"true\" class=\"wp-block-spacer not-mobile\"><\/div>\n\n\n\n<div style=\"height:40px\" aria-hidden=\"true\" class=\"wp-block-spacer not-desktop\"><\/div>\n\n\n<h2 class=\"wp-block-heading full-screen-padding has-white-color has-text-color has-link-color wp-elements-c870a8b1a499b88c03d44de6e069f556\">DER MTS-PILOT IST EINE ERFOLGSGARANTIE<\/h2>\n\n\n<div style=\"height:64px\" aria-hidden=\"true\" class=\"wp-block-spacer not-mobile\"><\/div>\n\n\n\n<div style=\"height:40px\" aria-hidden=\"true\" class=\"wp-block-spacer not-desktop\"><\/div><\/div>\n\n\n\n<div class=\"wp-block-group alignfull full-screen-padding has-background is-content-justification-center\" style=\"background-color:#e6e6e6;margin-top:0;margin-bottom:0;padding-top:calc( 0.5 * var(--wp--style--root--padding-right, var(--wp--custom--gap--horizontal)));padding-right:var(--wp--style--root--padding-right, var(--wp--custom--gap--horizontal));padding-bottom:calc( 0.5 * var(--wp--style--root--padding-right, var(--wp--custom--gap--horizontal)));padding-left:var(--wp--style--root--padding-left, var(--wp--custom--gap--horizontal))\"><div class=\"wp-block-group__inner-container is-layout-constrained wp-container-core-group-is-layout-b073b61b wp-block-group-is-layout-constrained\">\n<div style=\"height:calc( 0.25 * var(--wp--style--root--padding-right, var(--wp--custom--gap--horizontal)))\" aria-hidden=\"true\" class=\"wp-block-spacer\"><\/div>\n\n\n<div style=\"height:64px\" aria-hidden=\"true\" class=\"wp-block-spacer not-mobile\"><\/div>\n\n\n\n<div style=\"height:40px\" aria-hidden=\"true\" class=\"wp-block-spacer not-desktop\"><\/div>\n\n\n<div class=\"wp-block-columns alignwide is-layout-flex wp-container-core-columns-is-layout-bd0aba32 wp-block-columns-is-layout-flex\">\n<div class=\"wp-block-column is-layout-flow wp-block-column-is-layout-flow\">\n<h3 class=\"wp-block-heading\"><strong><strong>OPTIMIERUNG DES BAUPROZESSES<\/strong><\/strong><\/h3>\n\n\n<div class=\"su-list\" style=\"margin-left:8px\">  <\/p>\n<ul>\n<li><i class=\"sui sui-check\" style=\"color:#333\"><\/i> <span><\/span>Umfassende Planung \u2013 Ausf\u00fchrung \u2013 Abrechnung \u2013 Dokumentation<\/li>\n<li><i class=\"sui sui-check\" style=\"color:#333\"><\/i> <span><\/span>Kontinuierliche Positions- und H\u00f6henkontrolle<\/li>\n<li><i class=\"sui sui-check\" style=\"color:#333\"><\/i> <span><\/span>Pr\u00e4zision und Qualit\u00e4tskontrolle<\/li>\n<li><i class=\"sui sui-check\" style=\"color:#333\"><\/i> <span><\/span>Integration mit automatisierten Technologien (MTS-VA)<\/li>\n<li><i class=\"sui sui-check\" style=\"color:#333\"><\/i> <span><\/span>Anpassung an den BIM-Standard<\/li>\n<\/ul>\n<\/div>\n\n\n\n<div style=\"height:36px\" aria-hidden=\"true\" class=\"wp-block-spacer\"><\/div>\n\n\n\n<h3 class=\"wp-block-heading\"><strong><strong>REDUZIERTER MESSAUFWAND<\/strong><\/strong><\/h3>\n\n\n<div class=\"su-list\" style=\"margin-left:8px\">  <\/p>\n<ul>\n<li><i class=\"sui sui-check\" style=\"color:#333\"><\/i> <span><\/span>Abschluss der Vermessung vor Baubeginn<\/li>\n<li><i class=\"sui sui-check\" style=\"color:#333\"><\/i> <span><\/span>Sofortige Erkennung von Fehlern und Planungsm\u00e4ngeln<\/li>\n<\/ul>\n<\/div>\n<\/div>\n\n\n\n<div class=\"wp-block-column is-layout-flow wp-block-column-is-layout-flow\">\n<h3 class=\"wp-block-heading\"><strong>BESCHLEUNIGUNG DER BAUARBEITEN<\/strong><\/h3>\n\n\n<div class=\"su-list\" style=\"margin-left:8px\">  <\/p>\n<ul>\n<li><i class=\"sui sui-check\" style=\"color:#333\"><\/i> <span><\/span>Hohe Effizienz<\/li>\n<li><i class=\"sui sui-check\" style=\"color:#333\"><\/i> <span><\/span>Kurze Stillstandszeiten<\/li>\n<li><i class=\"sui sui-check\" style=\"color:#333\"><\/i> <span><\/span>Eigenst\u00e4ndige Arbeit des Baggerf\u00fchrers<\/li>\n<li><i class=\"sui sui-check\" style=\"color:#333\"><\/i> <span><\/span>Eliminierung von unzureichendem oder \u00fcberm\u00e4\u00dfigem Aushub<\/li>\n<\/ul>\n<\/div>\n\n\n\n<div style=\"height:36px\" aria-hidden=\"true\" class=\"wp-block-spacer\"><\/div>\n\n\n\n<h3 class=\"wp-block-heading\"><strong>H\u00d6HERES NIVEAU DER ARBEITSSICHERHEIT<\/strong><\/h3>\n\n\n<div class=\"su-list\" style=\"margin-left:8px\">  <\/p>\n<ul>\n<li><i class=\"sui sui-check\" style=\"color:#333\"><\/i> <span><\/span>Zugang des Baggers zu schwer erreichbaren Bereichen, auch in einer Tiefe von 5 m<\/li>\n<\/ul>\n<\/div>\n\n\n\n<div style=\"height:36px\" aria-hidden=\"true\" class=\"wp-block-spacer\"><\/div>\n\n\n\n<h3 class=\"wp-block-heading\"><strong>ERSCHLIESSUNG NEUER MARKTCHANCEN<\/strong><\/h3>\n\n\n<div class=\"su-list\" style=\"margin-left:8px\">  <\/p>\n<ul>\n<li><i class=\"sui sui-check\" style=\"color:#333\"><\/i> <span><\/span>M\u00f6glichkeit zur Durchf\u00fchrung von Bauarbeiten, die ohne 3D-Baggersteuerung unwirtschaftlich w\u00e4ren<\/li>\n<\/ul>\n<\/div>\n<\/div>\n<\/div>\n\n\n<div style=\"height:64px\" aria-hidden=\"true\" class=\"wp-block-spacer not-mobile\"><\/div>\n\n\n\n<div style=\"height:40px\" aria-hidden=\"true\" class=\"wp-block-spacer not-desktop\"><\/div>\n\n\n<div style=\"height:calc( 0.25 * var(--wp--style--root--padding-right, var(--wp--custom--gap--horizontal)))\" aria-hidden=\"true\" class=\"wp-block-spacer\"><\/div>\n<\/div><\/div>\n\n\n<div style=\"height:64px\" aria-hidden=\"true\" class=\"wp-block-spacer not-mobile\"><\/div>\n\n\n\n<div style=\"height:40px\" aria-hidden=\"true\" class=\"wp-block-spacer not-desktop\"><\/div>\n\n\n<div class=\"wp-block-buttons is-content-justification-center is-layout-flex wp-container-core-buttons-is-layout-16018d1d wp-block-buttons-is-layout-flex\">\n<div class=\"wp-block-button has-custom-width wp-block-button__width-50 has-custom-font-size is-style-outline has-small-font-size is-style-outline--2\"><a class=\"wp-block-button__link has-text-color has-link-color has-text-align-center wp-element-button\" href=\"\/wp-content\/uploads\/2025\/01\/katalog-2.pdf\" style=\"border-radius:0px;color:#e30614\"><strong>KATALOG HERUNTERLADEN<\/strong><\/a><\/div>\n<\/div>\n\n\n<div style=\"height:64px\" aria-hidden=\"true\" class=\"wp-block-spacer not-mobile\"><\/div>\n\n\n\n<div style=\"height:40px\" aria-hidden=\"true\" class=\"wp-block-spacer not-desktop\"><\/div>","protected":false},"excerpt":{"rendered":"<p>MTS-PILOT Der digitale Werkzeugkasten der modernen Baustelle. DIGITALER WERKZEUGKASTEN EINE MODERNE BAUSTELLE DER MTS-PILOT IST EINE ERFOLGSGARANTIE OPTIMIERUNG DES BAUPROZESSES REDUZIERTER MESSAUFWAND BESCHLEUNIGUNG DER BAUARBEITEN H\u00d6HERES NIVEAU DER ARBEITSSICHERHEIT ERSCHLIESSUNG &#8230;<\/p>\n","protected":false},"author":2,"featured_media":0,"parent":0,"menu_order":0,"comment_status":"closed","ping_status":"closed","template":"template-fullwidth-stretched.php","meta":{"footnotes":""},"class_list":["post-1705","page","type-page","status-publish","hentry"],"aioseo_notices":[],"_links":{"self":[{"href":"https:\/\/dt-automatyzacja.pl\/de\/index.php\/wp-json\/wp\/v2\/pages\/1705","targetHints":{"allow":["GET"]}}],"collection":[{"href":"https:\/\/dt-automatyzacja.pl\/de\/index.php\/wp-json\/wp\/v2\/pages"}],"about":[{"href":"https:\/\/dt-automatyzacja.pl\/de\/index.php\/wp-json\/wp\/v2\/types\/page"}],"author":[{"embeddable":true,"href":"https:\/\/dt-automatyzacja.pl\/de\/index.php\/wp-json\/wp\/v2\/users\/2"}],"replies":[{"embeddable":true,"href":"https:\/\/dt-automatyzacja.pl\/de\/index.php\/wp-json\/wp\/v2\/comments?post=1705"}],"version-history":[{"count":19,"href":"https:\/\/dt-automatyzacja.pl\/de\/index.php\/wp-json\/wp\/v2\/pages\/1705\/revisions"}],"predecessor-version":[{"id":2500,"href":"https:\/\/dt-automatyzacja.pl\/de\/index.php\/wp-json\/wp\/v2\/pages\/1705\/revisions\/2500"}],"wp:attachment":[{"href":"https:\/\/dt-automatyzacja.pl\/de\/index.php\/wp-json\/wp\/v2\/media?parent=1705"}],"curies":[{"name":"wp","href":"https:\/\/api.w.org\/{rel}","templated":true}]}}