{"id":1693,"date":"2025-02-24T14:22:07","date_gmt":"2025-02-24T13:22:07","guid":{"rendered":"https:\/\/dt-auto.com\/?page_id=1693"},"modified":"2025-11-19T23:29:59","modified_gmt":"2025-11-19T22:29:59","slug":"cat-cyfrowy-plac-budowy","status":"publish","type":"page","link":"https:\/\/dt-automatyzacja.pl\/de\/index.php\/cat-cyfrowy-plac-budowy\/","title":{"rendered":"CAT &#8211; Cyfrowy plac budowy"},"content":{"rendered":"<div style=\"height:64px\" aria-hidden=\"true\" class=\"wp-block-spacer not-mobile\"><\/div>\n\n\n\n<div style=\"height:40px\" aria-hidden=\"true\" class=\"wp-block-spacer not-desktop\"><\/div>\n\n\n<h1 class=\"wp-block-heading full-screen-padding has-text-color has-link-color wp-elements-9983710359c84e055b419816b834ff1e\" style=\"color:#e30614\">DIGITALE HOF- UND MASCHINENSTEUERUNG<\/h1>\n\n\n\n<div class=\"wp-block-group full-screen-padding top-spoilers\"><div class=\"wp-block-group__inner-container is-layout-constrained wp-block-group-is-layout-constrained\"><div class=\"su-spoiler su-spoiler-style-fancy su-spoiler-icon-chevron su-spoiler-closed\" data-scroll-offset=\"0\" data-anchor-in-url=\"no\"><div class=\"su-spoiler-title\" tabindex=\"0\" role=\"button\"><span class=\"su-spoiler-icon\"><\/span>WOF\u00dcR KANN DIE 3D-NAVIGATION EINGESETZT WERDEN?<\/div><div class=\"su-spoiler-content su-u-clearfix su-u-trim\">\nDas 3D-Navigationssystem wird bei Arbeiten eingesetzt, die eine extreme Genauigkeit erfordern (1 bis 3 cm), bei Kanal- und Rohrverlegungsarbeiten (das System zeigt die Position der durch den Arbeitsbereich verlaufenden Rohre an), bei schlechten Sichtverh\u00e4ltnissen und wenn gro\u00dfe Erdbewegungsmassen erforderlich sind. Das System erm\u00f6glicht die st\u00e4ndige \u00dcberwachung der H\u00f6he und Position des Baggers durch den Bediener, so dass das korrekte Bodenprofil w\u00e4hrend der Aufsch\u00fcttung beibehalten werden kann.<br \/>\n<\/div><\/div>\n\n\n<div class=\"su-spoiler su-spoiler-style-fancy su-spoiler-icon-chevron su-spoiler-closed\" data-scroll-offset=\"0\" data-anchor-in-url=\"no\"><div class=\"su-spoiler-title\" tabindex=\"0\" role=\"button\"><span class=\"su-spoiler-icon\"><\/span>LOHNT SICH DIE INVESTITION IN MTS NAVI NUR F\u00dcR GROSSE UNTERNEHMEN?<\/div><div class=\"su-spoiler-content su-u-clearfix su-u-trim\">\nEs ist m\u00f6glich, den Bagger umfassend auf das MTS-Navi-System vorzubereiten (Befestigung von Halterungen, Messungen, Kalibrierung, Installation) und dann die Komponenten des Navigationssystems je nach den Anforderungen der Arbeitsaufgabe zu mieten.<br \/>\n<\/div><\/div>\n\n\n<div class=\"su-spoiler su-spoiler-style-fancy su-spoiler-icon-chevron su-spoiler-closed\" data-scroll-offset=\"0\" data-anchor-in-url=\"no\"><div class=\"su-spoiler-title\" tabindex=\"0\" role=\"button\"><span class=\"su-spoiler-icon\"><\/span>IST EINE BASISSTATION ERFORDERLICH?<\/div><div class=\"su-spoiler-content su-u-clearfix su-u-trim\">\nF\u00fcr kurze Bauarbeiten besteht die M\u00f6glichkeit, Funkkommunikation zu verwenden &#8211; die zellulare Kommunikation erm\u00f6glicht den Empfang von Korrekturdaten. F\u00fcr lange Bauarbeiten empfiehlt sich die Verwendung von Basisfunkverbindungen, die den Einsatz von mehreren Baggern und modularen Rover-Feldvermessungen erm\u00f6glichen (die Basisstation ist mit Basisstationen anderer Hersteller kompatibel).<br \/>\n<\/div><\/div>\n<\/div><\/div>\n\n\n<div style=\"height:64px\" aria-hidden=\"true\" class=\"wp-block-spacer not-mobile\"><\/div>\n\n\n\n<div style=\"height:40px\" aria-hidden=\"true\" class=\"wp-block-spacer not-desktop\"><\/div>\n\n\n<div class=\"wp-block-group mobile-break half-desktop has-background is-content-justification-left is-nowrap is-layout-flex wp-container-core-group-is-layout-c6736c52 wp-block-group-is-layout-flex\" style=\"background-color:#f0f0f0\">\n<figure class=\"wp-block-image size-full round-corners small-image-preview\"><a href=\"\/de\/index.php\/cat-cyfrowy-plac-budowy-sterowanie-koparki\/\"><img loading=\"lazy\" decoding=\"async\" width=\"800\" height=\"800\" src=\"https:\/\/dt-auto.com\/wp-content\/uploads\/2025\/02\/cyfrowy-plac-budowy-i-sterowanie-maszyny-sterowanie-koparki-3-d.jpg\" alt=\"\" class=\"wp-image-1699\" style=\"aspect-ratio:1;object-fit:cover\" srcset=\"https:\/\/dt-automatyzacja.pl\/wp-content\/uploads\/2025\/02\/cyfrowy-plac-budowy-i-sterowanie-maszyny-sterowanie-koparki-3-d.jpg 800w, https:\/\/dt-automatyzacja.pl\/wp-content\/uploads\/2025\/02\/cyfrowy-plac-budowy-i-sterowanie-maszyny-sterowanie-koparki-3-d-300x300.jpg 300w, https:\/\/dt-automatyzacja.pl\/wp-content\/uploads\/2025\/02\/cyfrowy-plac-budowy-i-sterowanie-maszyny-sterowanie-koparki-3-d-150x150.jpg 150w, https:\/\/dt-automatyzacja.pl\/wp-content\/uploads\/2025\/02\/cyfrowy-plac-budowy-i-sterowanie-maszyny-sterowanie-koparki-3-d-768x768.jpg 768w, https:\/\/dt-automatyzacja.pl\/wp-content\/uploads\/2025\/02\/cyfrowy-plac-budowy-i-sterowanie-maszyny-sterowanie-koparki-3-d-600x600.jpg 600w, https:\/\/dt-automatyzacja.pl\/wp-content\/uploads\/2025\/02\/cyfrowy-plac-budowy-i-sterowanie-maszyny-sterowanie-koparki-3-d-100x100.jpg 100w\" sizes=\"auto, (max-width: 800px) 100vw, 800px\" \/><\/a><\/figure>\n\n\n\n<div style=\"height:100px;width:40px\" aria-hidden=\"true\" class=\"wp-block-spacer wp-container-content-28f0cd9b\"><\/div>\n\n\n\n<div class=\"wp-block-group flex is-vertical is-content-justification-stretch is-layout-flex wp-container-core-group-is-layout-b16ad781 wp-block-group-is-layout-flex\">\n<h3 class=\"wp-block-heading\"><a href=\"\/de\/index.php\/cat-cyfrowy-plac-budowy-sterowanie-koparki\/\" data-type=\"link\" data-id=\"\/de\/index.php\/cat-cyfrowy-plac-budowy-sterowanie-koparki\/\">3D BAGGERSTEUERUNG<\/a><\/h3>\n\n\n\n<p class=\"has-black-color has-text-color has-link-color has-small-font-size wp-elements-7ca62021f21089c633be4ce8bfcad65e\">3D-Navigation, bestehend aus Sensoren, Empf\u00e4nger, Antennen, ToughPad und Software, mit der der Fahrer den Bagger entlang eines digitalen Gel\u00e4ndemodells f\u00fchren kann.<\/p>\n\n\n\n<div style=\"height:50px\" aria-hidden=\"true\" class=\"wp-block-spacer wp-container-content-b30579f5\"><\/div>\n\n\n\n<h3 class=\"wp-block-heading has-text-align-right has-text-color has-link-color wp-elements-74f06b62b138b3ded2f7f43e3b6acbdf\" style=\"color:#e30613\"><a href=\"\/de\/index.php\/cat-cyfrowy-plac-budowy-sterowanie-koparki\/\" data-type=\"link\" data-id=\"\/de\/index.php\/cat-cyfrowy-plac-budowy-sterowanie-koparki\/\">MEHR SEHEN \u2192<\/a><\/h3>\n<\/div>\n<\/div>\n\n\n\n<div style=\"height:20px\" aria-hidden=\"true\" class=\"wp-block-spacer\"><\/div>\n\n\n\n<div class=\"wp-block-group mobile-break half-desktop has-background is-content-justification-left is-nowrap is-layout-flex wp-container-core-group-is-layout-c6736c52 wp-block-group-is-layout-flex\" style=\"background-color:#f0f0f0\">\n<figure class=\"wp-block-image size-full round-corners small-image-preview\"><a href=\"\/de\/index.php\/cat-cyfrowy-plac-budowy-mts-pilot\/\"><img loading=\"lazy\" decoding=\"async\" width=\"800\" height=\"800\" src=\"https:\/\/dt-auto.com\/wp-content\/uploads\/2025\/02\/cyfrowy-plac-budowy-i-sterowanie-maszyny-mts-pilot.jpg\" alt=\"\" class=\"wp-image-1697\" style=\"aspect-ratio:1;object-fit:cover\" srcset=\"https:\/\/dt-automatyzacja.pl\/wp-content\/uploads\/2025\/02\/cyfrowy-plac-budowy-i-sterowanie-maszyny-mts-pilot.jpg 800w, https:\/\/dt-automatyzacja.pl\/wp-content\/uploads\/2025\/02\/cyfrowy-plac-budowy-i-sterowanie-maszyny-mts-pilot-300x300.jpg 300w, https:\/\/dt-automatyzacja.pl\/wp-content\/uploads\/2025\/02\/cyfrowy-plac-budowy-i-sterowanie-maszyny-mts-pilot-150x150.jpg 150w, https:\/\/dt-automatyzacja.pl\/wp-content\/uploads\/2025\/02\/cyfrowy-plac-budowy-i-sterowanie-maszyny-mts-pilot-768x768.jpg 768w, https:\/\/dt-automatyzacja.pl\/wp-content\/uploads\/2025\/02\/cyfrowy-plac-budowy-i-sterowanie-maszyny-mts-pilot-600x600.jpg 600w, https:\/\/dt-automatyzacja.pl\/wp-content\/uploads\/2025\/02\/cyfrowy-plac-budowy-i-sterowanie-maszyny-mts-pilot-100x100.jpg 100w\" sizes=\"auto, (max-width: 800px) 100vw, 800px\" \/><\/a><\/figure>\n\n\n\n<div style=\"height:100px;width:40px\" aria-hidden=\"true\" class=\"wp-block-spacer wp-container-content-28f0cd9b\"><\/div>\n\n\n\n<div class=\"wp-block-group flex is-vertical is-content-justification-stretch is-layout-flex wp-container-core-group-is-layout-b16ad781 wp-block-group-is-layout-flex\">\n<h3 class=\"wp-block-heading\"><a href=\"\/de\/index.php\/cat-cyfrowy-plac-budowy-mts-pilot\/\" data-type=\"link\" data-id=\"\/de\/index.php\/cat-cyfrowy-plac-budowy-mts-pilot\/\">MTS-PILOT<\/a><\/h3>\n\n\n\n<p class=\"has-black-color has-text-color has-link-color has-small-font-size wp-elements-0aab572be8bda9118c43d95ef9a9b8e7\">Der digitale Werkzeugkasten der modernen Baustelle.<\/p>\n\n\n\n<div style=\"height:50px\" aria-hidden=\"true\" class=\"wp-block-spacer wp-container-content-b30579f5\"><\/div>\n\n\n\n<h3 class=\"wp-block-heading has-text-align-right has-text-color has-link-color wp-elements-e0a59bf0d9a99133e09ffd8019d162d6\" style=\"color:#e30613\"><a href=\"\/de\/index.php\/cat-cyfrowy-plac-budowy-mts-pilot\/\" data-type=\"link\" data-id=\"\/de\/index.php\/cat-cyfrowy-plac-budowy-mts-pilot\/\">MEHR SEHEN \u2192<\/a><\/h3>\n<\/div>\n<\/div>\n\n\n\n<div style=\"height:20px\" aria-hidden=\"true\" class=\"wp-block-spacer\"><\/div>\n\n\n\n<div class=\"wp-block-group mobile-break half-desktop has-background is-content-justification-left is-nowrap is-layout-flex wp-container-core-group-is-layout-c6736c52 wp-block-group-is-layout-flex\" style=\"background-color:#f0f0f0\">\n<figure class=\"wp-block-image size-full round-corners small-image-preview\"><a href=\"\/de\/index.php\/cat-cyfrowy-plac-budowy-mts-smart\/\"><img loading=\"lazy\" decoding=\"async\" width=\"800\" height=\"800\" src=\"https:\/\/dt-auto.com\/wp-content\/uploads\/2025\/02\/cyfrowy-plac-budowy-i-sterowanie-maszyny-mts-smart.jpg\" alt=\"\" class=\"wp-image-1700\" style=\"aspect-ratio:1;object-fit:cover\" srcset=\"https:\/\/dt-automatyzacja.pl\/wp-content\/uploads\/2025\/02\/cyfrowy-plac-budowy-i-sterowanie-maszyny-mts-smart.jpg 800w, https:\/\/dt-automatyzacja.pl\/wp-content\/uploads\/2025\/02\/cyfrowy-plac-budowy-i-sterowanie-maszyny-mts-smart-300x300.jpg 300w, https:\/\/dt-automatyzacja.pl\/wp-content\/uploads\/2025\/02\/cyfrowy-plac-budowy-i-sterowanie-maszyny-mts-smart-150x150.jpg 150w, https:\/\/dt-automatyzacja.pl\/wp-content\/uploads\/2025\/02\/cyfrowy-plac-budowy-i-sterowanie-maszyny-mts-smart-768x768.jpg 768w, https:\/\/dt-automatyzacja.pl\/wp-content\/uploads\/2025\/02\/cyfrowy-plac-budowy-i-sterowanie-maszyny-mts-smart-600x600.jpg 600w, https:\/\/dt-automatyzacja.pl\/wp-content\/uploads\/2025\/02\/cyfrowy-plac-budowy-i-sterowanie-maszyny-mts-smart-100x100.jpg 100w\" sizes=\"auto, (max-width: 800px) 100vw, 800px\" \/><\/a><\/figure>\n\n\n\n<div style=\"height:100px;width:40px\" aria-hidden=\"true\" class=\"wp-block-spacer wp-container-content-28f0cd9b\"><\/div>\n\n\n\n<div class=\"wp-block-group flex is-vertical is-content-justification-stretch is-layout-flex wp-container-core-group-is-layout-b16ad781 wp-block-group-is-layout-flex\">\n<h3 class=\"wp-block-heading\"><a href=\"\/de\/index.php\/cat-cyfrowy-plac-budowy-mts-smart\/\" data-type=\"link\" data-id=\"\/de\/index.php\/cat-cyfrowy-plac-budowy-mts-smart\/\">MTS-SMART<\/a><\/h3>\n\n\n\n<p class=\"has-black-color has-text-color has-link-color has-small-font-size wp-elements-e526d31baa33ee28f306111135591c9b\">Eine App, die f\u00fcr Ordnung sorgt und die Produktivit\u00e4t steigert, indem sie alle Ger\u00e4te vor Ort kontrolliert.<\/p>\n\n\n\n<div style=\"height:50px\" aria-hidden=\"true\" class=\"wp-block-spacer wp-container-content-b30579f5\"><\/div>\n\n\n\n<h3 class=\"wp-block-heading has-text-align-right has-text-color has-link-color wp-elements-67b593d6c19ddbe14916fc067ee9f6d8\" style=\"color:#e30613\"><a href=\"\/de\/index.php\/cat-cyfrowy-plac-budowy-mts-smart\/\" data-type=\"link\" data-id=\"https:\/\/dt-auto.com\/index.php\/cat-cyfrowy-plac-budowy-mts-smart\/\">MEHR SEHEN \u2192<\/a><\/h3>\n<\/div>\n<\/div>\n\n\n\n<div style=\"height:20px\" aria-hidden=\"true\" class=\"wp-block-spacer\"><\/div>\n\n\n\n<div class=\"wp-block-group mobile-break half-desktop has-background is-content-justification-left is-nowrap is-layout-flex wp-container-core-group-is-layout-c6736c52 wp-block-group-is-layout-flex\" style=\"background-color:#f0f0f0\">\n<figure class=\"wp-block-image size-full round-corners small-image-preview\"><a href=\"\/de\/index.php\/cat-cyfrowy-plac-budowy-przygotowanie-danych\/\"><img loading=\"lazy\" decoding=\"async\" width=\"800\" height=\"800\" src=\"https:\/\/dt-auto.com\/wp-content\/uploads\/2025\/02\/cyfrowy-plac-budowy-i-sterowanie-maszyny-przygotowanie-danych-3d.jpg\" alt=\"\" class=\"wp-image-1701\" style=\"aspect-ratio:1;object-fit:cover\" srcset=\"https:\/\/dt-automatyzacja.pl\/wp-content\/uploads\/2025\/02\/cyfrowy-plac-budowy-i-sterowanie-maszyny-przygotowanie-danych-3d.jpg 800w, https:\/\/dt-automatyzacja.pl\/wp-content\/uploads\/2025\/02\/cyfrowy-plac-budowy-i-sterowanie-maszyny-przygotowanie-danych-3d-300x300.jpg 300w, https:\/\/dt-automatyzacja.pl\/wp-content\/uploads\/2025\/02\/cyfrowy-plac-budowy-i-sterowanie-maszyny-przygotowanie-danych-3d-150x150.jpg 150w, https:\/\/dt-automatyzacja.pl\/wp-content\/uploads\/2025\/02\/cyfrowy-plac-budowy-i-sterowanie-maszyny-przygotowanie-danych-3d-768x768.jpg 768w, https:\/\/dt-automatyzacja.pl\/wp-content\/uploads\/2025\/02\/cyfrowy-plac-budowy-i-sterowanie-maszyny-przygotowanie-danych-3d-600x600.jpg 600w, https:\/\/dt-automatyzacja.pl\/wp-content\/uploads\/2025\/02\/cyfrowy-plac-budowy-i-sterowanie-maszyny-przygotowanie-danych-3d-100x100.jpg 100w\" sizes=\"auto, (max-width: 800px) 100vw, 800px\" \/><\/a><\/figure>\n\n\n\n<div style=\"height:100px;width:40px\" aria-hidden=\"true\" class=\"wp-block-spacer wp-container-content-28f0cd9b\"><\/div>\n\n\n\n<div class=\"wp-block-group flex is-vertical is-content-justification-stretch is-layout-flex wp-container-core-group-is-layout-b16ad781 wp-block-group-is-layout-flex\">\n<h3 class=\"wp-block-heading\"><a href=\"\/de\/index.php\/cat-cyfrowy-plac-budowy-przygotowanie-danych\/\" data-type=\"link\" data-id=\"\/de\/index.php\/cat-cyfrowy-plac-budowy-przygotowanie-danych\/\">3D-DATENAUFBEREITUNG<\/a><\/h3>\n\n\n\n<p class=\"has-black-color has-text-color has-link-color has-small-font-size wp-elements-b1891d251b79c656f2c0a014d36bc8f9\">Unterst\u00fctzung bei der \u00dcbertragung von Papierunterlagen in Baggersteuerungsdaten. Dieser Service umfasst Beratung, Personalschulung und komplette Datenverarbeitung.<\/p>\n\n\n\n<div style=\"height:50px\" aria-hidden=\"true\" class=\"wp-block-spacer wp-container-content-b30579f5\"><\/div>\n\n\n\n<h3 class=\"wp-block-heading has-text-align-right has-text-color has-link-color wp-elements-3a704445e49274db5aed7f3217483f2d\" style=\"color:#e30613\"><a href=\"\/de\/index.php\/cat-cyfrowy-plac-budowy-przygotowanie-danych\/\" data-type=\"link\" data-id=\"\/de\/index.php\/cat-cyfrowy-plac-budowy-przygotowanie-danych\/\">MEHR SEHEN \u2192<\/a><\/h3>\n<\/div>\n<\/div>\n\n\n<div style=\"height:64px\" aria-hidden=\"true\" class=\"wp-block-spacer not-mobile\"><\/div>\n\n\n\n<div style=\"height:40px\" aria-hidden=\"true\" class=\"wp-block-spacer not-desktop\"><\/div>\n\n\n<div class=\"wp-block-buttons is-content-justification-center is-layout-flex wp-container-core-buttons-is-layout-16018d1d wp-block-buttons-is-layout-flex\">\n<div class=\"wp-block-button has-custom-width wp-block-button__width-50 has-custom-font-size is-style-outline has-small-font-size is-style-outline--2\"><a class=\"wp-block-button__link has-text-color has-link-color has-text-align-center wp-element-button\" href=\"\/wp-content\/uploads\/2025\/01\/katalog-2.pdf\" style=\"border-radius:0px;color:#e30614\"><strong>KATALOG HERUNTERLADEN<\/strong><\/a><\/div>\n<\/div>\n\n\n<div style=\"height:64px\" aria-hidden=\"true\" class=\"wp-block-spacer not-mobile\"><\/div>\n\n\n\n<div style=\"height:40px\" aria-hidden=\"true\" class=\"wp-block-spacer not-desktop\"><\/div>","protected":false},"excerpt":{"rendered":"<p>DIGITALE HOF- UND MASCHINENSTEUERUNG 3D BAGGERSTEUERUNG 3D-Navigation, bestehend aus Sensoren, Empf\u00e4nger, Antennen, ToughPad und Software, mit der der Fahrer den Bagger entlang eines digitalen Gel\u00e4ndemodells f\u00fchren kann. MEHR SEHEN \u2192 &#8230;<\/p>\n","protected":false},"author":2,"featured_media":0,"parent":0,"menu_order":0,"comment_status":"closed","ping_status":"closed","template":"template-fullwidth-stretched.php","meta":{"footnotes":""},"class_list":["post-1693","page","type-page","status-publish","hentry"],"aioseo_notices":[],"_links":{"self":[{"href":"https:\/\/dt-automatyzacja.pl\/de\/index.php\/wp-json\/wp\/v2\/pages\/1693","targetHints":{"allow":["GET"]}}],"collection":[{"href":"https:\/\/dt-automatyzacja.pl\/de\/index.php\/wp-json\/wp\/v2\/pages"}],"about":[{"href":"https:\/\/dt-automatyzacja.pl\/de\/index.php\/wp-json\/wp\/v2\/types\/page"}],"author":[{"embeddable":true,"href":"https:\/\/dt-automatyzacja.pl\/de\/index.php\/wp-json\/wp\/v2\/users\/2"}],"replies":[{"embeddable":true,"href":"https:\/\/dt-automatyzacja.pl\/de\/index.php\/wp-json\/wp\/v2\/comments?post=1693"}],"version-history":[{"count":17,"href":"https:\/\/dt-automatyzacja.pl\/de\/index.php\/wp-json\/wp\/v2\/pages\/1693\/revisions"}],"predecessor-version":[{"id":2530,"href":"https:\/\/dt-automatyzacja.pl\/de\/index.php\/wp-json\/wp\/v2\/pages\/1693\/revisions\/2530"}],"wp:attachment":[{"href":"https:\/\/dt-automatyzacja.pl\/de\/index.php\/wp-json\/wp\/v2\/media?parent=1693"}],"curies":[{"name":"wp","href":"https:\/\/api.w.org\/{rel}","templated":true}]}}