{"id":1511,"date":"2025-02-19T13:01:05","date_gmt":"2025-02-19T12:01:05","guid":{"rendered":"https:\/\/dt-auto.com\/?page_id=1511"},"modified":"2025-11-19T23:02:58","modified_gmt":"2025-11-19T22:02:58","slug":"cat-ulepszanie-gruntu-rozdrabniacz","status":"publish","type":"page","link":"https:\/\/dt-automatyzacja.pl\/de\/index.php\/cat-ulepszanie-gruntu-rozdrabniacz\/","title":{"rendered":"CAT &#8211; Ulepszanie gruntu &#8211; Rozdrabniacz"},"content":{"rendered":"<div style=\"height:64px\" aria-hidden=\"true\" class=\"wp-block-spacer not-mobile\"><\/div>\n\n\n\n<div style=\"height:40px\" aria-hidden=\"true\" class=\"wp-block-spacer not-desktop\"><\/div>\n\n\n<h1 class=\"wp-block-heading full-screen-padding has-text-color has-link-color wp-elements-b855a43dd94c86725bf5e5767bc80dde\" style=\"color:#e30614\">MTS BODENZERKLEINERER<\/h1>\n\n\n\n<p class=\"full-screen-padding has-black-color has-text-color has-link-color has-medium-font-size wp-elements-11b564c440c2c606d28c96fe14c13c00\">Ein Ger\u00e4t, mit dem Bindemittel in den Boden vorgestreut wird, wodurch gr\u00f6\u00dfere Bodenfraktionen in kleinere zerlegt werden.<\/p>\n\n\n<div style=\"height:64px\" aria-hidden=\"true\" class=\"wp-block-spacer not-mobile\"><\/div>\n\n\n\n<div style=\"height:40px\" aria-hidden=\"true\" class=\"wp-block-spacer not-desktop\"><\/div>\n\n\n<div class=\"wp-block-group full-screen-padding expanded-pointers\"><div class=\"wp-block-group__inner-container is-layout-constrained wp-block-group-is-layout-constrained\">\n<figure class=\"wp-block-image size-full center\"><img loading=\"lazy\" decoding=\"async\" width=\"800\" height=\"603\" src=\"https:\/\/dt-auto.com\/wp-content\/uploads\/2025\/02\/ulepszanie-gruntu-rozdrabniacz-gruntu-mts-wykres-1-mob.jpg\" alt=\"\" class=\"wp-image-1547\" srcset=\"https:\/\/dt-automatyzacja.pl\/wp-content\/uploads\/2025\/02\/ulepszanie-gruntu-rozdrabniacz-gruntu-mts-wykres-1-mob.jpg 800w, https:\/\/dt-automatyzacja.pl\/wp-content\/uploads\/2025\/02\/ulepszanie-gruntu-rozdrabniacz-gruntu-mts-wykres-1-mob-300x226.jpg 300w, https:\/\/dt-automatyzacja.pl\/wp-content\/uploads\/2025\/02\/ulepszanie-gruntu-rozdrabniacz-gruntu-mts-wykres-1-mob-768x579.jpg 768w, https:\/\/dt-automatyzacja.pl\/wp-content\/uploads\/2025\/02\/ulepszanie-gruntu-rozdrabniacz-gruntu-mts-wykres-1-mob-600x452.jpg 600w\" sizes=\"auto, (max-width: 800px) 100vw, 800px\" \/><\/figure>\n\n\n\n<div style=\"height:20px\" aria-hidden=\"true\" class=\"wp-block-spacer\"><\/div>\n\n\n\n<h3 class=\"wp-block-heading has-text-align-center\"><strong><strong>FUNKTION ZUM ENTFERNEN DER \u00c4USSEREN KLINGE<\/strong><\/strong><\/h3>\n\n\n\n<p class=\"has-text-align-center\">erm\u00f6glicht die bequeme Durchf\u00fchrung von Arbeiten in engen R\u00e4umen und mit kleinen Baggern<\/p>\n<\/div><\/div>\n\n\n<div style=\"height:64px\" aria-hidden=\"true\" class=\"wp-block-spacer not-mobile\"><\/div>\n\n\n\n<div style=\"height:40px\" aria-hidden=\"true\" class=\"wp-block-spacer not-desktop\"><\/div>\n\n\n<h2 class=\"wp-block-heading full-screen-padding\">TECHNISCHE DATEN:<\/h2>\n\n\n\n<div class=\"wp-block-group full-screen-padding\"><div class=\"wp-block-group__inner-container is-layout-constrained wp-block-group-is-layout-constrained\"><div class=\"su-table su-table-alternate\">\n<table>\n<tbody>\n<tr>\n<th>MODELL<\/th>\n<th>KR STANDARD<\/th>\n<th>KR FLEX (2 ABNEHMBARE, \u00c4USSERE KLINGEN)<\/th>\n<\/tr>\n<tr>\n<td>Gewicht (kg) ohne Montageplattenwechsler<\/td>\n<td>1000<\/td>\n<td>1000 (750)<\/td>\n<\/tr>\n<tr>\n<td>Empfohlene Arbeitsmaschine<\/td>\n<td>Rad- oder Raupenbagger ab 12 Tonnen<\/td>\n<td>Rad- oder Raupenbagger ab 12 Tonnen<\/td>\n<\/tr>\n<tr>\n<td>Au\u00dfenma\u00dfe (L x H x W) (mm)<\/td>\n<td>300 x 775 x 1175<\/td>\n<td> (1624) x 775 x 1175<\/td>\n<\/tr>\n<tr>\n<td>Anzahl der Z\u00e4hne<\/td>\n<td>7<\/td>\n<td>7 (5)<\/td>\n<\/tr>\n<\/tbody>\n<\/table>\n<\/div>\n<\/div><\/div>\n\n\n<div style=\"height:64px\" aria-hidden=\"true\" class=\"wp-block-spacer not-mobile\"><\/div>\n\n\n\n<div style=\"height:40px\" aria-hidden=\"true\" class=\"wp-block-spacer not-desktop\"><\/div>\n\n\n<h2 class=\"wp-block-heading has-text-align-center\">SEHEN, WIE ES FUNKTIONIERT:<\/h2>\n\n\n\n<figure class=\"wp-block-embed is-type-video is-provider-youtube wp-block-embed-youtube custom-video wp-embed-aspect-16-9 wp-has-aspect-ratio\"><div class=\"wp-block-embed__wrapper\">\n<iframe loading=\"lazy\" title=\"Ulepszanie gruntu  - Dozownik Spoiwa MTS\" width=\"800\" height=\"450\" src=\"https:\/\/www.youtube.com\/embed\/I3MOuoSAjcg?feature=oembed\" frameborder=\"0\" allow=\"accelerometer; autoplay; clipboard-write; encrypted-media; gyroscope; picture-in-picture; web-share\" referrerpolicy=\"strict-origin-when-cross-origin\" allowfullscreen><\/iframe>\n<\/div><\/figure>\n\n\n<div style=\"height:64px\" aria-hidden=\"true\" class=\"wp-block-spacer not-mobile\"><\/div>\n\n\n\n<div style=\"height:40px\" aria-hidden=\"true\" class=\"wp-block-spacer not-desktop\"><\/div>\n\n\n<div class=\"wp-block-buttons is-content-justification-center is-layout-flex wp-container-core-buttons-is-layout-16018d1d wp-block-buttons-is-layout-flex\">\n<div class=\"wp-block-button has-custom-width wp-block-button__width-50 has-custom-font-size is-style-outline has-small-font-size is-style-outline--2\"><a class=\"wp-block-button__link has-text-color has-link-color has-text-align-center wp-element-button\" href=\"\/wp-content\/uploads\/2025\/01\/katalog-2.pdf\" style=\"border-radius:0px;color:#e30614\"><strong>KATALOG HERUNTERLADEN<\/strong><\/a><\/div>\n<\/div>\n\n\n<div style=\"height:64px\" aria-hidden=\"true\" class=\"wp-block-spacer not-mobile\"><\/div>\n\n\n\n<div style=\"height:40px\" aria-hidden=\"true\" class=\"wp-block-spacer not-desktop\"><\/div>","protected":false},"excerpt":{"rendered":"<p>MTS BODENZERKLEINERER Ein Ger\u00e4t, mit dem Bindemittel in den Boden vorgestreut wird, wodurch gr\u00f6\u00dfere Bodenfraktionen in kleinere zerlegt werden. FUNKTION ZUM ENTFERNEN DER \u00c4USSEREN KLINGE erm\u00f6glicht die bequeme Durchf\u00fchrung von &#8230;<\/p>\n","protected":false},"author":2,"featured_media":0,"parent":0,"menu_order":0,"comment_status":"closed","ping_status":"closed","template":"template-fullwidth-stretched.php","meta":{"footnotes":""},"class_list":["post-1511","page","type-page","status-publish","hentry"],"aioseo_notices":[],"_links":{"self":[{"href":"https:\/\/dt-automatyzacja.pl\/de\/index.php\/wp-json\/wp\/v2\/pages\/1511","targetHints":{"allow":["GET"]}}],"collection":[{"href":"https:\/\/dt-automatyzacja.pl\/de\/index.php\/wp-json\/wp\/v2\/pages"}],"about":[{"href":"https:\/\/dt-automatyzacja.pl\/de\/index.php\/wp-json\/wp\/v2\/types\/page"}],"author":[{"embeddable":true,"href":"https:\/\/dt-automatyzacja.pl\/de\/index.php\/wp-json\/wp\/v2\/users\/2"}],"replies":[{"embeddable":true,"href":"https:\/\/dt-automatyzacja.pl\/de\/index.php\/wp-json\/wp\/v2\/comments?post=1511"}],"version-history":[{"count":12,"href":"https:\/\/dt-automatyzacja.pl\/de\/index.php\/wp-json\/wp\/v2\/pages\/1511\/revisions"}],"predecessor-version":[{"id":2515,"href":"https:\/\/dt-automatyzacja.pl\/de\/index.php\/wp-json\/wp\/v2\/pages\/1511\/revisions\/2515"}],"wp:attachment":[{"href":"https:\/\/dt-automatyzacja.pl\/de\/index.php\/wp-json\/wp\/v2\/media?parent=1511"}],"curies":[{"name":"wp","href":"https:\/\/api.w.org\/{rel}","templated":true}]}}