{"id":1509,"date":"2025-02-19T13:00:39","date_gmt":"2025-02-19T12:00:39","guid":{"rendered":"https:\/\/dt-auto.com\/?page_id=1509"},"modified":"2025-11-19T22:36:43","modified_gmt":"2025-11-19T21:36:43","slug":"cat-ulepszanie-gruntu-dozownik","status":"publish","type":"page","link":"https:\/\/dt-automatyzacja.pl\/de\/index.php\/cat-ulepszanie-gruntu-dozownik\/","title":{"rendered":"CAT &#8211; Ulepszanie gruntu &#8211; Dozownik"},"content":{"rendered":"<div style=\"height:64px\" aria-hidden=\"true\" class=\"wp-block-spacer not-mobile\"><\/div>\n\n\n\n<div style=\"height:40px\" aria-hidden=\"true\" class=\"wp-block-spacer not-desktop\"><\/div>\n\n\n<h1 class=\"wp-block-heading full-screen-padding has-text-color has-link-color wp-elements-6aef9184ae66169dad133fae33755345\" style=\"color:#e30614\">BINDEMITTELSPENDER MTS E.P.M.<\/h1>\n\n\n\n<p class=\"full-screen-padding has-black-color has-text-color has-link-color has-medium-font-size wp-elements-e011408735cc4e0c3720344694f758a6\">Pr\u00e4zisions-Bindemittel-Dosierger\u00e4t mit hydraulischem Antrieb und Dosieranzeige. Wird mit einer hydraulischen Schnellkupplung verwendet, um Ausfallzeiten w\u00e4hrend des Betriebs zu vermeiden.<\/p>\n\n\n<div style=\"height:64px\" aria-hidden=\"true\" class=\"wp-block-spacer not-mobile\"><\/div>\n\n\n\n<div style=\"height:40px\" aria-hidden=\"true\" class=\"wp-block-spacer not-desktop\"><\/div>\n\n\n<h2 class=\"wp-block-heading has-text-align-center full-screen-padding center has-text-color has-link-color wp-elements-9ac04b64e601e8d3edb16331d9186d34\" style=\"color:#319340\"><strong>PROFESSIONELLES E.P.M. SYSTEM<\/strong><\/h2>\n\n\n\n<p class=\"has-text-align-center center has-small-font-size\"><strong>BINDEMITTELSPENDER<\/strong><\/p>\n\n\n\n<div class=\"wp-block-group full-screen-padding expanded-pointers\"><div class=\"wp-block-group__inner-container is-layout-constrained wp-block-group-is-layout-constrained\">\n<figure class=\"wp-block-image size-full center\"><img loading=\"lazy\" decoding=\"async\" width=\"600\" height=\"520\" src=\"https:\/\/dt-auto.com\/wp-content\/uploads\/2025\/02\/recyklery-mts-dozownik-srodka-wiazacego-mts-wykres-1-mob.jpg\" alt=\"\" class=\"wp-image-1553\" srcset=\"https:\/\/dt-automatyzacja.pl\/wp-content\/uploads\/2025\/02\/recyklery-mts-dozownik-srodka-wiazacego-mts-wykres-1-mob.jpg 600w, https:\/\/dt-automatyzacja.pl\/wp-content\/uploads\/2025\/02\/recyklery-mts-dozownik-srodka-wiazacego-mts-wykres-1-mob-300x260.jpg 300w\" sizes=\"auto, (max-width: 600px) 100vw, 600px\" \/><\/figure>\n\n\n\n<div style=\"height:20px\" aria-hidden=\"true\" class=\"wp-block-spacer\"><\/div>\n\n\n\n<div class=\"wp-block-group product-description\"><div class=\"wp-block-group__inner-container is-layout-constrained wp-block-group-is-layout-constrained\">\n<h3 class=\"wp-block-heading\"><strong>TRANSPORT<\/strong><\/h3>\n\n\n\n<p>mit Gabelstapler<\/p>\n\n\n\n<h3 class=\"wp-block-heading\"><strong>GROSSE KAPAZIT\u00c4T<\/strong><\/h3>\n\n\n\n<p>bis zu 1,4mm3 erm\u00f6glicht die Verwendung von BigBag<\/p>\n\n\n\n<h3 class=\"wp-block-heading\"><strong>MONTAGEHALTER<\/strong><\/h3>\n\n\n\n<p>f\u00fcr Schnellmontageadapter (Lader), einfache Installation<\/p>\n\n\n\n<h3 class=\"wp-block-heading\"><strong>ZUSATZGER\u00c4TE<\/strong><\/h3>\n\n\n\n<p>z.B. m-Box mit Spr\u00fchdose, Schutzbrille und Schutzhandschuhen<\/p>\n\n\n\n<h3 class=\"wp-block-heading\"><strong>DOSER-ANZEIGER<\/strong><\/h3>\n\n\n\n<p>pr\u00e4zise Steuerung<\/p>\n\n\n\n<h3 class=\"wp-block-heading\"><strong>HYDRAULISCHER ANTRIEB ZUR EINSTELLUNG DER BINDEMITTELMENGE<\/strong><\/h3>\n\n\n\n<p>stufenlose Dosierung der Bindemittelmenge<\/p>\n\n\n\n<h3 class=\"wp-block-heading\"><strong>HANDHABER F\u00dcR SCHNELLANSCHLUSSADAPTER (LADER)<\/strong><\/h3>\n\n\n\n<p>einfache Montage<\/p>\n\n\n\n<h3 class=\"wp-block-heading\"><strong>EINGABEMODUL \/ F\u00dcLLSTRECKE<\/strong><\/h3>\n\n\n\n<p>einfache Bef\u00fcllung mit Druckluft<\/p>\n\n\n\n<h3 class=\"wp-block-heading\"><strong>ABLUFTMODUL<\/strong><\/h3>\n\n\n\n<p>mit Staubbeutel<\/p>\n\n\n\n<h3 class=\"wp-block-heading\"><strong>REINIGUNG, F\u00dcLLTANK<\/strong><\/h3>\n\n\n\n<p>einfache Reinigung mittels Klappverschluss<\/p>\n\n\n\n<h3 class=\"wp-block-heading\"><strong>VOLLHYDRAULISCHER ANTRIEB<\/strong><\/h3>\n\n\n\n<p>wartungsfreier Antrieb<\/p>\n\n\n\n<h3 class=\"wp-block-heading\"><strong>STAUBSCHUTZ<\/strong><\/h3>\n<\/div><\/div>\n<\/div><\/div>\n\n\n<div style=\"height:64px\" aria-hidden=\"true\" class=\"wp-block-spacer not-mobile\"><\/div>\n\n\n\n<div style=\"height:40px\" aria-hidden=\"true\" class=\"wp-block-spacer not-desktop\"><\/div>\n\n\n<h2 class=\"wp-block-heading full-screen-padding\">TECHNISCHE DATEN:<\/h2>\n\n\n\n<div class=\"wp-block-group full-screen-padding\"><div class=\"wp-block-group__inner-container is-layout-constrained wp-block-group-is-layout-constrained\"><div class=\"su-table su-table-alternate\">\n<table>\n<tbody>\n<tr>\n<th>MODELL<\/th>\n<th>KAPAZIT\u00c4T M3<\/th>\n<th>GEWICHT (KG) OHNE PLATTE<\/th>\n<th>EMPFOHLENER \u00d6LFLUSS L\/MIN<\/th>\n<th>EMPFOHLENER \u00d6LDRUCK (BAR)<\/th>\n<th>EMPFOHLENE ARBEITSMASCHINE (TONNEN)<\/th>\n<\/tr>\n<tr class=\"red\">\n<td>e.p.m 1102<\/td>\n<td>1,40<\/td>\n<td>840<\/td>\n<td>25-40<\/td>\n<td>250<\/td>\n<td>Lader (5-12), <br \/> Bagger (10-30)<\/td>\n<\/tr>\n<tr>\n<td>Bindemittelsilo<\/td>\n<td>22 oder 29 m3<\/td>\n<td colspan=\"4\" style=\"text-align:left\">Kapazit\u00e4t einschlie\u00dflich innenliegendem F\u00fcllrohr<\/td>\n<\/tr>\n<tr>\n<td>Rohrschneckenf\u00f6rderer<\/td>\n<td>36 m3\/h<\/td>\n<td colspan=\"4\" style=\"text-align:left\">Leistung (L\u00e4nge: 3700mm)<\/td>\n<\/tr>\n<tr>\n<td>Druckbef\u00fcllung der Silos<\/td>\n<td>&nbsp;<\/td>\n<td colspan=\"4\" style=\"text-align:left\">Inklusive F\u00fcllschlauch und Druckschlauch<\/td>\n<\/tr>\n<\/tbody>\n<\/table>\n<\/div>\n<\/div><\/div>\n\n\n<div style=\"height:64px\" aria-hidden=\"true\" class=\"wp-block-spacer not-mobile\"><\/div>\n\n\n\n<div style=\"height:40px\" aria-hidden=\"true\" class=\"wp-block-spacer not-desktop\"><\/div>\n\n\n<div class=\"wp-block-group has-background is-vertical is-layout-flex wp-container-core-group-is-layout-8cf370e7 wp-block-group-is-layout-flex\" style=\"background-color:#319340\"><div style=\"height:64px\" aria-hidden=\"true\" class=\"wp-block-spacer not-mobile\"><\/div>\n\n\n\n<div style=\"height:40px\" aria-hidden=\"true\" class=\"wp-block-spacer not-desktop\"><\/div>\n\n\n<h2 class=\"wp-block-heading full-screen-padding has-white-color has-text-color has-link-color wp-elements-d34d4680aedf19963a7423ea2f053e26\">ZAHLEN, DIE F\u00dcR SICH SELBST SPRECHEN:<\/h2>\n\n\n\n<p class=\"full-screen-padding has-white-color has-text-color has-link-color has-medium-font-size wp-elements-98ab9563169420ebcb9e8d77c72d1dc7\">Bis zu 65 % der Kosten f\u00fcr den Bodenaustausch k\u00f6nnen eingespart werden. Dadurch lassen sich in der gesamten typischen Prozesskette des Baustellenbetriebs erhebliche Vorteile erzielen.<\/p>\n\n\n<div style=\"height:64px\" aria-hidden=\"true\" class=\"wp-block-spacer not-mobile\"><\/div>\n\n\n\n<div style=\"height:40px\" aria-hidden=\"true\" class=\"wp-block-spacer not-desktop\"><\/div><\/div>\n\n\n\n<div class=\"wp-block-group alignfull full-screen-padding has-background is-content-justification-center\" style=\"background-color:#e6e6e6;margin-top:0;margin-bottom:0;padding-top:calc( 0.5 * var(--wp--style--root--padding-right, var(--wp--custom--gap--horizontal)));padding-right:var(--wp--style--root--padding-right, var(--wp--custom--gap--horizontal));padding-bottom:calc( 0.5 * var(--wp--style--root--padding-right, var(--wp--custom--gap--horizontal)));padding-left:var(--wp--style--root--padding-left, var(--wp--custom--gap--horizontal))\"><div class=\"wp-block-group__inner-container is-layout-constrained wp-container-core-group-is-layout-b073b61b wp-block-group-is-layout-constrained\">\n<div style=\"height:calc( 0.25 * var(--wp--style--root--padding-right, var(--wp--custom--gap--horizontal)))\" aria-hidden=\"true\" class=\"wp-block-spacer\"><\/div>\n\n\n<div style=\"height:64px\" aria-hidden=\"true\" class=\"wp-block-spacer not-mobile\"><\/div>\n\n\n\n<div style=\"height:40px\" aria-hidden=\"true\" class=\"wp-block-spacer not-desktop\"><\/div>\n\n\n<div class=\"wp-block-columns alignwide is-layout-flex wp-container-core-columns-is-layout-bd0aba32 wp-block-columns-is-layout-flex\">\n<div class=\"wp-block-column is-layout-flow wp-block-column-is-layout-flow\">\n<h3 class=\"wp-block-heading\"><strong><strong>KONVENTIONELLER BODENAUSTAUSCH<\/strong><\/strong><\/h3>\n<\/div>\n\n\n\n<div class=\"wp-block-column is-layout-flow wp-block-column-is-layout-flow\">\n<h3 class=\"wp-block-heading\"><strong>BODENVORBEREITUNG MIT HILFE DER E.P.M.-TECHNOLOGIE<\/strong><\/h3>\n<\/div>\n<\/div>\n\n\n\n<div style=\"height:var(--wp--preset--spacing--20)\" aria-hidden=\"true\" class=\"wp-block-spacer\"><\/div>\n\n\n\n<div class=\"wp-block-columns alignwide is-layout-flex wp-container-core-columns-is-layout-bd0aba32 wp-block-columns-is-layout-flex\">\n<div class=\"wp-block-column is-layout-flow wp-block-column-is-layout-flow\">\n<div class=\"wp-block-group is-content-justification-space-between is-nowrap is-layout-flex wp-container-core-group-is-layout-0dfbf163 wp-block-group-is-layout-flex\">\n<div class=\"wp-block-group is-nowrap is-layout-flex wp-container-core-group-is-layout-64989fb1 wp-block-group-is-layout-flex\">\n<p class=\"has-black-color has-text-color has-link-color wp-elements-91e200634ac26d4885fb049a7226dd23\"><strong>Pos 1.<\/strong><\/p>\n\n\n\n<p class=\"has-black-color has-text-color has-link-color wp-elements-8777c54a0628681deef4315a9f1405bd\">Export, Lagerung, Planungskosten<\/p>\n<\/div>\n\n\n\n<p class=\"has-text-align-right has-black-color has-text-color has-link-color wp-elements-ed89130cf7ae860cd75cc9cfef76e030\">15,00 z\u0142 \/ m3<\/p>\n<\/div>\n<\/div>\n\n\n\n<div class=\"wp-block-column is-layout-flow wp-block-column-is-layout-flow\">\n<div class=\"wp-block-group is-content-justification-space-between is-nowrap is-layout-flex wp-container-core-group-is-layout-0dfbf163 wp-block-group-is-layout-flex\">\n<div class=\"wp-block-group is-nowrap is-layout-flex wp-container-core-group-is-layout-64989fb1 wp-block-group-is-layout-flex\">\n<p class=\"has-black-color has-text-color has-link-color wp-elements-33e4246e29fb6533c3f796dca2c4a0a7\"><strong><strong>Pos<\/strong> 1.<\/strong><\/p>\n\n\n\n<p class=\"has-black-color has-text-color has-link-color wp-elements-c51b33a05547df9b5b93e418650793f0\">Bindemittelbedarf 20kg\/m3<\/p>\n<\/div>\n\n\n\n<p class=\"has-text-align-right has-black-color has-text-color has-link-color wp-elements-4f37fb518466475186c5f5375f94daa7\">9,00 z\u0142 \/ m3<\/p>\n<\/div>\n<\/div>\n<\/div>\n\n\n\n<div style=\"height:var(--wp--preset--spacing--20)\" aria-hidden=\"true\" class=\"wp-block-spacer\"><\/div>\n\n\n\n<div class=\"wp-block-columns alignwide is-layout-flex wp-container-core-columns-is-layout-bd0aba32 wp-block-columns-is-layout-flex\">\n<div class=\"wp-block-column is-layout-flow wp-block-column-is-layout-flow\">\n<div class=\"wp-block-columns is-layout-flex wp-container-core-columns-is-layout-9d6595d7 wp-block-columns-is-layout-flex\">\n<div class=\"wp-block-column is-layout-flow wp-block-column-is-layout-flow\" style=\"flex-basis:100%\">\n<div class=\"wp-block-group is-content-justification-space-between is-nowrap is-layout-flex wp-container-core-group-is-layout-0dfbf163 wp-block-group-is-layout-flex\">\n<div class=\"wp-block-group is-nowrap is-layout-flex wp-container-core-group-is-layout-64989fb1 wp-block-group-is-layout-flex\">\n<p class=\"has-black-color has-text-color has-link-color wp-elements-f6034886453ad2273779c78f0f6b5eea\"><strong><strong>Pos<\/strong> 2.<\/strong><\/p>\n\n\n\n<p class=\"has-black-color has-text-color has-link-color wp-elements-3af79ed57f2d5b2cf8d77ff1e94dff56\">Schotter, Sand vor Ort<\/p>\n<\/div>\n\n\n\n<p class=\"has-text-align-right has-black-color has-text-color has-link-color wp-elements-454790b910926c4afec941c12f26a2b5\">30,00 z\u0142 \/ m3<\/p>\n<\/div>\n<\/div>\n<\/div>\n<\/div>\n\n\n\n<div class=\"wp-block-column is-layout-flow wp-block-column-is-layout-flow\">\n<div class=\"wp-block-group is-content-justification-space-between is-nowrap is-layout-flex wp-container-core-group-is-layout-0dfbf163 wp-block-group-is-layout-flex\">\n<div class=\"wp-block-group is-nowrap is-layout-flex wp-container-core-group-is-layout-64989fb1 wp-block-group-is-layout-flex\">\n<p class=\"has-black-color has-text-color has-link-color wp-elements-33e4246e29fb6533c3f796dca2c4a0a7\"><strong><strong>Pos<\/strong> 1.<\/strong><\/p>\n\n\n\n<p class=\"has-black-color has-text-color has-link-color wp-elements-0abc1b016073541ba68f9286e211a7e3\">Bagger ca. 20 Tonnen + Baggerausr\u00fcstung<br>(e.p.m.-Spender und Siebeimer).<br>Kapazit\u00e4t 35 m3\/Stunde.<\/p>\n<\/div>\n\n\n\n<p class=\"has-text-align-right has-black-color has-text-color has-link-color wp-elements-b82520a3f8c4ba018b655828d1d6ef81\">6,00 z\u0142 \/ m3<\/p>\n<\/div>\n<\/div>\n<\/div>\n\n\n\n<div class=\"wp-block-columns alignwide is-layout-flex wp-container-core-columns-is-layout-bd0aba32 wp-block-columns-is-layout-flex\">\n<div class=\"wp-block-column is-layout-flow wp-block-column-is-layout-flow\">\n<div class=\"wp-block-columns is-layout-flex wp-container-core-columns-is-layout-9d6595d7 wp-block-columns-is-layout-flex\">\n<div class=\"wp-block-column is-layout-flow wp-block-column-is-layout-flow\" style=\"flex-basis:100%\">\n<div class=\"wp-block-columns is-layout-flex wp-container-core-columns-is-layout-9d6595d7 wp-block-columns-is-layout-flex\">\n<div class=\"wp-block-column is-layout-flow wp-block-column-is-layout-flow\">\n<h3 class=\"wp-block-heading\">Gesamtkosten<\/h3>\n<\/div>\n\n\n\n<div class=\"wp-block-column is-layout-flow wp-block-column-is-layout-flow\">\n<h3 class=\"wp-block-heading has-text-align-right\">45 z\u0142\/m3<\/h3>\n<\/div>\n<\/div>\n<\/div>\n<\/div>\n<\/div>\n\n\n\n<div class=\"wp-block-column is-layout-flow wp-block-column-is-layout-flow\">\n<div class=\"wp-block-columns is-layout-flex wp-container-core-columns-is-layout-9d6595d7 wp-block-columns-is-layout-flex\">\n<div class=\"wp-block-column is-layout-flow wp-block-column-is-layout-flow\">\n<h3 class=\"wp-block-heading\">Gesamtkosten<\/h3>\n<\/div>\n\n\n\n<div class=\"wp-block-column is-layout-flow wp-block-column-is-layout-flow\">\n<h3 class=\"wp-block-heading has-text-align-right\">45 z\u0142\/m3<\/h3>\n<\/div>\n<\/div>\n<\/div>\n<\/div>\n\n\n<div style=\"height:64px\" aria-hidden=\"true\" class=\"wp-block-spacer not-mobile\"><\/div>\n\n\n\n<div style=\"height:40px\" aria-hidden=\"true\" class=\"wp-block-spacer not-desktop\"><\/div>\n\n\n<h2 class=\"wp-block-heading has-text-align-center has-text-color has-link-color wp-elements-c084d6b3a5208618499f3206a278f0a1\" style=\"color:#319340\"><strong>GESAMTEINSPARUNG = CA. 65 %<\/strong><\/h2>\n\n\n<div style=\"height:64px\" aria-hidden=\"true\" class=\"wp-block-spacer not-mobile\"><\/div>\n\n\n\n<div style=\"height:40px\" aria-hidden=\"true\" class=\"wp-block-spacer not-desktop\"><\/div>\n\n\n<div style=\"height:calc( 0.25 * var(--wp--style--root--padding-right, var(--wp--custom--gap--horizontal)))\" aria-hidden=\"true\" class=\"wp-block-spacer\"><\/div>\n<\/div><\/div>\n\n\n<div style=\"height:64px\" aria-hidden=\"true\" class=\"wp-block-spacer not-mobile\"><\/div>\n\n\n\n<div style=\"height:40px\" aria-hidden=\"true\" class=\"wp-block-spacer not-desktop\"><\/div>\n\n\n<h2 class=\"wp-block-heading has-text-align-center\">SEHEN, WIE ES FUNKTIONIERT:<\/h2>\n\n\n\n<figure class=\"wp-block-embed is-type-video is-provider-youtube wp-block-embed-youtube custom-video wp-embed-aspect-16-9 wp-has-aspect-ratio\"><div class=\"wp-block-embed__wrapper\">\n<iframe loading=\"lazy\" title=\"Ulepszanie gruntu  - Dozownik Spoiwa MTS\" width=\"800\" height=\"450\" src=\"https:\/\/www.youtube.com\/embed\/I3MOuoSAjcg?feature=oembed\" frameborder=\"0\" allow=\"accelerometer; autoplay; clipboard-write; encrypted-media; gyroscope; picture-in-picture; web-share\" referrerpolicy=\"strict-origin-when-cross-origin\" allowfullscreen><\/iframe>\n<\/div><\/figure>\n\n\n<div style=\"height:64px\" aria-hidden=\"true\" class=\"wp-block-spacer not-mobile\"><\/div>\n\n\n\n<div style=\"height:40px\" aria-hidden=\"true\" class=\"wp-block-spacer not-desktop\"><\/div>\n\n\n<div class=\"wp-block-buttons is-content-justification-center is-layout-flex wp-container-core-buttons-is-layout-16018d1d wp-block-buttons-is-layout-flex\">\n<div class=\"wp-block-button has-custom-width wp-block-button__width-50 has-custom-font-size is-style-outline has-small-font-size is-style-outline--2\"><a class=\"wp-block-button__link has-text-color has-link-color has-text-align-center wp-element-button\" href=\"\/wp-content\/uploads\/2025\/01\/katalog-2.pdf\" style=\"border-radius:0px;color:#e30614\"><strong>KATALOG HERUNTERLADEN<\/strong><\/a><\/div>\n<\/div>\n\n\n<div style=\"height:64px\" aria-hidden=\"true\" class=\"wp-block-spacer not-mobile\"><\/div>\n\n\n\n<div style=\"height:40px\" aria-hidden=\"true\" class=\"wp-block-spacer not-desktop\"><\/div>","protected":false},"excerpt":{"rendered":"<p>BINDEMITTELSPENDER MTS E.P.M. Pr\u00e4zisions-Bindemittel-Dosierger\u00e4t mit hydraulischem Antrieb und Dosieranzeige. Wird mit einer hydraulischen Schnellkupplung verwendet, um Ausfallzeiten w\u00e4hrend des Betriebs zu vermeiden. PROFESSIONELLES E.P.M. SYSTEM BINDEMITTELSPENDER TRANSPORT mit Gabelstapler GROSSE &#8230;<\/p>\n","protected":false},"author":2,"featured_media":0,"parent":0,"menu_order":0,"comment_status":"closed","ping_status":"closed","template":"template-fullwidth-stretched.php","meta":{"footnotes":""},"class_list":["post-1509","page","type-page","status-publish","hentry"],"aioseo_notices":[],"_links":{"self":[{"href":"https:\/\/dt-automatyzacja.pl\/de\/index.php\/wp-json\/wp\/v2\/pages\/1509","targetHints":{"allow":["GET"]}}],"collection":[{"href":"https:\/\/dt-automatyzacja.pl\/de\/index.php\/wp-json\/wp\/v2\/pages"}],"about":[{"href":"https:\/\/dt-automatyzacja.pl\/de\/index.php\/wp-json\/wp\/v2\/types\/page"}],"author":[{"embeddable":true,"href":"https:\/\/dt-automatyzacja.pl\/de\/index.php\/wp-json\/wp\/v2\/users\/2"}],"replies":[{"embeddable":true,"href":"https:\/\/dt-automatyzacja.pl\/de\/index.php\/wp-json\/wp\/v2\/comments?post=1509"}],"version-history":[{"count":23,"href":"https:\/\/dt-automatyzacja.pl\/de\/index.php\/wp-json\/wp\/v2\/pages\/1509\/revisions"}],"predecessor-version":[{"id":2511,"href":"https:\/\/dt-automatyzacja.pl\/de\/index.php\/wp-json\/wp\/v2\/pages\/1509\/revisions\/2511"}],"wp:attachment":[{"href":"https:\/\/dt-automatyzacja.pl\/de\/index.php\/wp-json\/wp\/v2\/media?parent=1509"}],"curies":[{"name":"wp","href":"https:\/\/api.w.org\/{rel}","templated":true}]}}