{"id":1498,"date":"2025-02-19T12:49:29","date_gmt":"2025-02-19T11:49:29","guid":{"rendered":"https:\/\/dt-auto.com\/?page_id=1498"},"modified":"2025-11-19T23:04:58","modified_gmt":"2025-11-19T22:04:58","slug":"cat-ulepszanie-gruntu","status":"publish","type":"page","link":"https:\/\/dt-automatyzacja.pl\/de\/index.php\/cat-ulepszanie-gruntu\/","title":{"rendered":"CAT &#8211; Ulepszanie gruntu"},"content":{"rendered":"<div style=\"height:64px\" aria-hidden=\"true\" class=\"wp-block-spacer not-mobile\"><\/div>\n\n\n\n<div style=\"height:40px\" aria-hidden=\"true\" class=\"wp-block-spacer not-desktop\"><\/div>\n\n\n<h1 class=\"wp-block-heading full-screen-padding has-text-color has-link-color wp-elements-8bb60c7704f843a4cca289ad186de339\" style=\"color:#e30614\">BODENVERBESSERUNG<\/h1>\n\n\n\n<div class=\"wp-block-group full-screen-padding top-spoilers\"><div class=\"wp-block-group__inner-container is-layout-constrained wp-block-group-is-layout-constrained\"><div class=\"su-spoiler su-spoiler-style-fancy su-spoiler-icon-chevron su-spoiler-closed\" data-scroll-offset=\"0\" data-anchor-in-url=\"no\"><div class=\"su-spoiler-title\" tabindex=\"0\" role=\"button\"><span class=\"su-spoiler-icon\"><\/span>AUS WELCHEM GRUND VERBESSERN WIR DEN BODEN?<\/div><div class=\"su-spoiler-content su-u-clearfix su-u-trim\">\nBoden ist ein wertvolles Baumaterial, dessen Austausch erhebliche Kosten verursacht. Das Kosten-Nutzen-Verh\u00e4ltnis der Investition kann durch die Verbesserung des Bodens mit Bindemitteln gem\u00e4\u00df dem Erlass des Ministers f\u00fcr Verkehr und Wasserwirtschaft im Gesetzblatt vom 2. M\u00e4rz 1999 verbessert werden. Der Austausch des Bodens ist auch mit den Grunds\u00e4tzen eines geschlossenen Produktionskreislaufs und des Umweltschutzes unvereinbar.<br \/>\n<br \/>\nDie Wiederverwendung des heimischen Bodens wird durch seine eingeschr\u00e4nkte Verdichtungsf\u00e4higkeit, zu geringe Tragf\u00e4higkeit oder einen zu hohen Steingehalt erschwert. Aus diesem Grund sind Ma\u00dfnahmen zur Bodenverbesserung erforderlich. Wichtig sind dabei die Verringerung des Wassergehaltes und die Verbesserung der Bodenstruktur. Um diese Effekte zu erzielen, hat MTS die e.p.m.-Technologie entwickelt, um Kostensenkungen zu erreichen, die Produktivit\u00e4t zu steigern und Produktionsressourcen zu schonen.<br \/>\n<\/div><\/div>\n\n\n<div class=\"su-spoiler su-spoiler-style-fancy su-spoiler-icon-chevron su-spoiler-closed\" data-scroll-offset=\"0\" data-anchor-in-url=\"no\"><div class=\"su-spoiler-title\" tabindex=\"0\" role=\"button\"><span class=\"su-spoiler-icon\"><\/span>WAS IST E.P.M.?<\/div><div class=\"su-spoiler-content su-u-clearfix su-u-trim\">\nKurz gesagt: Bef\u00fcllt mit einem geeigneten Bindemittel wird der e.p.m.-Dispenser auf einen Bagger oder Lader montiert. In einem ersten Schritt wird das Bindemittel exakt auf den ausgehobenen Boden dosiert. Die Dosierung erfolgt \u00fcber einen hydraulischen Antrieb, die Menge des dosierten Materials wird optisch angezeigt. Die Menge des Bindemittels kann \u00fcber die Dosiereinheit an die gegebenen Bodenparameter angepasst werden.<br \/>\n<br \/>\nDas Bindemittel-Boden-Gemisch wird dann mit dem MTS-Recycler in einem Arbeitsgang gr\u00fcndlich gemischt und in den Graben eingebracht. Durch den vollhydraulischen Schnellwechsler kann der Bindemitteldispenser jederzeit am Bagger eingesetzt werden und minimiert die Ausfallzeiten.<br \/>\n<\/div><\/div>\n\n\n<div class=\"su-spoiler su-spoiler-style-fancy su-spoiler-icon-chevron su-spoiler-closed\" data-scroll-offset=\"0\" data-anchor-in-url=\"no\"><div class=\"su-spoiler-title\" tabindex=\"0\" role=\"button\"><span class=\"su-spoiler-icon\"><\/span>EMPFOHLENE ANWENDUNGSBEREICHE<\/div><div class=\"su-spoiler-content su-u-clearfix su-u-trim\">\n\u201eMixed in place\u201c oder \u201emixed in plant\u201c. Dank der einfachen Handhabung, der hohen Effizienz und der idealen Ergebnisse kann die e.p.m-Technologie im Erdbau sowohl in bebauten Gebieten als auch auf Gro\u00dfbaustellen eingesetzt werden. Die spezielle Konstruktion des MTS-Recyclers erm\u00f6glicht Bodenk\u00f6rnungen von 20 bis 110 mm.<br \/>\n<br \/>\nDamit ist die e.p.m.-Technologie auch im Bereich der Rohrverlegung einsetzbar und entspricht der EN 1610.<br \/>\n<\/div><\/div>\n<\/div><\/div>\n\n\n<div style=\"height:64px\" aria-hidden=\"true\" class=\"wp-block-spacer not-mobile\"><\/div>\n\n\n\n<div style=\"height:40px\" aria-hidden=\"true\" class=\"wp-block-spacer not-desktop\"><\/div>\n\n\n<div class=\"wp-block-group mobile-break half-desktop has-background is-nowrap is-layout-flex wp-container-core-group-is-layout-9123dee2 wp-block-group-is-layout-flex\" style=\"background-color:#f0f0f0\">\n<figure class=\"wp-block-image size-full round-corners small-image-preview\"><a href=\"\/de\/index.php\/cat-ulepszanie-gruntu-recyklery-mts\/\"><img loading=\"lazy\" decoding=\"async\" width=\"800\" height=\"800\" src=\"https:\/\/dt-auto.com\/wp-content\/uploads\/2025\/02\/ulepszanie-gruntu-recyklery-mts-1.jpg\" alt=\"\" class=\"wp-image-1505\" style=\"aspect-ratio:1;object-fit:cover\" srcset=\"https:\/\/dt-automatyzacja.pl\/wp-content\/uploads\/2025\/02\/ulepszanie-gruntu-recyklery-mts-1.jpg 800w, https:\/\/dt-automatyzacja.pl\/wp-content\/uploads\/2025\/02\/ulepszanie-gruntu-recyklery-mts-1-300x300.jpg 300w, https:\/\/dt-automatyzacja.pl\/wp-content\/uploads\/2025\/02\/ulepszanie-gruntu-recyklery-mts-1-150x150.jpg 150w, https:\/\/dt-automatyzacja.pl\/wp-content\/uploads\/2025\/02\/ulepszanie-gruntu-recyklery-mts-1-768x768.jpg 768w, https:\/\/dt-automatyzacja.pl\/wp-content\/uploads\/2025\/02\/ulepszanie-gruntu-recyklery-mts-1-600x600.jpg 600w, https:\/\/dt-automatyzacja.pl\/wp-content\/uploads\/2025\/02\/ulepszanie-gruntu-recyklery-mts-1-100x100.jpg 100w\" sizes=\"auto, (max-width: 800px) 100vw, 800px\" \/><\/a><\/figure>\n\n\n\n<div style=\"height:100px;width:40px\" aria-hidden=\"true\" class=\"wp-block-spacer wp-container-content-28f0cd9b\"><\/div>\n\n\n\n<div class=\"wp-block-group flex is-vertical is-content-justification-stretch is-layout-flex wp-container-core-group-is-layout-b16ad781 wp-block-group-is-layout-flex\">\n<h3 class=\"wp-block-heading\"><a href=\"\/de\/index.php\/cat-ulepszanie-gruntu-recyklery-mts\/\" data-type=\"link\" data-id=\"\/de\/index.php\/cat-ulepszanie-gruntu-recyklery-mts\/\">MTS RECYCLERS<\/a><\/h3>\n\n\n\n<p class=\"has-black-color has-text-color has-link-color has-small-font-size wp-elements-8409514408ae1b6947aea7896b61247c\">MTS-Recycler werden zum Mischen von Bindemittel und Boden in einem einzigen Arbeitsgang eingesetzt<\/p>\n\n\n\n<div style=\"height:50px\" aria-hidden=\"true\" class=\"wp-block-spacer wp-container-content-b30579f5\"><\/div>\n\n\n\n<h3 class=\"wp-block-heading has-text-align-right has-text-color has-link-color wp-elements-30b1a7b71bcc9451af43b37ccadca117\" style=\"color:#e30613\"><a href=\"\/de\/index.php\/cat-ulepszanie-gruntu-recyklery-mts\/\" data-type=\"link\" data-id=\"\/de\/index.php\/cat-ulepszanie-gruntu-recyklery-mts\/\">MEHR SEHEN \u2192<\/a><\/h3>\n<\/div>\n<\/div>\n\n\n\n<div style=\"height:20px\" aria-hidden=\"true\" class=\"wp-block-spacer\"><\/div>\n\n\n\n<div class=\"wp-block-group mobile-break half-desktop has-background is-nowrap is-layout-flex wp-container-core-group-is-layout-9123dee2 wp-block-group-is-layout-flex\" style=\"background-color:#f0f0f0\">\n<figure class=\"wp-block-image size-full round-corners small-image-preview\"><a href=\"\/de\/index.php\/cat-ulepszanie-gruntu-dozownik\/\"><img loading=\"lazy\" decoding=\"async\" width=\"800\" height=\"800\" src=\"https:\/\/dt-auto.com\/wp-content\/uploads\/2025\/02\/ulepszanie-gruntu-dozownik-srodka-wiazacego-mts.jpg\" alt=\"\" class=\"wp-image-1503\" style=\"aspect-ratio:1;object-fit:cover\" srcset=\"https:\/\/dt-automatyzacja.pl\/wp-content\/uploads\/2025\/02\/ulepszanie-gruntu-dozownik-srodka-wiazacego-mts.jpg 800w, https:\/\/dt-automatyzacja.pl\/wp-content\/uploads\/2025\/02\/ulepszanie-gruntu-dozownik-srodka-wiazacego-mts-300x300.jpg 300w, https:\/\/dt-automatyzacja.pl\/wp-content\/uploads\/2025\/02\/ulepszanie-gruntu-dozownik-srodka-wiazacego-mts-150x150.jpg 150w, https:\/\/dt-automatyzacja.pl\/wp-content\/uploads\/2025\/02\/ulepszanie-gruntu-dozownik-srodka-wiazacego-mts-768x768.jpg 768w, https:\/\/dt-automatyzacja.pl\/wp-content\/uploads\/2025\/02\/ulepszanie-gruntu-dozownik-srodka-wiazacego-mts-600x600.jpg 600w, https:\/\/dt-automatyzacja.pl\/wp-content\/uploads\/2025\/02\/ulepszanie-gruntu-dozownik-srodka-wiazacego-mts-100x100.jpg 100w\" sizes=\"auto, (max-width: 800px) 100vw, 800px\" \/><\/a><\/figure>\n\n\n\n<div style=\"height:100px;width:40px\" aria-hidden=\"true\" class=\"wp-block-spacer wp-container-content-28f0cd9b\"><\/div>\n\n\n\n<div class=\"wp-block-group flex is-vertical is-content-justification-stretch is-layout-flex wp-container-core-group-is-layout-b16ad781 wp-block-group-is-layout-flex\">\n<h3 class=\"wp-block-heading\"><a href=\"\/de\/index.php\/cat-ulepszanie-gruntu-dozownik\/\" data-type=\"link\" data-id=\"\/de\/index.php\/cat-ulepszanie-gruntu-dozownik\/\">BINDEMITTELSPENDER MTS E.P.M.<\/a><\/h3>\n\n\n\n<p class=\"has-black-color has-text-color has-link-color has-small-font-size wp-elements-c19dba93ae14d463bfe9e7a00e3f5307\">Pr\u00e4zisions-Bindemittel-Dosierger\u00e4t mit hydraulischem Antrieb und Dosieranzeige. Wird mit einer hydraulischen Schnellkupplung verwendet, um Ausfallzeiten w\u00e4hrend des Betriebs zu vermeiden.<\/p>\n\n\n\n<div style=\"height:50px\" aria-hidden=\"true\" class=\"wp-block-spacer wp-container-content-b30579f5\"><\/div>\n\n\n\n<h3 class=\"wp-block-heading has-text-align-right has-text-color has-link-color wp-elements-fefac3816d10e155db2e2f9cbe1a131f\" style=\"color:#e30613\"><a href=\"\/de\/index.php\/cat-ulepszanie-gruntu-dozownik\/\" data-type=\"link\" data-id=\"\/de\/index.php\/cat-ulepszanie-gruntu-dozownik\/\">MEHR SEHEN \u2192<\/a><\/h3>\n<\/div>\n<\/div>\n\n\n\n<div style=\"height:20px\" aria-hidden=\"true\" class=\"wp-block-spacer\"><\/div>\n\n\n\n<div class=\"wp-block-group mobile-break half-desktop has-background is-nowrap is-layout-flex wp-container-core-group-is-layout-9123dee2 wp-block-group-is-layout-flex\" style=\"background-color:#f0f0f0\">\n<figure class=\"wp-block-image size-full round-corners small-image-preview\"><a href=\"\/de\/index.php\/cat-ulepszanie-gruntu-rozdrabniacz\/\"><img loading=\"lazy\" decoding=\"async\" width=\"800\" height=\"800\" src=\"https:\/\/dt-auto.com\/wp-content\/uploads\/2025\/02\/ulepszanie-gruntu-rozdrabniacz-gruntu-mts.jpg\" alt=\"\" class=\"wp-image-1504\" style=\"aspect-ratio:1;object-fit:cover\" srcset=\"https:\/\/dt-automatyzacja.pl\/wp-content\/uploads\/2025\/02\/ulepszanie-gruntu-rozdrabniacz-gruntu-mts.jpg 800w, https:\/\/dt-automatyzacja.pl\/wp-content\/uploads\/2025\/02\/ulepszanie-gruntu-rozdrabniacz-gruntu-mts-300x300.jpg 300w, https:\/\/dt-automatyzacja.pl\/wp-content\/uploads\/2025\/02\/ulepszanie-gruntu-rozdrabniacz-gruntu-mts-150x150.jpg 150w, https:\/\/dt-automatyzacja.pl\/wp-content\/uploads\/2025\/02\/ulepszanie-gruntu-rozdrabniacz-gruntu-mts-768x768.jpg 768w, https:\/\/dt-automatyzacja.pl\/wp-content\/uploads\/2025\/02\/ulepszanie-gruntu-rozdrabniacz-gruntu-mts-600x600.jpg 600w, https:\/\/dt-automatyzacja.pl\/wp-content\/uploads\/2025\/02\/ulepszanie-gruntu-rozdrabniacz-gruntu-mts-100x100.jpg 100w\" sizes=\"auto, (max-width: 800px) 100vw, 800px\" \/><\/a><\/figure>\n\n\n\n<div style=\"height:100px;width:40px\" aria-hidden=\"true\" class=\"wp-block-spacer wp-container-content-28f0cd9b\"><\/div>\n\n\n\n<div class=\"wp-block-group flex is-vertical is-content-justification-stretch is-layout-flex wp-container-core-group-is-layout-b16ad781 wp-block-group-is-layout-flex\">\n<h3 class=\"wp-block-heading\"><a href=\"\/de\/index.php\/cat-ulepszanie-gruntu-rozdrabniacz\/\" data-type=\"link\" data-id=\"\/de\/index.php\/cat-ulepszanie-gruntu-rozdrabniacz\/\">MTS BODENZERKLEINERER<\/a><\/h3>\n\n\n\n<p class=\"has-black-color has-text-color has-link-color has-small-font-size wp-elements-b8f4f854c6f5bf54efbef5030c8e644a\">Ein Ger\u00e4t, mit dem Bindemittel in den Boden vorgestreut wird, wodurch gr\u00f6\u00dfere Bodenfraktionen in kleinere zerlegt werden.<\/p>\n\n\n\n<div style=\"height:50px\" aria-hidden=\"true\" class=\"wp-block-spacer wp-container-content-b30579f5\"><\/div>\n\n\n\n<h3 class=\"wp-block-heading has-text-align-right has-text-color has-link-color wp-elements-e2862c9b940712624dd7831d966f691f\" style=\"color:#e30613\"><a href=\"\/de\/index.php\/cat-ulepszanie-gruntu-rozdrabniacz\/\" data-type=\"link\" data-id=\"\/de\/index.php\/cat-ulepszanie-gruntu-rozdrabniacz\/\">MEHR SEHEN \u2192<\/a><\/h3>\n<\/div>\n<\/div>\n\n\n<div style=\"height:64px\" aria-hidden=\"true\" class=\"wp-block-spacer not-mobile\"><\/div>\n\n\n\n<div style=\"height:40px\" aria-hidden=\"true\" class=\"wp-block-spacer not-desktop\"><\/div>\n\n\n<div class=\"wp-block-buttons is-content-justification-center is-layout-flex wp-container-core-buttons-is-layout-16018d1d wp-block-buttons-is-layout-flex\">\n<div class=\"wp-block-button has-custom-width wp-block-button__width-50 has-custom-font-size is-style-outline has-small-font-size is-style-outline--2\"><a class=\"wp-block-button__link has-text-color has-link-color has-text-align-center wp-element-button\" href=\"\/wp-content\/uploads\/2025\/01\/katalog-2.pdf\" style=\"border-radius:0px;color:#e30614\"><strong>KATALOG HERUNTERLADEN<\/strong><\/a><\/div>\n<\/div>\n\n\n<div style=\"height:64px\" aria-hidden=\"true\" class=\"wp-block-spacer not-mobile\"><\/div>\n\n\n\n<div style=\"height:40px\" aria-hidden=\"true\" class=\"wp-block-spacer not-desktop\"><\/div>","protected":false},"excerpt":{"rendered":"<p>BODENVERBESSERUNG MTS RECYCLERS MTS-Recycler werden zum Mischen von Bindemittel und Boden in einem einzigen Arbeitsgang eingesetzt MEHR SEHEN \u2192 BINDEMITTELSPENDER MTS E.P.M. Pr\u00e4zisions-Bindemittel-Dosierger\u00e4t mit hydraulischem Antrieb und Dosieranzeige. Wird mit &#8230;<\/p>\n","protected":false},"author":2,"featured_media":0,"parent":0,"menu_order":0,"comment_status":"closed","ping_status":"closed","template":"template-fullwidth-stretched.php","meta":{"footnotes":""},"class_list":["post-1498","page","type-page","status-publish","hentry"],"aioseo_notices":[],"_links":{"self":[{"href":"https:\/\/dt-automatyzacja.pl\/de\/index.php\/wp-json\/wp\/v2\/pages\/1498","targetHints":{"allow":["GET"]}}],"collection":[{"href":"https:\/\/dt-automatyzacja.pl\/de\/index.php\/wp-json\/wp\/v2\/pages"}],"about":[{"href":"https:\/\/dt-automatyzacja.pl\/de\/index.php\/wp-json\/wp\/v2\/types\/page"}],"author":[{"embeddable":true,"href":"https:\/\/dt-automatyzacja.pl\/de\/index.php\/wp-json\/wp\/v2\/users\/2"}],"replies":[{"embeddable":true,"href":"https:\/\/dt-automatyzacja.pl\/de\/index.php\/wp-json\/wp\/v2\/comments?post=1498"}],"version-history":[{"count":28,"href":"https:\/\/dt-automatyzacja.pl\/de\/index.php\/wp-json\/wp\/v2\/pages\/1498\/revisions"}],"predecessor-version":[{"id":2516,"href":"https:\/\/dt-automatyzacja.pl\/de\/index.php\/wp-json\/wp\/v2\/pages\/1498\/revisions\/2516"}],"wp:attachment":[{"href":"https:\/\/dt-automatyzacja.pl\/de\/index.php\/wp-json\/wp\/v2\/media?parent=1498"}],"curies":[{"name":"wp","href":"https:\/\/api.w.org\/{rel}","templated":true}]}}