{"id":144,"date":"2025-01-08T17:31:57","date_gmt":"2025-01-08T16:31:57","guid":{"rendered":"https:\/\/dt-auto.com\/?page_id=144"},"modified":"2025-11-19T20:55:50","modified_gmt":"2025-11-19T19:55:50","slug":"innovations","status":"publish","type":"page","link":"https:\/\/dt-automatyzacja.pl\/de\/index.php\/innovations\/","title":{"rendered":"Innovation"},"content":{"rendered":"\n<div style=\"height:100px\" aria-hidden=\"true\" class=\"wp-block-spacer\"><\/div>\n\n\n\n<h1 class=\"wp-block-heading alignwide has-text-align-center has-text-color has-link-color has-x-large-font-size wp-elements-c6dfdffdac86b0aefddfdf4ffb80cfe3\" style=\"color:#e30614\"><strong>EU PROJEKTE<\/strong><\/h1>\n\n\n\n<h4 class=\"wp-block-heading has-text-align-center\">Liste der mit Unterst\u00fctzung der Europ\u00e4ischen Union durchgef\u00fchrten Projekte<\/h4>\n\n\n\n<div class=\"wp-block-group has-white-background-color has-background is-content-justification-center is-nowrap is-layout-flex wp-container-core-group-is-layout-94bc23d7 wp-block-group-is-layout-flex\">\n<div class=\"wp-block-group\"><div class=\"wp-block-group__inner-container is-layout-constrained wp-block-group-is-layout-constrained\">\n<div class=\"wp-block-group is-nowrap is-layout-flex wp-container-core-group-is-layout-ad2f72ca wp-block-group-is-layout-flex\">\n<figure class=\"wp-block-image size-full\"><img loading=\"lazy\" decoding=\"async\" width=\"223\" height=\"98\" src=\"https:\/\/dt-auto.com\/wp-content\/uploads\/2025\/01\/logo-fundusze-europejskie.jpg\" alt=\"\" class=\"wp-image-439\"\/><\/figure>\n\n\n\n<figure class=\"wp-block-image size-full\"><img loading=\"lazy\" decoding=\"async\" width=\"265\" height=\"81\" src=\"https:\/\/dt-auto.com\/wp-content\/uploads\/2025\/01\/logo-rzeczpospolita-polska.jpg\" alt=\"\" class=\"wp-image-438\"\/><\/figure>\n\n\n\n<figure class=\"wp-block-image size-full\"><img loading=\"lazy\" decoding=\"async\" width=\"238\" height=\"75\" src=\"https:\/\/dt-auto.com\/wp-content\/uploads\/2025\/01\/logo-unia-europejska.jpg\" alt=\"\" class=\"wp-image-436\"\/><\/figure>\n\n\n\n<figure class=\"wp-block-image size-full\"><img loading=\"lazy\" decoding=\"async\" width=\"177\" height=\"89\" src=\"https:\/\/dt-auto.com\/wp-content\/uploads\/2025\/01\/logo-podlaskie.jpg\" alt=\"\" class=\"wp-image-437\"\/><\/figure>\n<\/div>\n<\/div><\/div>\n<\/div>\n\n\n\n<div class=\"wp-block-group has-background is-vertical is-layout-flex wp-container-core-group-is-layout-8cf370e7 wp-block-group-is-layout-flex\" style=\"background-color:#ededed\"><div style=\"height:64px\" aria-hidden=\"true\" class=\"wp-block-spacer not-mobile\"><\/div>\n\n\n\n<div style=\"height:40px\" aria-hidden=\"true\" class=\"wp-block-spacer not-desktop\"><\/div>\n\n\n<p class=\"has-black-color has-text-color has-link-color has-medium-font-size wp-elements-9c1cb2cbb5d132261ed2c5e23fbf29fc\"><strong>DT-AUTOMATYZACJA<\/strong> hat einen Zuschuss erhalten, der von der Podlaska Fundacja Rozwoju Regionalnego (PFRR) mit Sitz in Bia\u0142ystok, Starobojarska-Stra\u00dfe 15, auf der Grundlage der Vereinbarung Nr. UDA-RPPD.01.02.02-20-0001\/16-00 zur Kofinanzierung des Zuschussprojekts mit dem Titel. \u201eZusch\u00fcsse f\u00fcr Forschung und Innovation\u201c, abgeschlossen am 17.10.2016 mit der Woiwodschaft Podlachien im Rahmen des Regionalen Operationellen Programms der Woiwodschaft Podlachien f\u00fcr den Zeitraum 2014-2020, Priorit\u00e4tsachse I St\u00e4rkung des Potenzials und der Wettbewerbsf\u00e4higkeit der Wirtschaft der Region, Ma\u00dfnahme 1.2 Unterst\u00fctzung des Wissenstransfers, der Innovation, der Technologie und der Kommerzialisierung von FuE-Ergebnissen sowie der Entwicklung von FuE-Aktivit\u00e4ten in Unternehmen, Unterma\u00dfnahme 1.2.2 Voucher f\u00fcr Forschungsdienstleistungen.<\/p>\n\n\n\n<div style=\"height:60px\" aria-hidden=\"true\" class=\"wp-block-spacer wp-container-content-1cacd481\"><\/div>\n\n\n\n<p class=\"has-black-color has-text-color has-link-color has-medium-font-size wp-elements-5b07c579f49d5922061acde34a01bd48\">Das Vorhaben zielt auf die Markteinf\u00fchrung eines neuen Produkts ab und wird dazu f\u00fchren.<br><strong>H\u00f6he des Zuschusses:<\/strong> 99.970,00 PLN.<br><strong>Der Betrag der Verpflichtung:<\/strong> PLN 159.900,00.<\/p>\n\n\n<div style=\"height:64px\" aria-hidden=\"true\" class=\"wp-block-spacer not-mobile\"><\/div>\n\n\n\n<div style=\"height:40px\" aria-hidden=\"true\" class=\"wp-block-spacer not-desktop\"><\/div>\n\n\n<h3 class=\"wp-block-heading has-text-color has-link-color wp-elements-bb708acf9bf9a48df67166b22ab1ebd4\" style=\"color:#e30614\">DATEIEN ZUM HERUNTERLADEN:<\/h3>\n\n\n\n<h4 class=\"wp-block-heading\"><a href=\"\/wp-content\/uploads\/2025\/03\/Zapytanie-ofertowe-nr-1.2017.pdf\" data-type=\"link\" data-id=\"\/wp-content\/uploads\/2025\/03\/Zapytanie-ofertowe-nr-1.2017.pdf\">Zapytanie ofertowe nr 1-2017 (.pdf)<\/a><\/h4>\n\n\n\n<h4 class=\"wp-block-heading\"><a href=\"\/wp-content\/uploads\/2025\/03\/Zalacznik-1.-Rysunek.pdf\" data-type=\"link\" data-id=\"\/wp-content\/uploads\/2025\/03\/Zalacznik-1.-Rysunek.pdf\">Za\u0142\u0105cznik 1 &#8211; rysunek (.pdf)<\/a><\/h4>\n\n\n\n<h4 class=\"wp-block-heading\"><a href=\"\/wp-content\/uploads\/2025\/03\/Zalacznik-2.-Formularz-ofertowy.doc\" data-type=\"link\" data-id=\"\/wp-content\/uploads\/2025\/03\/Zalacznik-2.-Formularz-ofertowy.doc\">Za\u0142\u0105cznik 2 &#8211; formularz ofertowy (.doc)<\/a><\/h4>\n\n\n\n<h4 class=\"wp-block-heading\"><a href=\"\/wp-content\/uploads\/2025\/03\/Zalacznik-3.-Oswiadczenie-o-braku-powiazan-kapitalowych-lub-osobowych.doc\" data-type=\"link\" data-id=\"\/wp-content\/uploads\/2025\/03\/Zalacznik-3.-Oswiadczenie-o-braku-powiazan-kapitalowych-lub-osobowych.doc\">Za\u0142\u0105cznik 3 &#8211; o\u015bwiadczenie o braku powi\u0105za\u0144 kapita\u0142owych lub osobowych (.doc)<\/a><\/h4>\n\n\n<div style=\"height:64px\" aria-hidden=\"true\" class=\"wp-block-spacer not-mobile\"><\/div>\n\n\n\n<div style=\"height:40px\" aria-hidden=\"true\" class=\"wp-block-spacer not-desktop\"><\/div><\/div>\n\n\n\n<div style=\"height:100px\" aria-hidden=\"true\" class=\"wp-block-spacer\"><\/div>\n\n\n\n<div class=\"wp-block-buttons is-content-justification-center is-layout-flex wp-container-core-buttons-is-layout-16018d1d wp-block-buttons-is-layout-flex\">\n<div class=\"wp-block-button has-custom-width wp-block-button__width-50 has-custom-font-size is-style-outline has-small-font-size is-style-outline--1\"><a class=\"wp-block-button__link has-text-color has-link-color wp-element-button\" href=\"\/de\/index.php\/\" style=\"border-radius:0px;color:#e30614\"><strong>ZUR\u00dcCK ZUR TITELSEITE<\/strong><\/a><\/div>\n<\/div>\n\n\n\n<div style=\"height:100px\" aria-hidden=\"true\" class=\"wp-block-spacer\"><\/div>\n","protected":false},"excerpt":{"rendered":"<p>EU PROJEKTE Liste der mit Unterst\u00fctzung der Europ\u00e4ischen Union durchgef\u00fchrten Projekte DT-AUTOMATYZACJA hat einen Zuschuss erhalten, der von der Podlaska Fundacja Rozwoju Regionalnego (PFRR) mit Sitz in Bia\u0142ystok, Starobojarska-Stra\u00dfe 15, &#8230;<\/p>\n","protected":false},"author":2,"featured_media":0,"parent":0,"menu_order":0,"comment_status":"closed","ping_status":"closed","template":"","meta":{"footnotes":""},"class_list":["post-144","page","type-page","status-publish","hentry"],"aioseo_notices":[],"_links":{"self":[{"href":"https:\/\/dt-automatyzacja.pl\/de\/index.php\/wp-json\/wp\/v2\/pages\/144","targetHints":{"allow":["GET"]}}],"collection":[{"href":"https:\/\/dt-automatyzacja.pl\/de\/index.php\/wp-json\/wp\/v2\/pages"}],"about":[{"href":"https:\/\/dt-automatyzacja.pl\/de\/index.php\/wp-json\/wp\/v2\/types\/page"}],"author":[{"embeddable":true,"href":"https:\/\/dt-automatyzacja.pl\/de\/index.php\/wp-json\/wp\/v2\/users\/2"}],"replies":[{"embeddable":true,"href":"https:\/\/dt-automatyzacja.pl\/de\/index.php\/wp-json\/wp\/v2\/comments?post=144"}],"version-history":[{"count":22,"href":"https:\/\/dt-automatyzacja.pl\/de\/index.php\/wp-json\/wp\/v2\/pages\/144\/revisions"}],"predecessor-version":[{"id":2490,"href":"https:\/\/dt-automatyzacja.pl\/de\/index.php\/wp-json\/wp\/v2\/pages\/144\/revisions\/2490"}],"wp:attachment":[{"href":"https:\/\/dt-automatyzacja.pl\/de\/index.php\/wp-json\/wp\/v2\/media?parent=144"}],"curies":[{"name":"wp","href":"https:\/\/api.w.org\/{rel}","templated":true}]}}