{"id":1431,"date":"2025-02-17T14:47:15","date_gmt":"2025-02-17T13:47:15","guid":{"rendered":"https:\/\/dt-auto.com\/?page_id=1431"},"modified":"2025-11-19T22:46:07","modified_gmt":"2025-11-19T21:46:07","slug":"cat-szybkozlacza-pelnohydrauliczne","status":"publish","type":"page","link":"https:\/\/dt-automatyzacja.pl\/de\/index.php\/cat-szybkozlacza-pelnohydrauliczne\/","title":{"rendered":"CAT &#8211; Szybkoz\u0142\u0105cza pe\u0142nohydrauliczne"},"content":{"rendered":"<div style=\"height:64px\" aria-hidden=\"true\" class=\"wp-block-spacer not-mobile\"><\/div>\n\n\n\n<div style=\"height:40px\" aria-hidden=\"true\" class=\"wp-block-spacer not-desktop\"><\/div>\n\n\n<h1 class=\"wp-block-heading full-screen-padding has-text-color has-link-color wp-elements-7aca1a7ad3df742e3e6e3f967a81f811\" style=\"color:#e30614\">VOLLHYDRAULISCHE SCHNELLKUPPLUNGEN<\/h1>\n\n\n\n<div class=\"wp-block-group full-screen-padding top-spoilers\"><div class=\"wp-block-group__inner-container is-layout-constrained wp-block-group-is-layout-constrained\"><div class=\"su-spoiler su-spoiler-style-fancy su-spoiler-icon-chevron su-spoiler-closed\" data-scroll-offset=\"0\" data-anchor-in-url=\"no\"><div class=\"su-spoiler-title\" tabindex=\"0\" role=\"button\"><span class=\"su-spoiler-icon\"><\/span>WAS IST DER GR\u00d6SSTE VORTEIL DER SCHNELLKUPPLUNG?<\/div><div class=\"su-spoiler-content su-u-clearfix su-u-trim\">\nDer gr\u00f6\u00dfte Vorteil der vollhydraulischen Schnellwechsler ist, dass das Anbauger\u00e4t innerhalb von Sekunden gewechselt werden kann. Der gesamte Vorgang wird vollhydraulisch und vom Arbeitsplatz des Fahrers aus durchgef\u00fchrt. Die konsequente Automatisierung der Baustelle bedeutet nicht nur einen Wettbewerbsvorteil, sondern gew\u00e4hrleistet auch ein H\u00f6chstma\u00df an Sicherheit im Erdbau.<br \/>\n<\/div><\/div>\n\n\n<div class=\"su-spoiler su-spoiler-style-fancy su-spoiler-icon-chevron su-spoiler-closed\" data-scroll-offset=\"0\" data-anchor-in-url=\"no\"><div class=\"su-spoiler-title\" tabindex=\"0\" role=\"button\"><span class=\"su-spoiler-icon\"><\/span>WELCHE M\u00d6GLICHKEITEN BIETET DER EINSATZ VON SCHNELLKUPPLUNGEN?<\/div><div class=\"su-spoiler-content su-u-clearfix su-u-trim\">\nDurch den Einsatz von vollhydraulischen Schnellkupplungen wird der Bagger zu einer universellen Arbeitsmaschine f\u00fcr alle hydraulischen Ger\u00e4te.<br \/>\n<\/div><\/div>\n<\/div><\/div>\n\n\n<div style=\"height:64px\" aria-hidden=\"true\" class=\"wp-block-spacer not-mobile\"><\/div>\n\n\n\n<div style=\"height:40px\" aria-hidden=\"true\" class=\"wp-block-spacer not-desktop\"><\/div>\n\n\n<div class=\"wp-block-group mobile-break half-desktop has-background is-nowrap is-layout-flex wp-container-core-group-is-layout-9123dee2 wp-block-group-is-layout-flex\" style=\"background-color:#f0f0f0\">\n<figure class=\"wp-block-image size-full is-resized round-corners small-image-preview\"><img loading=\"lazy\" decoding=\"async\" width=\"800\" height=\"800\" src=\"https:\/\/dt-auto.com\/wp-content\/uploads\/2025\/05\/xszybkozlacza-pelnohydrauliczne-szybkozlacze-pelnohydrauliczne.jpg.pagespeed.ic_.zmXbrSf7ES.jpg\" alt=\"\" class=\"wp-image-2394\" style=\"aspect-ratio:1;object-fit:cover;width:400px\" srcset=\"https:\/\/dt-automatyzacja.pl\/wp-content\/uploads\/2025\/05\/xszybkozlacza-pelnohydrauliczne-szybkozlacze-pelnohydrauliczne.jpg.pagespeed.ic_.zmXbrSf7ES.jpg 800w, https:\/\/dt-automatyzacja.pl\/wp-content\/uploads\/2025\/05\/xszybkozlacza-pelnohydrauliczne-szybkozlacze-pelnohydrauliczne.jpg.pagespeed.ic_.zmXbrSf7ES-300x300.jpg 300w, https:\/\/dt-automatyzacja.pl\/wp-content\/uploads\/2025\/05\/xszybkozlacza-pelnohydrauliczne-szybkozlacze-pelnohydrauliczne.jpg.pagespeed.ic_.zmXbrSf7ES-150x150.jpg 150w, https:\/\/dt-automatyzacja.pl\/wp-content\/uploads\/2025\/05\/xszybkozlacza-pelnohydrauliczne-szybkozlacze-pelnohydrauliczne.jpg.pagespeed.ic_.zmXbrSf7ES-768x768.jpg 768w, https:\/\/dt-automatyzacja.pl\/wp-content\/uploads\/2025\/05\/xszybkozlacza-pelnohydrauliczne-szybkozlacze-pelnohydrauliczne.jpg.pagespeed.ic_.zmXbrSf7ES-600x600.jpg 600w, https:\/\/dt-automatyzacja.pl\/wp-content\/uploads\/2025\/05\/xszybkozlacza-pelnohydrauliczne-szybkozlacze-pelnohydrauliczne.jpg.pagespeed.ic_.zmXbrSf7ES-100x100.jpg 100w\" sizes=\"auto, (max-width: 800px) 100vw, 800px\" \/><\/figure>\n\n\n\n<div style=\"height:100px;width:40px\" aria-hidden=\"true\" class=\"wp-block-spacer wp-container-content-28f0cd9b\"><\/div>\n\n\n\n<div class=\"wp-block-group flex is-vertical is-content-justification-stretch is-layout-flex wp-container-core-group-is-layout-b16ad781 wp-block-group-is-layout-flex\">\n<h3 class=\"wp-block-heading\"><a href=\"\/de\/index.php\/cat-szybkozlacza-pelnohydrauliczne-oilquick\/\" data-type=\"link\" data-id=\"\/de\/index.php\/cat-szybkozlacza-pelnohydrauliczne-oilquick\/\">OILQUICK-VOLLHYDRAULIK-KUPPLUNGEN<\/a><\/h3>\n\n\n\n<p class=\"has-black-color has-text-color has-link-color has-small-font-size wp-elements-c442e61959966fe604e5f7409da824cb\">Ein Ger\u00e4t, mit dem sich Anbauger\u00e4te in Sekundenschnelle wechseln lassen, ohne dass der Fahrer die Kabine verlassen muss.<\/p>\n\n\n\n<div style=\"height:50px\" aria-hidden=\"true\" class=\"wp-block-spacer wp-container-content-b30579f5\"><\/div>\n\n\n\n<h3 class=\"wp-block-heading has-text-align-right has-text-color has-link-color wp-elements-433aaed44807fe53b5b5f2b90653f590\" style=\"color:#e30613\"><a href=\"\/de\/index.php\/cat-szybkozlacza-pelnohydrauliczne-oilquick\/\" data-type=\"link\" data-id=\"\/de\/index.php\/cat-szybkozlacza-pelnohydrauliczne-oilquick\/\">MEHR SEHEN \u2192<\/a><\/h3>\n<\/div>\n<\/div>\n\n\n<div style=\"height:64px\" aria-hidden=\"true\" class=\"wp-block-spacer not-mobile\"><\/div>\n\n\n\n<div style=\"height:40px\" aria-hidden=\"true\" class=\"wp-block-spacer not-desktop\"><\/div>\n\n\n<div class=\"wp-block-buttons is-content-justification-center is-layout-flex wp-container-core-buttons-is-layout-16018d1d wp-block-buttons-is-layout-flex\">\n<div class=\"wp-block-button has-custom-width wp-block-button__width-50 has-custom-font-size is-style-outline has-small-font-size is-style-outline--2\"><a class=\"wp-block-button__link has-text-color has-link-color has-text-align-center wp-element-button\" href=\"\/wp-content\/uploads\/2025\/01\/katalog-2.pdf\" style=\"border-radius:0px;color:#e30614\"><strong>KATALOG HERUNTERLADEN<\/strong><\/a><\/div>\n<\/div>\n\n\n<div style=\"height:64px\" aria-hidden=\"true\" class=\"wp-block-spacer not-mobile\"><\/div>\n\n\n\n<div style=\"height:40px\" aria-hidden=\"true\" class=\"wp-block-spacer not-desktop\"><\/div>","protected":false},"excerpt":{"rendered":"<p>VOLLHYDRAULISCHE SCHNELLKUPPLUNGEN OILQUICK-VOLLHYDRAULIK-KUPPLUNGEN Ein Ger\u00e4t, mit dem sich Anbauger\u00e4te in Sekundenschnelle wechseln lassen, ohne dass der Fahrer die Kabine verlassen muss. MEHR SEHEN \u2192<\/p>\n","protected":false},"author":2,"featured_media":0,"parent":0,"menu_order":0,"comment_status":"closed","ping_status":"closed","template":"template-fullwidth-stretched.php","meta":{"footnotes":""},"class_list":["post-1431","page","type-page","status-publish","hentry"],"aioseo_notices":[],"_links":{"self":[{"href":"https:\/\/dt-automatyzacja.pl\/de\/index.php\/wp-json\/wp\/v2\/pages\/1431","targetHints":{"allow":["GET"]}}],"collection":[{"href":"https:\/\/dt-automatyzacja.pl\/de\/index.php\/wp-json\/wp\/v2\/pages"}],"about":[{"href":"https:\/\/dt-automatyzacja.pl\/de\/index.php\/wp-json\/wp\/v2\/types\/page"}],"author":[{"embeddable":true,"href":"https:\/\/dt-automatyzacja.pl\/de\/index.php\/wp-json\/wp\/v2\/users\/2"}],"replies":[{"embeddable":true,"href":"https:\/\/dt-automatyzacja.pl\/de\/index.php\/wp-json\/wp\/v2\/comments?post=1431"}],"version-history":[{"count":16,"href":"https:\/\/dt-automatyzacja.pl\/de\/index.php\/wp-json\/wp\/v2\/pages\/1431\/revisions"}],"predecessor-version":[{"id":2513,"href":"https:\/\/dt-automatyzacja.pl\/de\/index.php\/wp-json\/wp\/v2\/pages\/1431\/revisions\/2513"}],"wp:attachment":[{"href":"https:\/\/dt-automatyzacja.pl\/de\/index.php\/wp-json\/wp\/v2\/media?parent=1431"}],"curies":[{"name":"wp","href":"https:\/\/api.w.org\/{rel}","templated":true}]}}