{"id":1417,"date":"2025-02-16T22:20:21","date_gmt":"2025-02-16T21:20:21","guid":{"rendered":"https:\/\/dt-auto.com\/?page_id=1417"},"modified":"2025-11-19T22:16:37","modified_gmt":"2025-11-19T21:16:37","slug":"cat-frezarki-do-skal","status":"publish","type":"page","link":"https:\/\/dt-automatyzacja.pl\/de\/index.php\/cat-frezarki-do-skal\/","title":{"rendered":"CAT &#8211; Frezarki do ska\u0142"},"content":{"rendered":"<div style=\"height:64px\" aria-hidden=\"true\" class=\"wp-block-spacer not-mobile\"><\/div>\n\n\n\n<div style=\"height:40px\" aria-hidden=\"true\" class=\"wp-block-spacer not-desktop\"><\/div>\n\n\n<h1 class=\"wp-block-heading full-screen-padding has-text-color has-link-color wp-elements-a83364c1f7915277640e36af826b136b\" style=\"color:#e30614\">GESTEINSFR\u00c4SMASCHINE<\/h1>\n\n\n\n<p class=\"full-screen-padding has-black-color has-text-color has-link-color has-medium-font-size wp-elements-9d733485505cd443623573c88f6e7b31\">Die neue MTS-Felsfr\u00e4se ist ein eigenes komplettes Fr\u00e4ssystem, das vor allem durch sein hohes Drehmoment und seine Effizienz auch bei gro\u00dfen Baggern \u00fcberzeugt. Die Schnitttiefenbegrenzung der robusten Querschneidk\u00f6pfe verhindert ein Verklemmen der Fr\u00e4se und das stabile Getriebegeh\u00e4use garantiert maximalen Schutz f\u00fcr Motor und Hydraulikschl\u00e4uche.<\/p>\n\n\n<div style=\"height:64px\" aria-hidden=\"true\" class=\"wp-block-spacer not-mobile\"><\/div>\n\n\n\n<div style=\"height:40px\" aria-hidden=\"true\" class=\"wp-block-spacer not-desktop\"><\/div>\n\n\n<h1 class=\"wp-block-heading full-screen-padding has-text-color has-link-color wp-elements-3b413f635db3f6eb8fd7e30f8b6a1c94\" style=\"color:#e30614\">MTS GESTEINSFR\u00c4SMASCHINE<\/h1>\n\n\n\n<p class=\"full-screen-padding has-black-color has-text-color has-link-color has-medium-font-size wp-elements-d6fe039f941fd10945b92c167ce9122c\"><strong>EIN KOMPLETTES, LEISTUNGSSTARKES SYSTEM<\/strong><\/p>\n\n\n\n<div class=\"wp-block-group full-screen-padding expanded-pointers\"><div class=\"wp-block-group__inner-container is-layout-constrained wp-block-group-is-layout-constrained\">\n<figure class=\"wp-block-image size-full center\"><img loading=\"lazy\" decoding=\"async\" width=\"476\" height=\"698\" src=\"https:\/\/dt-auto.com\/wp-content\/uploads\/2025\/02\/frezarki-do-skal-wykres-1-mob.jpg\" alt=\"\" class=\"wp-image-1419\" srcset=\"https:\/\/dt-automatyzacja.pl\/wp-content\/uploads\/2025\/02\/frezarki-do-skal-wykres-1-mob.jpg 476w, https:\/\/dt-automatyzacja.pl\/wp-content\/uploads\/2025\/02\/frezarki-do-skal-wykres-1-mob-205x300.jpg 205w\" sizes=\"auto, (max-width: 476px) 100vw, 476px\" \/><\/figure>\n\n\n\n<div style=\"height:20px\" aria-hidden=\"true\" class=\"wp-block-spacer\"><\/div>\n\n\n\n<div class=\"wp-block-group product-description\"><div class=\"wp-block-group__inner-container is-layout-constrained wp-block-group-is-layout-constrained\">\n<h3 class=\"wp-block-heading\"><strong>VOLLHYDRAULISCHES VERBINDUNGSSYSTEM<\/strong><\/h3>\n\n\n\n<p>Alle handels\u00fcblichen Systeme k\u00f6nnen eingebaut werden<\/p>\n\n\n\n<h3 class=\"wp-block-heading\"><strong>VOLLG\u00c4NGER\u00dcBERTRAGUNG<\/strong><\/h3>\n\n\n\n<p>Maximaler Schutz f\u00fcr alle Bauteile<\/p>\n\n\n\n<h3 class=\"wp-block-heading\"><strong>STRICHZ\u00c4HNEN\u00dcBERTRAGUNG<\/strong><\/h3>\n\n\n\n<p>Hohe Drehmoment- bzw. Energie\u00fcbertragung<\/p>\n\n\n\n<h3 class=\"wp-block-heading\"><strong>ABNEHMBARE BUCHSEN IN FR\u00c4SK\u00d6PFEN (FF90\/75)<\/strong><\/h3>\n\n\n\n<p>Hohe Standzeit der Querschneidk\u00f6pfe durch einfachen Buchsenwechsel<\/p>\n\n\n\n<h3 class=\"wp-block-heading\"><strong>ZAHNDESIGN BEGRENZT FR\u00c4STIEFE<\/strong><\/h3>\n\n\n\n<p>Verhindert das Verklemmen der Fr\u00e4se<\/p>\n<\/div><\/div>\n<\/div><\/div>\n\n\n<div style=\"height:64px\" aria-hidden=\"true\" class=\"wp-block-spacer not-mobile\"><\/div>\n\n\n\n<div style=\"height:40px\" aria-hidden=\"true\" class=\"wp-block-spacer not-desktop\"><\/div>\n\n\n<div class=\"wp-block-group has-background is-vertical is-layout-flex wp-container-core-group-is-layout-8cf370e7 wp-block-group-is-layout-flex\" style=\"background-color:#319340\"><div style=\"height:64px\" aria-hidden=\"true\" class=\"wp-block-spacer not-mobile\"><\/div>\n\n\n\n<div style=\"height:40px\" aria-hidden=\"true\" class=\"wp-block-spacer not-desktop\"><\/div>\n\n\n<h2 class=\"wp-block-heading full-screen-padding has-white-color has-text-color has-link-color wp-elements-e702d80e3fd3e16d301775374aa6acbc\">SCHL\u00dcSSELVORTEILE<\/h2>\n\n\n<div style=\"height:64px\" aria-hidden=\"true\" class=\"wp-block-spacer not-mobile\"><\/div>\n\n\n\n<div style=\"height:40px\" aria-hidden=\"true\" class=\"wp-block-spacer not-desktop\"><\/div><\/div>\n\n\n\n<div class=\"wp-block-group full-screen-padding has-background is-vertical is-layout-flex wp-container-core-group-is-layout-8cf370e7 wp-block-group-is-layout-flex\" style=\"background-color:#ebebeb\"><div style=\"height:64px\" aria-hidden=\"true\" class=\"wp-block-spacer not-mobile\"><\/div>\n\n\n\n<div style=\"height:40px\" aria-hidden=\"true\" class=\"wp-block-spacer not-desktop\"><\/div>\n\n\n<div class=\"wp-block-group mobile-break is-nowrap is-layout-flex wp-container-core-group-is-layout-ad2f72ca wp-block-group-is-layout-flex\">\n<div class=\"wp-block-group is-vertical is-layout-flex wp-container-core-group-is-layout-8cf370e7 wp-block-group-is-layout-flex\">\n<ul class=\"wp-block-list custom-list\">\n<li class=\"has-black-color has-text-color has-link-color has-small-font-size wp-elements-e1f2b04c9f461cedba12a072577a3df8\">St\u00f6rungsfreies Fr\u00e4sen mit optimaler Produktivit\u00e4t<\/li>\n\n\n\n<li class=\"has-black-color has-text-color has-link-color wp-elements-511d93f1d7261938abb8bef8eebb3538\">Profilieren gro\u00dfer Fl\u00e4chen mit der Fr\u00e4se<\/li>\n\n\n\n<li class=\"has-black-color has-text-color has-link-color wp-elements-51c1ec7fc3ebbd5e91e127731b646abe\">Vibrationsarmer Betrieb der Maschine verhindert \u00fcberm\u00e4\u00dfigen Verschlei\u00df<\/li>\n\n\n\n<li class=\"has-black-color has-text-color has-link-color wp-elements-5adbf5ef6227f60d05a388965f826176\">Lange Lebensdauer auch unter extremen Bedingungen<\/li>\n\n\n\n<li class=\"has-black-color has-text-color has-link-color wp-elements-62a1a6100c6ead05423c8c9649515455\">Servicefreundliche und hochverschlei\u00dffeste Querschneidk\u00f6pfe<\/li>\n\n\n\n<li class=\"has-black-color has-text-color has-link-color has-small-font-size wp-elements-e1fe57830fb339008ae3ad1a4dbc6b51\">Einfache Handhabung und Transport<\/li>\n<\/ul>\n<\/div>\n\n\n\n<figure class=\"wp-block-image size-full\"><img loading=\"lazy\" decoding=\"async\" width=\"460\" height=\"365\" src=\"https:\/\/dt-auto.com\/wp-content\/uploads\/2025\/02\/frezarki-do-skal-zalety.jpg\" alt=\"\" class=\"wp-image-1420\" srcset=\"https:\/\/dt-automatyzacja.pl\/wp-content\/uploads\/2025\/02\/frezarki-do-skal-zalety.jpg 460w, https:\/\/dt-automatyzacja.pl\/wp-content\/uploads\/2025\/02\/frezarki-do-skal-zalety-300x238.jpg 300w\" sizes=\"auto, (max-width: 460px) 100vw, 460px\" \/><\/figure>\n<\/div>\n\n\n<div style=\"height:64px\" aria-hidden=\"true\" class=\"wp-block-spacer not-mobile\"><\/div>\n\n\n\n<div style=\"height:40px\" aria-hidden=\"true\" class=\"wp-block-spacer not-desktop\"><\/div><\/div>\n\n\n<div style=\"height:64px\" aria-hidden=\"true\" class=\"wp-block-spacer not-mobile\"><\/div>\n\n\n\n<div style=\"height:40px\" aria-hidden=\"true\" class=\"wp-block-spacer not-desktop\"><\/div>\n\n\n<h1 class=\"wp-block-heading full-screen-padding has-text-color has-link-color wp-elements-c9364a1f4c0b67efa4e9cc51627ca8bf\" style=\"color:#e30614\">STANDARDAUSR\u00dcSTUNG:<\/h1>\n\n\n\n<p class=\"full-screen-padding has-black-color has-text-color has-link-color has-medium-font-size wp-elements-eb149074b413f3b746c47423809655b4\"><strong>TRANSPORTRAHMEN<\/strong><\/p>\n\n\n\n<div class=\"wp-block-group full-screen-padding expanded-pointers\"><div class=\"wp-block-group__inner-container is-layout-constrained wp-block-group-is-layout-constrained\">\n<figure class=\"wp-block-image size-full center\"><img loading=\"lazy\" decoding=\"async\" width=\"596\" height=\"419\" src=\"https:\/\/dt-auto.com\/wp-content\/uploads\/2025\/02\/frezarki-do-skal-wykres-2-mob.jpg\" alt=\"\" class=\"wp-image-1422\" srcset=\"https:\/\/dt-automatyzacja.pl\/wp-content\/uploads\/2025\/02\/frezarki-do-skal-wykres-2-mob.jpg 596w, https:\/\/dt-automatyzacja.pl\/wp-content\/uploads\/2025\/02\/frezarki-do-skal-wykres-2-mob-300x211.jpg 300w\" sizes=\"auto, (max-width: 596px) 100vw, 596px\" \/><\/figure>\n\n\n\n<div style=\"height:20px\" aria-hidden=\"true\" class=\"wp-block-spacer\"><\/div>\n\n\n\n<div class=\"wp-block-group product-description\"><div class=\"wp-block-group__inner-container is-layout-constrained wp-block-group-is-layout-constrained\">\n<h3 class=\"wp-block-heading\"><strong>DOKUMENTENKASTEN<\/strong><\/h3>\n\n\n\n<p>Maschinendokumente<\/p>\n\n\n\n<h3 class=\"wp-block-heading\"><strong>BEFESTIGUNGSPUNKTE<\/strong><\/h3>\n\n\n\n<p>Einfache Befestigung f\u00fcr die Beladung<\/p>\n\n\n\n<h3 class=\"wp-block-heading\"><strong>PALLETTENFESTE BEFESTIGUNG<\/strong><\/h3>\n\n\n\n<p>EINFACHER TRANSPORT MIT EINEM PALLETTENWAGEN<\/p>\n\n\n\n<h3 class=\"wp-block-heading\"><strong>KIPPSYSTEM<\/strong><\/h3>\n\n\n\n<p>Verhindert, dass sich die Maschine im Falle eines Unfalls vom Transportgestell l\u00f6st<\/p>\n\n\n\n<h3 class=\"wp-block-heading\"><strong>STANDARDPLATTENGR\u00d6SSE<\/strong><\/h3>\n\n\n\n<p>F\u00fcr genormte Transportmittel<\/p>\n\n\n\n<h3 class=\"wp-block-heading\"><strong>WERKZEUGE F\u00dcR HANDHABUNG UND AUSTAUSCHWERKZEUGE<\/strong><\/h3>\n\n\n\n<p>Montage nach Bedarf<\/p>\n<\/div><\/div>\n<\/div><\/div>\n\n\n<div style=\"height:64px\" aria-hidden=\"true\" class=\"wp-block-spacer not-mobile\"><\/div>\n\n\n\n<div style=\"height:40px\" aria-hidden=\"true\" class=\"wp-block-spacer not-desktop\"><\/div>\n\n\n<h2 class=\"wp-block-heading has-text-align-center full-screen-padding\">SEHEN, WIE ES FUNKTIONIERT:<\/h2>\n\n\n\n<figure class=\"wp-block-embed is-type-video is-provider-youtube wp-block-embed-youtube custom-video wp-embed-aspect-16-9 wp-has-aspect-ratio\"><div class=\"wp-block-embed__wrapper\">\n<iframe loading=\"lazy\" title=\"7 - Frezarka do ska\u0142 MTS\" width=\"800\" height=\"450\" src=\"https:\/\/www.youtube.com\/embed\/ljo0S_2Cn4o?feature=oembed\" frameborder=\"0\" allow=\"accelerometer; autoplay; clipboard-write; encrypted-media; gyroscope; picture-in-picture; web-share\" referrerpolicy=\"strict-origin-when-cross-origin\" allowfullscreen><\/iframe>\n<\/div><\/figure>\n\n\n<div style=\"height:64px\" aria-hidden=\"true\" class=\"wp-block-spacer not-mobile\"><\/div>\n\n\n\n<div style=\"height:40px\" aria-hidden=\"true\" class=\"wp-block-spacer not-desktop\"><\/div>\n\n\n<div class=\"wp-block-buttons is-content-justification-center is-layout-flex wp-container-core-buttons-is-layout-16018d1d wp-block-buttons-is-layout-flex\">\n<div class=\"wp-block-button has-custom-width wp-block-button__width-50 has-custom-font-size is-style-outline has-small-font-size is-style-outline--2\"><a class=\"wp-block-button__link has-text-color has-link-color has-text-align-center wp-element-button\" href=\"\/wp-content\/uploads\/2025\/01\/katalog-2.pdf\" style=\"border-radius:0px;color:#e30614\"><strong>KATALOG HERUNTERLADEN<\/strong><\/a><\/div>\n<\/div>\n\n\n<div style=\"height:64px\" aria-hidden=\"true\" class=\"wp-block-spacer not-mobile\"><\/div>\n\n\n\n<div style=\"height:40px\" aria-hidden=\"true\" class=\"wp-block-spacer not-desktop\"><\/div>","protected":false},"excerpt":{"rendered":"<p>GESTEINSFR\u00c4SMASCHINE Die neue MTS-Felsfr\u00e4se ist ein eigenes komplettes Fr\u00e4ssystem, das vor allem durch sein hohes Drehmoment und seine Effizienz auch bei gro\u00dfen Baggern \u00fcberzeugt. Die Schnitttiefenbegrenzung der robusten Querschneidk\u00f6pfe verhindert &#8230;<\/p>\n","protected":false},"author":2,"featured_media":0,"parent":0,"menu_order":0,"comment_status":"closed","ping_status":"closed","template":"template-fullwidth-stretched.php","meta":{"footnotes":""},"class_list":["post-1417","page","type-page","status-publish","hentry"],"aioseo_notices":[],"_links":{"self":[{"href":"https:\/\/dt-automatyzacja.pl\/de\/index.php\/wp-json\/wp\/v2\/pages\/1417","targetHints":{"allow":["GET"]}}],"collection":[{"href":"https:\/\/dt-automatyzacja.pl\/de\/index.php\/wp-json\/wp\/v2\/pages"}],"about":[{"href":"https:\/\/dt-automatyzacja.pl\/de\/index.php\/wp-json\/wp\/v2\/types\/page"}],"author":[{"embeddable":true,"href":"https:\/\/dt-automatyzacja.pl\/de\/index.php\/wp-json\/wp\/v2\/users\/2"}],"replies":[{"embeddable":true,"href":"https:\/\/dt-automatyzacja.pl\/de\/index.php\/wp-json\/wp\/v2\/comments?post=1417"}],"version-history":[{"count":37,"href":"https:\/\/dt-automatyzacja.pl\/de\/index.php\/wp-json\/wp\/v2\/pages\/1417\/revisions"}],"predecessor-version":[{"id":2506,"href":"https:\/\/dt-automatyzacja.pl\/de\/index.php\/wp-json\/wp\/v2\/pages\/1417\/revisions\/2506"}],"wp:attachment":[{"href":"https:\/\/dt-automatyzacja.pl\/de\/index.php\/wp-json\/wp\/v2\/media?parent=1417"}],"curies":[{"name":"wp","href":"https:\/\/api.w.org\/{rel}","templated":true}]}}