{"id":134,"date":"2025-01-08T17:27:06","date_gmt":"2025-01-08T16:27:06","guid":{"rendered":"https:\/\/dt-auto.com\/?page_id=134"},"modified":"2025-11-19T21:41:55","modified_gmt":"2025-11-19T20:41:55","slug":"o-nas","status":"publish","type":"page","link":"https:\/\/dt-automatyzacja.pl\/de\/index.php\/o-nas\/","title":{"rendered":"\u00dcber uns"},"content":{"rendered":"\n<h1 class=\"wp-block-heading has-text-align-center has-text-color has-link-color wp-elements-1a26bcf99742d820e688c772fffe694a\" style=\"color:#e30614\"><strong>\u00dcBER UNS<\/strong><\/h1>\n\n\n\n<p class=\"has-black-color has-text-color has-link-color has-medium-font-size wp-elements-f692937154d192f8dea1ad3d4c9589d1\">Unser Unternehmen wurde Ende 2016 gegr\u00fcndet und ist das Ergebnis einer Kombination aus gemeinsamen St\u00e4rken und Erfahrungen im Bereich Handel und Bau. Wir sind der offizielle Partner von MTS Schrode AG und OilQuick in Polen.<\/p>\n\n\n\n<p class=\"has-black-color has-text-color has-link-color has-medium-font-size wp-elements-310e94528bf30f998ebaa1078b3bd944\">Wir sind im Bereich der unterirdischen und Stra\u00dfeninfrastruktur t\u00e4tig und st\u00fctzen uns auf die Erfahrung unserer Partner und eines Bauunternehmens, das seit 1994 auf dem polnischen Markt t\u00e4tig ist. Seit 2000 setzen Unternehmen in Europa erfolgreich MTS- und OilQuick-Ger\u00e4te ein, um die Effizienz zu optimieren und Einsparungen auf ihren Baustellen zu erzielen.<\/p>\n\n\n\n<p><\/p>\n\n\n\n<figure class=\"wp-block-image alignwide size-full is-style-default\"><img loading=\"lazy\" decoding=\"async\" width=\"1920\" height=\"1084\" src=\"https:\/\/dt-auto.com\/wp-content\/uploads\/2025\/01\/about-banner.jpg\" alt=\"\" class=\"wp-image-182\" srcset=\"https:\/\/dt-automatyzacja.pl\/wp-content\/uploads\/2025\/01\/about-banner.jpg 1920w, https:\/\/dt-automatyzacja.pl\/wp-content\/uploads\/2025\/01\/about-banner-300x169.jpg 300w, https:\/\/dt-automatyzacja.pl\/wp-content\/uploads\/2025\/01\/about-banner-1024x578.jpg 1024w, https:\/\/dt-automatyzacja.pl\/wp-content\/uploads\/2025\/01\/about-banner-768x434.jpg 768w, https:\/\/dt-automatyzacja.pl\/wp-content\/uploads\/2025\/01\/about-banner-1536x867.jpg 1536w, https:\/\/dt-automatyzacja.pl\/wp-content\/uploads\/2025\/01\/about-banner-600x339.jpg 600w\" sizes=\"auto, (max-width: 1920px) 100vw, 1920px\" \/><\/figure>\n\n\n\n<div class=\"wp-block-columns is-layout-flex wp-container-core-columns-is-layout-9d6595d7 wp-block-columns-is-layout-flex\">\n<div class=\"wp-block-column is-layout-flow wp-block-column-is-layout-flow\">\n<p class=\"has-black-color has-text-color has-link-color has-medium-font-size wp-elements-8421f293d92d86dbe26bb8fd56a26d9c\"><strong>In einer Zeit des rasanten technischen Fortschritts und des zunehmenden Kostendrucks auf den Baustellen ist die Automatisierung ein notwendiger Weg f\u00fcr jedes Unternehmen.<\/strong><\/p>\n<\/div>\n\n\n\n<div class=\"wp-block-column is-layout-flow wp-block-column-is-layout-flow\">\n<p class=\"has-black-color has-text-color has-link-color has-small-font-size wp-elements-33c69dec7462d297ca0527f306154bbe\">Wir bieten OilQuick-Vollhydraulik-Schnellwechsler f\u00fcr Bagger und Lader, ein komplettes Sortiment an MTS-Armverdichtern f\u00fcr Bagger, Bodenbearbeitungsger\u00e4te und viele andere innovative Anbauger\u00e4te f\u00fcr den Einsatz im Tief- und Stra\u00dfenbau. Neben der Ausr\u00fcstung bieten wir auch umfassende technische Unterst\u00fctzung, Schulungen und geben unsere Erfahrung weiter.<\/p>\n<\/div>\n<\/div>\n\n\n\n<div style=\"height:100px\" aria-hidden=\"true\" class=\"wp-block-spacer\"><\/div>\n\n\n\n<div class=\"wp-block-group alignfull has-background is-content-justification-center\" style=\"background:linear-gradient(90deg,rgb(255,255,255) 2%,rgb(197,197,197) 49%,rgb(255,255,255) 96%);margin-top:0;margin-bottom:0;padding-top:calc( 0.5 * var(--wp--style--root--padding-right, var(--wp--custom--gap--horizontal)));padding-right:var(--wp--style--root--padding-right, var(--wp--custom--gap--horizontal));padding-bottom:calc( 0.5 * var(--wp--style--root--padding-right, var(--wp--custom--gap--horizontal)));padding-left:var(--wp--style--root--padding-left, var(--wp--custom--gap--horizontal))\"><div class=\"wp-block-group__inner-container is-layout-constrained wp-container-core-group-is-layout-fa340856 wp-block-group-is-layout-constrained\">\n<div style=\"height:calc( 0.25 * var(--wp--style--root--padding-right, var(--wp--custom--gap--horizontal)))\" aria-hidden=\"true\" class=\"wp-block-spacer\"><\/div>\n\n\n\n<div style=\"height:100px\" aria-hidden=\"true\" class=\"wp-block-spacer\"><\/div>\n\n\n\n<h1 class=\"wp-block-heading has-text-align-center has-text-color has-link-color has-medium-font-size wp-elements-7315e9c797b672cda4d3aecf68a8c81a\" style=\"color:#5a5a5a\">OFFIZIELLER PARTNER:<\/h1>\n\n\n\n<div style=\"height:calc( 0.25 * var(--wp--style--root--padding-right, var(--wp--custom--gap--horizontal)))\" aria-hidden=\"true\" class=\"wp-block-spacer\"><\/div>\n\n\n\n<div class=\"wp-block-columns alignwide is-layout-flex wp-container-core-columns-is-layout-9d6595d7 wp-block-columns-is-layout-flex\">\n<div class=\"wp-block-column is-vertically-aligned-center is-layout-flow wp-block-column-is-layout-flow\" style=\"padding-top:var(--wp--preset--spacing--10);padding-right:var(--wp--preset--spacing--10);padding-bottom:var(--wp--preset--spacing--10);padding-left:var(--wp--preset--spacing--10)\"><div class=\"wp-block-image\">\n<figure class=\"aligncenter size-full is-resized\"><img loading=\"lazy\" decoding=\"async\" width=\"435\" height=\"80\" src=\"http:\/\/dt-auto.com\/wp-content\/uploads\/2025\/01\/Strona-kategori_-Seminaria-_-O-nas.png\" alt=\"\" class=\"wp-image-74\" style=\"width:300px\" srcset=\"https:\/\/dt-automatyzacja.pl\/wp-content\/uploads\/2025\/01\/Strona-kategori_-Seminaria-_-O-nas.png 435w, https:\/\/dt-automatyzacja.pl\/wp-content\/uploads\/2025\/01\/Strona-kategori_-Seminaria-_-O-nas-300x55.png 300w\" sizes=\"auto, (max-width: 435px) 100vw, 435px\" \/><\/figure>\n<\/div>\n\n\n<div class=\"wp-block-group is-content-justification-center\"><div class=\"wp-block-group__inner-container is-layout-constrained wp-container-core-group-is-layout-2728545d wp-block-group-is-layout-constrained\">\n<div style=\"height:0\" aria-hidden=\"true\" class=\"wp-block-spacer\"><\/div>\n<\/div><\/div>\n<\/div>\n\n\n\n<div class=\"wp-block-column is-layout-flow wp-block-column-is-layout-flow\" style=\"padding-top:var(--wp--preset--spacing--10);padding-right:var(--wp--preset--spacing--10);padding-bottom:var(--wp--preset--spacing--10);padding-left:var(--wp--preset--spacing--10)\"><div class=\"wp-block-image\">\n<figure class=\"aligncenter size-full is-resized\"><img loading=\"lazy\" decoding=\"async\" width=\"435\" height=\"80\" src=\"http:\/\/dt-auto.com\/wp-content\/uploads\/2025\/01\/logo-oilquick.png\" alt=\"\" class=\"wp-image-75\" style=\"width:300px\" srcset=\"https:\/\/dt-automatyzacja.pl\/wp-content\/uploads\/2025\/01\/logo-oilquick.png 435w, https:\/\/dt-automatyzacja.pl\/wp-content\/uploads\/2025\/01\/logo-oilquick-300x55.png 300w\" sizes=\"auto, (max-width: 435px) 100vw, 435px\" \/><\/figure>\n<\/div><\/div>\n<\/div>\n\n\n\n<div style=\"height:100px\" aria-hidden=\"true\" class=\"wp-block-spacer\"><\/div>\n\n\n\n<div style=\"height:calc( 0.25 * var(--wp--style--root--padding-right, var(--wp--custom--gap--horizontal)))\" aria-hidden=\"true\" class=\"wp-block-spacer\"><\/div>\n<\/div><\/div>\n\n\n\n<div style=\"height:100px\" aria-hidden=\"true\" class=\"wp-block-spacer\"><\/div>\n\n\n\n<div class=\"wp-block-group alignfull is-content-justification-center\" style=\"margin-top:0;margin-bottom:0;padding-top:calc( 0.5 * var(--wp--style--root--padding-right, var(--wp--custom--gap--horizontal)));padding-right:var(--wp--style--root--padding-right, var(--wp--custom--gap--horizontal));padding-bottom:calc( 0.5 * var(--wp--style--root--padding-right, var(--wp--custom--gap--horizontal)));padding-left:var(--wp--style--root--padding-left, var(--wp--custom--gap--horizontal))\"><div class=\"wp-block-group__inner-container is-layout-constrained wp-container-core-group-is-layout-fa340856 wp-block-group-is-layout-constrained\">\n<div style=\"height:calc( 0.25 * var(--wp--style--root--padding-right, var(--wp--custom--gap--horizontal)))\" aria-hidden=\"true\" class=\"wp-block-spacer\"><\/div>\n\n\n\n<h1 class=\"wp-block-heading alignwide has-text-align-center has-text-color has-link-color has-x-large-font-size wp-elements-508c19c1438bda345796cbc10b02b068\" style=\"color:#e30614\"><strong>SIE VERTRAUTEN UNS:<\/strong><\/h1>\n\n\n\n<div class=\"wp-block-group alignfull is-content-justification-center is-nowrap is-layout-flex wp-container-core-group-is-layout-94bc23d7 wp-block-group-is-layout-flex\">\n<figure class=\"wp-block-image size-full\"><img loading=\"lazy\" decoding=\"async\" width=\"203\" height=\"83\" src=\"https:\/\/dt-auto.com\/wp-content\/uploads\/2025\/01\/zaufalinam-meliorex.jpg\" alt=\"\" class=\"wp-image-185\"\/><\/figure>\n\n\n\n<figure class=\"wp-block-image size-full\"><img loading=\"lazy\" decoding=\"async\" width=\"155\" height=\"101\" src=\"https:\/\/dt-auto.com\/wp-content\/uploads\/2025\/01\/zaufalinam-budamex.jpg\" alt=\"\" class=\"wp-image-186\"\/><\/figure>\n\n\n\n<figure class=\"wp-block-image size-full\"><img loading=\"lazy\" decoding=\"async\" width=\"174\" height=\"49\" src=\"https:\/\/dt-auto.com\/wp-content\/uploads\/2025\/01\/zaufalinam-meliorant.jpg\" alt=\"\" class=\"wp-image-187\"\/><\/figure>\n\n\n\n<figure class=\"wp-block-image size-full\"><img loading=\"lazy\" decoding=\"async\" width=\"141\" height=\"90\" src=\"https:\/\/dt-auto.com\/wp-content\/uploads\/2025\/01\/zaufalinam-rktrans.jpg\" alt=\"\" class=\"wp-image-188\"\/><\/figure>\n\n\n\n<figure class=\"wp-block-image size-full\"><img loading=\"lazy\" decoding=\"async\" width=\"176\" height=\"73\" src=\"https:\/\/dt-auto.com\/wp-content\/uploads\/2025\/01\/zaufalinam-unirol.jpg\" alt=\"\" class=\"wp-image-189\"\/><\/figure>\n<\/div>\n<\/div><\/div>\n\n\n\n<p><\/p>\n","protected":false},"excerpt":{"rendered":"<p>\u00dcBER UNS Unser Unternehmen wurde Ende 2016 gegr\u00fcndet und ist das Ergebnis einer Kombination aus gemeinsamen St\u00e4rken und Erfahrungen im Bereich Handel und Bau. Wir sind der offizielle Partner von &#8230;<\/p>\n","protected":false},"author":2,"featured_media":0,"parent":0,"menu_order":0,"comment_status":"closed","ping_status":"closed","template":"","meta":{"footnotes":""},"class_list":["post-134","page","type-page","status-publish","hentry"],"aioseo_notices":[],"_links":{"self":[{"href":"https:\/\/dt-automatyzacja.pl\/de\/index.php\/wp-json\/wp\/v2\/pages\/134","targetHints":{"allow":["GET"]}}],"collection":[{"href":"https:\/\/dt-automatyzacja.pl\/de\/index.php\/wp-json\/wp\/v2\/pages"}],"about":[{"href":"https:\/\/dt-automatyzacja.pl\/de\/index.php\/wp-json\/wp\/v2\/types\/page"}],"author":[{"embeddable":true,"href":"https:\/\/dt-automatyzacja.pl\/de\/index.php\/wp-json\/wp\/v2\/users\/2"}],"replies":[{"embeddable":true,"href":"https:\/\/dt-automatyzacja.pl\/de\/index.php\/wp-json\/wp\/v2\/comments?post=134"}],"version-history":[{"count":37,"href":"https:\/\/dt-automatyzacja.pl\/de\/index.php\/wp-json\/wp\/v2\/pages\/134\/revisions"}],"predecessor-version":[{"id":2498,"href":"https:\/\/dt-automatyzacja.pl\/de\/index.php\/wp-json\/wp\/v2\/pages\/134\/revisions\/2498"}],"wp:attachment":[{"href":"https:\/\/dt-automatyzacja.pl\/de\/index.php\/wp-json\/wp\/v2\/media?parent=134"}],"curies":[{"name":"wp","href":"https:\/\/api.w.org\/{rel}","templated":true}]}}